{"id":13024,"date":"2017-03-01T20:50:29","date_gmt":"2017-03-01T20:50:29","guid":{"rendered":"http:\/\/bienesybienes.com\/portal\/?page_id=13024"},"modified":"2019-04-15T21:12:25","modified_gmt":"2019-04-16T02:12:25","slug":"prados-del-sol-casas-en-san-antonio-de-prado","status":"publish","type":"page","link":"https:\/\/bienesybienes.com\/portal\/prados-del-sol-casas-en-san-antonio-de-prado\/","title":{"rendered":"Prados del sol (finalizado)"},"content":{"rendered":"<div class=\"fusion-fullwidth fullwidth-box fusion-builder-row-1 nonhundred-percent-fullwidth non-hundred-percent-height-scrolling\" style=\"background-color: #ffffff;background-position: center center;background-repeat: no-repeat;padding-top:20px;padding-right:0px;padding-bottom:20px;padding-left:0px;margin-bottom: 0px;margin-top: 0px;border-width: 0px 0px 0px 0px;border-color:#eae9e9;border-style:solid;\" ><div class=\"fusion-builder-row fusion-row\"><div class=\"fusion-layout-column fusion_builder_column fusion-builder-column-0 fusion_builder_column_1_1 1_1 fusion-one-full fusion-column-first fusion-column-last\" style=\"margin-top:0px;margin-bottom:20px;\"><div class=\"fusion-column-wrapper fusion-flex-column-wrapper-legacy\" style=\"background-position:left top;background-repeat:no-repeat;-webkit-background-size:cover;-moz-background-size:cover;-o-background-size:cover;background-size:cover;padding: 0px 0px 0px 0px;\"><style type=\"text\/css\"><\/style><div class=\"fusion-title title fusion-title-1 fusion-sep-none fusion-title-center fusion-title-text fusion-title-size-three\" style=\"margin-top:0px;margin-right:0px;margin-bottom:30px;margin-left:0px;\"><h3 class=\"title-heading-center fusion-responsive-typography-calculated\" style=\"margin:0;--fontSize:17;line-height:1.41;\"><span style=\"color: #a83b29;\">Atenci\u00f3n: Este proyecto ha sido vendido en su totalidad<\/span><\/h3><\/div><style type=\"text\/css\"><\/style><div class=\"fusion-title title fusion-title-2 fusion-title-center fusion-title-text fusion-title-size-one\" style=\"margin-top:0px;margin-right:0px;margin-bottom:30px;margin-left:0px;\"><div class=\"title-sep-container title-sep-container-left\"><div class=\"title-sep sep-single sep-solid\" style=\"border-color:#e0dede;\"><\/div><\/div><h1 class=\"title-heading-center fusion-responsive-typography-calculated\" style=\"margin:0;--fontSize:33;line-height:1.45;\">Prados del Sol<\/h1><div class=\"title-sep-container title-sep-container-right\"><div class=\"title-sep sep-single sep-solid\" style=\"border-color:#e0dede;\"><\/div><\/div><\/div><style type=\"text\/css\"><\/style><div class=\"fusion-title title fusion-title-3 fusion-sep-none fusion-title-center fusion-title-text fusion-title-size-three\" style=\"margin-top:0px;margin-right:0px;margin-bottom:30px;margin-left:0px;\"><h3 class=\"title-heading-center fusion-responsive-typography-calculated\" style=\"margin:0;--fontSize:17;line-height:1.41;\">San Antonio de Prado, sector Pradito<\/h3><\/div><div class=\"fusion-text fusion-text-1\"><p class=\"p1\"><span class=\"s1\">Disfrutar de un hogar en un ambiente tranquilo es uno de los mayores anhelos de las familias en Colombia, por eso queremos presentarte este proyecto en el cual podr\u00e1s encontrar flexibilidad para pagar la cuota inicial y en el que tendr\u00e1s la posibilidad de disponer de los planos previamente aprobados para realizar ampliaciones.<\/span><\/p>\n<p class=\"p1\"><span class=\"s1\">Prados del sol est\u00e1 ubicado en una zona con gran potencial de desarrollo en San Antonio de Prado, sector Pradito, y contar\u00e1 con 208 casas bifamiliares de 40 m\u00b2, las cuales gracias a su distribuci\u00f3n y dise\u00f1o permitir\u00e1n realizar una ampliaci\u00f3n en el primer piso de hasta 61 m\u00b2\u00a0y en el segundo de 75 m\u00b2.<\/span><\/p>\n<p class=\"p1\"><span class=\"s1\">Este proyecto contar\u00e1 adem\u00e1s con cuatro locales comerciales, amplias zonas verdes, juegos infantiles y parqueaderos comunes.<\/span><\/p>\n<p class=\"p1\"><span class=\"s1\">Son los sue\u00f1os personales los que impulsan las grandes decisiones. Vive como mereces hacerlo en Prados del Sol.<\/span><\/p>\n<\/div><div class=\"fusion-text fusion-text-2\"><div class=\"btnNextPage alignright\"><a href=\"https:\/\/bienesybienes.com\/portal\/prados-del-sol-casas-en-san-antonio-de-prado\/fotos-del-proyecto\/\" title=\"Fotos del proyecto\">Siguiente: Fotos del proyecto  <i class=\"fa fa-arrow-right\" aria-hidden=\"true\"><\/i><\/a><\/div>\n<\/div><div class=\"fusion-clearfix\"><\/div><\/div><\/div><\/div><\/div>\n","protected":false},"excerpt":{"rendered":"","protected":false},"author":9,"featured_media":0,"parent":0,"menu_order":0,"comment_status":"closed","ping_status":"closed","template":"side-navigation.php","meta":{"content-type":"","om_disable_all_campaigns":false,"_mi_skip_tracking":false},"aioseo_notices":[],"yoast_head":"<!-- This site is optimized with the Yoast SEO plugin v18.0 - https:\/\/yoast.com\/wordpress\/plugins\/seo\/ -->\n<title>Prados del sol (finalizado) | Bienes &amp; Bienes Constructores SA | Proyectos Inmobiliarios y Venta de Apartamentos Nuevos en Medell\u00edn<\/title>\n<meta name=\"robots\" content=\"index, follow, max-snippet:-1, max-image-preview:large, max-video-preview:-1\" \/>\n<link rel=\"canonical\" href=\"https:\/\/bienesybienes.com\/portal\/prados-del-sol-casas-en-san-antonio-de-prado\/\" \/>\n<meta property=\"og:locale\" content=\"es_ES\" \/>\n<meta property=\"og:type\" content=\"article\" \/>\n<meta property=\"og:title\" content=\"Prados del sol (finalizado) | Bienes &amp; Bienes Constructores SA | Proyectos Inmobiliarios y Venta de Apartamentos Nuevos en Medell\u00edn\" \/>\n<meta property=\"og:url\" content=\"https:\/\/bienesybienes.com\/portal\/prados-del-sol-casas-en-san-antonio-de-prado\/\" \/>\n<meta property=\"og:site_name\" content=\"Bienes &amp; Bienes Constructores SA | Proyectos Inmobiliarios y Venta de Apartamentos Nuevos en Medell\u00edn\" \/>\n<meta property=\"article:publisher\" content=\"https:\/\/www.facebook.com\/BienesYBienesConstructores\/?fref=ts\" \/>\n<meta property=\"article:modified_time\" content=\"2019-04-16T02:12:25+00:00\" \/>\n<meta name=\"twitter:card\" content=\"summary\" \/>\n<meta name=\"twitter:label1\" content=\"Tiempo de lectura\" \/>\n\t<meta name=\"twitter:data1\" content=\"2 minutos\" \/>\n<script type=\"application\/ld+json\" class=\"yoast-schema-graph\">{\"@context\":\"https:\/\/schema.org\",\"@graph\":[{\"@type\":\"WebSite\",\"@id\":\"https:\/\/bienesybienes.com\/portal\/#website\",\"url\":\"https:\/\/bienesybienes.com\/portal\/\",\"name\":\"Bienes &amp; Bienes Constructores SA | Proyectos Inmobiliarios y Venta de Apartamentos Nuevos en Medell\u00edn\",\"description\":\"C\u00e1mbulo, apartamentos en venta desde 290 millones ubicados Rionegro, sector BarroBlanco.\",\"potentialAction\":[{\"@type\":\"SearchAction\",\"target\":{\"@type\":\"EntryPoint\",\"urlTemplate\":\"https:\/\/bienesybienes.com\/portal\/?s={search_term_string}\"},\"query-input\":\"required name=search_term_string\"}],\"inLanguage\":\"es\"},{\"@type\":\"WebPage\",\"@id\":\"https:\/\/bienesybienes.com\/portal\/prados-del-sol-casas-en-san-antonio-de-prado\/#webpage\",\"url\":\"https:\/\/bienesybienes.com\/portal\/prados-del-sol-casas-en-san-antonio-de-prado\/\",\"name\":\"Prados del sol (finalizado) | Bienes &amp; Bienes Constructores SA | Proyectos Inmobiliarios y Venta de Apartamentos Nuevos en Medell\u00edn\",\"isPartOf\":{\"@id\":\"https:\/\/bienesybienes.com\/portal\/#website\"},\"datePublished\":\"2017-03-01T20:50:29+00:00\",\"dateModified\":\"2019-04-16T02:12:25+00:00\",\"breadcrumb\":{\"@id\":\"https:\/\/bienesybienes.com\/portal\/prados-del-sol-casas-en-san-antonio-de-prado\/#breadcrumb\"},\"inLanguage\":\"es\",\"potentialAction\":[{\"@type\":\"ReadAction\",\"target\":[\"https:\/\/bienesybienes.com\/portal\/prados-del-sol-casas-en-san-antonio-de-prado\/\"]}]},{\"@type\":\"BreadcrumbList\",\"@id\":\"https:\/\/bienesybienes.com\/portal\/prados-del-sol-casas-en-san-antonio-de-prado\/#breadcrumb\",\"itemListElement\":[{\"@type\":\"ListItem\",\"position\":1,\"name\":\"Portada\",\"item\":\"https:\/\/bienesybienes.com\/portal\/\"},{\"@type\":\"ListItem\",\"position\":2,\"name\":\"Prados del sol (finalizado)\"}]}]}<\/script>\n<!-- \/ Yoast SEO plugin. -->","yoast_head_json":{"title":"Prados del sol (finalizado) | Bienes &amp; Bienes Constructores SA | Proyectos Inmobiliarios y Venta de Apartamentos Nuevos en Medell\u00edn","robots":{"index":"index","follow":"follow","max-snippet":"max-snippet:-1","max-image-preview":"max-image-preview:large","max-video-preview":"max-video-preview:-1"},"canonical":"https:\/\/bienesybienes.com\/portal\/prados-del-sol-casas-en-san-antonio-de-prado\/","og_locale":"es_ES","og_type":"article","og_title":"Prados del sol (finalizado) | Bienes &amp; Bienes Constructores SA | Proyectos Inmobiliarios y Venta de Apartamentos Nuevos en Medell\u00edn","og_url":"https:\/\/bienesybienes.com\/portal\/prados-del-sol-casas-en-san-antonio-de-prado\/","og_site_name":"Bienes &amp; Bienes Constructores SA | Proyectos Inmobiliarios y Venta de Apartamentos Nuevos en Medell\u00edn","article_publisher":"https:\/\/www.facebook.com\/BienesYBienesConstructores\/?fref=ts","article_modified_time":"2019-04-16T02:12:25+00:00","twitter_card":"summary","twitter_misc":{"Tiempo de lectura":"2 minutos"},"schema":{"@context":"https:\/\/schema.org","@graph":[{"@type":"WebSite","@id":"https:\/\/bienesybienes.com\/portal\/#website","url":"https:\/\/bienesybienes.com\/portal\/","name":"Bienes &amp; Bienes Constructores SA | Proyectos Inmobiliarios y Venta de Apartamentos Nuevos en Medell\u00edn","description":"C\u00e1mbulo, apartamentos en venta desde 290 millones ubicados Rionegro, sector BarroBlanco.","potentialAction":[{"@type":"SearchAction","target":{"@type":"EntryPoint","urlTemplate":"https:\/\/bienesybienes.com\/portal\/?s={search_term_string}"},"query-input":"required name=search_term_string"}],"inLanguage":"es"},{"@type":"WebPage","@id":"https:\/\/bienesybienes.com\/portal\/prados-del-sol-casas-en-san-antonio-de-prado\/#webpage","url":"https:\/\/bienesybienes.com\/portal\/prados-del-sol-casas-en-san-antonio-de-prado\/","name":"Prados del sol (finalizado) | Bienes &amp; Bienes Constructores SA | Proyectos Inmobiliarios y Venta de Apartamentos Nuevos en Medell\u00edn","isPartOf":{"@id":"https:\/\/bienesybienes.com\/portal\/#website"},"datePublished":"2017-03-01T20:50:29+00:00","dateModified":"2019-04-16T02:12:25+00:00","breadcrumb":{"@id":"https:\/\/bienesybienes.com\/portal\/prados-del-sol-casas-en-san-antonio-de-prado\/#breadcrumb"},"inLanguage":"es","potentialAction":[{"@type":"ReadAction","target":["https:\/\/bienesybienes.com\/portal\/prados-del-sol-casas-en-san-antonio-de-prado\/"]}]},{"@type":"BreadcrumbList","@id":"https:\/\/bienesybienes.com\/portal\/prados-del-sol-casas-en-san-antonio-de-prado\/#breadcrumb","itemListElement":[{"@type":"ListItem","position":1,"name":"Portada","item":"https:\/\/bienesybienes.com\/portal\/"},{"@type":"ListItem","position":2,"name":"Prados del sol (finalizado)"}]}]}},"_links":{"self":[{"href":"https:\/\/bienesybienes.com\/portal\/wp-json\/wp\/v2\/pages\/13024"}],"collection":[{"href":"https:\/\/bienesybienes.com\/portal\/wp-json\/wp\/v2\/pages"}],"about":[{"href":"https:\/\/bienesybienes.com\/portal\/wp-json\/wp\/v2\/types\/page"}],"author":[{"embeddable":true,"href":"https:\/\/bienesybienes.com\/portal\/wp-json\/wp\/v2\/users\/9"}],"replies":[{"embeddable":true,"href":"https:\/\/bienesybienes.com\/portal\/wp-json\/wp\/v2\/comments?post=13024"}],"version-history":[{"count":14,"href":"https:\/\/bienesybienes.com\/portal\/wp-json\/wp\/v2\/pages\/13024\/revisions"}],"predecessor-version":[{"id":18989,"href":"https:\/\/bienesybienes.com\/portal\/wp-json\/wp\/v2\/pages\/13024\/revisions\/18989"}],"wp:attachment":[{"href":"https:\/\/bienesybienes.com\/portal\/wp-json\/wp\/v2\/media?parent=13024"}],"curies":[{"name":"wp","href":"https:\/\/api.w.org\/{rel}","templated":true}]}}