{"id":14235,"date":"2017-03-22T00:32:35","date_gmt":"2017-03-22T00:32:35","guid":{"rendered":"http:\/\/bienesybienes.com\/portal\/?page_id=14235"},"modified":"2025-10-08T10:31:15","modified_gmt":"2025-10-08T15:31:15","slug":"mas-informacion","status":"publish","type":"page","link":"https:\/\/bienesybienes.com\/portal\/vitha-consultorios-y-oficinas-avenida-san-juan\/mas-informacion\/","title":{"rendered":"M\u00e1s informaci\u00f3n"},"content":{"rendered":"<p><div class=\"fusion-fullwidth fullwidth-box fusion-builder-row-1 nonhundred-percent-fullwidth non-hundred-percent-height-scrolling\" style=\"background-color: #ffffff;background-position: center center;background-repeat: no-repeat;padding-top:20px;padding-right:0px;padding-bottom:20px;padding-left:0px;margin-bottom: 0px;margin-top: 0px;border-width: 0px 0px 0px 0px;border-color:#eae9e9;border-style:solid;\" ><div class=\"fusion-builder-row fusion-row\"><div class=\"fusion-layout-column fusion_builder_column fusion-builder-column-0 fusion_builder_column_1_1 1_1 fusion-one-full fusion-column-first fusion-column-last\" style=\"margin-top:0px;margin-bottom:20px;\"><div class=\"fusion-column-wrapper fusion-flex-column-wrapper-legacy\" style=\"background-position:left top;background-repeat:no-repeat;-webkit-background-size:cover;-moz-background-size:cover;-o-background-size:cover;background-size:cover;padding: 0px 0px 0px 0px;\"><style type=\"text\/css\"><\/style><div class=\"fusion-title title fusion-title-1 fusion-title-center fusion-title-text fusion-title-size-two\" style=\"font-size:25px;margin-top:0px;margin-right:0px;margin-bottom:30px;margin-left:0px;\"><div class=\"title-sep-container title-sep-container-left\"><div class=\"title-sep sep-single sep-solid\" style=\"border-color:#e0dede;\"><\/div><\/div><h2 class=\"title-heading-center fusion-responsive-typography-calculated\" style=\"margin:0;font-size:1em;--fontSize:25;line-height:1.5;\">M\u00e1s informaci\u00f3n<\/h2><div class=\"title-sep-container title-sep-container-right\"><div class=\"title-sep sep-single sep-solid\" style=\"border-color:#e0dede;\"><\/div><\/div><\/div><iframe class=\"iframe-formulario\" src=\"https:\/\/cloud.marketing.bienesybienes.com\/vithabyb\" width=\"100%\" style=\"border:0;\"><\/iframe><div class=\"fusion-clearfix\"><\/div><\/div><\/div><\/div><\/div><div class=\"fusion-fullwidth fullwidth-box fusion-builder-row-2 nonhundred-percent-fullwidth non-hundred-percent-height-scrolling\" style=\"background-color: #ffffff;background-position: center center;background-repeat: no-repeat;padding-top:20px;padding-right:0px;padding-bottom:20px;padding-left:0px;margin-bottom: 0px;margin-top: 0px;border-width: 0px 0px 0px 0px;border-color:#eae9e9;border-style:solid;\" ><div class=\"fusion-builder-row fusion-row\"><div class=\"fusion-layout-column fusion_builder_column fusion-builder-column-1 fusion_builder_column_1_1 1_1 fusion-one-full fusion-column-first fusion-column-last ocult\" style=\"margin-top:0px;margin-bottom:20px;\"><div class=\"fusion-column-wrapper fusion-flex-column-wrapper-legacy\" style=\"background-position:left top;background-repeat:no-repeat;-webkit-background-size:cover;-moz-background-size:cover;-o-background-size:cover;background-size:cover;padding: 0px 0px 0px 0px;\"><div class=\"fusion-text fusion-text-1\"><h2 style=\"text-align: center;\">M\u00e1s informacion Vitha Locales y Consultorios<\/h2>\n<\/div><style type=\"text\/css\"><\/style><div class=\"fusion-title title fusion-title-2 fusion-title-center fusion-title-text fusion-title-size-two\" style=\"font-size:25px;margin-top:0px;margin-right:0px;margin-bottom:30px;margin-left:0px;\"><div class=\"title-sep-container title-sep-container-left\"><div class=\"title-sep sep-single sep-solid\" style=\"border-color:#e0dede;\"><\/div><\/div><h2 class=\"title-heading-center fusion-responsive-typography-calculated\" style=\"margin:0;font-size:1em;--fontSize:25;line-height:1.5;\">M\u00e1s informaci\u00f3n<\/h2><div class=\"title-sep-container title-sep-container-right\"><div class=\"title-sep sep-single sep-solid\" style=\"border-color:#e0dede;\"><\/div><\/div><\/div><div class=\"fusion-text fusion-text-2\"><div>\n<div class=\"fusion-sep-clear\"><\/div>\n<div class=\"fusion-separator fusion-full-width-sep sep-single sep-solid\" style=\"border-color: #e0dede; border-top-width: 1px; margin: 20px auto 20px auto;\"><\/div>\n<div class=\"fusion-clearfix\"><\/div>\n<h3 class=\"txtVerde\">Recibe m\u00e1s informaci\u00f3n sobre este proyecto completando los siguientes datos:<\/h3>\n<\/div>\n<\/div><div id=\"contact-form-hubspot\" class=\"form\"><!-- [if lte IE 8]>\n <script charset=\"utf-8\" type=\"text\/javascript\" src=\"\/\/js.hsforms.net\/forms\/v2-legacy.js\"><\/script>\n <![endif]-->\n <script charset=\"utf-8\" type=\"text\/javascript\" src=\"\/\/js.hsforms.net\/forms\/v2.js\"><\/script>\n <script>\n   hbspt.forms.create({\n \tportalId: \"4330723\",\n \tformId: \"01e363bc-b54a-490b-9b6e-f71094c7337c\",\n         target: '#contact-form-hubspot'\n });\n <\/script><\/div><div class=\"fusion-clearfix\"><\/div><\/div><\/div><\/div><\/div><\/p>\n","protected":false},"excerpt":{"rendered":"","protected":false},"author":9,"featured_media":15523,"parent":13087,"menu_order":20,"comment_status":"closed","ping_status":"closed","template":"side-navigation.php","meta":{"content-type":"","om_disable_all_campaigns":false,"_mi_skip_tracking":false},"aioseo_notices":[],"yoast_head":"<!-- This site is optimized with the Yoast SEO plugin v18.0 - https:\/\/yoast.com\/wordpress\/plugins\/seo\/ -->\n<title>M\u00e1s informaci\u00f3n Vitha Locales y Consultorios I Bienes &amp; Bienes<\/title>\n<meta name=\"description\" content=\"M\u00e1s informaci\u00f3n Vitha Locales y Consultorios - Ll\u00e1manos al 311 85 00 en Medell\u00edn para conocer m\u00e1s sobre el proyecto en el sector de La Am\u00e9rica en Medell\u00edn.\" \/>\n<meta name=\"robots\" content=\"index, follow, max-snippet:-1, max-image-preview:large, max-video-preview:-1\" \/>\n<link rel=\"canonical\" href=\"https:\/\/bienesybienes.com\/portal\/vitha-consultorios-y-oficinas-avenida-san-juan\/mas-informacion\/\" \/>\n<meta property=\"og:locale\" content=\"es_ES\" \/>\n<meta property=\"og:type\" content=\"article\" \/>\n<meta property=\"og:title\" content=\"M\u00e1s informaci\u00f3n Vitha Locales y Consultorios I Bienes &amp; Bienes\" \/>\n<meta property=\"og:description\" content=\"M\u00e1s informaci\u00f3n Vitha Locales y Consultorios - Ll\u00e1manos al 311 85 00 en Medell\u00edn para conocer m\u00e1s sobre el proyecto en el sector de La Am\u00e9rica en Medell\u00edn.\" \/>\n<meta property=\"og:url\" content=\"https:\/\/bienesybienes.com\/portal\/vitha-consultorios-y-oficinas-avenida-san-juan\/mas-informacion\/\" \/>\n<meta property=\"og:site_name\" content=\"Bienes &amp; Bienes Constructores SA | Proyectos Inmobiliarios y Venta de Apartamentos Nuevos en Medell\u00edn\" \/>\n<meta property=\"article:publisher\" content=\"https:\/\/www.facebook.com\/BienesYBienesConstructores\/?fref=ts\" \/>\n<meta property=\"article:modified_time\" content=\"2025-10-08T15:31:15+00:00\" \/>\n<meta property=\"og:image\" content=\"https:\/\/bienesybienes.com\/portal\/wp-content\/uploads\/2014\/11\/Imagen-Destacada_vitha.jpg\" \/>\n\t<meta property=\"og:image:width\" content=\"1200\" \/>\n\t<meta property=\"og:image:height\" content=\"630\" \/>\n\t<meta property=\"og:image:type\" content=\"image\/jpeg\" \/>\n<meta name=\"twitter:card\" content=\"summary\" \/>\n<meta name=\"twitter:label1\" content=\"Tiempo de lectura\" \/>\n\t<meta name=\"twitter:data1\" content=\"4 minutos\" \/>\n<script type=\"application\/ld+json\" class=\"yoast-schema-graph\">{\"@context\":\"https:\/\/schema.org\",\"@graph\":[{\"@type\":\"WebSite\",\"@id\":\"https:\/\/bienesybienes.com\/portal\/#website\",\"url\":\"https:\/\/bienesybienes.com\/portal\/\",\"name\":\"Bienes &amp; Bienes Constructores SA | Proyectos Inmobiliarios y Venta de Apartamentos Nuevos en Medell\u00edn\",\"description\":\"C\u00e1mbulo, apartamentos en venta desde 290 millones ubicados Rionegro, sector BarroBlanco.\",\"potentialAction\":[{\"@type\":\"SearchAction\",\"target\":{\"@type\":\"EntryPoint\",\"urlTemplate\":\"https:\/\/bienesybienes.com\/portal\/?s={search_term_string}\"},\"query-input\":\"required name=search_term_string\"}],\"inLanguage\":\"es\"},{\"@type\":\"ImageObject\",\"@id\":\"https:\/\/bienesybienes.com\/portal\/vitha-consultorios-y-oficinas-avenida-san-juan\/mas-informacion\/#primaryimage\",\"inLanguage\":\"es\",\"url\":\"https:\/\/bienesybienes.com\/portal\/wp-content\/uploads\/2014\/11\/Imagen-Destacada_vitha.jpg\",\"contentUrl\":\"https:\/\/bienesybienes.com\/portal\/wp-content\/uploads\/2014\/11\/Imagen-Destacada_vitha.jpg\",\"width\":1200,\"height\":630,\"caption\":\"contacto del proyecto Vitha Consultorios en La Am\u00e9rica\"},{\"@type\":\"WebPage\",\"@id\":\"https:\/\/bienesybienes.com\/portal\/vitha-consultorios-y-oficinas-avenida-san-juan\/mas-informacion\/#webpage\",\"url\":\"https:\/\/bienesybienes.com\/portal\/vitha-consultorios-y-oficinas-avenida-san-juan\/mas-informacion\/\",\"name\":\"M\u00e1s informaci\u00f3n Vitha Locales y Consultorios I Bienes & Bienes\",\"isPartOf\":{\"@id\":\"https:\/\/bienesybienes.com\/portal\/#website\"},\"primaryImageOfPage\":{\"@id\":\"https:\/\/bienesybienes.com\/portal\/vitha-consultorios-y-oficinas-avenida-san-juan\/mas-informacion\/#primaryimage\"},\"datePublished\":\"2017-03-22T00:32:35+00:00\",\"dateModified\":\"2025-10-08T15:31:15+00:00\",\"description\":\"M\u00e1s informaci\u00f3n Vitha Locales y Consultorios - Ll\u00e1manos al 311 85 00 en Medell\u00edn para conocer m\u00e1s sobre el proyecto en el sector de La Am\u00e9rica en Medell\u00edn.\",\"breadcrumb\":{\"@id\":\"https:\/\/bienesybienes.com\/portal\/vitha-consultorios-y-oficinas-avenida-san-juan\/mas-informacion\/#breadcrumb\"},\"inLanguage\":\"es\",\"potentialAction\":[{\"@type\":\"ReadAction\",\"target\":[\"https:\/\/bienesybienes.com\/portal\/vitha-consultorios-y-oficinas-avenida-san-juan\/mas-informacion\/\"]}]},{\"@type\":\"BreadcrumbList\",\"@id\":\"https:\/\/bienesybienes.com\/portal\/vitha-consultorios-y-oficinas-avenida-san-juan\/mas-informacion\/#breadcrumb\",\"itemListElement\":[{\"@type\":\"ListItem\",\"position\":1,\"name\":\"Portada\",\"item\":\"https:\/\/bienesybienes.com\/portal\/\"},{\"@type\":\"ListItem\",\"position\":2,\"name\":\"Vitha\",\"item\":\"https:\/\/bienesybienes.com\/portal\/vitha-consultorios-y-oficinas-avenida-san-juan\/\"},{\"@type\":\"ListItem\",\"position\":3,\"name\":\"M\u00e1s informaci\u00f3n\"}]}]}<\/script>\n<!-- \/ Yoast SEO plugin. -->","yoast_head_json":{"title":"M\u00e1s informaci\u00f3n Vitha Locales y Consultorios I Bienes & Bienes","description":"M\u00e1s informaci\u00f3n Vitha Locales y Consultorios - Ll\u00e1manos al 311 85 00 en Medell\u00edn para conocer m\u00e1s sobre el proyecto en el sector de La Am\u00e9rica en Medell\u00edn.","robots":{"index":"index","follow":"follow","max-snippet":"max-snippet:-1","max-image-preview":"max-image-preview:large","max-video-preview":"max-video-preview:-1"},"canonical":"https:\/\/bienesybienes.com\/portal\/vitha-consultorios-y-oficinas-avenida-san-juan\/mas-informacion\/","og_locale":"es_ES","og_type":"article","og_title":"M\u00e1s informaci\u00f3n Vitha Locales y Consultorios I Bienes & Bienes","og_description":"M\u00e1s informaci\u00f3n Vitha Locales y Consultorios - Ll\u00e1manos al 311 85 00 en Medell\u00edn para conocer m\u00e1s sobre el proyecto en el sector de La Am\u00e9rica en Medell\u00edn.","og_url":"https:\/\/bienesybienes.com\/portal\/vitha-consultorios-y-oficinas-avenida-san-juan\/mas-informacion\/","og_site_name":"Bienes &amp; Bienes Constructores SA | Proyectos Inmobiliarios y Venta de Apartamentos Nuevos en Medell\u00edn","article_publisher":"https:\/\/www.facebook.com\/BienesYBienesConstructores\/?fref=ts","article_modified_time":"2025-10-08T15:31:15+00:00","og_image":[{"width":1200,"height":630,"url":"https:\/\/bienesybienes.com\/portal\/wp-content\/uploads\/2014\/11\/Imagen-Destacada_vitha.jpg","type":"image\/jpeg"}],"twitter_card":"summary","twitter_misc":{"Tiempo de lectura":"4 minutos"},"schema":{"@context":"https:\/\/schema.org","@graph":[{"@type":"WebSite","@id":"https:\/\/bienesybienes.com\/portal\/#website","url":"https:\/\/bienesybienes.com\/portal\/","name":"Bienes &amp; Bienes Constructores SA | Proyectos Inmobiliarios y Venta de Apartamentos Nuevos en Medell\u00edn","description":"C\u00e1mbulo, apartamentos en venta desde 290 millones ubicados Rionegro, sector BarroBlanco.","potentialAction":[{"@type":"SearchAction","target":{"@type":"EntryPoint","urlTemplate":"https:\/\/bienesybienes.com\/portal\/?s={search_term_string}"},"query-input":"required name=search_term_string"}],"inLanguage":"es"},{"@type":"ImageObject","@id":"https:\/\/bienesybienes.com\/portal\/vitha-consultorios-y-oficinas-avenida-san-juan\/mas-informacion\/#primaryimage","inLanguage":"es","url":"https:\/\/bienesybienes.com\/portal\/wp-content\/uploads\/2014\/11\/Imagen-Destacada_vitha.jpg","contentUrl":"https:\/\/bienesybienes.com\/portal\/wp-content\/uploads\/2014\/11\/Imagen-Destacada_vitha.jpg","width":1200,"height":630,"caption":"contacto del proyecto Vitha Consultorios en La Am\u00e9rica"},{"@type":"WebPage","@id":"https:\/\/bienesybienes.com\/portal\/vitha-consultorios-y-oficinas-avenida-san-juan\/mas-informacion\/#webpage","url":"https:\/\/bienesybienes.com\/portal\/vitha-consultorios-y-oficinas-avenida-san-juan\/mas-informacion\/","name":"M\u00e1s informaci\u00f3n Vitha Locales y Consultorios I Bienes & Bienes","isPartOf":{"@id":"https:\/\/bienesybienes.com\/portal\/#website"},"primaryImageOfPage":{"@id":"https:\/\/bienesybienes.com\/portal\/vitha-consultorios-y-oficinas-avenida-san-juan\/mas-informacion\/#primaryimage"},"datePublished":"2017-03-22T00:32:35+00:00","dateModified":"2025-10-08T15:31:15+00:00","description":"M\u00e1s informaci\u00f3n Vitha Locales y Consultorios - Ll\u00e1manos al 311 85 00 en Medell\u00edn para conocer m\u00e1s sobre el proyecto en el sector de La Am\u00e9rica en Medell\u00edn.","breadcrumb":{"@id":"https:\/\/bienesybienes.com\/portal\/vitha-consultorios-y-oficinas-avenida-san-juan\/mas-informacion\/#breadcrumb"},"inLanguage":"es","potentialAction":[{"@type":"ReadAction","target":["https:\/\/bienesybienes.com\/portal\/vitha-consultorios-y-oficinas-avenida-san-juan\/mas-informacion\/"]}]},{"@type":"BreadcrumbList","@id":"https:\/\/bienesybienes.com\/portal\/vitha-consultorios-y-oficinas-avenida-san-juan\/mas-informacion\/#breadcrumb","itemListElement":[{"@type":"ListItem","position":1,"name":"Portada","item":"https:\/\/bienesybienes.com\/portal\/"},{"@type":"ListItem","position":2,"name":"Vitha","item":"https:\/\/bienesybienes.com\/portal\/vitha-consultorios-y-oficinas-avenida-san-juan\/"},{"@type":"ListItem","position":3,"name":"M\u00e1s informaci\u00f3n"}]}]}},"_links":{"self":[{"href":"https:\/\/bienesybienes.com\/portal\/wp-json\/wp\/v2\/pages\/14235"}],"collection":[{"href":"https:\/\/bienesybienes.com\/portal\/wp-json\/wp\/v2\/pages"}],"about":[{"href":"https:\/\/bienesybienes.com\/portal\/wp-json\/wp\/v2\/types\/page"}],"author":[{"embeddable":true,"href":"https:\/\/bienesybienes.com\/portal\/wp-json\/wp\/v2\/users\/9"}],"replies":[{"embeddable":true,"href":"https:\/\/bienesybienes.com\/portal\/wp-json\/wp\/v2\/comments?post=14235"}],"version-history":[{"count":17,"href":"https:\/\/bienesybienes.com\/portal\/wp-json\/wp\/v2\/pages\/14235\/revisions"}],"predecessor-version":[{"id":31299,"href":"https:\/\/bienesybienes.com\/portal\/wp-json\/wp\/v2\/pages\/14235\/revisions\/31299"}],"up":[{"embeddable":true,"href":"https:\/\/bienesybienes.com\/portal\/wp-json\/wp\/v2\/pages\/13087"}],"wp:featuredmedia":[{"embeddable":true,"href":"https:\/\/bienesybienes.com\/portal\/wp-json\/wp\/v2\/media\/15523"}],"wp:attachment":[{"href":"https:\/\/bienesybienes.com\/portal\/wp-json\/wp\/v2\/media?parent=14235"}],"curies":[{"name":"wp","href":"https:\/\/api.w.org\/{rel}","templated":true}]}}