{"id":24250,"date":"2020-05-29T06:45:43","date_gmt":"2020-05-29T11:45:43","guid":{"rendered":"https:\/\/bienesybienes.com\/portal\/?page_id=24250"},"modified":"2020-05-29T07:01:43","modified_gmt":"2020-05-29T12:01:43","slug":"test-filtro","status":"publish","type":"page","link":"https:\/\/bienesybienes.com\/portal\/test-filtro\/","title":{"rendered":"test-filtro"},"content":{"rendered":"<p><div class=\"fusion-fullwidth fullwidth-box fusion-builder-row-1 nonhundred-percent-fullwidth non-hundred-percent-height-scrolling\" style=\"background-color: #ffffff;background-position: center center;background-repeat: no-repeat;padding-top:20px;padding-right:0px;padding-bottom:20px;padding-left:0px;margin-bottom: 0px;margin-top: 0px;border-width: 0px 0px 0px 0px;border-color:#eae9e9;border-style:solid;\" ><div class=\"fusion-builder-row fusion-row\"><div class=\"fusion-layout-column fusion_builder_column fusion-builder-column-0 fusion_builder_column_1_1 1_1 fusion-one-full fusion-column-first fusion-column-last\" style=\"margin-top:0px;margin-bottom:20px;\"><div class=\"fusion-column-wrapper fusion-flex-column-wrapper-legacy\" style=\"background-position:left top;background-repeat:no-repeat;-webkit-background-size:cover;-moz-background-size:cover;-o-background-size:cover;background-size:cover;padding: 0px 0px 0px 0px;\"><div class=\"fusion-text fusion-text-1\"><p style=\"text-align: center;\">Simulador del cr\u00e9dito Bah\u00eda Grande<\/p>\n<\/div><div class=\"fusion-text fusion-text-2\"><p style=\"text-align: center;\">Te damos la bienvenida al simulador de cr\u00e9dito y pagos. Aqu\u00ed podr\u00e1s calcular el pago de la cuota inicial, la cuota mensual y los ingresos m\u00ednimos requeridos para solicitar el cr\u00e9dito ante las entidades financieras.<\/p>\n<\/div><style type=\"text\/css\"><\/style><div class=\"fusion-title title fusion-title-1 fusion-sep-none fusion-title-center fusion-title-text fusion-title-size-two\" style=\"margin-top:0px;margin-right:0px;margin-bottom:0px;margin-left:0px;\"><h2 class=\"title-heading-center fusion-responsive-typography-calculated\" style=\"margin:0;--fontSize:18;line-height:1.5;\"><span style=\"color: #006753; font-size: 20px;\">Selecciona adicionales:<\/span><\/p><\/h2><\/div>\n<div class=\"table-1\">\n<table width=\"100%\">\n<tbody>\n<tr>\n<td align=\"left\">Apartamentos<\/td>\n<td align=\"left\"><input name=\"adicionales\" type=\"checkbox\" value=\"Parqueadero\" \/><\/td>\n<\/tr>\n<tr>\n<td align=\"left\">Locales<\/td>\n<td align=\"left\"><input name=\"adicionales\" type=\"checkbox\" value=\"Cuarto \u00fatil\" \/><\/td>\n<\/tr>\n<tr>\n<td align=\"left\">Consultorios<\/td>\n<td align=\"left\"><input name=\"adicionales\" type=\"checkbox\" value=\"Consultorios\" \/><\/td>\n<\/tr>\n<tr>\n<td align=\"left\">Sobre planos<\/td>\n<td align=\"left\"><input name=\"adicionales\" type=\"checkbox\" value=\"Sobre planos\" \/><\/td>\n<\/tr>\n<tr>\n<td align=\"left\">En construcci\u00f3n<\/td>\n<td align=\"left\"><input name=\"adicionales\" type=\"checkbox\" value=\"En construcci\u00f3n\" \/><\/td>\n<\/tr>\n<tr>\n<td align=\"left\">Entrega inmediata<\/td>\n<td align=\"left\"><input name=\"adicionales\" type=\"checkbox\" value=\"Entrega inmediata\" \/><\/td>\n<\/tr>\n<\/tbody>\n<\/table>\n<\/div>\n<div class=\"fusion-clearfix\"><\/div><\/div><\/div><\/div><\/div><div class=\"fusion-fullwidth fullwidth-box fusion-builder-row-2 ocult nonhundred-percent-fullwidth non-hundred-percent-height-scrolling\" style=\"background-color: #ffffff;background-position: center center;background-repeat: no-repeat;padding-top:20px;padding-right:0px;padding-bottom:20px;padding-left:0px;margin-bottom: 0px;margin-top: 0px;border-width: 0px 0px 0px 0px;border-color:#eae9e9;border-style:solid;\" ><div class=\"fusion-builder-row fusion-row\"><div class=\"fusion-layout-column fusion_builder_column fusion-builder-column-1 fusion_builder_column_1_2 1_2 fusion-one-half fusion-column-first\" style=\"width:50%;width:calc(50% - ( ( 4% ) * 0.5 ) );margin-right: 4%;margin-top:0px;margin-bottom:20px;\"><div class=\"fusion-column-wrapper fusion-flex-column-wrapper-legacy\" style=\"background-position:left top;background-repeat:no-repeat;-webkit-background-size:cover;-moz-background-size:cover;-o-background-size:cover;background-size:cover;padding: 0px 0px 0px 0px;\"><style type=\"text\/css\"><\/style><div class=\"fusion-title title fusion-title-2 fusion-sep-none fusion-title-center fusion-title-text fusion-title-size-two\" style=\"margin-top:0px;margin-right:0px;margin-bottom:15px;margin-left:0px;\"><h2 class=\"title-heading-center fusion-responsive-typography-calculated\" style=\"margin:0;--fontSize:18;line-height:1.5;\"><p><span style=\"color: #006753; font-size: 20px;\">Valor cuota inicial:<br \/>\n<strong id=\"cInicial\" class=\"\">$XXX.XXX.XXX<\/strong><\/span><\/p><\/h2><\/div><div class=\"fusion-sep-clear\"><\/div><div class=\"fusion-separator fusion-full-width-sep\" style=\"margin-left: auto;margin-right: auto;margin-top:40px;margin-bottom:40px;width:100%;\"><\/div><div class=\"fusion-sep-clear\"><\/div><div class=\"fusion-text fusion-text-3\"><div id=\"skipstep\"><\/div>\n<p style=\"text-align: center;\">\n<\/div><div class=\"fusion-sep-clear\"><\/div><div class=\"fusion-separator fusion-full-width-sep\" style=\"margin-left: auto;margin-right: auto;margin-top:10px;margin-bottom:10px;width:100%;\"><\/div><div class=\"fusion-sep-clear\"><\/div>\n<div id=\"tblCuotas\" class=\"table-1\">\n<table width=\"100%\">\n<tbody>\n<tr>\n<td align=\"left\">1<\/td>\n<td align=\"left\"><\/td>\n<\/tr>\n<tr>\n<td align=\"left\">2<\/td>\n<td align=\"left\"><\/td>\n<\/tr>\n<\/tbody>\n<\/table>\n<\/div>\n<div class=\"fusion-sep-clear\"><\/div><div class=\"fusion-separator fusion-full-width-sep\" style=\"margin-left: auto;margin-right: auto;margin-top:40px;margin-bottom:40px;width:100%;\"><div class=\"fusion-separator-border sep-single sep-solid\" style=\"border-color:#e0dede;border-top-width:2px;\"><\/div><\/div><div class=\"fusion-sep-clear\"><\/div><div class=\"fusion-clearfix\"><\/div><\/div><\/div><div class=\"fusion-layout-column fusion_builder_column fusion-builder-column-2 fusion_builder_column_1_2 1_2 fusion-one-half fusion-column-last\" style=\"width:50%;width:calc(50% - ( ( 4% ) * 0.5 ) );margin-top:0px;margin-bottom:20px;\"><div class=\"fusion-column-wrapper fusion-flex-column-wrapper-legacy\" style=\"background-position:left top;background-repeat:no-repeat;-webkit-background-size:cover;-moz-background-size:cover;-o-background-size:cover;background-size:cover;padding: 0px 0px 0px 0px;\"><style type=\"text\/css\"><\/style><div class=\"fusion-title title fusion-title-3 fusion-sep-none fusion-title-center fusion-title-text fusion-title-size-two\" style=\"margin-top:0px;margin-right:0px;margin-bottom:15px;margin-left:0px;\"><h2 class=\"title-heading-center fusion-responsive-typography-calculated\" style=\"margin:0;--fontSize:18;line-height:1.5;\"><p><span style=\"color: #006753; font-size: 20px;\">Financiaci\u00f3n en pesos:<br \/>\n<strong id=\"finciaPesos\">$XXX.XXX.XXX<\/strong><\/span><\/p><\/h2><\/div><div class=\"fusion-sep-clear\"><\/div><div class=\"fusion-separator fusion-full-width-sep\" style=\"margin-left: auto;margin-right: auto;margin-top:40px;margin-bottom:40px;width:100%;\"><\/div><div class=\"fusion-sep-clear\"><\/div><div class=\"fusion-text fusion-text-4\"><div id=\"skipstep2\"><\/div>\n<p style=\"text-align: center;\">\n<\/div><div class=\"fusion-sep-clear\"><\/div><div class=\"fusion-separator fusion-full-width-sep\" style=\"margin-left: auto;margin-right: auto;margin-top:10px;margin-bottom:10px;width:100%;\"><\/div><div class=\"fusion-sep-clear\"><\/div>\n<div class=\"table-1\">\n<table width=\"100%\">\n<tbody>\n<tr>\n<td align=\"left\">Valor cuota mensual<\/td>\n<td align=\"left\"><span class=\"cuotaGrande\" style=\"color: #006753;\">$XXX.XXX.XXX<\/span><\/td>\n<\/tr>\n<tr>\n<td align=\"left\">N\u00famero de cuotas<\/td>\n<td id=\"numCuotasFinanci\" align=\"left\">180<\/td>\n<\/tr>\n<\/tbody>\n<\/table>\n<\/div>\n<div class=\"fusion-sep-clear\"><\/div><div class=\"fusion-separator fusion-full-width-sep\" style=\"margin-left: auto;margin-right: auto;margin-top:40px;margin-bottom:40px;width:100%;\"><div class=\"fusion-separator-border sep-single sep-solid\" style=\"border-color:#e0dede;border-top-width:2px;\"><\/div><\/div><div class=\"fusion-sep-clear\"><\/div><div class=\"fusion-clearfix\"><\/div><\/div><\/div><\/div><\/div><div class=\"fusion-fullwidth fullwidth-box fusion-builder-row-3 ocult nonhundred-percent-fullwidth non-hundred-percent-height-scrolling\" style=\"background-color: #ffffff;background-position: center center;background-repeat: no-repeat;padding-top:0px;padding-right:0px;padding-bottom:20px;padding-left:0px;margin-bottom: 0px;margin-top: 0px;border-width: 0px 0px 0px 0px;border-color:#d3d3d3;border-style:solid;\" ><div class=\"fusion-builder-row fusion-row\"><div class=\"fusion-layout-column fusion_builder_column fusion-builder-column-3 fusion_builder_column_1_1 1_1 fusion-one-full fusion-column-first fusion-column-last\" style=\"margin-top:0px;margin-bottom:20px;\"><div class=\"fusion-column-wrapper fusion-flex-column-wrapper-legacy\" style=\"background-position:left top;background-repeat:no-repeat;-webkit-background-size:cover;-moz-background-size:cover;-o-background-size:cover;background-size:cover;padding: 0px 0px 0px 0px;\"><style type=\"text\/css\"><\/style><div class=\"fusion-title title fusion-title-4 fusion-sep-none fusion-title-center fusion-title-text fusion-title-size-two\" style=\"margin-top:0px;margin-right:0px;margin-bottom:0px;margin-left:0px;\"><h2 class=\"title-heading-center fusion-responsive-typography-calculated\" style=\"margin:0;--fontSize:18;line-height:1.5;\"><span style=\"color: #006753; font-size: 20px;\">Resumen:<\/span><\/h2><\/div>\n<div class=\"table-1 resumen\">\n<table width=\"100%\">\n<tbody>\n<tr>\n<td align=\"left\">Valor cuota mensual (aproximada)<\/td>\n<td align=\"left\"><span class=\"cuotaGrande\" style=\"color: #006753;\">$XXX.XXX.XXX<\/span><\/td>\n<\/tr>\n<tr>\n<td align=\"left\">Valor comercial del inmueble<\/td>\n<td id=\"vComercial\" align=\"left\">$XX.XXX.XXX<\/td>\n<\/tr>\n<tr>\n<td align=\"left\">Parqueadero<\/td>\n<td class=\"precioParqueadero2\" align=\"left\"><\/td>\n<\/tr>\n<tr>\n<td align=\"left\">Cuarto \u00datil<\/td>\n<td class=\"precioCuartoUtil2\" align=\"left\"><\/td>\n<\/tr>\n<tr id=\"rowValorAgregado\">\n<td align=\"left\">Valor m\u00e1s adiciones<\/td>\n<td id=\"valorAgregado\" align=\"left\"><\/td>\n<\/tr>\n<tr>\n<td align=\"left\">Cuota inicial<\/td>\n<td class=\"cInicial\" align=\"left\">$XX.XXX.XXX<\/td>\n<\/tr>\n<tr>\n<td align=\"left\">Valor financiado<\/td>\n<td id=\"financyPesos\" align=\"left\">$XX.XXX.XXX<\/td>\n<\/tr>\n<tr>\n<td align=\"left\">Tasa efectiva anual<\/td>\n<td class=\"tasaEfectivaAnual\" align=\"left\">11.85%<\/td>\n<\/tr>\n<tr>\n<td align=\"left\">Tasa mes vencido<\/td>\n<td class=\"tasaPeriodica\" align=\"left\">0.94%<\/td>\n<\/tr>\n<tr>\n<td align=\"left\">Plazo<\/td>\n<td id=\"yearsSlider\" align=\"left\">15 a\u00f1os<\/td>\n<\/tr>\n<tr>\n<td align=\"left\">N\u00famero de cuotas<\/td>\n<td id=\"numCuotasFinanci\" class=\"numCuotasFinanci\" align=\"left\">180<\/td>\n<\/tr>\n<tr>\n<td align=\"left\">Ingresos familiares requeridos<\/td>\n<td id=\"ingresosFamiliaresRequeridos\" align=\"left\">180<\/td>\n<\/tr>\n<\/tbody>\n<\/table>\n<\/div>\n\n<div class=\"titInformePagos fusion-title title fusion-title-center fusion-title-size-one\" style=\"margin-top: 0px; margin-bottom: 30px;\">\n<div class=\"title-sep-container title-sep-container-left\"><\/div>\n<h1 class=\"title-heading-center\" data-fontsize=\"33\" data-lineheight=\"47\">Informe de cuotas<\/h1>\n<div class=\"title-sep-container title-sep-container-right\"><\/div>\n<\/div>\n<div class=\"table-1\">\n<table class=\"resultados\" width=\"100%\">\n<thead>\n<tr>\n<th align=\"left\">Mes<\/th>\n<th align=\"left\">Cuota<\/th>\n<th align=\"left\">Inter\u00e9s<\/th>\n<th align=\"left\">Abono a capital<\/th>\n<th align=\"left\">Saldo<\/th>\n<\/tr>\n<\/thead>\n<tbody>\n<tr>\n<td align=\"left\"><\/td>\n<td align=\"left\"><\/td>\n<td align=\"left\"><\/td>\n<td align=\"left\"><\/td>\n<td class=\"saldo0\" align=\"left\"><\/td>\n<\/tr>\n<\/tbody>\n<\/table>\n<\/div>\n<p style=\"text-align: center;\"><div class=\"fusion-sep-clear\"><\/div><div class=\"fusion-separator fusion-full-width-sep\" style=\"margin-left: auto;margin-right: auto;margin-top:20px;margin-bottom:20px;width:100%;\"><\/div><div class=\"fusion-sep-clear\"><\/div><div class=\"fusion-text fusion-text-5\"><p style=\"text-align: center;\">*Esta es una simulaci\u00f3n, para obtener una cotizaci\u00f3n por favor <a href=\"http:\/\/bienesybienes.com\/portal\/contactenos\">cont\u00e1ctenos<\/a><\/p>\n<\/div><div class=\"fusion-text fusion-text-6\"><p style=\"text-align: center; display: none;\">Diferidos en <strong id=\"numCuotas\">X<\/strong> cuotas iniciando el <strong id=\"fechaHoy\">(Fecha de hoy)<\/strong> hasta <strong id=\"fechaUltimaCouta\">(Fecha \u00faltima cuota)<\/strong><\/p>\n<p style=\"text-align: center;\">\n<\/div><div class=\"fusion-text fusion-text-7\"><p style=\"text-align: center; display: none;\">Diferidos en <strong id=\"numMeses2\">X<\/strong> cuotas iniciando el <strong id=\"fechaHoy2\">(Fecha de hoy)<\/strong> hasta <strong id=\"ultimaFecha2\">(Fecha \u00faltima cuota)<\/strong><\/p>\n<\/div><div class=\"fusion-text fusion-text-8\"><h3 class=\"txtVerde\">Recibe esta simulaci\u00f3n en tu correo electr\u00f3nico completando los siguientes datos:<\/h3>\n<\/div><div id=\"contact-form-hubspot\" class=\"form\">\n<!--[if lte IE 8]>\n<script charset=\"utf-8\" type=\"text\/javascript\" src=\"\/\/js.hsforms.net\/forms\/v2-legacy.js\"><\/script>\n<![endif]-->\n<script charset=\"utf-8\" type=\"text\/javascript\" src=\"\/\/js.hsforms.net\/forms\/v2.js\"><\/script>\n<script>\n  hbspt.forms.create({\n\tportalId: \"4330723\",\n\tformId: \"f3e7d08a-293a-4dac-9b26-dee030b36099\",\n    target: \"#contact-form-hubspot\"\n});\n<\/script><\/div><div class=\"fusion-text fusion-text-9\"><div class=\"btnNextPage alignright\"><a href=\"https:\/\/bienesybienes.com\/portal\/prueba1-simulador\/\" title=\"prueba 1%\">Siguiente: prueba 1%  <i class=\"fa fa-arrow-right\" aria-hidden=\"true\"><\/i><\/a><\/div>\n<\/div><div class=\"fusion-clearfix\"><\/div><\/div><\/div><\/div><\/div><\/p>\n","protected":false},"excerpt":{"rendered":"","protected":false},"author":9,"featured_media":0,"parent":0,"menu_order":15,"comment_status":"closed","ping_status":"closed","template":"100-width.php","meta":{"content-type":"","om_disable_all_campaigns":false,"_mi_skip_tracking":false},"aioseo_notices":[],"yoast_head":"<!-- This site is optimized with the Yoast SEO plugin v18.0 - https:\/\/yoast.com\/wordpress\/plugins\/seo\/ -->\n<title>Simulador del Cr\u00e9dito de Bah\u00eda Grande - Bienes &amp; Bienes Constructores<\/title>\n<meta name=\"description\" content=\"Simulador del cr\u00e9dito de Bah\u00eda Grande en Itag\u00fc\u00ed, entra aqu\u00ed y conoce c\u00f3mo puedes financiar tu apartamento en este proyecto urban\u00edstico.\" \/>\n<meta name=\"robots\" content=\"index, follow, max-snippet:-1, max-image-preview:large, max-video-preview:-1\" \/>\n<link rel=\"canonical\" href=\"https:\/\/bienesybienes.com\/portal\/test-filtro\/\" \/>\n<meta property=\"og:locale\" content=\"es_ES\" \/>\n<meta property=\"og:type\" content=\"article\" \/>\n<meta property=\"og:title\" content=\"Simulador del Cr\u00e9dito de Bah\u00eda Grande - Bienes &amp; Bienes Constructores\" \/>\n<meta property=\"og:description\" content=\"Simulador del cr\u00e9dito de Bah\u00eda Grande en Itag\u00fc\u00ed, entra aqu\u00ed y conoce c\u00f3mo puedes financiar tu apartamento en este proyecto urban\u00edstico.\" \/>\n<meta property=\"og:url\" content=\"https:\/\/bienesybienes.com\/portal\/test-filtro\/\" \/>\n<meta property=\"og:site_name\" content=\"Bienes &amp; Bienes Constructores SA | Proyectos Inmobiliarios y Venta de Apartamentos Nuevos en Medell\u00edn\" \/>\n<meta property=\"article:publisher\" content=\"https:\/\/www.facebook.com\/BienesYBienesConstructores\/?fref=ts\" \/>\n<meta property=\"article:modified_time\" content=\"2020-05-29T12:01:43+00:00\" \/>\n<meta name=\"twitter:card\" content=\"summary\" \/>\n<meta name=\"twitter:label1\" content=\"Tiempo de lectura\" \/>\n\t<meta name=\"twitter:data1\" content=\"7 minutos\" \/>\n<script type=\"application\/ld+json\" class=\"yoast-schema-graph\">{\"@context\":\"https:\/\/schema.org\",\"@graph\":[{\"@type\":\"WebSite\",\"@id\":\"https:\/\/bienesybienes.com\/portal\/#website\",\"url\":\"https:\/\/bienesybienes.com\/portal\/\",\"name\":\"Bienes &amp; Bienes Constructores SA | Proyectos Inmobiliarios y Venta de Apartamentos Nuevos en Medell\u00edn\",\"description\":\"C\u00e1mbulo, apartamentos en venta desde 290 millones ubicados Rionegro, sector BarroBlanco.\",\"potentialAction\":[{\"@type\":\"SearchAction\",\"target\":{\"@type\":\"EntryPoint\",\"urlTemplate\":\"https:\/\/bienesybienes.com\/portal\/?s={search_term_string}\"},\"query-input\":\"required name=search_term_string\"}],\"inLanguage\":\"es\"},{\"@type\":\"WebPage\",\"@id\":\"https:\/\/bienesybienes.com\/portal\/test-filtro\/#webpage\",\"url\":\"https:\/\/bienesybienes.com\/portal\/test-filtro\/\",\"name\":\"Simulador del Cr\u00e9dito de Bah\u00eda Grande - Bienes & Bienes Constructores\",\"isPartOf\":{\"@id\":\"https:\/\/bienesybienes.com\/portal\/#website\"},\"datePublished\":\"2020-05-29T11:45:43+00:00\",\"dateModified\":\"2020-05-29T12:01:43+00:00\",\"description\":\"Simulador del cr\u00e9dito de Bah\u00eda Grande en Itag\u00fc\u00ed, entra aqu\u00ed y conoce c\u00f3mo puedes financiar tu apartamento en este proyecto urban\u00edstico.\",\"breadcrumb\":{\"@id\":\"https:\/\/bienesybienes.com\/portal\/test-filtro\/#breadcrumb\"},\"inLanguage\":\"es\",\"potentialAction\":[{\"@type\":\"ReadAction\",\"target\":[\"https:\/\/bienesybienes.com\/portal\/test-filtro\/\"]}]},{\"@type\":\"BreadcrumbList\",\"@id\":\"https:\/\/bienesybienes.com\/portal\/test-filtro\/#breadcrumb\",\"itemListElement\":[{\"@type\":\"ListItem\",\"position\":1,\"name\":\"Portada\",\"item\":\"https:\/\/bienesybienes.com\/portal\/\"},{\"@type\":\"ListItem\",\"position\":2,\"name\":\"test-filtro\"}]}]}<\/script>\n<!-- \/ Yoast SEO plugin. -->","yoast_head_json":{"title":"Simulador del Cr\u00e9dito de Bah\u00eda Grande - Bienes & Bienes Constructores","description":"Simulador del cr\u00e9dito de Bah\u00eda Grande en Itag\u00fc\u00ed, entra aqu\u00ed y conoce c\u00f3mo puedes financiar tu apartamento en este proyecto urban\u00edstico.","robots":{"index":"index","follow":"follow","max-snippet":"max-snippet:-1","max-image-preview":"max-image-preview:large","max-video-preview":"max-video-preview:-1"},"canonical":"https:\/\/bienesybienes.com\/portal\/test-filtro\/","og_locale":"es_ES","og_type":"article","og_title":"Simulador del Cr\u00e9dito de Bah\u00eda Grande - Bienes & Bienes Constructores","og_description":"Simulador del cr\u00e9dito de Bah\u00eda Grande en Itag\u00fc\u00ed, entra aqu\u00ed y conoce c\u00f3mo puedes financiar tu apartamento en este proyecto urban\u00edstico.","og_url":"https:\/\/bienesybienes.com\/portal\/test-filtro\/","og_site_name":"Bienes &amp; Bienes Constructores SA | Proyectos Inmobiliarios y Venta de Apartamentos Nuevos en Medell\u00edn","article_publisher":"https:\/\/www.facebook.com\/BienesYBienesConstructores\/?fref=ts","article_modified_time":"2020-05-29T12:01:43+00:00","twitter_card":"summary","twitter_misc":{"Tiempo de lectura":"7 minutos"},"schema":{"@context":"https:\/\/schema.org","@graph":[{"@type":"WebSite","@id":"https:\/\/bienesybienes.com\/portal\/#website","url":"https:\/\/bienesybienes.com\/portal\/","name":"Bienes &amp; Bienes Constructores SA | Proyectos Inmobiliarios y Venta de Apartamentos Nuevos en Medell\u00edn","description":"C\u00e1mbulo, apartamentos en venta desde 290 millones ubicados Rionegro, sector BarroBlanco.","potentialAction":[{"@type":"SearchAction","target":{"@type":"EntryPoint","urlTemplate":"https:\/\/bienesybienes.com\/portal\/?s={search_term_string}"},"query-input":"required name=search_term_string"}],"inLanguage":"es"},{"@type":"WebPage","@id":"https:\/\/bienesybienes.com\/portal\/test-filtro\/#webpage","url":"https:\/\/bienesybienes.com\/portal\/test-filtro\/","name":"Simulador del Cr\u00e9dito de Bah\u00eda Grande - Bienes & Bienes Constructores","isPartOf":{"@id":"https:\/\/bienesybienes.com\/portal\/#website"},"datePublished":"2020-05-29T11:45:43+00:00","dateModified":"2020-05-29T12:01:43+00:00","description":"Simulador del cr\u00e9dito de Bah\u00eda Grande en Itag\u00fc\u00ed, entra aqu\u00ed y conoce c\u00f3mo puedes financiar tu apartamento en este proyecto urban\u00edstico.","breadcrumb":{"@id":"https:\/\/bienesybienes.com\/portal\/test-filtro\/#breadcrumb"},"inLanguage":"es","potentialAction":[{"@type":"ReadAction","target":["https:\/\/bienesybienes.com\/portal\/test-filtro\/"]}]},{"@type":"BreadcrumbList","@id":"https:\/\/bienesybienes.com\/portal\/test-filtro\/#breadcrumb","itemListElement":[{"@type":"ListItem","position":1,"name":"Portada","item":"https:\/\/bienesybienes.com\/portal\/"},{"@type":"ListItem","position":2,"name":"test-filtro"}]}]}},"_links":{"self":[{"href":"https:\/\/bienesybienes.com\/portal\/wp-json\/wp\/v2\/pages\/24250"}],"collection":[{"href":"https:\/\/bienesybienes.com\/portal\/wp-json\/wp\/v2\/pages"}],"about":[{"href":"https:\/\/bienesybienes.com\/portal\/wp-json\/wp\/v2\/types\/page"}],"author":[{"embeddable":true,"href":"https:\/\/bienesybienes.com\/portal\/wp-json\/wp\/v2\/users\/9"}],"replies":[{"embeddable":true,"href":"https:\/\/bienesybienes.com\/portal\/wp-json\/wp\/v2\/comments?post=24250"}],"version-history":[{"count":12,"href":"https:\/\/bienesybienes.com\/portal\/wp-json\/wp\/v2\/pages\/24250\/revisions"}],"predecessor-version":[{"id":24262,"href":"https:\/\/bienesybienes.com\/portal\/wp-json\/wp\/v2\/pages\/24250\/revisions\/24262"}],"wp:attachment":[{"href":"https:\/\/bienesybienes.com\/portal\/wp-json\/wp\/v2\/media?parent=24250"}],"curies":[{"name":"wp","href":"https:\/\/api.w.org\/{rel}","templated":true}]}}