{"id":24640,"date":"2020-07-31T12:50:00","date_gmt":"2020-07-31T17:50:00","guid":{"rendered":"https:\/\/bienesybienes.com\/portal\/?page_id=24640"},"modified":"2025-07-02T07:48:11","modified_gmt":"2025-07-02T12:48:11","slug":"ubicacion","status":"publish","type":"page","link":"https:\/\/bienesybienes.com\/portal\/terrah-apartamentos-en-sabaneta\/ubicacion\/","title":{"rendered":"Ubicaci\u00f3n"},"content":{"rendered":"<p><div class=\"fusion-fullwidth fullwidth-box fusion-builder-row-1 nonhundred-percent-fullwidth non-hundred-percent-height-scrolling\" style=\"background-color: #ffffff;background-position: center center;background-repeat: no-repeat;padding-top:20px;padding-right:0px;padding-bottom:20px;padding-left:0px;margin-bottom: 0px;margin-top: 0px;border-width: 0px 0px 0px 0px;border-color:#eae9e9;border-style:solid;\" ><div class=\"fusion-builder-row fusion-row\"><div class=\"fusion-layout-column fusion_builder_column fusion-builder-column-0 fusion_builder_column_1_1 1_1 fusion-one-full fusion-column-first fusion-column-last\" style=\"margin-top:0px;margin-bottom:20px;\"><div class=\"fusion-column-wrapper fusion-flex-column-wrapper-legacy\" style=\"background-position:left top;background-repeat:no-repeat;-webkit-background-size:cover;-moz-background-size:cover;-o-background-size:cover;background-size:cover;padding: 0px 0px 0px 0px;\"><div class=\"fusion-text fusion-text-1\"><h2 style=\"text-align: center;\">Ubicaci\u00f3n Terrah Apartamentos<\/h2>\n<\/div><style type=\"text\/css\"><\/style><div class=\"fusion-title title fusion-title-1 fusion-sep-none fusion-title-center fusion-title-text fusion-title-size-two\" style=\"font-size:25px;margin-top:0px;margin-right:0px;margin-bottom:30px;margin-left:0px;\"><h2 class=\"title-heading-center fusion-responsive-typography-calculated\" style=\"margin:0;font-size:1em;--fontSize:25;line-height:1.5;\">Ubicaci\u00f3n<\/h2><\/div><div class=\"fusion-clearfix\"><\/div><\/div><\/div><div class=\"fusion-layout-column fusion_builder_column fusion-builder-column-1 fusion_builder_column_1_2 1_2 fusion-one-half fusion-column-first\" style=\"width:50%;width:calc(50% - ( ( 4% ) * 0.5 ) );margin-right: 4%;margin-top:0px;margin-bottom:20px;\"><div class=\"fusion-column-wrapper fusion-flex-column-wrapper-legacy\" style=\"background-position:left top;background-repeat:no-repeat;-webkit-background-size:cover;-moz-background-size:cover;-o-background-size:cover;background-size:cover;padding: 0px 0px 0px 0px;\"><span class=\" fusion-imageframe imageframe-none imageframe-1 hover-type-zoomin\"><a href=\"https:\/\/bienesybienes.com\/portal\/wp-content\/uploads\/2020\/07\/ubicacion-terrah-bienes-y-bienes.jpg\" class=\"fusion-lightbox\" data-rel=\"iLightbox[0ffebc52ad5f57d2fd2]\" data-title=\"ubicacion-terrah-bienes-y-bienes\" title=\"ubicacion-terrah-bienes-y-bienes\"><img width=\"1000\" height=\"1000\" alt=\"Mapa de Ubicaci\u00f3n Terrah\" src=\"https:\/\/bienesybienes.com\/portal\/wp-content\/uploads\/2020\/07\/ubicacion-terrah-bienes-y-bienes.jpg\" data-orig-src=\"https:\/\/bienesybienes.com\/portal\/wp-content\/uploads\/2020\/07\/ubicacion-terrah-bienes-y-bienes.jpg\" class=\"lazyload img-responsive wp-image-24657\" srcset=\"data:image\/svg+xml,%3Csvg%20xmlns%3D%27http%3A%2F%2Fwww.w3.org%2F2000%2Fsvg%27%20width%3D%271000%27%20height%3D%271000%27%20viewBox%3D%270%200%201000%201000%27%3E%3Crect%20width%3D%271000%27%20height%3D%271000%27%20fill-opacity%3D%220%22%2F%3E%3C%2Fsvg%3E\" data-srcset=\"https:\/\/bienesybienes.com\/portal\/wp-content\/uploads\/2020\/07\/ubicacion-terrah-bienes-y-bienes-200x200.jpg 200w, https:\/\/bienesybienes.com\/portal\/wp-content\/uploads\/2020\/07\/ubicacion-terrah-bienes-y-bienes-400x400.jpg 400w, https:\/\/bienesybienes.com\/portal\/wp-content\/uploads\/2020\/07\/ubicacion-terrah-bienes-y-bienes-600x600.jpg 600w, https:\/\/bienesybienes.com\/portal\/wp-content\/uploads\/2020\/07\/ubicacion-terrah-bienes-y-bienes-800x800.jpg 800w, https:\/\/bienesybienes.com\/portal\/wp-content\/uploads\/2020\/07\/ubicacion-terrah-bienes-y-bienes.jpg 1000w\" data-sizes=\"auto\" data-orig-sizes=\"(max-width: 800px) 100vw, 600px\" \/><\/a><\/span><div class=\"fusion-clearfix\"><\/div><\/div><\/div><div class=\"fusion-layout-column fusion_builder_column fusion-builder-column-2 fusion_builder_column_1_2 1_2 fusion-one-half fusion-column-last\" style=\"width:50%;width:calc(50% - ( ( 4% ) * 0.5 ) );margin-top:0px;margin-bottom:20px;\"><div class=\"fusion-column-wrapper fusion-flex-column-wrapper-legacy\" style=\"background-position:left top;background-repeat:no-repeat;-webkit-background-size:cover;-moz-background-size:cover;-o-background-size:cover;background-size:cover;padding: 0px 0px 0px 0px;\"><div class=\"fusion-text fusion-text-2\"><p>El proyecto Terrah est\u00e1 ubicado en Sabaneta, sector Loma San Jos\u00e9, su excelente ubicaci\u00f3n permite acceder f\u00e1cilmente a supermercados, almacenes de cadena, centros comerciales y de entretenimiento, colegios y hospitales.<\/p>\n<p>Cuenta con v\u00edas de acceso, senderos peatonales y rutas de buses integradas con el Metro de Medell\u00edn.<\/p>\n<\/div><div class=\"fusion-clearfix\"><\/div><\/div><\/div><div class=\"fusion-layout-column fusion_builder_column fusion-builder-column-3 fusion_builder_column_1_1 1_1 fusion-one-full fusion-column-first fusion-column-last\" style=\"margin-top:0px;margin-bottom:20px;\"><div class=\"fusion-column-wrapper fusion-flex-column-wrapper-legacy\" style=\"background-position:left top;background-repeat:no-repeat;-webkit-background-size:cover;-moz-background-size:cover;-o-background-size:cover;background-size:cover;padding: 0px 0px 0px 0px;\"><style type=\"text\/css\"><\/style><div class=\"fusion-title title fusion-title-2 fusion-sep-none fusion-title-center fusion-title-text fusion-title-size-two\" style=\"font-size:25px;margin-top:0px;margin-right:0px;margin-bottom:30px;margin-left:0px;\"><h2 class=\"title-heading-center fusion-responsive-typography-calculated\" style=\"margin:0;font-size:1em;--fontSize:25;line-height:1.5;\">C\u00f3mo llegar a Terrah\u00a0&#8211; Apartamentos<\/h2><\/div><div class=\"fusion-text fusion-text-3\"><p><iframe style=\"border: 0;\" src=\"https:\/\/www.google.com\/maps\/embed?pb=!1m18!1m12!1m3!1d3941.9214810434255!2d-75.61891375989111!3d6.14018548723017!2m3!1f0!2f0!3f0!3m2!1i1024!2i768!4f13.1!3m3!1m2!1s0x0%3A0x0!2zNsKwMDgnMjMuOSJOIDc1wrAzNycwNC40Ilc!5e1!3m2!1ses-419!2sco!4v1579798426426!5m2!1ses-419!2sco\" width=\"100%\" height=\"450\" frameborder=\"0\" allowfullscreen=\"allowfullscreen\"><\/iframe><\/p>\n<\/div><div class=\"fusion-text fusion-text-4\"><ul class=\"txtcomoLlegar\">\n<li>Toma puente de la Cl 77 Sur.<\/li>\n<li>Dir\u00edgete al sureste por Cl. 77 Sur hacia Cra. 47c. &#8211; 650 m<\/li>\n<li>Gira levemente a la derecha para continuar por Cl. 77 Sur &#8211; 110 m<\/li>\n<li>Gira levemente a la derecha para continuar por Cl. 77 Sur<\/li>\n<li>Contin\u00faa por Cl. 77 Sur hasta llegar a <strong>Ecoh<\/strong>\u00a0&#8211; <em>Apartamentos Sabaneta<\/em>, Colombia<\/li>\n<\/ul>\n<\/div><div class=\"fusion-video fusion-youtube fusion-aligncenter ocult\" style=\"max-width:600px;max-height:360px; width:100%\"><div class=\"video-shortcode\"><iframe title=\"YouTube video player 1\" src=\"https:\/\/www.youtube.com\/embed\/i9_fvEMCAXs?wmode=transparent&autoplay=0\" width=\"600\" height=\"360\" allowfullscreen allow=\"autoplay; fullscreen\"><\/iframe><\/div><\/div><div class=\"fusion-clearfix\"><\/div><\/div><\/div><div class=\"fusion-layout-column fusion_builder_column fusion-builder-column-4 fusion_builder_column_1_1 1_1 fusion-one-full fusion-column-first fusion-column-last\" style=\"margin-top:0px;margin-bottom:20px;\"><div class=\"fusion-column-wrapper fusion-flex-column-wrapper-legacy\" style=\"background-position:left top;background-repeat:no-repeat;-webkit-background-size:cover;-moz-background-size:cover;-o-background-size:cover;background-size:cover;padding: 0px 0px 0px 0px;\"><div class=\"imageframe-align-center\"><span class=\" fusion-imageframe imageframe-none imageframe-2 hover-type-none\"><img width=\"400\" height=\"210\" title=\"logos-google-maps-waze\" src=\"https:\/\/bienesybienes.com\/portal\/wp-content\/uploads\/2017\/03\/logos-google-maps-waze.png\" data-orig-src=\"http:\/\/bienesybienes.com\/portal\/wp-content\/uploads\/2017\/03\/logos-google-maps-waze.png\" class=\"lazyload img-responsive wp-image-15099\" srcset=\"data:image\/svg+xml,%3Csvg%20xmlns%3D%27http%3A%2F%2Fwww.w3.org%2F2000%2Fsvg%27%20width%3D%27400%27%20height%3D%27210%27%20viewBox%3D%270%200%20400%20210%27%3E%3Crect%20width%3D%27400%27%20height%3D%27210%27%20fill-opacity%3D%220%22%2F%3E%3C%2Fsvg%3E\" data-srcset=\"https:\/\/bienesybienes.com\/portal\/wp-content\/uploads\/2017\/03\/logos-google-maps-waze-200x105.png 200w, https:\/\/bienesybienes.com\/portal\/wp-content\/uploads\/2017\/03\/logos-google-maps-waze.png 400w\" data-sizes=\"auto\" data-orig-sizes=\"(max-width: 800px) 100vw, 400px\" \/><\/span><\/div><div class=\"fusion-text fusion-text-5\"><p style=\"text-align: center;\">Puedes encontrar este destino en Waze y Google Maps como:<\/p>\n<\/div><style type=\"text\/css\"><\/style><div class=\"fusion-title title fusion-title-3 fusion-sep-none fusion-title-center fusion-title-text fusion-title-size-three titUbica\" style=\"margin-top:0px;margin-right:0px;margin-bottom:30px;margin-left:0px;\"><h3 class=\"title-heading-center fusion-responsive-typography-calculated\" style=\"margin:0;--fontSize:17;line-height:1.41;\"><p style=\"text-align: center;\">Terrah Bienes &amp; Bienes<\/p><\/h3><\/div><div class=\"fusion-sep-clear\"><\/div><div class=\"fusion-separator fusion-full-width-sep\" style=\"margin-left: auto;margin-right: auto;margin-top:10px;margin-bottom:10px;width:100%;\"><div class=\"fusion-separator-border sep-single sep-solid\" style=\"border-color:#e0dede;border-top-width:1px;\"><\/div><\/div><div class=\"fusion-sep-clear\"><\/div><div class=\"fusion-clearfix\"><\/div><\/div><\/div><\/div><\/div><div class=\"fusion-fullwidth fullwidth-box fusion-builder-row-2 nonhundred-percent-fullwidth non-hundred-percent-height-scrolling\" style=\"background-color: #ffffff;background-position: center center;background-repeat: no-repeat;padding-top:20px;padding-right:0px;padding-bottom:20px;padding-left:0px;margin-bottom: 0px;margin-top: 0px;border-width: 0px 0px 0px 0px;border-color:#eae9e9;border-style:solid;\" ><div class=\"fusion-builder-row fusion-row\"><div class=\"fusion-layout-column fusion_builder_column fusion-builder-column-5 fusion_builder_column_1_1 1_1 fusion-one-full fusion-column-first fusion-column-last\" style=\"margin-top:0px;margin-bottom:20px;\"><div class=\"fusion-column-wrapper fusion-flex-column-wrapper-legacy\" style=\"background-position:left top;background-repeat:no-repeat;-webkit-background-size:cover;-moz-background-size:cover;-o-background-size:cover;background-size:cover;padding: 0px 0px 0px 0px;\"><div class=\"fusion-text fusion-text-6\"><div class=\"fusion-no-small-visibility\">\n<div class=\"fusion-sep-clear\"><\/div>\n<div class=\"fusion-separator fusion-full-width-sep sep-single sep-solid\" style=\"border-color: #e0dede; border-top-width: 1px; margin: 20px auto 20px auto;\"><\/div>\n<div class=\"fusion-clearfix\"><\/div>\n<h3 class=\"txtVerde\">Recibe m\u00e1s informaci\u00f3n sobre este proyecto completando los siguientes datos:<\/h3>\n<\/div>\n<\/div><iframe class=\"iframe-formulario\" src=\"https:\/\/cloud.marketing.bienesybienes.com\/terrahbyb\" width=\"100%\" style=\"border:0;\"><\/iframe><div class=\"fusion-text fusion-text-7\"><div class=\"btnNextPage alignright\"><a href=\"https:\/\/bienesybienes.com\/portal\/byb-plus\/\" title=\"B&#038;B Plus\">Siguiente: B&#038;B Plus  <i class=\"fa fa-arrow-right\" aria-hidden=\"true\"><\/i><\/a><\/div>\n<\/div><div class=\"fusion-clearfix\"><\/div><\/div><\/div><\/div><\/div><div class=\"fusion-fullwidth fullwidth-box fusion-builder-row-3 nonhundred-percent-fullwidth non-hundred-percent-height-scrolling\" style=\"background-color: #ffffff;background-position: center center;background-repeat: no-repeat;padding-top:20px;padding-right:0px;padding-bottom:20px;padding-left:0px;margin-bottom: 0px;margin-top: 0px;border-width: 0px 0px 0px 0px;border-color:#eae9e9;border-style:solid;\" ><div class=\"fusion-builder-row fusion-row\"><div class=\"fusion-layout-column fusion_builder_column fusion-builder-column-6 fusion_builder_column_1_1 1_1 fusion-one-full fusion-column-first fusion-column-last ocult\" style=\"margin-top:0px;margin-bottom:20px;\"><div class=\"fusion-column-wrapper fusion-flex-column-wrapper-legacy\" style=\"background-position:left top;background-repeat:no-repeat;-webkit-background-size:cover;-moz-background-size:cover;-o-background-size:cover;background-size:cover;padding: 0px 0px 0px 0px;\"><div class=\"fusion-text fusion-text-8\"><div class=\"fusion-no-small-visibility\">\n<div class=\"fusion-sep-clear\"><\/div>\n<div class=\"fusion-separator fusion-full-width-sep sep-single sep-solid\" style=\"border-color: #e0dede; border-top-width: 1px; margin: 20px auto 20px auto;\"><\/div>\n<div class=\"fusion-clearfix\"><\/div>\n<h3 class=\"txtVerde\">Recibe m\u00e1s informaci\u00f3n sobre este proyecto completando los siguientes datos:<\/h3>\n<\/div>\n<\/div><!--[if lte IE 8]>\n<script charset=\"utf-8\" type=\"text\/javascript\" src=\"\/\/js.hsforms.net\/forms\/v2-legacy.js\"><\/script>\n<![endif]-->\n<script charset=\"utf-8\" type=\"text\/javascript\" src=\"\/\/js.hsforms.net\/forms\/v2.js\"><\/script>\n<script>\n  hbspt.forms.create({\n\tregion: \"na1\",\n\tportalId: \"4330723\",\n\tformId: \"9b5667fc-dcca-4074-81ca-66e7992f868b\"\n});\n<\/script><div class=\"fusion-text fusion-text-9\"><div class=\"btnNextPage alignright\"><a href=\"https:\/\/bienesybienes.com\/portal\/byb-plus\/\" title=\"B&#038;B Plus\">Siguiente: B&#038;B Plus  <i class=\"fa fa-arrow-right\" aria-hidden=\"true\"><\/i><\/a><\/div>\n<\/div><div class=\"fusion-clearfix\"><\/div><\/div><\/div><\/div><\/div><\/p>\n","protected":false},"excerpt":{"rendered":"","protected":false},"author":9,"featured_media":24570,"parent":24685,"menu_order":5,"comment_status":"closed","ping_status":"closed","template":"side-navigation.php","meta":{"content-type":"","om_disable_all_campaigns":false,"_mi_skip_tracking":false},"aioseo_notices":[],"yoast_head":"<!-- This site is optimized with the Yoast SEO plugin v18.0 - https:\/\/yoast.com\/wordpress\/plugins\/seo\/ -->\n<title>Ubicaci\u00f3n Terrah Apartamentos I Proyectos de Vivienda I Bienes &amp; Bienes<\/title>\n<meta name=\"description\" content=\"Ubicaci\u00f3n del proyecto Terrah, apartamentos en venta desde 337 millones ubicados Sabaneta, con los m\u00e1s modernos acabados y espacios para la familia.\" \/>\n<meta name=\"robots\" content=\"index, follow, max-snippet:-1, max-image-preview:large, max-video-preview:-1\" \/>\n<link rel=\"canonical\" href=\"https:\/\/bienesybienes.com\/portal\/terrah-apartamentos-en-sabaneta\/ubicacion\/\" \/>\n<meta property=\"og:locale\" content=\"es_ES\" \/>\n<meta property=\"og:type\" content=\"article\" \/>\n<meta property=\"og:title\" content=\"Ubicaci\u00f3n Terrah Apartamentos I Proyectos de Vivienda I Bienes &amp; Bienes\" \/>\n<meta property=\"og:description\" content=\"Ubicaci\u00f3n del proyecto Terrah, apartamentos en venta desde 337 millones ubicados Sabaneta, con los m\u00e1s modernos acabados y espacios para la familia.\" \/>\n<meta property=\"og:url\" content=\"https:\/\/bienesybienes.com\/portal\/terrah-apartamentos-en-sabaneta\/ubicacion\/\" \/>\n<meta property=\"og:site_name\" content=\"Bienes &amp; Bienes Constructores SA | Proyectos Inmobiliarios y Venta de Apartamentos Nuevos en Medell\u00edn\" \/>\n<meta property=\"article:publisher\" content=\"https:\/\/www.facebook.com\/BienesYBienesConstructores\/?fref=ts\" \/>\n<meta property=\"article:modified_time\" content=\"2025-07-02T12:48:11+00:00\" \/>\n<meta property=\"og:image\" content=\"https:\/\/bienesybienes.com\/portal\/wp-content\/uploads\/2020\/07\/BB-Logo-Catalogo.png\" \/>\n\t<meta property=\"og:image:width\" content=\"562\" \/>\n\t<meta property=\"og:image:height\" content=\"422\" \/>\n\t<meta property=\"og:image:type\" content=\"image\/png\" \/>\n<meta name=\"twitter:card\" content=\"summary\" \/>\n<meta name=\"twitter:label1\" content=\"Tiempo de lectura\" \/>\n\t<meta name=\"twitter:data1\" content=\"9 minutos\" \/>\n<script type=\"application\/ld+json\" class=\"yoast-schema-graph\">{\"@context\":\"https:\/\/schema.org\",\"@graph\":[{\"@type\":\"WebSite\",\"@id\":\"https:\/\/bienesybienes.com\/portal\/#website\",\"url\":\"https:\/\/bienesybienes.com\/portal\/\",\"name\":\"Bienes &amp; Bienes Constructores SA | Proyectos Inmobiliarios y Venta de Apartamentos Nuevos en Medell\u00edn\",\"description\":\"C\u00e1mbulo, apartamentos en venta desde 290 millones ubicados Rionegro, sector BarroBlanco.\",\"potentialAction\":[{\"@type\":\"SearchAction\",\"target\":{\"@type\":\"EntryPoint\",\"urlTemplate\":\"https:\/\/bienesybienes.com\/portal\/?s={search_term_string}\"},\"query-input\":\"required name=search_term_string\"}],\"inLanguage\":\"es\"},{\"@type\":\"ImageObject\",\"@id\":\"https:\/\/bienesybienes.com\/portal\/terrah-apartamentos-en-sabaneta\/ubicacion\/#primaryimage\",\"inLanguage\":\"es\",\"url\":\"https:\/\/bienesybienes.com\/portal\/wp-content\/uploads\/2020\/07\/BB-Logo-Catalogo.png\",\"contentUrl\":\"https:\/\/bienesybienes.com\/portal\/wp-content\/uploads\/2020\/07\/BB-Logo-Catalogo.png\",\"width\":562,\"height\":422},{\"@type\":\"WebPage\",\"@id\":\"https:\/\/bienesybienes.com\/portal\/terrah-apartamentos-en-sabaneta\/ubicacion\/#webpage\",\"url\":\"https:\/\/bienesybienes.com\/portal\/terrah-apartamentos-en-sabaneta\/ubicacion\/\",\"name\":\"Ubicaci\u00f3n Terrah Apartamentos I Proyectos de Vivienda I Bienes & Bienes\",\"isPartOf\":{\"@id\":\"https:\/\/bienesybienes.com\/portal\/#website\"},\"primaryImageOfPage\":{\"@id\":\"https:\/\/bienesybienes.com\/portal\/terrah-apartamentos-en-sabaneta\/ubicacion\/#primaryimage\"},\"datePublished\":\"2020-07-31T17:50:00+00:00\",\"dateModified\":\"2025-07-02T12:48:11+00:00\",\"description\":\"Ubicaci\u00f3n del proyecto Terrah, apartamentos en venta desde 337 millones ubicados Sabaneta, con los m\u00e1s modernos acabados y espacios para la familia.\",\"breadcrumb\":{\"@id\":\"https:\/\/bienesybienes.com\/portal\/terrah-apartamentos-en-sabaneta\/ubicacion\/#breadcrumb\"},\"inLanguage\":\"es\",\"potentialAction\":[{\"@type\":\"ReadAction\",\"target\":[\"https:\/\/bienesybienes.com\/portal\/terrah-apartamentos-en-sabaneta\/ubicacion\/\"]}]},{\"@type\":\"BreadcrumbList\",\"@id\":\"https:\/\/bienesybienes.com\/portal\/terrah-apartamentos-en-sabaneta\/ubicacion\/#breadcrumb\",\"itemListElement\":[{\"@type\":\"ListItem\",\"position\":1,\"name\":\"Portada\",\"item\":\"https:\/\/bienesybienes.com\/portal\/\"},{\"@type\":\"ListItem\",\"position\":2,\"name\":\"Terrah\",\"item\":\"https:\/\/bienesybienes.com\/portal\/terrah-apartamentos-en-sabaneta\/\"},{\"@type\":\"ListItem\",\"position\":3,\"name\":\"Ubicaci\u00f3n\"}]}]}<\/script>\n<!-- \/ Yoast SEO plugin. -->","yoast_head_json":{"title":"Ubicaci\u00f3n Terrah Apartamentos I Proyectos de Vivienda I Bienes & Bienes","description":"Ubicaci\u00f3n del proyecto Terrah, apartamentos en venta desde 337 millones ubicados Sabaneta, con los m\u00e1s modernos acabados y espacios para la familia.","robots":{"index":"index","follow":"follow","max-snippet":"max-snippet:-1","max-image-preview":"max-image-preview:large","max-video-preview":"max-video-preview:-1"},"canonical":"https:\/\/bienesybienes.com\/portal\/terrah-apartamentos-en-sabaneta\/ubicacion\/","og_locale":"es_ES","og_type":"article","og_title":"Ubicaci\u00f3n Terrah Apartamentos I Proyectos de Vivienda I Bienes & Bienes","og_description":"Ubicaci\u00f3n del proyecto Terrah, apartamentos en venta desde 337 millones ubicados Sabaneta, con los m\u00e1s modernos acabados y espacios para la familia.","og_url":"https:\/\/bienesybienes.com\/portal\/terrah-apartamentos-en-sabaneta\/ubicacion\/","og_site_name":"Bienes &amp; Bienes Constructores SA | Proyectos Inmobiliarios y Venta de Apartamentos Nuevos en Medell\u00edn","article_publisher":"https:\/\/www.facebook.com\/BienesYBienesConstructores\/?fref=ts","article_modified_time":"2025-07-02T12:48:11+00:00","og_image":[{"width":562,"height":422,"url":"https:\/\/bienesybienes.com\/portal\/wp-content\/uploads\/2020\/07\/BB-Logo-Catalogo.png","type":"image\/png"}],"twitter_card":"summary","twitter_misc":{"Tiempo de lectura":"9 minutos"},"schema":{"@context":"https:\/\/schema.org","@graph":[{"@type":"WebSite","@id":"https:\/\/bienesybienes.com\/portal\/#website","url":"https:\/\/bienesybienes.com\/portal\/","name":"Bienes &amp; Bienes Constructores SA | Proyectos Inmobiliarios y Venta de Apartamentos Nuevos en Medell\u00edn","description":"C\u00e1mbulo, apartamentos en venta desde 290 millones ubicados Rionegro, sector BarroBlanco.","potentialAction":[{"@type":"SearchAction","target":{"@type":"EntryPoint","urlTemplate":"https:\/\/bienesybienes.com\/portal\/?s={search_term_string}"},"query-input":"required name=search_term_string"}],"inLanguage":"es"},{"@type":"ImageObject","@id":"https:\/\/bienesybienes.com\/portal\/terrah-apartamentos-en-sabaneta\/ubicacion\/#primaryimage","inLanguage":"es","url":"https:\/\/bienesybienes.com\/portal\/wp-content\/uploads\/2020\/07\/BB-Logo-Catalogo.png","contentUrl":"https:\/\/bienesybienes.com\/portal\/wp-content\/uploads\/2020\/07\/BB-Logo-Catalogo.png","width":562,"height":422},{"@type":"WebPage","@id":"https:\/\/bienesybienes.com\/portal\/terrah-apartamentos-en-sabaneta\/ubicacion\/#webpage","url":"https:\/\/bienesybienes.com\/portal\/terrah-apartamentos-en-sabaneta\/ubicacion\/","name":"Ubicaci\u00f3n Terrah Apartamentos I Proyectos de Vivienda I Bienes & Bienes","isPartOf":{"@id":"https:\/\/bienesybienes.com\/portal\/#website"},"primaryImageOfPage":{"@id":"https:\/\/bienesybienes.com\/portal\/terrah-apartamentos-en-sabaneta\/ubicacion\/#primaryimage"},"datePublished":"2020-07-31T17:50:00+00:00","dateModified":"2025-07-02T12:48:11+00:00","description":"Ubicaci\u00f3n del proyecto Terrah, apartamentos en venta desde 337 millones ubicados Sabaneta, con los m\u00e1s modernos acabados y espacios para la familia.","breadcrumb":{"@id":"https:\/\/bienesybienes.com\/portal\/terrah-apartamentos-en-sabaneta\/ubicacion\/#breadcrumb"},"inLanguage":"es","potentialAction":[{"@type":"ReadAction","target":["https:\/\/bienesybienes.com\/portal\/terrah-apartamentos-en-sabaneta\/ubicacion\/"]}]},{"@type":"BreadcrumbList","@id":"https:\/\/bienesybienes.com\/portal\/terrah-apartamentos-en-sabaneta\/ubicacion\/#breadcrumb","itemListElement":[{"@type":"ListItem","position":1,"name":"Portada","item":"https:\/\/bienesybienes.com\/portal\/"},{"@type":"ListItem","position":2,"name":"Terrah","item":"https:\/\/bienesybienes.com\/portal\/terrah-apartamentos-en-sabaneta\/"},{"@type":"ListItem","position":3,"name":"Ubicaci\u00f3n"}]}]}},"_links":{"self":[{"href":"https:\/\/bienesybienes.com\/portal\/wp-json\/wp\/v2\/pages\/24640"}],"collection":[{"href":"https:\/\/bienesybienes.com\/portal\/wp-json\/wp\/v2\/pages"}],"about":[{"href":"https:\/\/bienesybienes.com\/portal\/wp-json\/wp\/v2\/types\/page"}],"author":[{"embeddable":true,"href":"https:\/\/bienesybienes.com\/portal\/wp-json\/wp\/v2\/users\/9"}],"replies":[{"embeddable":true,"href":"https:\/\/bienesybienes.com\/portal\/wp-json\/wp\/v2\/comments?post=24640"}],"version-history":[{"count":10,"href":"https:\/\/bienesybienes.com\/portal\/wp-json\/wp\/v2\/pages\/24640\/revisions"}],"predecessor-version":[{"id":31012,"href":"https:\/\/bienesybienes.com\/portal\/wp-json\/wp\/v2\/pages\/24640\/revisions\/31012"}],"up":[{"embeddable":true,"href":"https:\/\/bienesybienes.com\/portal\/wp-json\/wp\/v2\/pages\/24685"}],"wp:featuredmedia":[{"embeddable":true,"href":"https:\/\/bienesybienes.com\/portal\/wp-json\/wp\/v2\/media\/24570"}],"wp:attachment":[{"href":"https:\/\/bienesybienes.com\/portal\/wp-json\/wp\/v2\/media?parent=24640"}],"curies":[{"name":"wp","href":"https:\/\/api.w.org\/{rel}","templated":true}]}}