{"id":25559,"date":"2020-10-19T10:27:44","date_gmt":"2020-10-19T15:27:44","guid":{"rendered":"https:\/\/bienesybienes.com\/portal\/?page_id=25559"},"modified":"2025-07-01T15:08:48","modified_gmt":"2025-07-01T20:08:48","slug":"ubicacion","status":"publish","type":"page","link":"https:\/\/bienesybienes.com\/portal\/cambulo-apartamentos-rionegro-sector-barroblanco\/ubicacion\/","title":{"rendered":"Ubicaci\u00f3n"},"content":{"rendered":"<p><div class=\"fusion-fullwidth fullwidth-box fusion-builder-row-1 nonhundred-percent-fullwidth non-hundred-percent-height-scrolling\" style=\"background-color: #ffffff;background-position: center center;background-repeat: no-repeat;padding-top:20px;padding-right:0px;padding-bottom:20px;padding-left:0px;margin-bottom: 0px;margin-top: 0px;border-width: 0px 0px 0px 0px;border-color:#eae9e9;border-style:solid;\" ><div class=\"fusion-builder-row fusion-row\"><div class=\"fusion-layout-column fusion_builder_column fusion-builder-column-0 fusion_builder_column_1_1 1_1 fusion-one-full fusion-column-first fusion-column-last\" style=\"margin-top:0px;margin-bottom:20px;\"><div class=\"fusion-column-wrapper fusion-flex-column-wrapper-legacy\" style=\"background-position:left top;background-repeat:no-repeat;-webkit-background-size:cover;-moz-background-size:cover;-o-background-size:cover;background-size:cover;padding: 0px 0px 0px 0px;\"><div class=\"fusion-text fusion-text-1\"><p style=\"text-align: center;\">Ubicaci\u00f3n proyecto C\u00e1mbulo<\/p>\n<\/div><style type=\"text\/css\"><\/style><div class=\"fusion-title title fusion-title-1 fusion-sep-none fusion-title-center fusion-title-text fusion-title-size-one\" style=\"margin-top:0px;margin-right:0px;margin-bottom:30px;margin-left:0px;\"><h1 class=\"title-heading-center fusion-responsive-typography-calculated\" style=\"margin:0;--fontSize:33;line-height:1.45;\"><p style=\"text-align: center;\">Ubicaci\u00f3n de nuestro proyecto C\u00e1mbulo<\/p><\/h1><\/div><div class=\"fusion-clearfix\"><\/div><\/div><\/div><div class=\"fusion-layout-column fusion_builder_column fusion-builder-column-1 fusion_builder_column_1_2 1_2 fusion-one-half fusion-column-first\" style=\"width:50%;width:calc(50% - ( ( 4% ) * 0.5 ) );margin-right: 4%;margin-top:0px;margin-bottom:20px;\"><div class=\"fusion-column-wrapper fusion-flex-column-wrapper-legacy\" style=\"background-position:left top;background-repeat:no-repeat;-webkit-background-size:cover;-moz-background-size:cover;-o-background-size:cover;background-size:cover;padding: 0px 0px 0px 0px;\"><span class=\" fusion-imageframe imageframe-none imageframe-1 hover-type-zoomin\"><a href=\"http:\/\/bienesybienes.com\/portal\/wp-content\/uploads\/2017\/11\/mapa.jpg\" class=\"fusion-lightbox\" data-rel=\"iLightbox[7e719905cd6e2e1f3c8]\" data-title=\"APARTAMENTOS EN RIONEGRO &#8211; PROYECTO GUADUAL\" title=\"APARTAMENTOS EN RIONEGRO &#8211; PROYECTO GUADUAL\"><img width=\"2048\" height=\"1536\" alt=\"Mapa de Ubicaci\u00f3n\" src=\"data:image\/svg+xml,%3Csvg%20xmlns%3D%27http%3A%2F%2Fwww.w3.org%2F2000%2Fsvg%27%20width%3D%272048%27%20height%3D%271536%27%20viewBox%3D%270%200%202048%201536%27%3E%3Crect%20width%3D%272048%27%20height%3D%271536%27%20fill-opacity%3D%220%22%2F%3E%3C%2Fsvg%3E\" data-orig-src=\"http:\/\/bienesybienes.com\/portal\/wp-content\/uploads\/2017\/11\/mapa.jpg\" class=\"lazyload img-responsive wp-image-17686\"\/><\/a><\/span><div class=\"fusion-clearfix\"><\/div><\/div><\/div><div class=\"fusion-layout-column fusion_builder_column fusion-builder-column-2 fusion_builder_column_1_2 1_2 fusion-one-half fusion-column-last\" style=\"width:50%;width:calc(50% - ( ( 4% ) * 0.5 ) );margin-top:0px;margin-bottom:20px;\"><div class=\"fusion-column-wrapper fusion-flex-column-wrapper-legacy\" style=\"background-position:left top;background-repeat:no-repeat;-webkit-background-size:cover;-moz-background-size:cover;-o-background-size:cover;background-size:cover;padding: 0px 0px 0px 0px;\"><div class=\"fusion-text fusion-text-2\"><p><span style=\"font-weight: 400;\">Cambulo est\u00e1 ubicado en el sector BarroBlanco, uno de los sectores con mayor desarrollo del Oriente Antioque\u00f1o y el Valle de San Nicol\u00e1s.<\/span><\/p>\n<p><span style=\"font-weight: 400;\">El proyecto est\u00e1 en el epicentro de esta transformaci\u00f3n regional como ejemplo de nuevos barrios sostenibles. El Municipio de Rionegro ha definido su plan de movilidad, dejando estructurada una red de v\u00edas que permitir\u00e1n el crecimiento y el trazado para un sistema de transporte masivo intermunicipal. Por su parte, EPM ya est\u00e1 en Rionegro y tiene un ambicioso plan de expansi\u00f3n de las redes de agua y saneamiento.<\/span><\/p>\n<\/div><div class=\"fusion-clearfix\"><\/div><\/div><\/div><div class=\"fusion-layout-column fusion_builder_column fusion-builder-column-3 fusion_builder_column_1_1 1_1 fusion-one-full fusion-column-first fusion-column-last\" style=\"margin-top:0px;margin-bottom:20px;\"><div class=\"fusion-column-wrapper fusion-flex-column-wrapper-legacy\" style=\"background-position:left top;background-repeat:no-repeat;-webkit-background-size:cover;-moz-background-size:cover;-o-background-size:cover;background-size:cover;padding: 0px 0px 0px 0px;\"><style type=\"text\/css\"><\/style><div class=\"fusion-title title fusion-title-2 fusion-title-center fusion-title-text fusion-title-size-one\" style=\"margin-top:0px;margin-right:0px;margin-bottom:30px;margin-left:0px;\"><div class=\"title-sep-container title-sep-container-left\"><div class=\"title-sep sep-single sep-solid\" style=\"border-color:#e0dede;\"><\/div><\/div><h1 class=\"title-heading-center fusion-responsive-typography-calculated\" style=\"margin:0;--fontSize:33;line-height:1.45;\">Video de acercamiento<\/h1><div class=\"title-sep-container title-sep-container-right\"><div class=\"title-sep sep-single sep-solid\" style=\"border-color:#e0dede;\"><\/div><\/div><\/div><div class=\"fusion-video fusion-youtube fusion-aligncenter\" style=\"max-width:600px;max-height:360px; width:100%\"><div class=\"video-shortcode\"><iframe title=\"YouTube video player 1\" src=\"https:\/\/www.youtube.com\/embed\/fzDoUCsQFhM?wmode=transparent&autoplay=0\" width=\"600\" height=\"360\" allowfullscreen allow=\"autoplay; fullscreen\"><\/iframe><\/div><\/div><div class=\"fusion-clearfix\"><\/div><\/div><\/div><div class=\"fusion-layout-column fusion_builder_column fusion-builder-column-4 fusion_builder_column_1_1 1_1 fusion-one-full fusion-column-first fusion-column-last\" style=\"margin-top:0px;margin-bottom:20px;\"><div class=\"fusion-column-wrapper fusion-flex-column-wrapper-legacy\" style=\"background-position:left top;background-repeat:no-repeat;-webkit-background-size:cover;-moz-background-size:cover;-o-background-size:cover;background-size:cover;padding: 0px 0px 0px 0px;\"><style type=\"text\/css\"><\/style><div class=\"fusion-title title fusion-title-3 fusion-sep-none fusion-title-center fusion-title-text fusion-title-size-one\" style=\"margin-top:0px;margin-right:0px;margin-bottom:30px;margin-left:0px;\"><h1 class=\"title-heading-center fusion-responsive-typography-calculated\" style=\"margin:0;--fontSize:33;line-height:1.45;\">C\u00f3mo llegar a Cambulo &#8211;\u00a0Apartamentos<\/h1><\/div><div class=\"fusion-text fusion-text-3\"><p><iframe style=\"border: 0;\" src=\"https:\/\/www.google.com\/maps\/embed?pb=!1m26!1m12!1m3!1d18862.876483745084!2d-75.42566577423064!3d6.159882262164423!2m3!1f0!2f0!3f0!3m2!1i1024!2i768!4f13.1!4m11!3e0!4m5!1s0x8e469e78b840720f%3A0x9263a9a2a8b8e1b8!2sAeropuerto+Internacional+Jos%C3%A9+Mar%C3%ADa+C%C3%B3rdova%2C+Rionegro%2C+Antioquia!3m2!1d6.170763399999999!2d-75.4276201!4m3!3m2!1d6.151690299999999!2d-75.39697149999999!5e1!3m2!1ses!2sco!4v1512054485330\" width=\"100%\" height=\"350\" frameborder=\"0\" allowfullscreen=\"allowfullscreen\"><\/iframe><\/p>\n<\/div><div class=\"fusion-text fusion-text-4\"><p><span style=\"font-weight: 400;\">A s\u00f3lo 10 minutos del T\u00fanel de Oriente. Cuatro v\u00edas que se conectan con Medell\u00edn: Las Palmas, Santa Elena y Autopista Medell\u00edn-Bogot\u00e1. A pocos minutos del Aeropuerto JMC.<\/span><\/p>\n<ul>\n<li style=\"list-style-type: none;\">\n<ul>\n<li>En la Glorieta del Aeropuerto Jose Mar\u00eda Cordova, toma la salida en direcci\u00f3n a Aeropuerto Jos\u00e9 Mar\u00eda Cordova-Llanogrande<br \/>\n4,0 km<\/li>\n<li>Gira a la izquierda hacia El Tablazo &#8211; Rionegro<br \/>\n110 m<\/li>\n<li>Contin\u00faa por El Tablazo &#8211; Rionegro<br \/>\n2,5 km<\/li>\n<li>En la Glorieta del Helic\u00f3ptero toma a la derecha hacia Rionegro. Cl. 47<br \/>\n1,7 Km<\/li>\n<\/ul>\n<\/li>\n<\/ul>\n<p>Tu destino estar\u00e1 a la izquierda.<\/p>\n<\/div><div class=\"fusion-clearfix\"><\/div><\/div><\/div><\/div><\/div><div class=\"fusion-fullwidth fullwidth-box fusion-builder-row-2 nonhundred-percent-fullwidth non-hundred-percent-height-scrolling\" style=\"background-color: #ffffff;background-position: center center;background-repeat: no-repeat;padding-top:20px;padding-right:0px;padding-bottom:20px;padding-left:0px;margin-bottom: 0px;margin-top: 0px;border-width: 0px 0px 0px 0px;border-color:#eae9e9;border-style:solid;\" ><div class=\"fusion-builder-row fusion-row\"><div class=\"fusion-layout-column fusion_builder_column fusion-builder-column-5 fusion_builder_column_1_1 1_1 fusion-one-full fusion-column-first fusion-column-last\" style=\"margin-top:0px;margin-bottom:20px;\"><div class=\"fusion-column-wrapper fusion-flex-column-wrapper-legacy\" style=\"background-position:left top;background-repeat:no-repeat;-webkit-background-size:cover;-moz-background-size:cover;-o-background-size:cover;background-size:cover;padding: 0px 0px 0px 0px;\"><div class=\"fusion-text fusion-text-5\"><div class=\"fusion-no-small-visibility\">\n<div class=\"fusion-sep-clear\"><\/div>\n<div class=\"fusion-separator fusion-full-width-sep sep-single sep-solid\" style=\"border-color: #e0dede; border-top-width: 1px; margin: 20px auto 20px auto;\"><\/div>\n<div class=\"fusion-clearfix\"><\/div>\n<h3 class=\"txtVerde\">Recibe m\u00e1s informaci\u00f3n sobre este proyecto completando los siguientes datos:<\/h3>\n<\/div>\n<\/div><iframe class=\"iframe-formulario\" src=\"https:\/\/cloud.marketing.bienesybienes.com\/cambulobyb\" width=\"100%\" style=\"border:0;\"><\/iframe><div class=\"fusion-text fusion-text-6\"><div class=\"btnNextPage alignright\"><a href=\"https:\/\/bienesybienes.com\/portal\/cambulo-apartamentos-rionegro-sector-barroblanco\/avance-de-obra-2\/\" title=\"Avance de obra\">Siguiente: Avance de obra  <i class=\"fa fa-arrow-right\" aria-hidden=\"true\"><\/i><\/a><\/div>\n<\/div><div class=\"fusion-clearfix\"><\/div><\/div><\/div><\/div><\/div><div class=\"fusion-fullwidth fullwidth-box fusion-builder-row-3 nonhundred-percent-fullwidth non-hundred-percent-height-scrolling\" style=\"background-color: #ffffff;background-position: center center;background-repeat: no-repeat;padding-top:20px;padding-right:0px;padding-bottom:20px;padding-left:0px;margin-bottom: 0px;margin-top: 0px;border-width: 0px 0px 0px 0px;border-color:#eae9e9;border-style:solid;\" ><div class=\"fusion-builder-row fusion-row\"><div class=\"fusion-layout-column fusion_builder_column fusion-builder-column-6 fusion_builder_column_1_1 1_1 fusion-one-full fusion-column-first fusion-column-last ocult\" style=\"margin-top:0px;margin-bottom:20px;\"><div class=\"fusion-column-wrapper fusion-flex-column-wrapper-legacy\" style=\"background-position:left top;background-repeat:no-repeat;-webkit-background-size:cover;-moz-background-size:cover;-o-background-size:cover;background-size:cover;padding: 0px 0px 0px 0px;\"><div class=\"fusion-text fusion-text-7\"><div class=\"fusion-no-small-visibility\">\n<div class=\"fusion-sep-clear\"><\/div>\n<div class=\"fusion-separator fusion-full-width-sep sep-single sep-solid\" style=\"border-color: #e0dede; border-top-width: 1px; margin: 20px auto 20px auto;\"><\/div>\n<div class=\"fusion-clearfix\"><\/div>\n<h3 class=\"txtVerde\">Recibe m\u00e1s informaci\u00f3n sobre este proyecto completando los siguientes datos:<\/h3>\n<\/div>\n<\/div><!--[if lte IE 8]>\n<script charset=\"utf-8\" type=\"text\/javascript\" src=\"\/\/js.hsforms.net\/forms\/v2-legacy.js\"><\/script>\n<![endif]-->\n<script charset=\"utf-8\" type=\"text\/javascript\" src=\"\/\/js.hsforms.net\/forms\/v2.js\"><\/script>\n<script>\n  hbspt.forms.create({\n\tregion: \"na1\",\n\tportalId: \"4330723\",\n\tformId: \"ed1c91f3-5239-4f9f-860a-df2339070383\"\n});\n<\/script><div class=\"fusion-text fusion-text-8\"><div class=\"btnNextPage alignright\"><a href=\"https:\/\/bienesybienes.com\/portal\/cambulo-apartamentos-rionegro-sector-barroblanco\/avance-de-obra-2\/\" title=\"Avance de obra\">Siguiente: Avance de obra  <i class=\"fa fa-arrow-right\" aria-hidden=\"true\"><\/i><\/a><\/div>\n<\/div><div class=\"fusion-clearfix\"><\/div><\/div><\/div><\/div><\/div><\/p>\n","protected":false},"excerpt":{"rendered":"","protected":false},"author":9,"featured_media":25546,"parent":25543,"menu_order":3,"comment_status":"closed","ping_status":"closed","template":"side-navigation.php","meta":{"content-type":"","om_disable_all_campaigns":false,"_mi_skip_tracking":false},"aioseo_notices":[],"yoast_head":"<!-- This site is optimized with the Yoast SEO plugin v18.0 - https:\/\/yoast.com\/wordpress\/plugins\/seo\/ -->\n<title>C\u00e1mbulo I Proyectos de Vivienda I Bienes &amp; Bienes I Ubicaci\u00f3n<\/title>\n<meta name=\"description\" content=\"Ubicaci\u00f3n del proyecto C\u00e1mbulo, apartamentos en venta desde 290 millones ubicados Rionegro, sector BarroBlanco.\" \/>\n<meta name=\"robots\" content=\"index, follow, max-snippet:-1, max-image-preview:large, max-video-preview:-1\" \/>\n<link rel=\"canonical\" href=\"https:\/\/bienesybienes.com\/portal\/cambulo-apartamentos-rionegro-sector-barroblanco\/ubicacion\/\" \/>\n<meta property=\"og:locale\" content=\"es_ES\" \/>\n<meta property=\"og:type\" content=\"article\" \/>\n<meta property=\"og:title\" content=\"C\u00e1mbulo I Proyectos de Vivienda I Bienes &amp; Bienes I Ubicaci\u00f3n\" \/>\n<meta property=\"og:description\" content=\"Proyecto en Rionegro Guayac\u00e1n, un novedoso proyecto de apartamentos en El Sector BarroBlanco en Rionegro, con \u00e1reas que van desde los 57m2 hasta los 75m2.\" \/>\n<meta property=\"og:url\" content=\"https:\/\/bienesybienes.com\/portal\/cambulo-apartamentos-rionegro-sector-barroblanco\/ubicacion\/\" \/>\n<meta property=\"og:site_name\" content=\"Bienes &amp; Bienes Constructores SA | Proyectos Inmobiliarios y Venta de Apartamentos Nuevos en Medell\u00edn\" \/>\n<meta property=\"article:publisher\" content=\"https:\/\/www.facebook.com\/BienesYBienesConstructores\/?fref=ts\" \/>\n<meta property=\"article:modified_time\" content=\"2025-07-01T20:08:48+00:00\" \/>\n<meta property=\"og:image\" content=\"https:\/\/bienesybienes.com\/portal\/wp-content\/uploads\/2020\/10\/generica.jpg\" \/>\n\t<meta property=\"og:image:width\" content=\"1920\" \/>\n\t<meta property=\"og:image:height\" content=\"1213\" \/>\n\t<meta property=\"og:image:type\" content=\"image\/jpeg\" \/>\n<meta name=\"twitter:card\" content=\"summary\" \/>\n<meta name=\"twitter:label1\" content=\"Tiempo de lectura\" \/>\n\t<meta name=\"twitter:data1\" content=\"9 minutos\" \/>\n<script type=\"application\/ld+json\" class=\"yoast-schema-graph\">{\"@context\":\"https:\/\/schema.org\",\"@graph\":[{\"@type\":\"WebSite\",\"@id\":\"https:\/\/bienesybienes.com\/portal\/#website\",\"url\":\"https:\/\/bienesybienes.com\/portal\/\",\"name\":\"Bienes &amp; Bienes Constructores SA | Proyectos Inmobiliarios y Venta de Apartamentos Nuevos en Medell\u00edn\",\"description\":\"C\u00e1mbulo, apartamentos en venta desde 290 millones ubicados Rionegro, sector BarroBlanco.\",\"potentialAction\":[{\"@type\":\"SearchAction\",\"target\":{\"@type\":\"EntryPoint\",\"urlTemplate\":\"https:\/\/bienesybienes.com\/portal\/?s={search_term_string}\"},\"query-input\":\"required name=search_term_string\"}],\"inLanguage\":\"es\"},{\"@type\":\"ImageObject\",\"@id\":\"https:\/\/bienesybienes.com\/portal\/cambulo-apartamentos-rionegro-sector-barroblanco\/ubicacion\/#primaryimage\",\"inLanguage\":\"es\",\"url\":\"https:\/\/bienesybienes.com\/portal\/wp-content\/uploads\/2020\/10\/generica.jpg\",\"contentUrl\":\"https:\/\/bienesybienes.com\/portal\/wp-content\/uploads\/2020\/10\/generica.jpg\",\"width\":1920,\"height\":1213},{\"@type\":\"WebPage\",\"@id\":\"https:\/\/bienesybienes.com\/portal\/cambulo-apartamentos-rionegro-sector-barroblanco\/ubicacion\/#webpage\",\"url\":\"https:\/\/bienesybienes.com\/portal\/cambulo-apartamentos-rionegro-sector-barroblanco\/ubicacion\/\",\"name\":\"C\u00e1mbulo I Proyectos de Vivienda I Bienes & Bienes I Ubicaci\u00f3n\",\"isPartOf\":{\"@id\":\"https:\/\/bienesybienes.com\/portal\/#website\"},\"primaryImageOfPage\":{\"@id\":\"https:\/\/bienesybienes.com\/portal\/cambulo-apartamentos-rionegro-sector-barroblanco\/ubicacion\/#primaryimage\"},\"datePublished\":\"2020-10-19T15:27:44+00:00\",\"dateModified\":\"2025-07-01T20:08:48+00:00\",\"description\":\"Ubicaci\u00f3n del proyecto C\u00e1mbulo, apartamentos en venta desde 290 millones ubicados Rionegro, sector BarroBlanco.\",\"breadcrumb\":{\"@id\":\"https:\/\/bienesybienes.com\/portal\/cambulo-apartamentos-rionegro-sector-barroblanco\/ubicacion\/#breadcrumb\"},\"inLanguage\":\"es\",\"potentialAction\":[{\"@type\":\"ReadAction\",\"target\":[\"https:\/\/bienesybienes.com\/portal\/cambulo-apartamentos-rionegro-sector-barroblanco\/ubicacion\/\"]}]},{\"@type\":\"BreadcrumbList\",\"@id\":\"https:\/\/bienesybienes.com\/portal\/cambulo-apartamentos-rionegro-sector-barroblanco\/ubicacion\/#breadcrumb\",\"itemListElement\":[{\"@type\":\"ListItem\",\"position\":1,\"name\":\"Portada\",\"item\":\"https:\/\/bienesybienes.com\/portal\/\"},{\"@type\":\"ListItem\",\"position\":2,\"name\":\"C\u00e1mbulo\",\"item\":\"https:\/\/bienesybienes.com\/portal\/cambulo-apartamentos-rionegro-sector-barroblanco\/\"},{\"@type\":\"ListItem\",\"position\":3,\"name\":\"Ubicaci\u00f3n\"}]}]}<\/script>\n<!-- \/ Yoast SEO plugin. -->","yoast_head_json":{"title":"C\u00e1mbulo I Proyectos de Vivienda I Bienes & Bienes I Ubicaci\u00f3n","description":"Ubicaci\u00f3n del proyecto C\u00e1mbulo, apartamentos en venta desde 290 millones ubicados Rionegro, sector BarroBlanco.","robots":{"index":"index","follow":"follow","max-snippet":"max-snippet:-1","max-image-preview":"max-image-preview:large","max-video-preview":"max-video-preview:-1"},"canonical":"https:\/\/bienesybienes.com\/portal\/cambulo-apartamentos-rionegro-sector-barroblanco\/ubicacion\/","og_locale":"es_ES","og_type":"article","og_title":"C\u00e1mbulo I Proyectos de Vivienda I Bienes & Bienes I Ubicaci\u00f3n","og_description":"Proyecto en Rionegro Guayac\u00e1n, un novedoso proyecto de apartamentos en El Sector BarroBlanco en Rionegro, con \u00e1reas que van desde los 57m2 hasta los 75m2.","og_url":"https:\/\/bienesybienes.com\/portal\/cambulo-apartamentos-rionegro-sector-barroblanco\/ubicacion\/","og_site_name":"Bienes &amp; Bienes Constructores SA | Proyectos Inmobiliarios y Venta de Apartamentos Nuevos en Medell\u00edn","article_publisher":"https:\/\/www.facebook.com\/BienesYBienesConstructores\/?fref=ts","article_modified_time":"2025-07-01T20:08:48+00:00","og_image":[{"width":1920,"height":1213,"url":"https:\/\/bienesybienes.com\/portal\/wp-content\/uploads\/2020\/10\/generica.jpg","type":"image\/jpeg"}],"twitter_card":"summary","twitter_misc":{"Tiempo de lectura":"9 minutos"},"schema":{"@context":"https:\/\/schema.org","@graph":[{"@type":"WebSite","@id":"https:\/\/bienesybienes.com\/portal\/#website","url":"https:\/\/bienesybienes.com\/portal\/","name":"Bienes &amp; Bienes Constructores SA | Proyectos Inmobiliarios y Venta de Apartamentos Nuevos en Medell\u00edn","description":"C\u00e1mbulo, apartamentos en venta desde 290 millones ubicados Rionegro, sector BarroBlanco.","potentialAction":[{"@type":"SearchAction","target":{"@type":"EntryPoint","urlTemplate":"https:\/\/bienesybienes.com\/portal\/?s={search_term_string}"},"query-input":"required name=search_term_string"}],"inLanguage":"es"},{"@type":"ImageObject","@id":"https:\/\/bienesybienes.com\/portal\/cambulo-apartamentos-rionegro-sector-barroblanco\/ubicacion\/#primaryimage","inLanguage":"es","url":"https:\/\/bienesybienes.com\/portal\/wp-content\/uploads\/2020\/10\/generica.jpg","contentUrl":"https:\/\/bienesybienes.com\/portal\/wp-content\/uploads\/2020\/10\/generica.jpg","width":1920,"height":1213},{"@type":"WebPage","@id":"https:\/\/bienesybienes.com\/portal\/cambulo-apartamentos-rionegro-sector-barroblanco\/ubicacion\/#webpage","url":"https:\/\/bienesybienes.com\/portal\/cambulo-apartamentos-rionegro-sector-barroblanco\/ubicacion\/","name":"C\u00e1mbulo I Proyectos de Vivienda I Bienes & Bienes I Ubicaci\u00f3n","isPartOf":{"@id":"https:\/\/bienesybienes.com\/portal\/#website"},"primaryImageOfPage":{"@id":"https:\/\/bienesybienes.com\/portal\/cambulo-apartamentos-rionegro-sector-barroblanco\/ubicacion\/#primaryimage"},"datePublished":"2020-10-19T15:27:44+00:00","dateModified":"2025-07-01T20:08:48+00:00","description":"Ubicaci\u00f3n del proyecto C\u00e1mbulo, apartamentos en venta desde 290 millones ubicados Rionegro, sector BarroBlanco.","breadcrumb":{"@id":"https:\/\/bienesybienes.com\/portal\/cambulo-apartamentos-rionegro-sector-barroblanco\/ubicacion\/#breadcrumb"},"inLanguage":"es","potentialAction":[{"@type":"ReadAction","target":["https:\/\/bienesybienes.com\/portal\/cambulo-apartamentos-rionegro-sector-barroblanco\/ubicacion\/"]}]},{"@type":"BreadcrumbList","@id":"https:\/\/bienesybienes.com\/portal\/cambulo-apartamentos-rionegro-sector-barroblanco\/ubicacion\/#breadcrumb","itemListElement":[{"@type":"ListItem","position":1,"name":"Portada","item":"https:\/\/bienesybienes.com\/portal\/"},{"@type":"ListItem","position":2,"name":"C\u00e1mbulo","item":"https:\/\/bienesybienes.com\/portal\/cambulo-apartamentos-rionegro-sector-barroblanco\/"},{"@type":"ListItem","position":3,"name":"Ubicaci\u00f3n"}]}]}},"_links":{"self":[{"href":"https:\/\/bienesybienes.com\/portal\/wp-json\/wp\/v2\/pages\/25559"}],"collection":[{"href":"https:\/\/bienesybienes.com\/portal\/wp-json\/wp\/v2\/pages"}],"about":[{"href":"https:\/\/bienesybienes.com\/portal\/wp-json\/wp\/v2\/types\/page"}],"author":[{"embeddable":true,"href":"https:\/\/bienesybienes.com\/portal\/wp-json\/wp\/v2\/users\/9"}],"replies":[{"embeddable":true,"href":"https:\/\/bienesybienes.com\/portal\/wp-json\/wp\/v2\/comments?post=25559"}],"version-history":[{"count":8,"href":"https:\/\/bienesybienes.com\/portal\/wp-json\/wp\/v2\/pages\/25559\/revisions"}],"predecessor-version":[{"id":30962,"href":"https:\/\/bienesybienes.com\/portal\/wp-json\/wp\/v2\/pages\/25559\/revisions\/30962"}],"up":[{"embeddable":true,"href":"https:\/\/bienesybienes.com\/portal\/wp-json\/wp\/v2\/pages\/25543"}],"wp:featuredmedia":[{"embeddable":true,"href":"https:\/\/bienesybienes.com\/portal\/wp-json\/wp\/v2\/media\/25546"}],"wp:attachment":[{"href":"https:\/\/bienesybienes.com\/portal\/wp-json\/wp\/v2\/media?parent=25559"}],"curies":[{"name":"wp","href":"https:\/\/api.w.org\/{rel}","templated":true}]}}