{"id":26497,"date":"2021-04-24T08:45:19","date_gmt":"2021-04-24T13:45:19","guid":{"rendered":"https:\/\/bienesybienes.com\/portal\/?page_id=26497"},"modified":"2021-04-24T08:45:19","modified_gmt":"2021-04-24T13:45:19","slug":"prueba1-simulador","status":"publish","type":"page","link":"https:\/\/bienesybienes.com\/portal\/prueba1-simulador\/","title":{"rendered":"prueba 1%"},"content":{"rendered":"<p><div class=\"fusion-fullwidth fullwidth-box fusion-builder-row-1 nonhundred-percent-fullwidth non-hundred-percent-height-scrolling\" style=\"background-color: #ffffff;background-position: center center;background-repeat: no-repeat;padding-top:20px;padding-right:0px;padding-bottom:20px;padding-left:0px;margin-bottom: 0px;margin-top: 0px;border-width: 0px 0px 0px 0px;border-color:#eae9e9;border-style:solid;\" ><div class=\"fusion-builder-row fusion-row\"><div class=\"fusion-layout-column fusion_builder_column fusion-builder-column-0 fusion_builder_column_1_1 1_1 fusion-one-full fusion-column-first fusion-column-last\" style=\"margin-top:0px;margin-bottom:20px;\"><div class=\"fusion-column-wrapper fusion-flex-column-wrapper-legacy\" style=\"background-position:left top;background-repeat:no-repeat;-webkit-background-size:cover;-moz-background-size:cover;-o-background-size:cover;background-size:cover;padding: 0px 0px 0px 0px;\"><div class=\"fusion-text fusion-text-1\"><p style=\"text-align: center;\">Simular cr\u00e9dito Regatta<\/p>\n<\/div><div class=\"fusion-text fusion-text-2\"><p style=\"text-align: center;\">Te damos la bienvenida al simulador de cr\u00e9dito y pagos. Aqu\u00ed podr\u00e1s calcular el pago de la cuota inicial, la cuota mensual y los ingresos m\u00ednimos requeridos para solicitar el cr\u00e9dito ante las entidades financieras.<\/p>\n<\/div><style type=\"text\/css\"><\/style><div class=\"fusion-title title fusion-title-1 fusion-sep-none fusion-title-center fusion-title-text fusion-title-size-two\" style=\"margin-top:0px;margin-right:0px;margin-bottom:0px;margin-left:0px;\"><h2 class=\"title-heading-center fusion-responsive-typography-calculated\" style=\"margin:0;--fontSize:18;line-height:1.5;\"><span style=\"color: #006753; font-size: 20px;\">Selecciona adicionales:<\/span><\/p><\/h2><\/div>\n<div class=\"table-1\">\n<table width=\"100%\">\n<tbody>\n<tr>\n<td align=\"left\">Kit parqueadero + cuarto \u00fatil<\/td>\n<td class=\"precioParqueadero\" align=\"left\"><\/td>\n<td align=\"left\"><input name=\"adicionales\" type=\"checkbox\" value=\"Parqueadero\" \/><\/td>\n<\/tr>\n<tr style=\"display: none;\">\n<td align=\"left\">Cuarto \u00fatil<\/td>\n<td class=\"precioCuartoUtil\" align=\"left\"><\/td>\n<td align=\"left\"><input name=\"adicionales\" type=\"checkbox\" value=\"Cuarto \u00fatil\" \/><\/td>\n<\/tr>\n<\/tbody>\n<\/table>\n<\/div>\n<div class=\"fusion-text fusion-text-3\"><p style=\"text-align: center;\">Para parqueadero doble por favor <a href=\"http:\/\/bienesybienes.com\/portal\/contactenos\">cont\u00e1ctenos<\/a><\/p>\n<\/div><div class=\"fusion-sep-clear\"><\/div><div class=\"fusion-separator fusion-full-width-sep\" style=\"margin-left: auto;margin-right: auto;margin-bottom:40px;width:100%;\"><\/div><div class=\"fusion-sep-clear\"><\/div><style type=\"text\/css\"><\/style><div class=\"fusion-title title fusion-title-2 fusion-sep-none fusion-title-center fusion-title-text fusion-title-size-two\" style=\"margin-top:0px;margin-right:0px;margin-bottom:0px;margin-left:0px;\"><h2 class=\"title-heading-center fusion-responsive-typography-calculated\" style=\"margin:0;--fontSize:18;line-height:1.5;\"><span style=\"color: #006753; font-size: 30px;\">Valor del negocio:<br \/>\n<strong id=\"valorAgregado2\">$XXX.XXX.XXX<\/strong><\/span><\/h2><\/div><div class=\"fusion-clearfix\"><\/div><\/div><\/div><\/div><\/div><div class=\"fusion-fullwidth fullwidth-box fusion-builder-row-2 nonhundred-percent-fullwidth non-hundred-percent-height-scrolling\" style=\"background-color: #ffffff;background-position: center center;background-repeat: no-repeat;padding-top:20px;padding-right:0px;padding-bottom:20px;padding-left:0px;margin-bottom: 0px;margin-top: 0px;border-width: 0px 0px 0px 0px;border-color:#eae9e9;border-style:solid;\" ><div class=\"fusion-builder-row fusion-row\"><div class=\"fusion-layout-column fusion_builder_column fusion-builder-column-1 fusion_builder_column_1_2 1_2 fusion-one-half fusion-column-first\" style=\"width:50%;width:calc(50% - ( ( 4% ) * 0.5 ) );margin-right: 4%;margin-top:0px;margin-bottom:20px;\"><div class=\"fusion-column-wrapper fusion-flex-column-wrapper-legacy\" style=\"background-position:left top;background-repeat:no-repeat;-webkit-background-size:cover;-moz-background-size:cover;-o-background-size:cover;background-size:cover;padding: 0px 0px 0px 0px;\"><style type=\"text\/css\"><\/style><div class=\"fusion-title title fusion-title-3 fusion-sep-none fusion-title-center fusion-title-text fusion-title-size-two\" style=\"margin-top:0px;margin-right:0px;margin-bottom:15px;margin-left:0px;\"><h2 class=\"title-heading-center fusion-responsive-typography-calculated\" style=\"margin:0;--fontSize:18;line-height:1.5;\"><p><span style=\"color: #006753; font-size: 20px;\">Valor cuota inicial:<br \/>\n<strong id=\"cInicial\" class=\"\">$XXX.XXX.XXX<\/strong><\/span><\/p><\/h2><\/div><div class=\"fusion-sep-clear\"><\/div><div class=\"fusion-separator fusion-full-width-sep\" style=\"margin-left: auto;margin-right: auto;margin-top:40px;margin-bottom:40px;width:100%;\"><\/div><div class=\"fusion-sep-clear\"><\/div><div class=\"fusion-text fusion-text-4\"><div id=\"skipstep\"><\/div>\n<p style=\"text-align: center;\">\n<\/div><div class=\"fusion-sep-clear\"><\/div><div class=\"fusion-separator fusion-full-width-sep\" style=\"margin-left: auto;margin-right: auto;margin-top:10px;margin-bottom:10px;width:100%;\"><\/div><div class=\"fusion-sep-clear\"><\/div>\n<div id=\"tblCuotas\" class=\"table-1\">\n<table width=\"100%\">\n<tbody>\n<tr>\n<td align=\"left\">1<\/td>\n<td align=\"left\"><\/td>\n<\/tr>\n<tr>\n<td align=\"left\">2<\/td>\n<td align=\"left\"><\/td>\n<\/tr>\n<\/tbody>\n<\/table>\n<\/div>\n<div class=\"fusion-sep-clear\"><\/div><div class=\"fusion-separator fusion-full-width-sep\" style=\"margin-left: auto;margin-right: auto;margin-top:40px;margin-bottom:40px;width:100%;\"><div class=\"fusion-separator-border sep-single sep-solid\" style=\"border-color:#e0dede;border-top-width:2px;\"><\/div><\/div><div class=\"fusion-sep-clear\"><\/div><div class=\"fusion-clearfix\"><\/div><\/div><\/div><div class=\"fusion-layout-column fusion_builder_column fusion-builder-column-2 fusion_builder_column_1_2 1_2 fusion-one-half fusion-column-last\" style=\"width:50%;width:calc(50% - ( ( 4% ) * 0.5 ) );margin-top:0px;margin-bottom:20px;\"><div class=\"fusion-column-wrapper fusion-flex-column-wrapper-legacy\" style=\"background-position:left top;background-repeat:no-repeat;-webkit-background-size:cover;-moz-background-size:cover;-o-background-size:cover;background-size:cover;padding: 0px 0px 0px 0px;\"><style type=\"text\/css\"><\/style><div class=\"fusion-title title fusion-title-4 fusion-sep-none fusion-title-center fusion-title-text fusion-title-size-two\" style=\"margin-top:0px;margin-right:0px;margin-bottom:15px;margin-left:0px;\"><h2 class=\"title-heading-center fusion-responsive-typography-calculated\" style=\"margin:0;--fontSize:18;line-height:1.5;\"><p><span style=\"color: #006753; font-size: 20px;\">Financiaci\u00f3n en pesos:<br \/>\n<strong id=\"finciaPesos\">$XXX.XXX.XXX<\/strong><\/span><\/p><\/h2><\/div><div class=\"fusion-sep-clear\"><\/div><div class=\"fusion-separator fusion-full-width-sep\" style=\"margin-left: auto;margin-right: auto;margin-top:40px;margin-bottom:40px;width:100%;\"><\/div><div class=\"fusion-sep-clear\"><\/div><div class=\"fusion-text fusion-text-5\"><div id=\"skipstep2\"><\/div>\n<p style=\"text-align: center;\">\n<\/div><div class=\"fusion-sep-clear\"><\/div><div class=\"fusion-separator fusion-full-width-sep\" style=\"margin-left: auto;margin-right: auto;margin-top:10px;margin-bottom:10px;width:100%;\"><\/div><div class=\"fusion-sep-clear\"><\/div>\n<div class=\"table-1\">\n<table width=\"100%\">\n<tbody>\n<tr>\n<td align=\"left\">Valor cuota mensual<\/td>\n<td align=\"left\"><span class=\"cuotaGrande\" style=\"color: #006753;\">$XXX.XXX.XXX<\/span><\/td>\n<\/tr>\n<tr>\n<td align=\"left\">N\u00famero de cuotas<\/td>\n<td id=\"numCuotasFinanci\" align=\"left\">180<\/td>\n<\/tr>\n<\/tbody>\n<\/table>\n<\/div>\n<div class=\"fusion-sep-clear\"><\/div><div class=\"fusion-separator fusion-full-width-sep\" style=\"margin-left: auto;margin-right: auto;margin-top:40px;margin-bottom:40px;width:100%;\"><div class=\"fusion-separator-border sep-single sep-solid\" style=\"border-color:#e0dede;border-top-width:2px;\"><\/div><\/div><div class=\"fusion-sep-clear\"><\/div><div class=\"fusion-clearfix\"><\/div><\/div><\/div><\/div><\/div><div class=\"fusion-fullwidth fullwidth-box fusion-builder-row-3 nonhundred-percent-fullwidth non-hundred-percent-height-scrolling\" style=\"background-color: #ffffff;background-position: center center;background-repeat: no-repeat;padding-top:0px;padding-right:0px;padding-bottom:20px;padding-left:0px;margin-bottom: 0px;margin-top: 0px;border-width: 0px 0px 0px 0px;border-color:#d3d3d3;border-style:solid;\" ><div class=\"fusion-builder-row fusion-row\"><div class=\"fusion-layout-column fusion_builder_column fusion-builder-column-3 fusion_builder_column_1_1 1_1 fusion-one-full fusion-column-first fusion-column-last\" style=\"margin-top:0px;margin-bottom:20px;\"><div class=\"fusion-column-wrapper fusion-flex-column-wrapper-legacy\" style=\"background-position:left top;background-repeat:no-repeat;-webkit-background-size:cover;-moz-background-size:cover;-o-background-size:cover;background-size:cover;padding: 0px 0px 0px 0px;\"><style type=\"text\/css\"><\/style><div class=\"fusion-title title fusion-title-5 fusion-sep-none fusion-title-center fusion-title-text fusion-title-size-two\" style=\"margin-top:0px;margin-right:0px;margin-bottom:0px;margin-left:0px;\"><h2 class=\"title-heading-center fusion-responsive-typography-calculated\" style=\"margin:0;--fontSize:18;line-height:1.5;\"><span style=\"color: #006753; font-size: 20px;\">Resumen:<\/span><\/h2><\/div>\n<div class=\"table-1 resumen\">\n<table width=\"100%\">\n<tbody>\n<tr>\n<td align=\"left\">Valor cuota mensual (aproximada)<\/td>\n<td align=\"left\"><span class=\"cuotaGrande\" style=\"color: #006753;\">$XXX.XXX.XXX<\/span><\/td>\n<\/tr>\n<tr>\n<td align=\"left\">Valor comercial del inmueble<\/td>\n<td id=\"vComercial\" align=\"left\">$XX.XXX.XXX<\/td>\n<\/tr>\n<tr>\n<td align=\"left\">Kit parqueadero + cuarto \u00fatil<\/td>\n<td class=\"precioParqueadero2\" align=\"left\"><\/td>\n<\/tr>\n<tr style=\"display: none;\">\n<td align=\"left\">Cuarto \u00datil<\/td>\n<td class=\"precioCuartoUtil2\" align=\"left\"><\/td>\n<\/tr>\n<tr id=\"rowValorAgregado\">\n<td align=\"left\">Valor m\u00e1s adiciones<\/td>\n<td id=\"valorAgregado\" align=\"left\"><\/td>\n<\/tr>\n<tr>\n<td align=\"left\">Cuota inicial<\/td>\n<td class=\"cInicial\" align=\"left\">$XX.XXX.XXX<\/td>\n<\/tr>\n<tr>\n<td align=\"left\">Valor financiado<\/td>\n<td id=\"financyPesos\" align=\"left\">$XX.XXX.XXX<\/td>\n<\/tr>\n<tr>\n<td align=\"left\">Tasa efectiva anual<\/td>\n<td class=\"tasaEfectivaAnual\" align=\"left\">11.85%<\/td>\n<\/tr>\n<tr>\n<td align=\"left\">Tasa mes vencido<\/td>\n<td class=\"tasaPeriodica\" align=\"left\">0.94%<\/td>\n<\/tr>\n<tr>\n<td align=\"left\">Plazo<\/td>\n<td id=\"yearsSlider\" align=\"left\">15 a\u00f1os<\/td>\n<\/tr>\n<tr>\n<td align=\"left\">N\u00famero de cuotas<\/td>\n<td id=\"numCuotasFinanci\" class=\"numCuotasFinanci\" align=\"left\">180<\/td>\n<\/tr>\n<tr>\n<td align=\"left\">Ingresos familiares requeridos<\/td>\n<td id=\"ingresosFamiliaresRequeridos\" align=\"left\">180<\/td>\n<\/tr>\n<\/tbody>\n<\/table>\n<\/div>\n\n<div class=\"table-1\">\n<div class=\"table-1\"><\/div>\n<h1 class=\"title-heading-center\" style=\"text-align: center;\" data-fontsize=\"33\" data-lineheight=\"47\">Informe de cuotas Regatta<\/h1>\n<div class=\"table-1\"><\/div>\n<\/div>\n<div class=\"table-1\">\n<table class=\"resultados\" width=\"100%\">\n<thead>\n<tr>\n<th align=\"left\">Mes<\/th>\n<th align=\"left\">Cuota<\/th>\n<th align=\"left\">Inter\u00e9s<\/th>\n<th align=\"left\">Abono a capital<\/th>\n<th align=\"left\">Saldo<\/th>\n<\/tr>\n<\/thead>\n<tbody>\n<tr>\n<td align=\"left\"><\/td>\n<td align=\"left\"><\/td>\n<td align=\"left\"><\/td>\n<td align=\"left\"><\/td>\n<td class=\"saldo0\" align=\"left\"><\/td>\n<\/tr>\n<\/tbody>\n<\/table>\n<\/div>\n<div class=\"fusion-sep-clear\"><\/div><div class=\"fusion-separator fusion-full-width-sep\" style=\"margin-left: auto;margin-right: auto;margin-top:20px;margin-bottom:20px;width:100%;\"><\/div><div class=\"fusion-sep-clear\"><\/div><div class=\"fusion-text fusion-text-6\"><p style=\"text-align: center;\">*Esta es una simulaci\u00f3n, para obtener una cotizaci\u00f3n por favor <a href=\"http:\/\/bienesybienes.com\/portal\/contactenos\">cont\u00e1ctenos<\/a><\/p>\n<\/div><div class=\"fusion-text fusion-text-7\"><p style=\"text-align: center; display: none;\">Diferidos en <strong id=\"numCuotas\">X<\/strong> cuotas iniciando el <strong id=\"fechaHoy\">(Fecha de hoy)<\/strong> hasta <strong id=\"fechaUltimaCouta\">(Fecha \u00faltima cuota)<\/strong><\/p>\n<p style=\"text-align: center;\">\n<\/div><div class=\"fusion-text fusion-text-8\"><p style=\"text-align: center; display: none;\">Diferidos en <strong id=\"numMeses2\">X<\/strong> cuotas iniciando el <strong id=\"fechaHoy2\">(Fecha de hoy)<\/strong> hasta <strong id=\"ultimaFecha2\">(Fecha \u00faltima cuota)<\/strong><\/p>\n<\/div><div class=\"fusion-text fusion-text-9\"><h3 class=\"txtVerde\">Recibe esta simulaci\u00f3n en tu correo electr\u00f3nico completando los siguientes datos:<\/h3>\n<\/div><div id=\"contact-form-hubspot\" class=\"form\"><!--[if lte IE 8]>\n<script charset=\"utf-8\" type=\"text\/javascript\" src=\"\/\/js.hsforms.net\/forms\/v2-legacy.js\"><\/script>\n<![endif]-->\n<script charset=\"utf-8\" type=\"text\/javascript\" src=\"\/\/js.hsforms.net\/forms\/v2.js\"><\/script>\n<script>\n  hbspt.forms.create({\n\tportalId: \"4330723\",\n\tformId: \"df6ea42f-b689-46e8-8098-608ff12025fc\",\n    target: \"#contact-form-hubspot\"\n});\n<\/script><\/div><div class=\"fusion-text fusion-text-10\"><div class=\"btnNextPage alignright\"><a href=\"https:\/\/bienesybienes.com\/portal\/test-cuota-de-separacion\/\" title=\"Simular cr\u00e9dito y pagos\">Siguiente: Simular cr\u00e9dito y pagos  <i class=\"fa fa-arrow-right\" aria-hidden=\"true\"><\/i><\/a><\/div>\n<\/div><div class=\"fusion-clearfix\"><\/div><\/div><\/div><\/div><\/div><\/p>\n","protected":false},"excerpt":{"rendered":"","protected":false},"author":9,"featured_media":15520,"parent":0,"menu_order":15,"comment_status":"closed","ping_status":"closed","template":"side-navigation.php","meta":{"content-type":"","om_disable_all_campaigns":false,"_mi_skip_tracking":false},"aioseo_notices":[],"yoast_head":"<!-- This site is optimized with the Yoast SEO plugin v18.0 - https:\/\/yoast.com\/wordpress\/plugins\/seo\/ -->\n<title>Simulaci\u00f3n Regatta Apartamentos I Proyectos de Vivienda I B&amp;B<\/title>\n<meta name=\"description\" content=\"Simulaci\u00f3n Regatta, el simulador de cr\u00e9dito Regatta es herramienta que te permite calcular el cr\u00e9dito a invertir en tu apartamento en este proyecto.\" \/>\n<meta name=\"robots\" content=\"index, follow, max-snippet:-1, max-image-preview:large, max-video-preview:-1\" \/>\n<link rel=\"canonical\" href=\"https:\/\/bienesybienes.com\/portal\/prueba1-simulador\/\" \/>\n<meta property=\"og:locale\" content=\"es_ES\" \/>\n<meta property=\"og:type\" content=\"article\" \/>\n<meta property=\"og:title\" content=\"Simulaci\u00f3n Regatta Apartamentos I Proyectos de Vivienda I B&amp;B\" \/>\n<meta property=\"og:description\" content=\"Simulaci\u00f3n Regatta, el simulador de cr\u00e9dito Regatta es herramienta que te permite calcular el cr\u00e9dito a invertir en tu apartamento en este proyecto.\" \/>\n<meta property=\"og:url\" content=\"https:\/\/bienesybienes.com\/portal\/prueba1-simulador\/\" \/>\n<meta property=\"og:site_name\" content=\"Bienes &amp; Bienes Constructores SA | Proyectos Inmobiliarios y Venta de Apartamentos Nuevos en Medell\u00edn\" \/>\n<meta property=\"article:publisher\" content=\"https:\/\/www.facebook.com\/BienesYBienesConstructores\/?fref=ts\" \/>\n<meta property=\"og:image\" content=\"https:\/\/bienesybienes.com\/portal\/wp-content\/uploads\/2014\/11\/Imagen-Destacada_regatta.jpg\" \/>\n\t<meta property=\"og:image:width\" content=\"1200\" \/>\n\t<meta property=\"og:image:height\" content=\"630\" \/>\n\t<meta property=\"og:image:type\" content=\"image\/jpeg\" \/>\n<meta name=\"twitter:card\" content=\"summary\" \/>\n<meta name=\"twitter:label1\" content=\"Tiempo de lectura\" \/>\n\t<meta name=\"twitter:data1\" content=\"6 minutos\" \/>\n<script type=\"application\/ld+json\" class=\"yoast-schema-graph\">{\"@context\":\"https:\/\/schema.org\",\"@graph\":[{\"@type\":\"WebSite\",\"@id\":\"https:\/\/bienesybienes.com\/portal\/#website\",\"url\":\"https:\/\/bienesybienes.com\/portal\/\",\"name\":\"Bienes &amp; Bienes Constructores SA | Proyectos Inmobiliarios y Venta de Apartamentos Nuevos en Medell\u00edn\",\"description\":\"C\u00e1mbulo, apartamentos en venta desde 290 millones ubicados Rionegro, sector BarroBlanco.\",\"potentialAction\":[{\"@type\":\"SearchAction\",\"target\":{\"@type\":\"EntryPoint\",\"urlTemplate\":\"https:\/\/bienesybienes.com\/portal\/?s={search_term_string}\"},\"query-input\":\"required name=search_term_string\"}],\"inLanguage\":\"es\"},{\"@type\":\"ImageObject\",\"@id\":\"https:\/\/bienesybienes.com\/portal\/prueba1-simulador\/#primaryimage\",\"inLanguage\":\"es\",\"url\":\"https:\/\/bienesybienes.com\/portal\/wp-content\/uploads\/2014\/11\/Imagen-Destacada_regatta.jpg\",\"contentUrl\":\"https:\/\/bienesybienes.com\/portal\/wp-content\/uploads\/2014\/11\/Imagen-Destacada_regatta.jpg\",\"width\":1200,\"height\":630,\"caption\":\"contacto proyecto Regatta Bienes & Bienes\"},{\"@type\":\"WebPage\",\"@id\":\"https:\/\/bienesybienes.com\/portal\/prueba1-simulador\/#webpage\",\"url\":\"https:\/\/bienesybienes.com\/portal\/prueba1-simulador\/\",\"name\":\"Simulaci\u00f3n Regatta Apartamentos I Proyectos de Vivienda I B&B\",\"isPartOf\":{\"@id\":\"https:\/\/bienesybienes.com\/portal\/#website\"},\"primaryImageOfPage\":{\"@id\":\"https:\/\/bienesybienes.com\/portal\/prueba1-simulador\/#primaryimage\"},\"datePublished\":\"2021-04-24T13:45:19+00:00\",\"dateModified\":\"2021-04-24T13:45:19+00:00\",\"description\":\"Simulaci\u00f3n Regatta, el simulador de cr\u00e9dito Regatta es herramienta que te permite calcular el cr\u00e9dito a invertir en tu apartamento en este proyecto.\",\"breadcrumb\":{\"@id\":\"https:\/\/bienesybienes.com\/portal\/prueba1-simulador\/#breadcrumb\"},\"inLanguage\":\"es\",\"potentialAction\":[{\"@type\":\"ReadAction\",\"target\":[\"https:\/\/bienesybienes.com\/portal\/prueba1-simulador\/\"]}]},{\"@type\":\"BreadcrumbList\",\"@id\":\"https:\/\/bienesybienes.com\/portal\/prueba1-simulador\/#breadcrumb\",\"itemListElement\":[{\"@type\":\"ListItem\",\"position\":1,\"name\":\"Portada\",\"item\":\"https:\/\/bienesybienes.com\/portal\/\"},{\"@type\":\"ListItem\",\"position\":2,\"name\":\"prueba 1%\"}]}]}<\/script>\n<!-- \/ Yoast SEO plugin. -->","yoast_head_json":{"title":"Simulaci\u00f3n Regatta Apartamentos I Proyectos de Vivienda I B&B","description":"Simulaci\u00f3n Regatta, el simulador de cr\u00e9dito Regatta es herramienta que te permite calcular el cr\u00e9dito a invertir en tu apartamento en este proyecto.","robots":{"index":"index","follow":"follow","max-snippet":"max-snippet:-1","max-image-preview":"max-image-preview:large","max-video-preview":"max-video-preview:-1"},"canonical":"https:\/\/bienesybienes.com\/portal\/prueba1-simulador\/","og_locale":"es_ES","og_type":"article","og_title":"Simulaci\u00f3n Regatta Apartamentos I Proyectos de Vivienda I B&B","og_description":"Simulaci\u00f3n Regatta, el simulador de cr\u00e9dito Regatta es herramienta que te permite calcular el cr\u00e9dito a invertir en tu apartamento en este proyecto.","og_url":"https:\/\/bienesybienes.com\/portal\/prueba1-simulador\/","og_site_name":"Bienes &amp; Bienes Constructores SA | Proyectos Inmobiliarios y Venta de Apartamentos Nuevos en Medell\u00edn","article_publisher":"https:\/\/www.facebook.com\/BienesYBienesConstructores\/?fref=ts","og_image":[{"width":1200,"height":630,"url":"https:\/\/bienesybienes.com\/portal\/wp-content\/uploads\/2014\/11\/Imagen-Destacada_regatta.jpg","type":"image\/jpeg"}],"twitter_card":"summary","twitter_misc":{"Tiempo de lectura":"6 minutos"},"schema":{"@context":"https:\/\/schema.org","@graph":[{"@type":"WebSite","@id":"https:\/\/bienesybienes.com\/portal\/#website","url":"https:\/\/bienesybienes.com\/portal\/","name":"Bienes &amp; Bienes Constructores SA | Proyectos Inmobiliarios y Venta de Apartamentos Nuevos en Medell\u00edn","description":"C\u00e1mbulo, apartamentos en venta desde 290 millones ubicados Rionegro, sector BarroBlanco.","potentialAction":[{"@type":"SearchAction","target":{"@type":"EntryPoint","urlTemplate":"https:\/\/bienesybienes.com\/portal\/?s={search_term_string}"},"query-input":"required name=search_term_string"}],"inLanguage":"es"},{"@type":"ImageObject","@id":"https:\/\/bienesybienes.com\/portal\/prueba1-simulador\/#primaryimage","inLanguage":"es","url":"https:\/\/bienesybienes.com\/portal\/wp-content\/uploads\/2014\/11\/Imagen-Destacada_regatta.jpg","contentUrl":"https:\/\/bienesybienes.com\/portal\/wp-content\/uploads\/2014\/11\/Imagen-Destacada_regatta.jpg","width":1200,"height":630,"caption":"contacto proyecto Regatta Bienes & Bienes"},{"@type":"WebPage","@id":"https:\/\/bienesybienes.com\/portal\/prueba1-simulador\/#webpage","url":"https:\/\/bienesybienes.com\/portal\/prueba1-simulador\/","name":"Simulaci\u00f3n Regatta Apartamentos I Proyectos de Vivienda I B&B","isPartOf":{"@id":"https:\/\/bienesybienes.com\/portal\/#website"},"primaryImageOfPage":{"@id":"https:\/\/bienesybienes.com\/portal\/prueba1-simulador\/#primaryimage"},"datePublished":"2021-04-24T13:45:19+00:00","dateModified":"2021-04-24T13:45:19+00:00","description":"Simulaci\u00f3n Regatta, el simulador de cr\u00e9dito Regatta es herramienta que te permite calcular el cr\u00e9dito a invertir en tu apartamento en este proyecto.","breadcrumb":{"@id":"https:\/\/bienesybienes.com\/portal\/prueba1-simulador\/#breadcrumb"},"inLanguage":"es","potentialAction":[{"@type":"ReadAction","target":["https:\/\/bienesybienes.com\/portal\/prueba1-simulador\/"]}]},{"@type":"BreadcrumbList","@id":"https:\/\/bienesybienes.com\/portal\/prueba1-simulador\/#breadcrumb","itemListElement":[{"@type":"ListItem","position":1,"name":"Portada","item":"https:\/\/bienesybienes.com\/portal\/"},{"@type":"ListItem","position":2,"name":"prueba 1%"}]}]}},"_links":{"self":[{"href":"https:\/\/bienesybienes.com\/portal\/wp-json\/wp\/v2\/pages\/26497"}],"collection":[{"href":"https:\/\/bienesybienes.com\/portal\/wp-json\/wp\/v2\/pages"}],"about":[{"href":"https:\/\/bienesybienes.com\/portal\/wp-json\/wp\/v2\/types\/page"}],"author":[{"embeddable":true,"href":"https:\/\/bienesybienes.com\/portal\/wp-json\/wp\/v2\/users\/9"}],"replies":[{"embeddable":true,"href":"https:\/\/bienesybienes.com\/portal\/wp-json\/wp\/v2\/comments?post=26497"}],"version-history":[{"count":1,"href":"https:\/\/bienesybienes.com\/portal\/wp-json\/wp\/v2\/pages\/26497\/revisions"}],"predecessor-version":[{"id":26498,"href":"https:\/\/bienesybienes.com\/portal\/wp-json\/wp\/v2\/pages\/26497\/revisions\/26498"}],"wp:featuredmedia":[{"embeddable":true,"href":"https:\/\/bienesybienes.com\/portal\/wp-json\/wp\/v2\/media\/15520"}],"wp:attachment":[{"href":"https:\/\/bienesybienes.com\/portal\/wp-json\/wp\/v2\/media?parent=26497"}],"curies":[{"name":"wp","href":"https:\/\/api.w.org\/{rel}","templated":true}]}}