{"id":26817,"date":"2021-07-02T12:32:21","date_gmt":"2021-07-02T17:32:21","guid":{"rendered":"https:\/\/bienesybienes.com\/portal\/?page_id=26817"},"modified":"2025-07-02T11:25:22","modified_gmt":"2025-07-02T16:25:22","slug":"ubicacion","status":"publish","type":"page","link":"https:\/\/bienesybienes.com\/portal\/distrito-apartamentos-bello-plaza-fabricato\/ubicacion\/","title":{"rendered":"Ubicaci\u00f3n"},"content":{"rendered":"<p><div class=\"fusion-fullwidth fullwidth-box fusion-builder-row-1 nonhundred-percent-fullwidth non-hundred-percent-height-scrolling\" style=\"background-color: #ffffff;background-position: center center;background-repeat: no-repeat;padding-top:20px;padding-right:0px;padding-bottom:20px;padding-left:0px;margin-bottom: 0px;margin-top: 0px;border-width: 0px 0px 0px 0px;border-color:#eae9e9;border-style:solid;\" ><div class=\"fusion-builder-row fusion-row\"><div class=\"fusion-layout-column fusion_builder_column fusion-builder-column-0 fusion_builder_column_1_1 1_1 fusion-one-full fusion-column-first fusion-column-last\" style=\"margin-top:0px;margin-bottom:20px;\"><div class=\"fusion-column-wrapper fusion-flex-column-wrapper-legacy\" style=\"background-position:left top;background-repeat:no-repeat;-webkit-background-size:cover;-moz-background-size:cover;-o-background-size:cover;background-size:cover;padding: 0px 0px 0px 0px;\"><div class=\"fusion-text fusion-text-1\"><p style=\"text-align: center;\"><span style=\"font-size: 9pt; font-family: Montserrat, Arial; color: #222222;\" data-sheets-value=\"{\" data-sheets-userformat=\"{\" data-sheets-formula=\"=CONCATENAR(R&#091;0&#093;C&#091;-7&#093;;\">Ubicaci\u00f3n Distrito Plaza Apartamentos, Proyecto de Vivienda en Bello, sector Plaza Fabricato<\/span><\/p>\n<\/div><style type=\"text\/css\"><\/style><div class=\"fusion-title title fusion-title-1 fusion-sep-none fusion-title-center fusion-title-text fusion-title-size-two\" style=\"font-size:25px;margin-top:0px;margin-right:0px;margin-bottom:30px;margin-left:0px;\"><h2 class=\"title-heading-center fusion-responsive-typography-calculated\" style=\"margin:0;font-size:1em;--fontSize:25;line-height:1.5;\">Ubicaci\u00f3n<\/h2><\/div><div class=\"fusion-clearfix\"><\/div><\/div><\/div><div class=\"fusion-layout-column fusion_builder_column fusion-builder-column-1 fusion_builder_column_1_1 1_1 fusion-one-full fusion-column-first fusion-column-last\" style=\"margin-top:0px;margin-bottom:20px;\"><div class=\"fusion-column-wrapper fusion-flex-column-wrapper-legacy\" style=\"background-position:left top;background-repeat:no-repeat;-webkit-background-size:cover;-moz-background-size:cover;-o-background-size:cover;background-size:cover;padding: 0px 0px 0px 0px;\"><div class=\"imageframe-align-center\"><span class=\" fusion-imageframe imageframe-none imageframe-1 hover-type-zoomin\"><img width=\"1920\" height=\"1282\" title=\"FOTO DISTRITO PLAZA FINAL (2)-min-compressed (1)\" src=\"https:\/\/bienesybienes.com\/portal\/wp-content\/uploads\/2021\/11\/FOTO-DISTRITO-PLAZA-FINAL-2-min-compressed-1.jpg\" data-orig-src=\"https:\/\/bienesybienes.com\/portal\/wp-content\/uploads\/2021\/11\/FOTO-DISTRITO-PLAZA-FINAL-2-min-compressed-1.jpg\" class=\"lazyload img-responsive wp-image-27806\" srcset=\"data:image\/svg+xml,%3Csvg%20xmlns%3D%27http%3A%2F%2Fwww.w3.org%2F2000%2Fsvg%27%20width%3D%271920%27%20height%3D%271282%27%20viewBox%3D%270%200%201920%201282%27%3E%3Crect%20width%3D%271920%27%20height%3D%271282%27%20fill-opacity%3D%220%22%2F%3E%3C%2Fsvg%3E\" data-srcset=\"https:\/\/bienesybienes.com\/portal\/wp-content\/uploads\/2021\/11\/FOTO-DISTRITO-PLAZA-FINAL-2-min-compressed-1-200x134.jpg 200w, https:\/\/bienesybienes.com\/portal\/wp-content\/uploads\/2021\/11\/FOTO-DISTRITO-PLAZA-FINAL-2-min-compressed-1-400x267.jpg 400w, https:\/\/bienesybienes.com\/portal\/wp-content\/uploads\/2021\/11\/FOTO-DISTRITO-PLAZA-FINAL-2-min-compressed-1-600x401.jpg 600w, https:\/\/bienesybienes.com\/portal\/wp-content\/uploads\/2021\/11\/FOTO-DISTRITO-PLAZA-FINAL-2-min-compressed-1-800x534.jpg 800w, https:\/\/bienesybienes.com\/portal\/wp-content\/uploads\/2021\/11\/FOTO-DISTRITO-PLAZA-FINAL-2-min-compressed-1-1200x801.jpg 1200w, https:\/\/bienesybienes.com\/portal\/wp-content\/uploads\/2021\/11\/FOTO-DISTRITO-PLAZA-FINAL-2-min-compressed-1.jpg 1920w\" data-sizes=\"auto\" data-orig-sizes=\"(max-width: 800px) 100vw, 1200px\" \/><\/span><\/div><div class=\"imageframe-align-center\"><span class=\" fusion-imageframe imageframe-none imageframe-2 hover-type-zoomin\"><img width=\"2560\" height=\"1440\" title=\"BAJA_Mapa Distrito (1)\" src=\"https:\/\/bienesybienes.com\/portal\/wp-content\/uploads\/2021\/09\/BAJA_Mapa-Distrito-1-scaled.jpg\" data-orig-src=\"https:\/\/bienesybienes.com\/portal\/wp-content\/uploads\/2021\/09\/BAJA_Mapa-Distrito-1-scaled.jpg\" class=\"lazyload img-responsive wp-image-27176\" srcset=\"data:image\/svg+xml,%3Csvg%20xmlns%3D%27http%3A%2F%2Fwww.w3.org%2F2000%2Fsvg%27%20width%3D%272560%27%20height%3D%271440%27%20viewBox%3D%270%200%202560%201440%27%3E%3Crect%20width%3D%272560%27%20height%3D%271440%27%20fill-opacity%3D%220%22%2F%3E%3C%2Fsvg%3E\" data-srcset=\"https:\/\/bienesybienes.com\/portal\/wp-content\/uploads\/2021\/09\/BAJA_Mapa-Distrito-1-200x113.jpg 200w, https:\/\/bienesybienes.com\/portal\/wp-content\/uploads\/2021\/09\/BAJA_Mapa-Distrito-1-400x225.jpg 400w, https:\/\/bienesybienes.com\/portal\/wp-content\/uploads\/2021\/09\/BAJA_Mapa-Distrito-1-600x338.jpg 600w, https:\/\/bienesybienes.com\/portal\/wp-content\/uploads\/2021\/09\/BAJA_Mapa-Distrito-1-800x450.jpg 800w, https:\/\/bienesybienes.com\/portal\/wp-content\/uploads\/2021\/09\/BAJA_Mapa-Distrito-1-1200x675.jpg 1200w, https:\/\/bienesybienes.com\/portal\/wp-content\/uploads\/2021\/09\/BAJA_Mapa-Distrito-1-scaled.jpg 2560w\" data-sizes=\"auto\" data-orig-sizes=\"(max-width: 800px) 100vw, 1200px\" \/><\/span><\/div><style type=\"text\/css\"><\/style><div class=\"fusion-title title fusion-title-2 fusion-title-center fusion-title-text fusion-title-size-two\" style=\"font-size:25px;margin-top:40px;margin-right:0px;margin-bottom:30px;margin-left:0px;\"><div class=\"title-sep-container title-sep-container-left\"><div class=\"title-sep sep-single sep-solid\" style=\"border-color:#e0dede;\"><\/div><\/div><h2 class=\"title-heading-center fusion-responsive-typography-calculated\" style=\"margin:0;font-size:1em;--fontSize:25;line-height:1.5;\">Acercamiento<\/h2><div class=\"title-sep-container title-sep-container-right\"><div class=\"title-sep sep-single sep-solid\" style=\"border-color:#e0dede;\"><\/div><\/div><\/div><div class=\"fusion-video fusion-youtube fusion-aligncenter\" style=\"max-width:600px;max-height:360px; width:100%\"><div class=\"video-shortcode\"><iframe title=\"YouTube video player 1\" src=\"https:\/\/www.youtube.com\/embed\/iCBdGULvVs4?wmode=transparent&autoplay=0\" width=\"600\" height=\"360\" allowfullscreen allow=\"autoplay; fullscreen\"><\/iframe><\/div><\/div><div class=\"fusion-clearfix\"><\/div><\/div><\/div><div class=\"fusion-layout-column fusion_builder_column fusion-builder-column-2 fusion_builder_column_1_1 1_1 fusion-one-full fusion-column-first fusion-column-last\" style=\"margin-top:0px;margin-bottom:20px;\"><div class=\"fusion-column-wrapper fusion-flex-column-wrapper-legacy\" style=\"background-position:left top;background-repeat:no-repeat;-webkit-background-size:cover;-moz-background-size:cover;-o-background-size:cover;background-size:cover;padding: 0px 0px 0px 0px;\"><div class=\"fusion-clearfix\"><\/div><\/div><\/div><div class=\"fusion-layout-column fusion_builder_column fusion-builder-column-3 fusion_builder_column_1_1 1_1 fusion-one-full fusion-column-first fusion-column-last\" style=\"margin-top:0px;margin-bottom:20px;\"><div class=\"fusion-column-wrapper fusion-flex-column-wrapper-legacy\" style=\"background-position:left top;background-repeat:no-repeat;-webkit-background-size:cover;-moz-background-size:cover;-o-background-size:cover;background-size:cover;padding: 0px 0px 0px 0px;\"><div class=\"imageframe-align-center\"><span class=\" fusion-imageframe imageframe-none imageframe-3 hover-type-none\"><img width=\"400\" height=\"210\" title=\"logos-google-maps-waze\" src=\"https:\/\/bienesybienes.com\/portal\/wp-content\/uploads\/2017\/03\/logos-google-maps-waze.png\" data-orig-src=\"http:\/\/bienesybienes.com\/portal\/wp-content\/uploads\/2017\/03\/logos-google-maps-waze.png\" class=\"lazyload img-responsive wp-image-15099\" srcset=\"data:image\/svg+xml,%3Csvg%20xmlns%3D%27http%3A%2F%2Fwww.w3.org%2F2000%2Fsvg%27%20width%3D%27400%27%20height%3D%27210%27%20viewBox%3D%270%200%20400%20210%27%3E%3Crect%20width%3D%27400%27%20height%3D%27210%27%20fill-opacity%3D%220%22%2F%3E%3C%2Fsvg%3E\" data-srcset=\"https:\/\/bienesybienes.com\/portal\/wp-content\/uploads\/2017\/03\/logos-google-maps-waze-200x105.png 200w, https:\/\/bienesybienes.com\/portal\/wp-content\/uploads\/2017\/03\/logos-google-maps-waze.png 400w\" data-sizes=\"auto\" data-orig-sizes=\"(max-width: 800px) 100vw, 400px\" \/><\/span><\/div><div class=\"fusion-text fusion-text-2\"><p style=\"text-align: center;\">Puedes encontrar este destino en Waze y Google Maps como:<\/p>\n<\/div><style type=\"text\/css\"><\/style><div class=\"fusion-title title fusion-title-3 fusion-sep-none fusion-title-center fusion-title-text fusion-title-size-three titUbica\" style=\"margin-top:0px;margin-right:0px;margin-bottom:30px;margin-left:0px;\"><h3 class=\"title-heading-center fusion-responsive-typography-calculated\" style=\"margin:0;--fontSize:17;line-height:1.41;\"><p style=\"text-align: center;\">Distrito Bienes &amp; Bienes<\/p><\/h3><\/div><div class=\"fusion-sep-clear\"><\/div><div class=\"fusion-separator fusion-full-width-sep\" style=\"margin-left: auto;margin-right: auto;margin-top:10px;margin-bottom:10px;width:100%;\"><div class=\"fusion-separator-border sep-single sep-solid\" style=\"border-color:#e0dede;border-top-width:1px;\"><\/div><\/div><div class=\"fusion-sep-clear\"><\/div><div class=\"fusion-clearfix\"><\/div><\/div><\/div><\/div><\/div><div class=\"fusion-fullwidth fullwidth-box fusion-builder-row-2 nonhundred-percent-fullwidth non-hundred-percent-height-scrolling\" style=\"background-color: #ffffff;background-position: center center;background-repeat: no-repeat;padding-top:20px;padding-right:0px;padding-bottom:20px;padding-left:0px;margin-bottom: 0px;margin-top: 0px;border-width: 0px 0px 0px 0px;border-color:#eae9e9;border-style:solid;\" ><div class=\"fusion-builder-row fusion-row\"><div class=\"fusion-layout-column fusion_builder_column fusion-builder-column-4 fusion_builder_column_1_1 1_1 fusion-one-full fusion-column-first fusion-column-last\" style=\"margin-top:0px;margin-bottom:20px;\"><div class=\"fusion-column-wrapper fusion-flex-column-wrapper-legacy\" style=\"background-position:left top;background-repeat:no-repeat;-webkit-background-size:cover;-moz-background-size:cover;-o-background-size:cover;background-size:cover;padding: 0px 0px 0px 0px;\"><div class=\"fusion-text fusion-text-3\"><div class=\"fusion-no-small-visibility\">\n<div class=\"fusion-sep-clear\"><\/div>\n<div class=\"fusion-separator fusion-full-width-sep sep-single sep-solid\" style=\"border-color: #e0dede; border-top-width: 1px; margin: 20px auto 20px auto;\"><\/div>\n<div class=\"fusion-clearfix\"><\/div>\n<h3 class=\"txtVerde\">Recibe m\u00e1s informaci\u00f3n sobre este proyecto completando los siguientes datos:<\/h3>\n<\/div>\n<\/div><iframe class=\"iframe-formulario\" src=\"https:\/\/cloud.marketing.bienesybienes.com\/distritobyb\" width=\"100%\" style=\"border:0;\"><\/iframe><div class=\"fusion-text fusion-text-4\"><div class=\"btnNextPage alignright\"><a href=\"https:\/\/bienesybienes.com\/portal\/distrito-apartamentos-bello-plaza-fabricato\/avance-de-obra\/\" title=\"Avance de obra\">Siguiente: Avance de obra  <i class=\"fa fa-arrow-right\" aria-hidden=\"true\"><\/i><\/a><\/div>\n<\/div><div class=\"fusion-clearfix\"><\/div><\/div><\/div><\/div><\/div><div class=\"fusion-fullwidth fullwidth-box fusion-builder-row-3 nonhundred-percent-fullwidth non-hundred-percent-height-scrolling\" style=\"background-color: #ffffff;background-position: center center;background-repeat: no-repeat;padding-top:20px;padding-right:0px;padding-bottom:20px;padding-left:0px;margin-bottom: 0px;margin-top: 0px;border-width: 0px 0px 0px 0px;border-color:#eae9e9;border-style:solid;\" ><div class=\"fusion-builder-row fusion-row\"><div class=\"fusion-layout-column fusion_builder_column fusion-builder-column-5 fusion_builder_column_1_1 1_1 fusion-one-full fusion-column-first fusion-column-last ocult\" style=\"margin-top:0px;margin-bottom:20px;\"><div class=\"fusion-column-wrapper fusion-flex-column-wrapper-legacy\" style=\"background-position:left top;background-repeat:no-repeat;-webkit-background-size:cover;-moz-background-size:cover;-o-background-size:cover;background-size:cover;padding: 0px 0px 0px 0px;\"><div class=\"fusion-text fusion-text-5\"><div class=\"fusion-no-small-visibility\">\n<div class=\"fusion-sep-clear\"><\/div>\n<div class=\"fusion-separator fusion-full-width-sep sep-single sep-solid\" style=\"border-color: #e0dede; border-top-width: 1px; margin: 20px auto 20px auto;\"><\/div>\n<div class=\"fusion-clearfix\"><\/div>\n<h3 class=\"txtVerde\">Recibe m\u00e1s informaci\u00f3n sobre este proyecto completando los siguientes datos:<\/h3>\n<\/div>\n<\/div><!--[if lte IE 8]>\n<script charset=\"utf-8\" type=\"text\/javascript\" src=\"\/\/js.hsforms.net\/forms\/v2-legacy.js\"><\/script>\n<![endif]-->\n<script charset=\"utf-8\" type=\"text\/javascript\" src=\"\/\/js.hsforms.net\/forms\/v2.js\"><\/script>\n<script>\n  hbspt.forms.create({\n\tregion: \"na1\",\n\tportalId: \"4330723\",\n\tformId: \"a1a7a448-f845-4ba8-b208-b440b653a19f\"\n});\n<\/script><div class=\"fusion-text fusion-text-6\"><div class=\"btnNextPage alignright\"><a href=\"https:\/\/bienesybienes.com\/portal\/distrito-apartamentos-bello-plaza-fabricato\/avance-de-obra\/\" title=\"Avance de obra\">Siguiente: Avance de obra  <i class=\"fa fa-arrow-right\" aria-hidden=\"true\"><\/i><\/a><\/div>\n<\/div><div class=\"fusion-clearfix\"><\/div><\/div><\/div><\/div><\/div><\/p>\n","protected":false},"excerpt":{"rendered":"","protected":false},"author":9,"featured_media":26809,"parent":26989,"menu_order":5,"comment_status":"closed","ping_status":"closed","template":"side-navigation.php","meta":{"content-type":"","om_disable_all_campaigns":false,"_mi_skip_tracking":false},"aioseo_notices":[],"yoast_head":"<!-- This site is optimized with the Yoast SEO plugin v18.0 - https:\/\/yoast.com\/wordpress\/plugins\/seo\/ -->\n<title>Ubicaci\u00f3n Distrito Apartamentos I Proyectos de Vivienda I B&amp;B<\/title>\n<meta name=\"description\" content=\"Ubicaci\u00f3n del proyecto Distrito, apartamentos en venta ubicados en Bello, sector Plaza Fabricato con\u00f3celo aqu\u00ed.\" \/>\n<meta name=\"robots\" content=\"index, follow, max-snippet:-1, max-image-preview:large, max-video-preview:-1\" \/>\n<link rel=\"canonical\" href=\"https:\/\/bienesybienes.com\/portal\/distrito-apartamentos-bello-plaza-fabricato\/ubicacion\/\" \/>\n<meta property=\"og:locale\" content=\"es_ES\" \/>\n<meta property=\"og:type\" content=\"article\" \/>\n<meta property=\"og:title\" content=\"Ubicaci\u00f3n Distrito Apartamentos I Proyectos de Vivienda I B&amp;B\" \/>\n<meta property=\"og:description\" content=\"Ubicaci\u00f3n del proyecto Distrito, apartamentos en venta ubicados en Bello, sector Plaza Fabricato con\u00f3celo aqu\u00ed.\" \/>\n<meta property=\"og:url\" content=\"https:\/\/bienesybienes.com\/portal\/distrito-apartamentos-bello-plaza-fabricato\/ubicacion\/\" \/>\n<meta property=\"og:site_name\" content=\"Bienes &amp; Bienes Constructores SA | Proyectos Inmobiliarios y Venta de Apartamentos Nuevos en Medell\u00edn\" \/>\n<meta property=\"article:publisher\" content=\"https:\/\/www.facebook.com\/BienesYBienesConstructores\/?fref=ts\" \/>\n<meta property=\"article:modified_time\" content=\"2025-07-02T16:25:22+00:00\" \/>\n<meta property=\"og:image\" content=\"https:\/\/bienesybienes.com\/portal\/wp-content\/uploads\/2021\/07\/distrito-interna.jpg\" \/>\n\t<meta property=\"og:image:width\" content=\"1920\" \/>\n\t<meta property=\"og:image:height\" content=\"1080\" \/>\n\t<meta property=\"og:image:type\" content=\"image\/jpeg\" \/>\n<meta name=\"twitter:card\" content=\"summary\" \/>\n<meta name=\"twitter:label1\" content=\"Tiempo de lectura\" \/>\n\t<meta name=\"twitter:data1\" content=\"3 minutos\" \/>\n<script type=\"application\/ld+json\" class=\"yoast-schema-graph\">{\"@context\":\"https:\/\/schema.org\",\"@graph\":[{\"@type\":\"WebSite\",\"@id\":\"https:\/\/bienesybienes.com\/portal\/#website\",\"url\":\"https:\/\/bienesybienes.com\/portal\/\",\"name\":\"Bienes &amp; Bienes Constructores SA | Proyectos Inmobiliarios y Venta de Apartamentos Nuevos en Medell\u00edn\",\"description\":\"C\u00e1mbulo, apartamentos en venta desde 290 millones ubicados Rionegro, sector BarroBlanco.\",\"potentialAction\":[{\"@type\":\"SearchAction\",\"target\":{\"@type\":\"EntryPoint\",\"urlTemplate\":\"https:\/\/bienesybienes.com\/portal\/?s={search_term_string}\"},\"query-input\":\"required name=search_term_string\"}],\"inLanguage\":\"es\"},{\"@type\":\"ImageObject\",\"@id\":\"https:\/\/bienesybienes.com\/portal\/distrito-apartamentos-bello-plaza-fabricato\/ubicacion\/#primaryimage\",\"inLanguage\":\"es\",\"url\":\"https:\/\/bienesybienes.com\/portal\/wp-content\/uploads\/2021\/07\/distrito-interna.jpg\",\"contentUrl\":\"https:\/\/bienesybienes.com\/portal\/wp-content\/uploads\/2021\/07\/distrito-interna.jpg\",\"width\":1920,\"height\":1080},{\"@type\":\"WebPage\",\"@id\":\"https:\/\/bienesybienes.com\/portal\/distrito-apartamentos-bello-plaza-fabricato\/ubicacion\/#webpage\",\"url\":\"https:\/\/bienesybienes.com\/portal\/distrito-apartamentos-bello-plaza-fabricato\/ubicacion\/\",\"name\":\"Ubicaci\u00f3n Distrito Apartamentos I Proyectos de Vivienda I B&B\",\"isPartOf\":{\"@id\":\"https:\/\/bienesybienes.com\/portal\/#website\"},\"primaryImageOfPage\":{\"@id\":\"https:\/\/bienesybienes.com\/portal\/distrito-apartamentos-bello-plaza-fabricato\/ubicacion\/#primaryimage\"},\"datePublished\":\"2021-07-02T17:32:21+00:00\",\"dateModified\":\"2025-07-02T16:25:22+00:00\",\"description\":\"Ubicaci\u00f3n del proyecto Distrito, apartamentos en venta ubicados en Bello, sector Plaza Fabricato con\u00f3celo aqu\u00ed.\",\"breadcrumb\":{\"@id\":\"https:\/\/bienesybienes.com\/portal\/distrito-apartamentos-bello-plaza-fabricato\/ubicacion\/#breadcrumb\"},\"inLanguage\":\"es\",\"potentialAction\":[{\"@type\":\"ReadAction\",\"target\":[\"https:\/\/bienesybienes.com\/portal\/distrito-apartamentos-bello-plaza-fabricato\/ubicacion\/\"]}]},{\"@type\":\"BreadcrumbList\",\"@id\":\"https:\/\/bienesybienes.com\/portal\/distrito-apartamentos-bello-plaza-fabricato\/ubicacion\/#breadcrumb\",\"itemListElement\":[{\"@type\":\"ListItem\",\"position\":1,\"name\":\"Portada\",\"item\":\"https:\/\/bienesybienes.com\/portal\/\"},{\"@type\":\"ListItem\",\"position\":2,\"name\":\"Distrito Plaza\",\"item\":\"https:\/\/bienesybienes.com\/portal\/distrito-apartamentos-bello-plaza-fabricato\/\"},{\"@type\":\"ListItem\",\"position\":3,\"name\":\"Ubicaci\u00f3n\"}]}]}<\/script>\n<!-- \/ Yoast SEO plugin. -->","yoast_head_json":{"title":"Ubicaci\u00f3n Distrito Apartamentos I Proyectos de Vivienda I B&B","description":"Ubicaci\u00f3n del proyecto Distrito, apartamentos en venta ubicados en Bello, sector Plaza Fabricato con\u00f3celo aqu\u00ed.","robots":{"index":"index","follow":"follow","max-snippet":"max-snippet:-1","max-image-preview":"max-image-preview:large","max-video-preview":"max-video-preview:-1"},"canonical":"https:\/\/bienesybienes.com\/portal\/distrito-apartamentos-bello-plaza-fabricato\/ubicacion\/","og_locale":"es_ES","og_type":"article","og_title":"Ubicaci\u00f3n Distrito Apartamentos I Proyectos de Vivienda I B&B","og_description":"Ubicaci\u00f3n del proyecto Distrito, apartamentos en venta ubicados en Bello, sector Plaza Fabricato con\u00f3celo aqu\u00ed.","og_url":"https:\/\/bienesybienes.com\/portal\/distrito-apartamentos-bello-plaza-fabricato\/ubicacion\/","og_site_name":"Bienes &amp; Bienes Constructores SA | Proyectos Inmobiliarios y Venta de Apartamentos Nuevos en Medell\u00edn","article_publisher":"https:\/\/www.facebook.com\/BienesYBienesConstructores\/?fref=ts","article_modified_time":"2025-07-02T16:25:22+00:00","og_image":[{"width":1920,"height":1080,"url":"https:\/\/bienesybienes.com\/portal\/wp-content\/uploads\/2021\/07\/distrito-interna.jpg","type":"image\/jpeg"}],"twitter_card":"summary","twitter_misc":{"Tiempo de lectura":"3 minutos"},"schema":{"@context":"https:\/\/schema.org","@graph":[{"@type":"WebSite","@id":"https:\/\/bienesybienes.com\/portal\/#website","url":"https:\/\/bienesybienes.com\/portal\/","name":"Bienes &amp; Bienes Constructores SA | Proyectos Inmobiliarios y Venta de Apartamentos Nuevos en Medell\u00edn","description":"C\u00e1mbulo, apartamentos en venta desde 290 millones ubicados Rionegro, sector BarroBlanco.","potentialAction":[{"@type":"SearchAction","target":{"@type":"EntryPoint","urlTemplate":"https:\/\/bienesybienes.com\/portal\/?s={search_term_string}"},"query-input":"required name=search_term_string"}],"inLanguage":"es"},{"@type":"ImageObject","@id":"https:\/\/bienesybienes.com\/portal\/distrito-apartamentos-bello-plaza-fabricato\/ubicacion\/#primaryimage","inLanguage":"es","url":"https:\/\/bienesybienes.com\/portal\/wp-content\/uploads\/2021\/07\/distrito-interna.jpg","contentUrl":"https:\/\/bienesybienes.com\/portal\/wp-content\/uploads\/2021\/07\/distrito-interna.jpg","width":1920,"height":1080},{"@type":"WebPage","@id":"https:\/\/bienesybienes.com\/portal\/distrito-apartamentos-bello-plaza-fabricato\/ubicacion\/#webpage","url":"https:\/\/bienesybienes.com\/portal\/distrito-apartamentos-bello-plaza-fabricato\/ubicacion\/","name":"Ubicaci\u00f3n Distrito Apartamentos I Proyectos de Vivienda I B&B","isPartOf":{"@id":"https:\/\/bienesybienes.com\/portal\/#website"},"primaryImageOfPage":{"@id":"https:\/\/bienesybienes.com\/portal\/distrito-apartamentos-bello-plaza-fabricato\/ubicacion\/#primaryimage"},"datePublished":"2021-07-02T17:32:21+00:00","dateModified":"2025-07-02T16:25:22+00:00","description":"Ubicaci\u00f3n del proyecto Distrito, apartamentos en venta ubicados en Bello, sector Plaza Fabricato con\u00f3celo aqu\u00ed.","breadcrumb":{"@id":"https:\/\/bienesybienes.com\/portal\/distrito-apartamentos-bello-plaza-fabricato\/ubicacion\/#breadcrumb"},"inLanguage":"es","potentialAction":[{"@type":"ReadAction","target":["https:\/\/bienesybienes.com\/portal\/distrito-apartamentos-bello-plaza-fabricato\/ubicacion\/"]}]},{"@type":"BreadcrumbList","@id":"https:\/\/bienesybienes.com\/portal\/distrito-apartamentos-bello-plaza-fabricato\/ubicacion\/#breadcrumb","itemListElement":[{"@type":"ListItem","position":1,"name":"Portada","item":"https:\/\/bienesybienes.com\/portal\/"},{"@type":"ListItem","position":2,"name":"Distrito Plaza","item":"https:\/\/bienesybienes.com\/portal\/distrito-apartamentos-bello-plaza-fabricato\/"},{"@type":"ListItem","position":3,"name":"Ubicaci\u00f3n"}]}]}},"_links":{"self":[{"href":"https:\/\/bienesybienes.com\/portal\/wp-json\/wp\/v2\/pages\/26817"}],"collection":[{"href":"https:\/\/bienesybienes.com\/portal\/wp-json\/wp\/v2\/pages"}],"about":[{"href":"https:\/\/bienesybienes.com\/portal\/wp-json\/wp\/v2\/types\/page"}],"author":[{"embeddable":true,"href":"https:\/\/bienesybienes.com\/portal\/wp-json\/wp\/v2\/users\/9"}],"replies":[{"embeddable":true,"href":"https:\/\/bienesybienes.com\/portal\/wp-json\/wp\/v2\/comments?post=26817"}],"version-history":[{"count":14,"href":"https:\/\/bienesybienes.com\/portal\/wp-json\/wp\/v2\/pages\/26817\/revisions"}],"predecessor-version":[{"id":27382,"href":"https:\/\/bienesybienes.com\/portal\/wp-json\/wp\/v2\/pages\/26817\/revisions\/27382"}],"up":[{"embeddable":true,"href":"https:\/\/bienesybienes.com\/portal\/wp-json\/wp\/v2\/pages\/26989"}],"wp:featuredmedia":[{"embeddable":true,"href":"https:\/\/bienesybienes.com\/portal\/wp-json\/wp\/v2\/media\/26809"}],"wp:attachment":[{"href":"https:\/\/bienesybienes.com\/portal\/wp-json\/wp\/v2\/media?parent=26817"}],"curies":[{"name":"wp","href":"https:\/\/api.w.org\/{rel}","templated":true}]}}