{"id":27198,"date":"2021-09-17T09:26:10","date_gmt":"2021-09-17T14:26:10","guid":{"rendered":"https:\/\/bienesybienes.com\/portal\/?page_id=27198"},"modified":"2026-01-19T10:05:09","modified_gmt":"2026-01-19T15:05:09","slug":"solana-apartamentos-bello","status":"publish","type":"page","link":"https:\/\/bienesybienes.com\/portal\/solana-apartamentos-bello\/","title":{"rendered":"Solana"},"content":{"rendered":"<p><div class=\"fusion-fullwidth fullwidth-box fusion-builder-row-1 nonhundred-percent-fullwidth non-hundred-percent-height-scrolling\" style=\"background-color: #ffffff;background-position: center center;background-repeat: no-repeat;padding-top:20px;padding-right:0px;padding-bottom:20px;padding-left:0px;margin-bottom: 0px;margin-top: 0px;border-width: 0px 0px 0px 0px;border-color:#eae9e9;border-style:solid;\" ><div class=\"fusion-builder-row fusion-row\"><div class=\"fusion-layout-column fusion_builder_column fusion-builder-column-0 fusion_builder_column_1_1 1_1 fusion-one-full fusion-column-first fusion-column-last\" style=\"margin-top:0px;margin-bottom:20px;\"><div class=\"fusion-column-wrapper fusion-flex-column-wrapper-legacy\" style=\"background-position:left top;background-repeat:no-repeat;-webkit-background-size:cover;-moz-background-size:cover;-o-background-size:cover;background-size:cover;padding: 0px 0px 0px 0px;\"><div class=\"fusion-text fusion-text-1\"><p style=\"text-align: center;\">Proyecto en Bello Solana<\/p>\n<\/div><style type=\"text\/css\"><\/style><div class=\"fusion-title title fusion-title-1 fusion-title-center fusion-title-text fusion-title-size-two\" style=\"font-size:25px;margin-top:0px;margin-right:0px;margin-bottom:30px;margin-left:0px;\"><div class=\"title-sep-container title-sep-container-left\"><div class=\"title-sep sep-single sep-solid\" style=\"border-color:#e0dede;\"><\/div><\/div><h2 class=\"title-heading-center fusion-responsive-typography-calculated\" style=\"margin:0;font-size:1em;--fontSize:25;line-height:1.5;\">Solana Apartamentos en Bello<\/h2><div class=\"title-sep-container title-sep-container-right\"><div class=\"title-sep sep-single sep-solid\" style=\"border-color:#e0dede;\"><\/div><\/div><\/div><style type=\"text\/css\"><\/style><div class=\"fusion-title title fusion-title-2 fusion-sep-none fusion-title-center fusion-title-text fusion-title-size-three\" style=\"margin-top:0px;margin-right:0px;margin-bottom:30px;margin-left:0px;\"><h3 class=\"title-heading-center fusion-responsive-typography-calculated\" style=\"margin:0;--fontSize:17;line-height:1.41;\"><div style=\"text-align: center;\">\n<p>Bello, sector B\u00facaros &#8211; Santa Ana<\/p>\n<\/div><\/h3><\/div><div class=\"fusion-text fusion-text-2\"><p>Solana es la oportunidad de abrirse a los momentos simples, a esos peque\u00f1os detalles que configuran la vida. Desde tu nuevo hogar en el Norte del Valle de Aburr\u00e1 podr\u00e1s contemplar una panor\u00e1mica privilegiada del municipio.<\/p>\n<p>Un proyecto VIS, ubicado en B\u00facaros \u2013 Santa Ana. Apartamentos con 2 alcobas m\u00e1s estudio o posibilidad de una tercera alcoba, \u00e1reas de 50m2. Cerca de transporte p\u00fablico, instituciones educativas, comercio y escenarios deportivos.<\/p>\n<p>Aqu\u00ed podr\u00e1s disfrutar de zonas comunes de calidad como: piscina para adultos y ni\u00f1os, cancha f\u00fatbol 5, sal\u00f3n social, gimnasio, cancha m\u00faltiple, sal\u00f3n de hobbies, coworking, sauna, juegos infantiles, zona de mascotas, zona workout y zona zen.<\/p>\n<p>Solana es sin\u00f3nimo de calidad de vida, gracias a su ubicaci\u00f3n privilegiada podr\u00e1s vivir rodeado de naturaleza y tranquilidad. Un lugar colmado de luz natural, un mirador para contemplar el Norte del Valle de Aburr\u00e1.<\/p>\n<p>*150 salarios m\u00ednimos legales vigentes al a\u00f1o de escrituraci\u00f3n.<\/p>\n<p><strong><a href=\"https:\/\/bienesybienes.com\/portal\/terminos-legales-proyecto-solana\/\">*Conoce aqu\u00ed nuestros t\u00e9rminos legales<\/a><\/strong> referentes a los acabados, entrega de los apartamentos, zonas comunes, bienes conexos, precios y subsidios aplicables al proyecto.<\/p>\n<\/div><div class=\"fusion-clearfix\"><\/div><\/div><\/div><\/div><\/div><div class=\"fusion-fullwidth fullwidth-box fusion-builder-row-2 nonhundred-percent-fullwidth non-hundred-percent-height-scrolling\" style=\"background-color: #ffffff;background-position: center center;background-repeat: no-repeat;padding-top:20px;padding-right:0px;padding-bottom:20px;padding-left:0px;margin-bottom: 0px;margin-top: 0px;border-width: 0px 0px 0px 0px;border-color:#eae9e9;border-style:solid;\" ><div class=\"fusion-builder-row fusion-row\"><div class=\"fusion-layout-column fusion_builder_column fusion-builder-column-1 fusion_builder_column_1_1 1_1 fusion-one-full fusion-column-first fusion-column-last\" style=\"margin-top:0px;margin-bottom:20px;\"><div class=\"fusion-column-wrapper fusion-flex-column-wrapper-legacy\" style=\"background-position:left top;background-repeat:no-repeat;-webkit-background-size:cover;-moz-background-size:cover;-o-background-size:cover;background-size:cover;padding: 0px 0px 0px 0px;\"><style type=\"text\/css\"><\/style><div class=\"fusion-title title fusion-title-3 fusion-sep-none fusion-title-center fusion-title-text fusion-title-size-two\" style=\"font-size:25px;margin-top:0px;margin-right:0px;margin-bottom:30px;margin-left:0px;\"><h2 class=\"title-heading-center fusion-responsive-typography-calculated\" style=\"margin:0;font-size:1em;--fontSize:25;line-height:1.5;\"><h2>Lugares cercanos<\/h2><\/h2><\/div><div class=\"fusion-clearfix\"><\/div><\/div><\/div><div class=\"fusion-layout-column fusion_builder_column fusion-builder-column-2 fusion_builder_column_1_2 1_2 fusion-one-half fusion-column-first\" style=\"width:50%;width:calc(50% - ( ( 4% ) * 0.5 ) );margin-right: 4%;margin-top:0px;margin-bottom:20px;\"><div class=\"fusion-column-wrapper fusion-flex-column-wrapper-legacy\" style=\"background-position:left top;background-repeat:no-repeat;-webkit-background-size:cover;-moz-background-size:cover;-o-background-size:cover;background-size:cover;padding: 0px 0px 0px 0px;\"><div class=\"fusion-fa-align-center\"><i class=\"fb-icon-element-1 fb-icon-element fontawesome-icon fa fa-tag circle-yes\" style=\"font-size:26.4px;line-height:50.8px;height:52.8px;width:52.8px;border-width:1px;\"><\/i><\/div><style>i.fb-icon-element.fontawesome-icon.fb-icon-element-1{ color: #006753; background-color: #ffffff; border-color: #ffffff;}i.fb-icon-element.fontawesome-icon.fb-icon-element-1:hover { color: #006753; background-color: #ffffff; border-color: #ffffff;}<\/style><style type=\"text\/css\"><\/style><div class=\"fusion-title title fusion-title-4 sep-underline sep-solid fusion-title-center fusion-title-text fusion-title-size-three\" style=\"border-bottom-color:#e0dede;margin-top:0px;margin-right:0px;margin-bottom:30px;margin-left:0px;\"><h3 class=\"title-heading-center fusion-responsive-typography-calculated\" style=\"margin:0;--fontSize:17;line-height:1.41;\"><span class=\"titUbica\">Comercio y almacenes de cadena<\/span><\/h3><\/div><div class=\"fusion-text fusion-text-3\"><p style=\"text-align: center;\">Centro Comercial Plaza Fabricato.<\/p>\n<\/div><div class=\"fusion-text fusion-text-4\"><p style=\"text-align: center;\">D1 Santa Ana.<\/p>\n<\/div><div class=\"fusion-clearfix\"><\/div><\/div><\/div><div class=\"fusion-layout-column fusion_builder_column fusion-builder-column-3 fusion_builder_column_1_2 1_2 fusion-one-half fusion-column-last\" style=\"width:50%;width:calc(50% - ( ( 4% ) * 0.5 ) );margin-top:0px;margin-bottom:20px;\"><div class=\"fusion-column-wrapper fusion-flex-column-wrapper-legacy\" style=\"background-position:left top;background-repeat:no-repeat;-webkit-background-size:cover;-moz-background-size:cover;-o-background-size:cover;background-size:cover;padding: 0px 0px 0px 0px;\"><div class=\"fusion-fa-align-center\"><i class=\"fb-icon-element-2 fb-icon-element fontawesome-icon fa fa-plus-square circle-yes\" style=\"font-size:26.4px;line-height:50.8px;height:52.8px;width:52.8px;border-width:1px;\"><\/i><\/div><style>i.fb-icon-element.fontawesome-icon.fb-icon-element-2{ color: #006753; background-color: #ffffff; border-color: #ffffff;}i.fb-icon-element.fontawesome-icon.fb-icon-element-2:hover { color: #006753; background-color: #ffffff; border-color: #ffffff;}<\/style><style type=\"text\/css\"><\/style><div class=\"fusion-title title fusion-title-5 sep-underline sep-solid fusion-title-center fusion-title-text fusion-title-size-three\" style=\"border-bottom-color:#e0dede;margin-top:0px;margin-right:0px;margin-bottom:30px;margin-left:0px;\"><h3 class=\"title-heading-center fusion-responsive-typography-calculated\" style=\"margin:0;--fontSize:17;line-height:1.41;\"><span class=\"titUbica\">Salud<\/span><\/h3><\/div><div class=\"fusion-text fusion-text-5\"><p style=\"text-align: center;\">Cl\u00ednica Antioquia.<\/p>\n<\/div><div class=\"fusion-text fusion-text-6\"><p style=\"text-align: center;\">Hospital Marco Fidel Su\u00e1rez.<\/p>\n<\/div><div class=\"fusion-text fusion-text-7\"><p style=\"text-align: center;\">Hospital Mental.<\/p>\n<\/div><div class=\"fusion-clearfix\"><\/div><\/div><\/div><div class=\"fusion-layout-column fusion_builder_column fusion-builder-column-4 fusion_builder_column_1_2 1_2 fusion-one-half fusion-column-first\" style=\"width:50%;width:calc(50% - ( ( 4% ) * 0.5 ) );margin-right: 4%;margin-top:0px;margin-bottom:20px;\"><div class=\"fusion-column-wrapper fusion-flex-column-wrapper-legacy\" style=\"background-position:left top;background-repeat:no-repeat;-webkit-background-size:cover;-moz-background-size:cover;-o-background-size:cover;background-size:cover;padding: 0px 0px 0px 0px;\"><div class=\"fusion-fa-align-center\"><i class=\"fb-icon-element-3 fb-icon-element fontawesome-icon fa fa-graduation-cap circle-yes\" style=\"font-size:26.4px;line-height:50.8px;height:52.8px;width:52.8px;border-width:1px;\"><\/i><\/div><style>i.fb-icon-element.fontawesome-icon.fb-icon-element-3{ color: #006753; background-color: #ffffff; border-color: #ffffff;}i.fb-icon-element.fontawesome-icon.fb-icon-element-3:hover { color: #006753; background-color: #ffffff; border-color: #ffffff;}<\/style><style type=\"text\/css\"><\/style><div class=\"fusion-title title fusion-title-6 sep-underline sep-solid fusion-title-center fusion-title-text fusion-title-size-three\" style=\"border-bottom-color:#e0dede;margin-top:0px;margin-right:0px;margin-bottom:30px;margin-left:0px;\"><h3 class=\"title-heading-center fusion-responsive-typography-calculated\" style=\"margin:0;--fontSize:17;line-height:1.41;\"><span class=\"titUbica\">Instituciones educativas<\/span><\/h3><\/div><div class=\"fusion-text fusion-text-8\"><p style=\"text-align: center;\">La Salle.<\/p>\n<\/div><div class=\"fusion-text fusion-text-9\"><p style=\"text-align: center;\">La Presentaci\u00f3n.<\/p>\n<\/div><div class=\"fusion-text fusion-text-10\"><p style=\"text-align: center;\">Liceo Antioque\u00f1o.<\/p>\n<\/div><div class=\"fusion-text fusion-text-11\"><p style=\"text-align: center;\">Colegio Tom\u00e1s Cadavid.<\/p>\n<\/div><div class=\"fusion-text fusion-text-12\"><p style=\"text-align: center;\">Universidad San Buenaventura.<\/p>\n<\/div><div class=\"fusion-clearfix\"><\/div><\/div><\/div><div class=\"fusion-layout-column fusion_builder_column fusion-builder-column-5 fusion_builder_column_1_2 1_2 fusion-one-half fusion-column-last\" style=\"width:50%;width:calc(50% - ( ( 4% ) * 0.5 ) );margin-top:0px;margin-bottom:20px;\"><div class=\"fusion-column-wrapper fusion-flex-column-wrapper-legacy\" style=\"background-position:left top;background-repeat:no-repeat;-webkit-background-size:cover;-moz-background-size:cover;-o-background-size:cover;background-size:cover;padding: 0px 0px 0px 0px;\"><div class=\"fusion-fa-align-center\"><i class=\"fb-icon-element-4 fb-icon-element fontawesome-icon fa-address-book fas circle-yes\" style=\"font-size:26.4px;line-height:50.8px;height:52.8px;width:52.8px;border-width:1px;\"><\/i><\/div><style>i.fb-icon-element.fontawesome-icon.fb-icon-element-4{ color: #006753; background-color: #ffffff; border-color: #ffffff;}i.fb-icon-element.fontawesome-icon.fb-icon-element-4:hover { color: #006753; background-color: #ffffff; border-color: #ffffff;}<\/style><style type=\"text\/css\"><\/style><div class=\"fusion-title title fusion-title-7 sep-underline sep-solid fusion-title-center fusion-title-text fusion-title-size-three\" style=\"border-bottom-color:#e0dede;margin-top:0px;margin-right:0px;margin-bottom:30px;margin-left:0px;\"><h3 class=\"title-heading-center fusion-responsive-typography-calculated\" style=\"margin:0;--fontSize:17;line-height:1.41;\"><span class=\"titUbica\">Otros sitios de inter\u00e9s<\/span><\/h3><\/div><div class=\"fusion-text fusion-text-13\"><p style=\"text-align: center;\">Reserva natural Piamonte.<\/p>\n<\/div><div class=\"fusion-text fusion-text-14\"><p style=\"text-align: center;\">Postob\u00f3n.<\/p>\n<\/div><div class=\"fusion-text fusion-text-15\"><p style=\"text-align: center;\">Parque Bello.<\/p>\n<\/div><div class=\"fusion-text fusion-text-16\"><p style=\"text-align: center;\">Estaci\u00f3n Metro Bello y Madera.<\/p>\n<\/div><div class=\"fusion-text fusion-text-17\"><p style=\"text-align: center;\">Iglesia santa Marta.<\/p>\n<\/div><div class=\"fusion-clearfix\"><\/div><\/div><\/div><div class=\"fusion-layout-column fusion_builder_column fusion-builder-column-6 fusion_builder_column_1_1 1_1 fusion-one-full fusion-column-first fusion-column-last\" style=\"margin-top:0px;margin-bottom:20px;\"><div class=\"fusion-column-wrapper fusion-flex-column-wrapper-legacy\" style=\"background-position:left top;background-repeat:no-repeat;-webkit-background-size:cover;-moz-background-size:cover;-o-background-size:cover;background-size:cover;padding: 0px 0px 0px 0px;\"><div class=\"fusion-text fusion-text-18\"><h3 class=\"txtVerde\">\u00bfM\u00e1s informaci\u00f3n? Recibe el brochure del proyecto completando los siguientes datos:<\/h3>\n<\/div><iframe class=\"iframe-formulario\" src=\"https:\/\/cloud.marketing.bienesybienes.com\/solanabyb\" width=\"100%\" style=\"border:0;\"><\/iframe><div class=\"fusion-text fusion-text-19\"><div class=\"btnNextPage alignright\"><a href=\"https:\/\/bienesybienes.com\/portal\/solana-apartamentos-bello\/fotos-del-proyecto\/\" title=\"Fotos del proyecto y 360\u00b0\">Siguiente: Fotos del proyecto y 360\u00b0  <i class=\"fa fa-arrow-right\" aria-hidden=\"true\"><\/i><\/a><\/div>\n<\/div><div class=\"fusion-clearfix\"><\/div><\/div><\/div><div class=\"fusion-layout-column fusion_builder_column fusion-builder-column-7 fusion_builder_column_1_1 1_1 fusion-one-full fusion-column-first fusion-column-last ocult\" style=\"margin-top:0px;margin-bottom:20px;\"><div class=\"fusion-column-wrapper fusion-flex-column-wrapper-legacy\" style=\"background-position:left top;background-repeat:no-repeat;-webkit-background-size:cover;-moz-background-size:cover;-o-background-size:cover;background-size:cover;padding: 0px 0px 0px 0px;\"><div class=\"fusion-text fusion-text-20\"><h3 class=\"txtVerde\">\u00bfM\u00e1s informaci\u00f3n? Recibe el brochure del proyecto completando los siguientes datos:<\/h3>\n<\/div><div class=\"fusion-text fusion-text-21\"><div id=\"contact-form-hubspot\" class=\"form\"><!-- &#091;if lte IE 8&#093;>\n<script charset=\"utf-8\" type=\"text\/javascript\" src=\"\/\/js.hsforms.net\/forms\/v2-legacy.js\"><\/script>\n<!&#091;endif&#093;--><br \/>\n<script charset=\"utf-8\" type=\"text\/javascript\" src=\"\/\/js.hsforms.net\/forms\/v2.js\"><\/script><br \/>\n<script>\n  hbspt.forms.create({\n\tregion: \"na1\",\n\tportalId: \"4330723\",\n\tformId: \"8f8ff12b-189f-4cdb-9cb2-6be2373e8e57\"\n});\n<\/script><\/div>\n<\/div><div class=\"fusion-text fusion-text-22\"><div class=\"btnNextPage alignright\"><a href=\"https:\/\/bienesybienes.com\/portal\/solana-apartamentos-bello\/fotos-del-proyecto\/\" title=\"Fotos del proyecto y 360\u00b0\">Siguiente: Fotos del proyecto y 360\u00b0  <i class=\"fa fa-arrow-right\" aria-hidden=\"true\"><\/i><\/a><\/div>\n<\/div><div class=\"fusion-clearfix\"><\/div><\/div><\/div><\/div><\/div><\/p>\n","protected":false},"excerpt":{"rendered":"","protected":false},"author":9,"featured_media":27525,"parent":0,"menu_order":0,"comment_status":"closed","ping_status":"closed","template":"side-navigation.php","meta":{"content-type":"","om_disable_all_campaigns":false,"_mi_skip_tracking":false},"aioseo_notices":[],"yoast_head":"<!-- This site is optimized with the Yoast SEO plugin v18.0 - https:\/\/yoast.com\/wordpress\/plugins\/seo\/ -->\n<title>Solana apartamentos | proyectos de vivienda | Bienes &amp; Bienes<\/title>\n<meta name=\"description\" content=\"Solana, apartamentos en venta ubicado en Bello, conoce m\u00e1s de este proyecto aqu\u00ed.\" \/>\n<meta name=\"robots\" content=\"index, follow, max-snippet:-1, max-image-preview:large, max-video-preview:-1\" \/>\n<link rel=\"canonical\" href=\"https:\/\/bienesybienes.com\/portal\/solana-apartamentos-bello\/\" \/>\n<meta property=\"og:locale\" content=\"es_ES\" \/>\n<meta property=\"og:type\" content=\"article\" \/>\n<meta property=\"og:title\" content=\"Solana apartamentos | proyectos de vivienda | Bienes &amp; Bienes\" \/>\n<meta property=\"og:description\" content=\"Solana, apartamentos en venta ubicado en Bello, conoce m\u00e1s de este proyecto aqu\u00ed.\" \/>\n<meta property=\"og:url\" content=\"https:\/\/bienesybienes.com\/portal\/solana-apartamentos-bello\/\" \/>\n<meta property=\"og:site_name\" content=\"Bienes &amp; Bienes Constructores SA | Proyectos Inmobiliarios y Venta de Apartamentos Nuevos en Medell\u00edn\" \/>\n<meta property=\"article:publisher\" content=\"https:\/\/www.facebook.com\/BienesYBienesConstructores\/?fref=ts\" \/>\n<meta property=\"article:modified_time\" content=\"2026-01-19T15:05:09+00:00\" \/>\n<meta property=\"og:image\" content=\"https:\/\/bienesybienes.com\/portal\/wp-content\/uploads\/2021\/10\/LogoSolana_Mesa-de-trabajo-1-scaled.jpg\" \/>\n\t<meta property=\"og:image:width\" content=\"2560\" \/>\n\t<meta property=\"og:image:height\" content=\"1440\" \/>\n\t<meta property=\"og:image:type\" content=\"image\/jpeg\" \/>\n<meta name=\"twitter:card\" content=\"summary\" \/>\n<meta name=\"twitter:label1\" content=\"Tiempo de lectura\" \/>\n\t<meta name=\"twitter:data1\" content=\"6 minutos\" \/>\n<script type=\"application\/ld+json\" class=\"yoast-schema-graph\">{\"@context\":\"https:\/\/schema.org\",\"@graph\":[{\"@type\":\"WebSite\",\"@id\":\"https:\/\/bienesybienes.com\/portal\/#website\",\"url\":\"https:\/\/bienesybienes.com\/portal\/\",\"name\":\"Bienes &amp; Bienes Constructores SA | Proyectos Inmobiliarios y Venta de Apartamentos Nuevos en Medell\u00edn\",\"description\":\"C\u00e1mbulo, apartamentos en venta desde 290 millones ubicados Rionegro, sector BarroBlanco.\",\"potentialAction\":[{\"@type\":\"SearchAction\",\"target\":{\"@type\":\"EntryPoint\",\"urlTemplate\":\"https:\/\/bienesybienes.com\/portal\/?s={search_term_string}\"},\"query-input\":\"required name=search_term_string\"}],\"inLanguage\":\"es\"},{\"@type\":\"ImageObject\",\"@id\":\"https:\/\/bienesybienes.com\/portal\/solana-apartamentos-bello\/#primaryimage\",\"inLanguage\":\"es\",\"url\":\"https:\/\/bienesybienes.com\/portal\/wp-content\/uploads\/2021\/10\/LogoSolana_Mesa-de-trabajo-1-scaled.jpg\",\"contentUrl\":\"https:\/\/bienesybienes.com\/portal\/wp-content\/uploads\/2021\/10\/LogoSolana_Mesa-de-trabajo-1-scaled.jpg\",\"width\":2560,\"height\":1440},{\"@type\":\"WebPage\",\"@id\":\"https:\/\/bienesybienes.com\/portal\/solana-apartamentos-bello\/#webpage\",\"url\":\"https:\/\/bienesybienes.com\/portal\/solana-apartamentos-bello\/\",\"name\":\"Solana apartamentos | proyectos de vivienda | Bienes & Bienes\",\"isPartOf\":{\"@id\":\"https:\/\/bienesybienes.com\/portal\/#website\"},\"primaryImageOfPage\":{\"@id\":\"https:\/\/bienesybienes.com\/portal\/solana-apartamentos-bello\/#primaryimage\"},\"datePublished\":\"2021-09-17T14:26:10+00:00\",\"dateModified\":\"2026-01-19T15:05:09+00:00\",\"description\":\"Solana, apartamentos en venta ubicado en Bello, conoce m\u00e1s de este proyecto aqu\u00ed.\",\"breadcrumb\":{\"@id\":\"https:\/\/bienesybienes.com\/portal\/solana-apartamentos-bello\/#breadcrumb\"},\"inLanguage\":\"es\",\"potentialAction\":[{\"@type\":\"ReadAction\",\"target\":[\"https:\/\/bienesybienes.com\/portal\/solana-apartamentos-bello\/\"]}]},{\"@type\":\"BreadcrumbList\",\"@id\":\"https:\/\/bienesybienes.com\/portal\/solana-apartamentos-bello\/#breadcrumb\",\"itemListElement\":[{\"@type\":\"ListItem\",\"position\":1,\"name\":\"Portada\",\"item\":\"https:\/\/bienesybienes.com\/portal\/\"},{\"@type\":\"ListItem\",\"position\":2,\"name\":\"Solana\"}]}]}<\/script>\n<!-- \/ Yoast SEO plugin. -->","yoast_head_json":{"title":"Solana apartamentos | proyectos de vivienda | Bienes & Bienes","description":"Solana, apartamentos en venta ubicado en Bello, conoce m\u00e1s de este proyecto aqu\u00ed.","robots":{"index":"index","follow":"follow","max-snippet":"max-snippet:-1","max-image-preview":"max-image-preview:large","max-video-preview":"max-video-preview:-1"},"canonical":"https:\/\/bienesybienes.com\/portal\/solana-apartamentos-bello\/","og_locale":"es_ES","og_type":"article","og_title":"Solana apartamentos | proyectos de vivienda | Bienes & Bienes","og_description":"Solana, apartamentos en venta ubicado en Bello, conoce m\u00e1s de este proyecto aqu\u00ed.","og_url":"https:\/\/bienesybienes.com\/portal\/solana-apartamentos-bello\/","og_site_name":"Bienes &amp; Bienes Constructores SA | Proyectos Inmobiliarios y Venta de Apartamentos Nuevos en Medell\u00edn","article_publisher":"https:\/\/www.facebook.com\/BienesYBienesConstructores\/?fref=ts","article_modified_time":"2026-01-19T15:05:09+00:00","og_image":[{"width":2560,"height":1440,"url":"https:\/\/bienesybienes.com\/portal\/wp-content\/uploads\/2021\/10\/LogoSolana_Mesa-de-trabajo-1-scaled.jpg","type":"image\/jpeg"}],"twitter_card":"summary","twitter_misc":{"Tiempo de lectura":"6 minutos"},"schema":{"@context":"https:\/\/schema.org","@graph":[{"@type":"WebSite","@id":"https:\/\/bienesybienes.com\/portal\/#website","url":"https:\/\/bienesybienes.com\/portal\/","name":"Bienes &amp; Bienes Constructores SA | Proyectos Inmobiliarios y Venta de Apartamentos Nuevos en Medell\u00edn","description":"C\u00e1mbulo, apartamentos en venta desde 290 millones ubicados Rionegro, sector BarroBlanco.","potentialAction":[{"@type":"SearchAction","target":{"@type":"EntryPoint","urlTemplate":"https:\/\/bienesybienes.com\/portal\/?s={search_term_string}"},"query-input":"required name=search_term_string"}],"inLanguage":"es"},{"@type":"ImageObject","@id":"https:\/\/bienesybienes.com\/portal\/solana-apartamentos-bello\/#primaryimage","inLanguage":"es","url":"https:\/\/bienesybienes.com\/portal\/wp-content\/uploads\/2021\/10\/LogoSolana_Mesa-de-trabajo-1-scaled.jpg","contentUrl":"https:\/\/bienesybienes.com\/portal\/wp-content\/uploads\/2021\/10\/LogoSolana_Mesa-de-trabajo-1-scaled.jpg","width":2560,"height":1440},{"@type":"WebPage","@id":"https:\/\/bienesybienes.com\/portal\/solana-apartamentos-bello\/#webpage","url":"https:\/\/bienesybienes.com\/portal\/solana-apartamentos-bello\/","name":"Solana apartamentos | proyectos de vivienda | Bienes & Bienes","isPartOf":{"@id":"https:\/\/bienesybienes.com\/portal\/#website"},"primaryImageOfPage":{"@id":"https:\/\/bienesybienes.com\/portal\/solana-apartamentos-bello\/#primaryimage"},"datePublished":"2021-09-17T14:26:10+00:00","dateModified":"2026-01-19T15:05:09+00:00","description":"Solana, apartamentos en venta ubicado en Bello, conoce m\u00e1s de este proyecto aqu\u00ed.","breadcrumb":{"@id":"https:\/\/bienesybienes.com\/portal\/solana-apartamentos-bello\/#breadcrumb"},"inLanguage":"es","potentialAction":[{"@type":"ReadAction","target":["https:\/\/bienesybienes.com\/portal\/solana-apartamentos-bello\/"]}]},{"@type":"BreadcrumbList","@id":"https:\/\/bienesybienes.com\/portal\/solana-apartamentos-bello\/#breadcrumb","itemListElement":[{"@type":"ListItem","position":1,"name":"Portada","item":"https:\/\/bienesybienes.com\/portal\/"},{"@type":"ListItem","position":2,"name":"Solana"}]}]}},"_links":{"self":[{"href":"https:\/\/bienesybienes.com\/portal\/wp-json\/wp\/v2\/pages\/27198"}],"collection":[{"href":"https:\/\/bienesybienes.com\/portal\/wp-json\/wp\/v2\/pages"}],"about":[{"href":"https:\/\/bienesybienes.com\/portal\/wp-json\/wp\/v2\/types\/page"}],"author":[{"embeddable":true,"href":"https:\/\/bienesybienes.com\/portal\/wp-json\/wp\/v2\/users\/9"}],"replies":[{"embeddable":true,"href":"https:\/\/bienesybienes.com\/portal\/wp-json\/wp\/v2\/comments?post=27198"}],"version-history":[{"count":29,"href":"https:\/\/bienesybienes.com\/portal\/wp-json\/wp\/v2\/pages\/27198\/revisions"}],"predecessor-version":[{"id":28001,"href":"https:\/\/bienesybienes.com\/portal\/wp-json\/wp\/v2\/pages\/27198\/revisions\/28001"}],"wp:featuredmedia":[{"embeddable":true,"href":"https:\/\/bienesybienes.com\/portal\/wp-json\/wp\/v2\/media\/27525"}],"wp:attachment":[{"href":"https:\/\/bienesybienes.com\/portal\/wp-json\/wp\/v2\/media?parent=27198"}],"curies":[{"name":"wp","href":"https:\/\/api.w.org\/{rel}","templated":true}]}}