{"id":27212,"date":"2021-09-17T09:48:34","date_gmt":"2021-09-17T14:48:34","guid":{"rendered":"https:\/\/bienesybienes.com\/portal\/?page_id=27212"},"modified":"2025-07-01T16:14:55","modified_gmt":"2025-07-01T21:14:55","slug":"reserva-san-juan-suites-el-retiro","status":"publish","type":"page","link":"https:\/\/bienesybienes.com\/portal\/reserva-san-juan-suites-el-retiro\/","title":{"rendered":"Reserva San Juan"},"content":{"rendered":"<p><div class=\"fusion-fullwidth fullwidth-box fusion-builder-row-1 nonhundred-percent-fullwidth non-hundred-percent-height-scrolling\" style=\"background-color: #ffffff;background-position: center center;background-repeat: no-repeat;padding-top:20px;padding-right:0px;padding-bottom:20px;padding-left:0px;margin-bottom: 0px;margin-top: 0px;border-width: 0px 0px 0px 0px;border-color:#eae9e9;border-style:solid;\" ><div class=\"fusion-builder-row fusion-row\"><div class=\"fusion-layout-column fusion_builder_column fusion-builder-column-0 fusion_builder_column_1_1 1_1 fusion-one-full fusion-column-first fusion-column-last\" style=\"margin-top:0px;margin-bottom:20px;\"><div class=\"fusion-column-wrapper fusion-flex-column-wrapper-legacy\" style=\"background-position:left top;background-repeat:no-repeat;-webkit-background-size:cover;-moz-background-size:cover;-o-background-size:cover;background-size:cover;padding: 0px 0px 0px 0px;\"><div class=\"imageframe-align-center\"><span class=\" fusion-imageframe imageframe-none imageframe-1 hover-type-none\"><img width=\"1950\" height=\"438\" title=\"Reserva-San-Juan\" src=\"https:\/\/bienesybienes.com\/portal\/wp-content\/uploads\/2024\/12\/Reserva-San-Juan.png\" data-orig-src=\"https:\/\/bienesybienes.com\/portal\/wp-content\/uploads\/2024\/12\/Reserva-San-Juan.png\" class=\"lazyload img-responsive wp-image-30582\" srcset=\"data:image\/svg+xml,%3Csvg%20xmlns%3D%27http%3A%2F%2Fwww.w3.org%2F2000%2Fsvg%27%20width%3D%271950%27%20height%3D%27438%27%20viewBox%3D%270%200%201950%20438%27%3E%3Crect%20width%3D%271950%27%20height%3D%27438%27%20fill-opacity%3D%220%22%2F%3E%3C%2Fsvg%3E\" data-srcset=\"https:\/\/bienesybienes.com\/portal\/wp-content\/uploads\/2024\/12\/Reserva-San-Juan-200x45.png 200w, https:\/\/bienesybienes.com\/portal\/wp-content\/uploads\/2024\/12\/Reserva-San-Juan-400x90.png 400w, https:\/\/bienesybienes.com\/portal\/wp-content\/uploads\/2024\/12\/Reserva-San-Juan-600x135.png 600w, https:\/\/bienesybienes.com\/portal\/wp-content\/uploads\/2024\/12\/Reserva-San-Juan-800x180.png 800w, https:\/\/bienesybienes.com\/portal\/wp-content\/uploads\/2024\/12\/Reserva-San-Juan-1200x270.png 1200w, https:\/\/bienesybienes.com\/portal\/wp-content\/uploads\/2024\/12\/Reserva-San-Juan.png 1950w\" data-sizes=\"auto\" data-orig-sizes=\"(max-width: 800px) 100vw, 1200px\" \/><\/span><\/div><style type=\"text\/css\"><\/style><div class=\"fusion-title title fusion-title-1 fusion-title-center fusion-title-text fusion-title-size-two\" style=\"font-size:25px;margin-top:0px;margin-right:0px;margin-bottom:30px;margin-left:0px;\"><div class=\"title-sep-container title-sep-container-left\"><div class=\"title-sep sep-single sep-solid\" style=\"border-color:#e0dede;\"><\/div><\/div><h2 class=\"title-heading-center fusion-responsive-typography-calculated\" style=\"margin:0;font-size:1em;--fontSize:25;line-height:1.5;\">Reserva San Juan Suites en El Retiro<\/h2><div class=\"title-sep-container title-sep-container-right\"><div class=\"title-sep sep-single sep-solid\" style=\"border-color:#e0dede;\"><\/div><\/div><\/div><div class=\"fusion-text fusion-text-1\"><p>Suites en El Retiro: ejemplo de buen gusto y sofisticaci\u00f3n.<\/p>\n<p>Reserva San Juan contar\u00e1 con espacios \u00fanicos y exclusivos que son el resultado de reinterpretar la sabidur\u00eda de la naturaleza y mezclarla con un dise\u00f1o vanguardista de lujo, haciendo uso de materias primas cuidadosamente seleccionadas que garanticen una vida sostenible.<\/p>\n<p>El proyecto contar\u00e1 con 132 suites de dise\u00f1o \u00fanico y servicios de lujo con calidad hotelera. Suites para vivir con todo a la mano, podr\u00e1s elegir entre 1 o 2 habitaciones, contar\u00e1n con espacios amplios, cocina abierta y ventanales con vista \u00fanica.<\/p>\n<p>Ubicado en El Retiro, a solo 25 minutos de Medell\u00edn, en el sector Mall la Fe. Rodeado de 8.000 m2 de bosque y zonas comunes a la vanguardia como: coworking dotado, simulador de golf, zona h\u00fameda, sala de juegos, jard\u00edn infantil y senderos.<\/p>\n<\/div><div class=\"fusion-clearfix\"><\/div><\/div><\/div><\/div><\/div><div class=\"fusion-fullwidth fullwidth-box fusion-builder-row-2 nonhundred-percent-fullwidth non-hundred-percent-height-scrolling\" style=\"background-color: #ffffff;background-position: center center;background-repeat: no-repeat;padding-top:20px;padding-right:0px;padding-bottom:20px;padding-left:0px;margin-bottom: 0px;margin-top: 0px;border-width: 0px 0px 0px 0px;border-color:#eae9e9;border-style:solid;\" ><div class=\"fusion-builder-row fusion-row\"><div class=\"fusion-layout-column fusion_builder_column fusion-builder-column-1 fusion_builder_column_1_1 1_1 fusion-one-full fusion-column-first fusion-column-last\" style=\"margin-top:0px;margin-bottom:20px;\"><div class=\"fusion-column-wrapper fusion-flex-column-wrapper-legacy\" style=\"background-position:left top;background-repeat:no-repeat;-webkit-background-size:cover;-moz-background-size:cover;-o-background-size:cover;background-size:cover;padding: 0px 0px 0px 0px;\"><style type=\"text\/css\"><\/style><div class=\"fusion-title title fusion-title-2 fusion-sep-none fusion-title-center fusion-title-text fusion-title-size-two\" style=\"font-size:25px;margin-top:0px;margin-right:0px;margin-bottom:30px;margin-left:0px;\"><h2 class=\"title-heading-center fusion-responsive-typography-calculated\" style=\"margin:0;font-size:1em;--fontSize:25;line-height:1.5;\"><h2 style=\"display: none;\">Lugares cercanos<\/h2><\/h2><\/div><div class=\"fusion-clearfix\"><\/div><\/div><\/div><div class=\"fusion-layout-column fusion_builder_column fusion-builder-column-2 fusion_builder_column_1_2 1_2 fusion-one-half fusion-column-first cercanias\" style=\"width:48%; margin-right: 4%;margin-top:0px;margin-bottom:20px;\" id=\"cercanias\"><div class=\"fusion-column-wrapper fusion-flex-column-wrapper-legacy\" style=\"background-position:left top;background-repeat:no-repeat;-webkit-background-size:cover;-moz-background-size:cover;-o-background-size:cover;background-size:cover;padding: 0px 0px 0px 0px;\"><div class=\"fusion-fa-align-center\"><i class=\"fb-icon-element-1 fb-icon-element fontawesome-icon fa fa-tag circle-yes\" style=\"font-size:26.4px;line-height:50.8px;height:52.8px;width:52.8px;border-width:1px;\"><\/i><\/div><style>i.fb-icon-element.fontawesome-icon.fb-icon-element-1{ color: #006753; background-color: #ffffff; border-color: #ffffff;}i.fb-icon-element.fontawesome-icon.fb-icon-element-1:hover { color: #006753; background-color: #ffffff; border-color: #ffffff;}<\/style><style type=\"text\/css\"><\/style><div class=\"fusion-title title fusion-title-3 sep-underline sep-solid fusion-title-center fusion-title-text fusion-title-size-three\" style=\"border-bottom-color:#e0dede;margin-top:0px;margin-right:0px;margin-bottom:30px;margin-left:0px;\"><h3 class=\"title-heading-center fusion-responsive-typography-calculated\" style=\"margin:0;--fontSize:17;line-height:1.41;\"><span class=\"titUbica\">Comercio<\/span><\/h3><\/div><div class=\"fusion-text fusion-text-2\"><p style=\"text-align: center;\">Complex de los Balsos, Terracina, Mall La Frontera, Mall Guadalcanal, City Plaza, Sao Paulo, y San Lucas Plaza<\/p>\n<\/div><div class=\"fusion-text fusion-text-3\"><p style=\"text-align: center;\">Carulla, Euro y Consumo Terracina<\/p>\n<\/div><div class=\"fusion-text fusion-text-4\"><p style=\"text-align: center;\">Bancolombia, Banco de Bogot\u00e1, Davivienda, Banco Popular y Colpatria<\/p>\n<\/div><div class=\"fusion-clearfix\"><\/div><\/div><\/div><div class=\"fusion-layout-column fusion_builder_column fusion-builder-column-3 fusion_builder_column_1_1 1_1 fusion-one-full fusion-column-last\" style=\"margin-top:0px;margin-bottom:20px;\"><div class=\"fusion-column-wrapper fusion-flex-column-wrapper-legacy\" style=\"background-position:left top;background-repeat:no-repeat;-webkit-background-size:cover;-moz-background-size:cover;-o-background-size:cover;background-size:cover;padding: 0px 0px 0px 0px;\"><div class=\"fusion-text fusion-text-5\"><h3 class=\"txtVerde\">\u00bfM\u00e1s informaci\u00f3n? Recibe el brochure del proyecto completando los siguientes datos:<\/h3>\n<\/div><iframe class=\"iframe-formulario\" src=\"https:\/\/cloud.marketing.bienesybienes.com\/rsjbyb\" width=\"100%\" style=\"border:0;\"><\/iframe><div class=\"fusion-text fusion-text-6\"><div class=\"btnNextPage alignright\"><a href=\"https:\/\/bienesybienes.com\/portal\/reserva-san-juan-suites-el-retiro\/fotos-del-proyecto\/\" title=\"Fotos del proyecto y 360\u00b0\">Siguiente: Fotos del proyecto y 360\u00b0  <i class=\"fa fa-arrow-right\" aria-hidden=\"true\"><\/i><\/a><\/div>\n<\/div><div class=\"fusion-clearfix\"><\/div><\/div><\/div><div class=\"fusion-layout-column fusion_builder_column fusion-builder-column-4 fusion_builder_column_1_1 1_1 fusion-one-full fusion-column-first fusion-column-last ocult\" style=\"margin-top:0px;margin-bottom:20px;\"><div class=\"fusion-column-wrapper fusion-flex-column-wrapper-legacy\" style=\"background-position:left top;background-repeat:no-repeat;-webkit-background-size:cover;-moz-background-size:cover;-o-background-size:cover;background-size:cover;padding: 0px 0px 0px 0px;\"><div class=\"fusion-text fusion-text-7\"><h3 class=\"txtVerde\">\u00bfM\u00e1s informaci\u00f3n? Recibe el brochure del proyecto completando los siguientes datos:<\/h3>\n<\/div><div class=\"fusion-text fusion-text-8\"><div id=\"contact-form-hubspot\" class=\"form\"><!-- &#091;if lte IE 8&#093;>\n<script charset=\"utf-8\" type=\"text\/javascript\" src=\"\/\/js.hsforms.net\/forms\/v2-legacy.js\"><\/script>\n<!&#091;endif&#093;--><br \/>\n<script charset=\"utf-8\" type=\"text\/javascript\" src=\"\/\/js.hsforms.net\/forms\/v2.js\"><\/script><br \/>\n<script>\n  hbspt.forms.create({\n\tregion: \"na1\",\n\tportalId: \"4330723\",\n\tformId: \"e238b4b6-3d52-4d9f-b2ab-3b539f2a412e\"\n});\n<\/script><\/div>\n<\/div><div class=\"fusion-text fusion-text-9\"><div class=\"btnNextPage alignright\"><a href=\"https:\/\/bienesybienes.com\/portal\/reserva-san-juan-suites-el-retiro\/fotos-del-proyecto\/\" title=\"Fotos del proyecto y 360\u00b0\">Siguiente: Fotos del proyecto y 360\u00b0  <i class=\"fa fa-arrow-right\" aria-hidden=\"true\"><\/i><\/a><\/div>\n<\/div><div class=\"fusion-clearfix\"><\/div><\/div><\/div><\/div><\/div><\/p>\n","protected":false},"excerpt":{"rendered":"","protected":false},"author":9,"featured_media":27604,"parent":0,"menu_order":0,"comment_status":"closed","ping_status":"closed","template":"side-navigation.php","meta":{"content-type":"","om_disable_all_campaigns":false,"_mi_skip_tracking":false},"aioseo_notices":[],"yoast_head":"<!-- This site is optimized with the Yoast SEO plugin v18.0 - https:\/\/yoast.com\/wordpress\/plugins\/seo\/ -->\n<title>Reserva San Juan Suites | proyectos de vivienda | Bienes &amp; Bienes<\/title>\n<meta name=\"description\" content=\"Reserva San Juan, Suites en venta ubicado en El Retiro, conoce m\u00e1s de este proyecto aqu\u00ed.\" \/>\n<meta name=\"robots\" content=\"index, follow, max-snippet:-1, max-image-preview:large, max-video-preview:-1\" \/>\n<link rel=\"canonical\" href=\"https:\/\/bienesybienes.com\/portal\/reserva-san-juan-suites-el-retiro\/\" \/>\n<meta property=\"og:locale\" content=\"es_ES\" \/>\n<meta property=\"og:type\" content=\"article\" \/>\n<meta property=\"og:title\" content=\"Reserva San Juan Suites | proyectos de vivienda | Bienes &amp; Bienes\" \/>\n<meta property=\"og:description\" content=\"Reserva San Juan, Suites en venta ubicado en El Retiro, conoce m\u00e1s de este proyecto aqu\u00ed.\" \/>\n<meta property=\"og:url\" content=\"https:\/\/bienesybienes.com\/portal\/reserva-san-juan-suites-el-retiro\/\" \/>\n<meta property=\"og:site_name\" content=\"Bienes &amp; Bienes Constructores SA | Proyectos Inmobiliarios y Venta de Apartamentos Nuevos en Medell\u00edn\" \/>\n<meta property=\"article:publisher\" content=\"https:\/\/www.facebook.com\/BienesYBienesConstructores\/?fref=ts\" \/>\n<meta property=\"article:modified_time\" content=\"2025-07-01T21:14:55+00:00\" \/>\n<meta property=\"og:image\" content=\"https:\/\/bienesybienes.com\/portal\/wp-content\/uploads\/2021\/11\/logo-1.png\" \/>\n\t<meta property=\"og:image:width\" content=\"1970\" \/>\n\t<meta property=\"og:image:height\" content=\"1014\" \/>\n\t<meta property=\"og:image:type\" content=\"image\/png\" \/>\n<meta name=\"twitter:card\" content=\"summary\" \/>\n<meta name=\"twitter:label1\" content=\"Tiempo de lectura\" \/>\n\t<meta name=\"twitter:data1\" content=\"9 minutos\" \/>\n<script type=\"application\/ld+json\" class=\"yoast-schema-graph\">{\"@context\":\"https:\/\/schema.org\",\"@graph\":[{\"@type\":\"WebSite\",\"@id\":\"https:\/\/bienesybienes.com\/portal\/#website\",\"url\":\"https:\/\/bienesybienes.com\/portal\/\",\"name\":\"Bienes &amp; Bienes Constructores SA | Proyectos Inmobiliarios y Venta de Apartamentos Nuevos en Medell\u00edn\",\"description\":\"C\u00e1mbulo, apartamentos en venta desde 290 millones ubicados Rionegro, sector BarroBlanco.\",\"potentialAction\":[{\"@type\":\"SearchAction\",\"target\":{\"@type\":\"EntryPoint\",\"urlTemplate\":\"https:\/\/bienesybienes.com\/portal\/?s={search_term_string}\"},\"query-input\":\"required name=search_term_string\"}],\"inLanguage\":\"es\"},{\"@type\":\"ImageObject\",\"@id\":\"https:\/\/bienesybienes.com\/portal\/reserva-san-juan-suites-el-retiro\/#primaryimage\",\"inLanguage\":\"es\",\"url\":\"https:\/\/bienesybienes.com\/portal\/wp-content\/uploads\/2021\/11\/logo-1.png\",\"contentUrl\":\"https:\/\/bienesybienes.com\/portal\/wp-content\/uploads\/2021\/11\/logo-1.png\",\"width\":1970,\"height\":1014},{\"@type\":\"WebPage\",\"@id\":\"https:\/\/bienesybienes.com\/portal\/reserva-san-juan-suites-el-retiro\/#webpage\",\"url\":\"https:\/\/bienesybienes.com\/portal\/reserva-san-juan-suites-el-retiro\/\",\"name\":\"Reserva San Juan Suites | proyectos de vivienda | Bienes & Bienes\",\"isPartOf\":{\"@id\":\"https:\/\/bienesybienes.com\/portal\/#website\"},\"primaryImageOfPage\":{\"@id\":\"https:\/\/bienesybienes.com\/portal\/reserva-san-juan-suites-el-retiro\/#primaryimage\"},\"datePublished\":\"2021-09-17T14:48:34+00:00\",\"dateModified\":\"2025-07-01T21:14:55+00:00\",\"description\":\"Reserva San Juan, Suites en venta ubicado en El Retiro, conoce m\u00e1s de este proyecto aqu\u00ed.\",\"breadcrumb\":{\"@id\":\"https:\/\/bienesybienes.com\/portal\/reserva-san-juan-suites-el-retiro\/#breadcrumb\"},\"inLanguage\":\"es\",\"potentialAction\":[{\"@type\":\"ReadAction\",\"target\":[\"https:\/\/bienesybienes.com\/portal\/reserva-san-juan-suites-el-retiro\/\"]}]},{\"@type\":\"BreadcrumbList\",\"@id\":\"https:\/\/bienesybienes.com\/portal\/reserva-san-juan-suites-el-retiro\/#breadcrumb\",\"itemListElement\":[{\"@type\":\"ListItem\",\"position\":1,\"name\":\"Portada\",\"item\":\"https:\/\/bienesybienes.com\/portal\/\"},{\"@type\":\"ListItem\",\"position\":2,\"name\":\"Reserva San Juan\"}]}]}<\/script>\n<!-- \/ Yoast SEO plugin. -->","yoast_head_json":{"title":"Reserva San Juan Suites | proyectos de vivienda | Bienes & Bienes","description":"Reserva San Juan, Suites en venta ubicado en El Retiro, conoce m\u00e1s de este proyecto aqu\u00ed.","robots":{"index":"index","follow":"follow","max-snippet":"max-snippet:-1","max-image-preview":"max-image-preview:large","max-video-preview":"max-video-preview:-1"},"canonical":"https:\/\/bienesybienes.com\/portal\/reserva-san-juan-suites-el-retiro\/","og_locale":"es_ES","og_type":"article","og_title":"Reserva San Juan Suites | proyectos de vivienda | Bienes & Bienes","og_description":"Reserva San Juan, Suites en venta ubicado en El Retiro, conoce m\u00e1s de este proyecto aqu\u00ed.","og_url":"https:\/\/bienesybienes.com\/portal\/reserva-san-juan-suites-el-retiro\/","og_site_name":"Bienes &amp; Bienes Constructores SA | Proyectos Inmobiliarios y Venta de Apartamentos Nuevos en Medell\u00edn","article_publisher":"https:\/\/www.facebook.com\/BienesYBienesConstructores\/?fref=ts","article_modified_time":"2025-07-01T21:14:55+00:00","og_image":[{"width":1970,"height":1014,"url":"https:\/\/bienesybienes.com\/portal\/wp-content\/uploads\/2021\/11\/logo-1.png","type":"image\/png"}],"twitter_card":"summary","twitter_misc":{"Tiempo de lectura":"9 minutos"},"schema":{"@context":"https:\/\/schema.org","@graph":[{"@type":"WebSite","@id":"https:\/\/bienesybienes.com\/portal\/#website","url":"https:\/\/bienesybienes.com\/portal\/","name":"Bienes &amp; Bienes Constructores SA | Proyectos Inmobiliarios y Venta de Apartamentos Nuevos en Medell\u00edn","description":"C\u00e1mbulo, apartamentos en venta desde 290 millones ubicados Rionegro, sector BarroBlanco.","potentialAction":[{"@type":"SearchAction","target":{"@type":"EntryPoint","urlTemplate":"https:\/\/bienesybienes.com\/portal\/?s={search_term_string}"},"query-input":"required name=search_term_string"}],"inLanguage":"es"},{"@type":"ImageObject","@id":"https:\/\/bienesybienes.com\/portal\/reserva-san-juan-suites-el-retiro\/#primaryimage","inLanguage":"es","url":"https:\/\/bienesybienes.com\/portal\/wp-content\/uploads\/2021\/11\/logo-1.png","contentUrl":"https:\/\/bienesybienes.com\/portal\/wp-content\/uploads\/2021\/11\/logo-1.png","width":1970,"height":1014},{"@type":"WebPage","@id":"https:\/\/bienesybienes.com\/portal\/reserva-san-juan-suites-el-retiro\/#webpage","url":"https:\/\/bienesybienes.com\/portal\/reserva-san-juan-suites-el-retiro\/","name":"Reserva San Juan Suites | proyectos de vivienda | Bienes & Bienes","isPartOf":{"@id":"https:\/\/bienesybienes.com\/portal\/#website"},"primaryImageOfPage":{"@id":"https:\/\/bienesybienes.com\/portal\/reserva-san-juan-suites-el-retiro\/#primaryimage"},"datePublished":"2021-09-17T14:48:34+00:00","dateModified":"2025-07-01T21:14:55+00:00","description":"Reserva San Juan, Suites en venta ubicado en El Retiro, conoce m\u00e1s de este proyecto aqu\u00ed.","breadcrumb":{"@id":"https:\/\/bienesybienes.com\/portal\/reserva-san-juan-suites-el-retiro\/#breadcrumb"},"inLanguage":"es","potentialAction":[{"@type":"ReadAction","target":["https:\/\/bienesybienes.com\/portal\/reserva-san-juan-suites-el-retiro\/"]}]},{"@type":"BreadcrumbList","@id":"https:\/\/bienesybienes.com\/portal\/reserva-san-juan-suites-el-retiro\/#breadcrumb","itemListElement":[{"@type":"ListItem","position":1,"name":"Portada","item":"https:\/\/bienesybienes.com\/portal\/"},{"@type":"ListItem","position":2,"name":"Reserva San Juan"}]}]}},"_links":{"self":[{"href":"https:\/\/bienesybienes.com\/portal\/wp-json\/wp\/v2\/pages\/27212"}],"collection":[{"href":"https:\/\/bienesybienes.com\/portal\/wp-json\/wp\/v2\/pages"}],"about":[{"href":"https:\/\/bienesybienes.com\/portal\/wp-json\/wp\/v2\/types\/page"}],"author":[{"embeddable":true,"href":"https:\/\/bienesybienes.com\/portal\/wp-json\/wp\/v2\/users\/9"}],"replies":[{"embeddable":true,"href":"https:\/\/bienesybienes.com\/portal\/wp-json\/wp\/v2\/comments?post=27212"}],"version-history":[{"count":11,"href":"https:\/\/bienesybienes.com\/portal\/wp-json\/wp\/v2\/pages\/27212\/revisions"}],"predecessor-version":[{"id":30980,"href":"https:\/\/bienesybienes.com\/portal\/wp-json\/wp\/v2\/pages\/27212\/revisions\/30980"}],"wp:featuredmedia":[{"embeddable":true,"href":"https:\/\/bienesybienes.com\/portal\/wp-json\/wp\/v2\/media\/27604"}],"wp:attachment":[{"href":"https:\/\/bienesybienes.com\/portal\/wp-json\/wp\/v2\/media?parent=27212"}],"curies":[{"name":"wp","href":"https:\/\/api.w.org\/{rel}","templated":true}]}}