{"id":27224,"date":"2021-09-17T10:26:46","date_gmt":"2021-09-17T15:26:46","guid":{"rendered":"https:\/\/bienesybienes.com\/portal\/?page_id=27224"},"modified":"2025-10-08T10:00:10","modified_gmt":"2025-10-08T15:00:10","slug":"mas-informacion","status":"publish","type":"page","link":"https:\/\/bienesybienes.com\/portal\/reserva-san-juan-suites-el-retiro\/mas-informacion\/","title":{"rendered":"M\u00e1s informaci\u00f3n"},"content":{"rendered":"<p><div class=\"fusion-fullwidth fullwidth-box fusion-builder-row-1 nonhundred-percent-fullwidth non-hundred-percent-height-scrolling\" style=\"background-color: #ffffff;background-position: center center;background-repeat: no-repeat;padding-top:20px;padding-right:0px;padding-bottom:20px;padding-left:0px;margin-bottom: 0px;margin-top: 0px;border-width: 0px 0px 0px 0px;border-color:#eae9e9;border-style:solid;\" ><div class=\"fusion-builder-row fusion-row\"><div class=\"fusion-layout-column fusion_builder_column fusion-builder-column-0 fusion_builder_column_1_1 1_1 fusion-one-full fusion-column-first fusion-column-last\" style=\"margin-top:0px;margin-bottom:20px;\"><div class=\"fusion-column-wrapper fusion-flex-column-wrapper-legacy\" style=\"background-position:left top;background-repeat:no-repeat;-webkit-background-size:cover;-moz-background-size:cover;-o-background-size:cover;background-size:cover;padding: 0px 0px 0px 0px;\"><style type=\"text\/css\"><\/style><div class=\"fusion-title title fusion-title-1 fusion-title-center fusion-title-text fusion-title-size-two\" style=\"font-size:25px;margin-top:0px;margin-right:0px;margin-bottom:30px;margin-left:0px;\"><div class=\"title-sep-container title-sep-container-left\"><div class=\"title-sep sep-single sep-solid\" style=\"border-color:#e0dede;\"><\/div><\/div><h2 class=\"title-heading-center fusion-responsive-typography-calculated\" style=\"margin:0;font-size:1em;--fontSize:25;line-height:1.5;\"><span data-sheets-value=\"{\" data-sheets-userformat=\"{\" data-sheets-formula=\"=CONCATENAR(R&#091;0&#093;C&#091;-7&#093;;\">M\u00e1s informaci\u00f3n de Reserva de San Juan Suites, Proyecto de Vivienda en El Retiro, sector Mall la Fe<\/span><\/h2><div class=\"title-sep-container title-sep-container-right\"><div class=\"title-sep sep-single sep-solid\" style=\"border-color:#e0dede;\"><\/div><\/div><\/div><iframe class=\"iframe-formulario\" src=\"https:\/\/cloud.marketing.bienesybienes.com\/rsjbyb\" width=\"100%\" style=\"border:0;\"><\/iframe><style type=\"text\/css\"><\/style><div class=\"fusion-title title fusion-title-2 fusion-title-center fusion-title-text fusion-title-size-two\" style=\"font-size:25px;margin-top:0px;margin-right:0px;margin-bottom:30px;margin-left:0px;\"><div class=\"title-sep-container title-sep-container-left\"><div class=\"title-sep sep-single sep-solid\" style=\"border-color:#e0dede;\"><\/div><\/div><h2 class=\"title-heading-center fusion-responsive-typography-calculated\" style=\"margin:0;font-size:1em;--fontSize:25;line-height:1.5;\">Tambi\u00e9n te pueden interesar<\/h2><div class=\"title-sep-container title-sep-container-right\"><div class=\"title-sep sep-single sep-solid\" style=\"border-color:#e0dede;\"><\/div><\/div><\/div><div class=\"fusion-image-carousel fusion-image-carousel-auto fusion-carousel-border\"><div class=\"fusion-carousel\" data-autoplay=\"no\" data-columns=\"5\" data-itemmargin=\"13\" data-itemwidth=\"180\" data-touchscroll=\"no\" data-imagesize=\"auto\"><div class=\"fusion-carousel-positioner\"><ul class=\"fusion-carousel-holder\"><li class=\"fusion-carousel-item\"><div class=\"fusion-carousel-item-wrapper\"><div class=\"fusion-image-wrapper hover-type-none\"><a href=\"https:\/\/bienesybienes.com\/portal\/paradiso-apartamentos-rionegro-sector-barroblanco\/\" target=\"_self\"><img width=\"960\" height=\"600\" src=\"https:\/\/bienesybienes.com\/portal\/wp-content\/uploads\/2024\/10\/Logo-Paradiso-960x600-1.jpg\" class=\"attachment-full size-full lazyload\" alt=\"\" srcset=\"data:image\/svg+xml,%3Csvg%20xmlns%3D%27http%3A%2F%2Fwww.w3.org%2F2000%2Fsvg%27%20width%3D%27960%27%20height%3D%27600%27%20viewBox%3D%270%200%20960%20600%27%3E%3Crect%20width%3D%27960%27%20height%3D%27600%27%20fill-opacity%3D%220%22%2F%3E%3C%2Fsvg%3E\" data-orig-src=\"https:\/\/bienesybienes.com\/portal\/wp-content\/uploads\/2024\/10\/Logo-Paradiso-960x600-1.jpg\" data-srcset=\"https:\/\/bienesybienes.com\/portal\/wp-content\/uploads\/2024\/10\/Logo-Paradiso-960x600-1-200x125.jpg 200w, https:\/\/bienesybienes.com\/portal\/wp-content\/uploads\/2024\/10\/Logo-Paradiso-960x600-1-400x250.jpg 400w, https:\/\/bienesybienes.com\/portal\/wp-content\/uploads\/2024\/10\/Logo-Paradiso-960x600-1-600x375.jpg 600w, https:\/\/bienesybienes.com\/portal\/wp-content\/uploads\/2024\/10\/Logo-Paradiso-960x600-1-800x500.jpg 800w, https:\/\/bienesybienes.com\/portal\/wp-content\/uploads\/2024\/10\/Logo-Paradiso-960x600-1.jpg 960w\" data-sizes=\"auto\" \/><\/a><\/div><\/div><\/li><li class=\"fusion-carousel-item\"><div class=\"fusion-carousel-item-wrapper\"><div class=\"fusion-image-wrapper hover-type-none\"><a href=\"https:\/\/bienesybienes.com\/portal\/yarumo-apartamentos-rionegro-sector-barroblanco\/\" target=\"_self\"><img width=\"961\" height=\"601\" src=\"https:\/\/bienesybienes.com\/portal\/wp-content\/uploads\/2021\/11\/960x600-.jpg\" class=\"attachment-full size-full lazyload\" alt=\"\" srcset=\"data:image\/svg+xml,%3Csvg%20xmlns%3D%27http%3A%2F%2Fwww.w3.org%2F2000%2Fsvg%27%20width%3D%27961%27%20height%3D%27601%27%20viewBox%3D%270%200%20961%20601%27%3E%3Crect%20width%3D%27961%27%20height%3D%27601%27%20fill-opacity%3D%220%22%2F%3E%3C%2Fsvg%3E\" data-orig-src=\"https:\/\/bienesybienes.com\/portal\/wp-content\/uploads\/2021\/11\/960x600-.jpg\" data-srcset=\"https:\/\/bienesybienes.com\/portal\/wp-content\/uploads\/2021\/11\/960x600--200x125.jpg 200w, https:\/\/bienesybienes.com\/portal\/wp-content\/uploads\/2021\/11\/960x600--400x250.jpg 400w, https:\/\/bienesybienes.com\/portal\/wp-content\/uploads\/2021\/11\/960x600--600x375.jpg 600w, https:\/\/bienesybienes.com\/portal\/wp-content\/uploads\/2021\/11\/960x600--800x500.jpg 800w, https:\/\/bienesybienes.com\/portal\/wp-content\/uploads\/2021\/11\/960x600-.jpg 961w\" data-sizes=\"auto\" \/><\/a><\/div><\/div><\/li><\/ul><div class=\"fusion-carousel-nav\"><span class=\"fusion-nav-prev\"><\/span><span class=\"fusion-nav-next\"><\/span><\/div><\/div><\/div><\/div><div class=\"fusion-clearfix\"><\/div><\/div><\/div><\/div><\/div><div class=\"fusion-fullwidth fullwidth-box fusion-builder-row-2 nonhundred-percent-fullwidth non-hundred-percent-height-scrolling\" style=\"background-color: #ffffff;background-position: center center;background-repeat: no-repeat;padding-top:20px;padding-right:0px;padding-bottom:20px;padding-left:0px;margin-bottom: 0px;margin-top: 0px;border-width: 0px 0px 0px 0px;border-color:#eae9e9;border-style:solid;\" ><div class=\"fusion-builder-row fusion-row\"><div class=\"fusion-layout-column fusion_builder_column fusion-builder-column-1 fusion_builder_column_1_1 1_1 fusion-one-full fusion-column-first fusion-column-last ocult\" style=\"margin-top:0px;margin-bottom:20px;\"><div class=\"fusion-column-wrapper fusion-flex-column-wrapper-legacy\" style=\"background-position:left top;background-repeat:no-repeat;-webkit-background-size:cover;-moz-background-size:cover;-o-background-size:cover;background-size:cover;padding: 0px 0px 0px 0px;\"><div id=\"contact-form-hubspot\" class=\"form\"><!--[if lte IE 8]>\n<script charset=\"utf-8\" type=\"text\/javascript\" src=\"\/\/js.hsforms.net\/forms\/v2-legacy.js\"><\/script>\n<![endif]-->\n<script charset=\"utf-8\" type=\"text\/javascript\" src=\"\/\/js.hsforms.net\/forms\/v2.js\"><\/script>\n<script>\n  hbspt.forms.create({\n\tregion: \"na1\",\n\tportalId: \"4330723\",\n\tformId: \"e238b4b6-3d52-4d9f-b2ab-3b539f2a412e\"\n});\n<\/script><\/div>\n<div class=\"fusion-clearfix\"><\/div><\/div><\/div><\/div><\/div><\/p>\n","protected":false},"excerpt":{"rendered":"","protected":false},"author":9,"featured_media":27604,"parent":27212,"menu_order":20,"comment_status":"closed","ping_status":"closed","template":"side-navigation.php","meta":{"content-type":"","om_disable_all_campaigns":false,"_mi_skip_tracking":false},"aioseo_notices":[],"yoast_head":"<!-- This site is optimized with the Yoast SEO plugin v18.0 - https:\/\/yoast.com\/wordpress\/plugins\/seo\/ -->\n<title>M\u00e1s informaci\u00f3n Reserva de San Juan Suites I Proyectos de Vivienda I B&amp;B<\/title>\n<meta name=\"description\" content=\"M\u00e1s informaci\u00f3n del proyecto Reserva de San Juan, Suites en venta, Cont\u00e1ctanos para conocer m\u00e1s informaci\u00f3n sobre nuestro proyecto.\" \/>\n<meta name=\"robots\" content=\"index, follow, max-snippet:-1, max-image-preview:large, max-video-preview:-1\" \/>\n<link rel=\"canonical\" href=\"https:\/\/bienesybienes.com\/portal\/reserva-san-juan-suites-el-retiro\/mas-informacion\/\" \/>\n<meta property=\"og:locale\" content=\"es_ES\" \/>\n<meta property=\"og:type\" content=\"article\" \/>\n<meta property=\"og:title\" content=\"M\u00e1s informaci\u00f3n Reserva de San Juan Suites I Proyectos de Vivienda I B&amp;B\" \/>\n<meta property=\"og:description\" content=\"M\u00e1s informaci\u00f3n del proyecto Reserva de San Juan, Suites en venta, Cont\u00e1ctanos para conocer m\u00e1s informaci\u00f3n sobre nuestro proyecto.\" \/>\n<meta property=\"og:url\" content=\"https:\/\/bienesybienes.com\/portal\/reserva-san-juan-suites-el-retiro\/mas-informacion\/\" \/>\n<meta property=\"og:site_name\" content=\"Bienes &amp; Bienes Constructores SA | Proyectos Inmobiliarios y Venta de Apartamentos Nuevos en Medell\u00edn\" \/>\n<meta property=\"article:publisher\" content=\"https:\/\/www.facebook.com\/BienesYBienesConstructores\/?fref=ts\" \/>\n<meta property=\"article:modified_time\" content=\"2025-10-08T15:00:10+00:00\" \/>\n<meta property=\"og:image\" content=\"https:\/\/bienesybienes.com\/portal\/wp-content\/uploads\/2021\/11\/logo-1.png\" \/>\n\t<meta property=\"og:image:width\" content=\"1970\" \/>\n\t<meta property=\"og:image:height\" content=\"1014\" \/>\n\t<meta property=\"og:image:type\" content=\"image\/png\" \/>\n<meta name=\"twitter:card\" content=\"summary\" \/>\n<meta name=\"twitter:label1\" content=\"Tiempo de lectura\" \/>\n\t<meta name=\"twitter:data1\" content=\"5 minutos\" \/>\n<script type=\"application\/ld+json\" class=\"yoast-schema-graph\">{\"@context\":\"https:\/\/schema.org\",\"@graph\":[{\"@type\":\"WebSite\",\"@id\":\"https:\/\/bienesybienes.com\/portal\/#website\",\"url\":\"https:\/\/bienesybienes.com\/portal\/\",\"name\":\"Bienes &amp; Bienes Constructores SA | Proyectos Inmobiliarios y Venta de Apartamentos Nuevos en Medell\u00edn\",\"description\":\"C\u00e1mbulo, apartamentos en venta desde 290 millones ubicados Rionegro, sector BarroBlanco.\",\"potentialAction\":[{\"@type\":\"SearchAction\",\"target\":{\"@type\":\"EntryPoint\",\"urlTemplate\":\"https:\/\/bienesybienes.com\/portal\/?s={search_term_string}\"},\"query-input\":\"required name=search_term_string\"}],\"inLanguage\":\"es\"},{\"@type\":\"ImageObject\",\"@id\":\"https:\/\/bienesybienes.com\/portal\/reserva-san-juan-suites-el-retiro\/mas-informacion\/#primaryimage\",\"inLanguage\":\"es\",\"url\":\"https:\/\/bienesybienes.com\/portal\/wp-content\/uploads\/2021\/11\/logo-1.png\",\"contentUrl\":\"https:\/\/bienesybienes.com\/portal\/wp-content\/uploads\/2021\/11\/logo-1.png\",\"width\":1970,\"height\":1014},{\"@type\":\"WebPage\",\"@id\":\"https:\/\/bienesybienes.com\/portal\/reserva-san-juan-suites-el-retiro\/mas-informacion\/#webpage\",\"url\":\"https:\/\/bienesybienes.com\/portal\/reserva-san-juan-suites-el-retiro\/mas-informacion\/\",\"name\":\"M\u00e1s informaci\u00f3n Reserva de San Juan Suites I Proyectos de Vivienda I B&B\",\"isPartOf\":{\"@id\":\"https:\/\/bienesybienes.com\/portal\/#website\"},\"primaryImageOfPage\":{\"@id\":\"https:\/\/bienesybienes.com\/portal\/reserva-san-juan-suites-el-retiro\/mas-informacion\/#primaryimage\"},\"datePublished\":\"2021-09-17T15:26:46+00:00\",\"dateModified\":\"2025-10-08T15:00:10+00:00\",\"description\":\"M\u00e1s informaci\u00f3n del proyecto Reserva de San Juan, Suites en venta, Cont\u00e1ctanos para conocer m\u00e1s informaci\u00f3n sobre nuestro proyecto.\",\"breadcrumb\":{\"@id\":\"https:\/\/bienesybienes.com\/portal\/reserva-san-juan-suites-el-retiro\/mas-informacion\/#breadcrumb\"},\"inLanguage\":\"es\",\"potentialAction\":[{\"@type\":\"ReadAction\",\"target\":[\"https:\/\/bienesybienes.com\/portal\/reserva-san-juan-suites-el-retiro\/mas-informacion\/\"]}]},{\"@type\":\"BreadcrumbList\",\"@id\":\"https:\/\/bienesybienes.com\/portal\/reserva-san-juan-suites-el-retiro\/mas-informacion\/#breadcrumb\",\"itemListElement\":[{\"@type\":\"ListItem\",\"position\":1,\"name\":\"Portada\",\"item\":\"https:\/\/bienesybienes.com\/portal\/\"},{\"@type\":\"ListItem\",\"position\":2,\"name\":\"Reserva San Juan\",\"item\":\"https:\/\/bienesybienes.com\/portal\/reserva-san-juan-suites-el-retiro\/\"},{\"@type\":\"ListItem\",\"position\":3,\"name\":\"M\u00e1s informaci\u00f3n\"}]}]}<\/script>\n<!-- \/ Yoast SEO plugin. -->","yoast_head_json":{"title":"M\u00e1s informaci\u00f3n Reserva de San Juan Suites I Proyectos de Vivienda I B&B","description":"M\u00e1s informaci\u00f3n del proyecto Reserva de San Juan, Suites en venta, Cont\u00e1ctanos para conocer m\u00e1s informaci\u00f3n sobre nuestro proyecto.","robots":{"index":"index","follow":"follow","max-snippet":"max-snippet:-1","max-image-preview":"max-image-preview:large","max-video-preview":"max-video-preview:-1"},"canonical":"https:\/\/bienesybienes.com\/portal\/reserva-san-juan-suites-el-retiro\/mas-informacion\/","og_locale":"es_ES","og_type":"article","og_title":"M\u00e1s informaci\u00f3n Reserva de San Juan Suites I Proyectos de Vivienda I B&B","og_description":"M\u00e1s informaci\u00f3n del proyecto Reserva de San Juan, Suites en venta, Cont\u00e1ctanos para conocer m\u00e1s informaci\u00f3n sobre nuestro proyecto.","og_url":"https:\/\/bienesybienes.com\/portal\/reserva-san-juan-suites-el-retiro\/mas-informacion\/","og_site_name":"Bienes &amp; Bienes Constructores SA | Proyectos Inmobiliarios y Venta de Apartamentos Nuevos en Medell\u00edn","article_publisher":"https:\/\/www.facebook.com\/BienesYBienesConstructores\/?fref=ts","article_modified_time":"2025-10-08T15:00:10+00:00","og_image":[{"width":1970,"height":1014,"url":"https:\/\/bienesybienes.com\/portal\/wp-content\/uploads\/2021\/11\/logo-1.png","type":"image\/png"}],"twitter_card":"summary","twitter_misc":{"Tiempo de lectura":"5 minutos"},"schema":{"@context":"https:\/\/schema.org","@graph":[{"@type":"WebSite","@id":"https:\/\/bienesybienes.com\/portal\/#website","url":"https:\/\/bienesybienes.com\/portal\/","name":"Bienes &amp; Bienes Constructores SA | Proyectos Inmobiliarios y Venta de Apartamentos Nuevos en Medell\u00edn","description":"C\u00e1mbulo, apartamentos en venta desde 290 millones ubicados Rionegro, sector BarroBlanco.","potentialAction":[{"@type":"SearchAction","target":{"@type":"EntryPoint","urlTemplate":"https:\/\/bienesybienes.com\/portal\/?s={search_term_string}"},"query-input":"required name=search_term_string"}],"inLanguage":"es"},{"@type":"ImageObject","@id":"https:\/\/bienesybienes.com\/portal\/reserva-san-juan-suites-el-retiro\/mas-informacion\/#primaryimage","inLanguage":"es","url":"https:\/\/bienesybienes.com\/portal\/wp-content\/uploads\/2021\/11\/logo-1.png","contentUrl":"https:\/\/bienesybienes.com\/portal\/wp-content\/uploads\/2021\/11\/logo-1.png","width":1970,"height":1014},{"@type":"WebPage","@id":"https:\/\/bienesybienes.com\/portal\/reserva-san-juan-suites-el-retiro\/mas-informacion\/#webpage","url":"https:\/\/bienesybienes.com\/portal\/reserva-san-juan-suites-el-retiro\/mas-informacion\/","name":"M\u00e1s informaci\u00f3n Reserva de San Juan Suites I Proyectos de Vivienda I B&B","isPartOf":{"@id":"https:\/\/bienesybienes.com\/portal\/#website"},"primaryImageOfPage":{"@id":"https:\/\/bienesybienes.com\/portal\/reserva-san-juan-suites-el-retiro\/mas-informacion\/#primaryimage"},"datePublished":"2021-09-17T15:26:46+00:00","dateModified":"2025-10-08T15:00:10+00:00","description":"M\u00e1s informaci\u00f3n del proyecto Reserva de San Juan, Suites en venta, Cont\u00e1ctanos para conocer m\u00e1s informaci\u00f3n sobre nuestro proyecto.","breadcrumb":{"@id":"https:\/\/bienesybienes.com\/portal\/reserva-san-juan-suites-el-retiro\/mas-informacion\/#breadcrumb"},"inLanguage":"es","potentialAction":[{"@type":"ReadAction","target":["https:\/\/bienesybienes.com\/portal\/reserva-san-juan-suites-el-retiro\/mas-informacion\/"]}]},{"@type":"BreadcrumbList","@id":"https:\/\/bienesybienes.com\/portal\/reserva-san-juan-suites-el-retiro\/mas-informacion\/#breadcrumb","itemListElement":[{"@type":"ListItem","position":1,"name":"Portada","item":"https:\/\/bienesybienes.com\/portal\/"},{"@type":"ListItem","position":2,"name":"Reserva San Juan","item":"https:\/\/bienesybienes.com\/portal\/reserva-san-juan-suites-el-retiro\/"},{"@type":"ListItem","position":3,"name":"M\u00e1s informaci\u00f3n"}]}]}},"_links":{"self":[{"href":"https:\/\/bienesybienes.com\/portal\/wp-json\/wp\/v2\/pages\/27224"}],"collection":[{"href":"https:\/\/bienesybienes.com\/portal\/wp-json\/wp\/v2\/pages"}],"about":[{"href":"https:\/\/bienesybienes.com\/portal\/wp-json\/wp\/v2\/types\/page"}],"author":[{"embeddable":true,"href":"https:\/\/bienesybienes.com\/portal\/wp-json\/wp\/v2\/users\/9"}],"replies":[{"embeddable":true,"href":"https:\/\/bienesybienes.com\/portal\/wp-json\/wp\/v2\/comments?post=27224"}],"version-history":[{"count":8,"href":"https:\/\/bienesybienes.com\/portal\/wp-json\/wp\/v2\/pages\/27224\/revisions"}],"predecessor-version":[{"id":31292,"href":"https:\/\/bienesybienes.com\/portal\/wp-json\/wp\/v2\/pages\/27224\/revisions\/31292"}],"up":[{"embeddable":true,"href":"https:\/\/bienesybienes.com\/portal\/wp-json\/wp\/v2\/pages\/27212"}],"wp:featuredmedia":[{"embeddable":true,"href":"https:\/\/bienesybienes.com\/portal\/wp-json\/wp\/v2\/media\/27604"}],"wp:attachment":[{"href":"https:\/\/bienesybienes.com\/portal\/wp-json\/wp\/v2\/media?parent=27224"}],"curies":[{"name":"wp","href":"https:\/\/api.w.org\/{rel}","templated":true}]}}