{"id":27683,"date":"2021-11-09T18:03:07","date_gmt":"2021-11-09T23:03:07","guid":{"rendered":"https:\/\/bienesybienes.com\/portal\/?page_id=27683"},"modified":"2025-07-01T15:36:22","modified_gmt":"2025-07-01T20:36:22","slug":"ubicacion","status":"publish","type":"page","link":"https:\/\/bienesybienes.com\/portal\/yarumo-apartamentos-rionegro-sector-barroblanco\/ubicacion\/","title":{"rendered":"Ubicaci\u00f3n"},"content":{"rendered":"<p><div class=\"fusion-fullwidth fullwidth-box fusion-builder-row-1 nonhundred-percent-fullwidth non-hundred-percent-height-scrolling\" style=\"background-color: #ffffff;background-position: center center;background-repeat: no-repeat;padding-top:20px;padding-right:0px;padding-bottom:20px;padding-left:0px;margin-bottom: 0px;margin-top: 0px;border-width: 0px 0px 0px 0px;border-color:#eae9e9;border-style:solid;\" ><div class=\"fusion-builder-row fusion-row\"><div class=\"fusion-layout-column fusion_builder_column fusion-builder-column-0 fusion_builder_column_1_1 1_1 fusion-one-full fusion-column-first fusion-column-last\" style=\"margin-top:0px;margin-bottom:20px;\"><div class=\"fusion-column-wrapper fusion-flex-column-wrapper-legacy\" style=\"background-position:left top;background-repeat:no-repeat;-webkit-background-size:cover;-moz-background-size:cover;-o-background-size:cover;background-size:cover;padding: 0px 0px 0px 0px;\"><div class=\"fusion-text fusion-text-1\"><p style=\"text-align: center;\">Ubicaci\u00f3n proyecto Yarumo<\/p>\n<\/div><style type=\"text\/css\"><\/style><div class=\"fusion-title title fusion-title-1 fusion-sep-none fusion-title-center fusion-title-text fusion-title-size-one\" style=\"margin-top:0px;margin-right:0px;margin-bottom:30px;margin-left:0px;\"><h1 class=\"title-heading-center fusion-responsive-typography-calculated\" style=\"margin:0;--fontSize:33;line-height:1.45;\"><p style=\"text-align: center;\">Ubicaci\u00f3n de nuestro proyecto Yarumo<\/p><\/h1><\/div><div class=\"fusion-clearfix\"><\/div><\/div><\/div><div class=\"fusion-layout-column fusion_builder_column fusion-builder-column-1 fusion_builder_column_1_2 1_2 fusion-one-half fusion-column-first\" style=\"width:50%;width:calc(50% - ( ( 4% ) * 0.5 ) );margin-right: 4%;margin-top:0px;margin-bottom:20px;\"><div class=\"fusion-column-wrapper fusion-flex-column-wrapper-legacy\" style=\"background-position:left top;background-repeat:no-repeat;-webkit-background-size:cover;-moz-background-size:cover;-o-background-size:cover;background-size:cover;padding: 0px 0px 0px 0px;\"><span class=\" fusion-imageframe imageframe-none imageframe-1 hover-type-zoomin\"><a href=\"https:\/\/bienesybienes.com\/portal\/wp-content\/uploads\/2021\/11\/MAPA-BARRO-BLANCO.jpg\" class=\"fusion-lightbox\" data-rel=\"iLightbox[a60758b43cd9de2d80b]\" data-title=\"MAPA BARRO BLANCO\" title=\"MAPA BARRO BLANCO\"><img width=\"1193\" height=\"946\" alt=\"Mapa de Ubicaci\u00f3n\" src=\"https:\/\/bienesybienes.com\/portal\/wp-content\/uploads\/2021\/11\/MAPA-BARRO-BLANCO.jpg\" data-orig-src=\"https:\/\/bienesybienes.com\/portal\/wp-content\/uploads\/2021\/11\/MAPA-BARRO-BLANCO.jpg\" class=\"lazyload img-responsive wp-image-27738\" srcset=\"data:image\/svg+xml,%3Csvg%20xmlns%3D%27http%3A%2F%2Fwww.w3.org%2F2000%2Fsvg%27%20width%3D%271193%27%20height%3D%27946%27%20viewBox%3D%270%200%201193%20946%27%3E%3Crect%20width%3D%271193%27%20height%3D%27946%27%20fill-opacity%3D%220%22%2F%3E%3C%2Fsvg%3E\" data-srcset=\"https:\/\/bienesybienes.com\/portal\/wp-content\/uploads\/2021\/11\/MAPA-BARRO-BLANCO-200x159.jpg 200w, https:\/\/bienesybienes.com\/portal\/wp-content\/uploads\/2021\/11\/MAPA-BARRO-BLANCO-400x317.jpg 400w, https:\/\/bienesybienes.com\/portal\/wp-content\/uploads\/2021\/11\/MAPA-BARRO-BLANCO-600x476.jpg 600w, https:\/\/bienesybienes.com\/portal\/wp-content\/uploads\/2021\/11\/MAPA-BARRO-BLANCO-800x634.jpg 800w, https:\/\/bienesybienes.com\/portal\/wp-content\/uploads\/2021\/11\/MAPA-BARRO-BLANCO.jpg 1193w\" data-sizes=\"auto\" data-orig-sizes=\"(max-width: 800px) 100vw, 600px\" \/><\/a><\/span><div class=\"fusion-clearfix\"><\/div><\/div><\/div><div class=\"fusion-layout-column fusion_builder_column fusion-builder-column-2 fusion_builder_column_1_2 1_2 fusion-one-half fusion-column-last\" style=\"width:50%;width:calc(50% - ( ( 4% ) * 0.5 ) );margin-top:0px;margin-bottom:20px;\"><div class=\"fusion-column-wrapper fusion-flex-column-wrapper-legacy\" style=\"background-position:left top;background-repeat:no-repeat;-webkit-background-size:cover;-moz-background-size:cover;-o-background-size:cover;background-size:cover;padding: 0px 0px 0px 0px;\"><div class=\"fusion-text fusion-text-2\"><p><span style=\"font-weight: 400;\">Yarumo se encuentra en el epicentro de la transformaci\u00f3n de Rionegro. Es un ejemplo de un barrio sostenible. Este municipio ha definido su plan de movilidad, dejando estructurada una red de v\u00edas que permitir\u00e1n el crecimiento y el trazado para un sistema de transporte masivo intermunicipal. Por su parte, EPM ya est\u00e1 en Rionegro y tiene un ambicioso plan de expansi\u00f3n de las redes de agua y saneamiento.<\/span><\/p>\n<\/div><div class=\"fusion-clearfix\"><\/div><\/div><\/div><div class=\"fusion-layout-column fusion_builder_column fusion-builder-column-3 fusion_builder_column_1_1 1_1 fusion-one-full fusion-column-first fusion-column-last\" style=\"margin-top:0px;margin-bottom:20px;\"><div class=\"fusion-column-wrapper fusion-flex-column-wrapper-legacy\" style=\"background-position:left top;background-repeat:no-repeat;-webkit-background-size:cover;-moz-background-size:cover;-o-background-size:cover;background-size:cover;padding: 0px 0px 0px 0px;\"><style type=\"text\/css\"><\/style><div class=\"fusion-title title fusion-title-2 fusion-sep-none fusion-title-center fusion-title-text fusion-title-size-one\" style=\"margin-top:0px;margin-right:0px;margin-bottom:30px;margin-left:0px;\"><h1 class=\"title-heading-center fusion-responsive-typography-calculated\" style=\"margin:0;--fontSize:33;line-height:1.45;\">Presentaci\u00f3n general a Yarumo &#8211;\u00a0Apartamentos<\/h1><\/div><span class=\" fusion-imageframe imageframe-none imageframe-2 hover-type-none\"><img width=\"2560\" height=\"1978\" title=\"4p_pbb_yrm_presentaciongeneral_2021103 (1)\" src=\"https:\/\/bienesybienes.com\/portal\/wp-content\/uploads\/2021\/11\/4p_pbb_yrm_presentaciongeneral_2021103-1-scaled.jpg\" data-orig-src=\"https:\/\/bienesybienes.com\/portal\/wp-content\/uploads\/2021\/11\/4p_pbb_yrm_presentaciongeneral_2021103-1-scaled.jpg\" class=\"lazyload img-responsive wp-image-27739\" srcset=\"data:image\/svg+xml,%3Csvg%20xmlns%3D%27http%3A%2F%2Fwww.w3.org%2F2000%2Fsvg%27%20width%3D%272560%27%20height%3D%271978%27%20viewBox%3D%270%200%202560%201978%27%3E%3Crect%20width%3D%272560%27%20height%3D%271978%27%20fill-opacity%3D%220%22%2F%3E%3C%2Fsvg%3E\" data-srcset=\"https:\/\/bienesybienes.com\/portal\/wp-content\/uploads\/2021\/11\/4p_pbb_yrm_presentaciongeneral_2021103-1-200x155.jpg 200w, https:\/\/bienesybienes.com\/portal\/wp-content\/uploads\/2021\/11\/4p_pbb_yrm_presentaciongeneral_2021103-1-400x309.jpg 400w, https:\/\/bienesybienes.com\/portal\/wp-content\/uploads\/2021\/11\/4p_pbb_yrm_presentaciongeneral_2021103-1-600x464.jpg 600w, https:\/\/bienesybienes.com\/portal\/wp-content\/uploads\/2021\/11\/4p_pbb_yrm_presentaciongeneral_2021103-1-800x618.jpg 800w, https:\/\/bienesybienes.com\/portal\/wp-content\/uploads\/2021\/11\/4p_pbb_yrm_presentaciongeneral_2021103-1-1200x927.jpg 1200w, https:\/\/bienesybienes.com\/portal\/wp-content\/uploads\/2021\/11\/4p_pbb_yrm_presentaciongeneral_2021103-1-scaled.jpg 2560w\" data-sizes=\"auto\" data-orig-sizes=\"(max-width: 800px) 100vw, 1200px\" \/><\/span><div class=\"fusion-clearfix\"><\/div><\/div><\/div><\/div><\/div><div class=\"fusion-fullwidth fullwidth-box fusion-builder-row-2 nonhundred-percent-fullwidth non-hundred-percent-height-scrolling\" style=\"background-color: #ffffff;background-position: center center;background-repeat: no-repeat;padding-top:20px;padding-right:0px;padding-bottom:20px;padding-left:0px;margin-bottom: 0px;margin-top: 0px;border-width: 0px 0px 0px 0px;border-color:#eae9e9;border-style:solid;\" ><div class=\"fusion-builder-row fusion-row\"><div class=\"fusion-layout-column fusion_builder_column fusion-builder-column-4 fusion_builder_column_1_1 1_1 fusion-one-full fusion-column-first fusion-column-last\" style=\"margin-top:0px;margin-bottom:20px;\"><div class=\"fusion-column-wrapper fusion-flex-column-wrapper-legacy\" style=\"background-position:left top;background-repeat:no-repeat;-webkit-background-size:cover;-moz-background-size:cover;-o-background-size:cover;background-size:cover;padding: 0px 0px 0px 0px;\"><div class=\"fusion-text fusion-text-3\"><div class=\"fusion-no-small-visibility\">\n<div class=\"fusion-sep-clear\"><\/div>\n<div class=\"fusion-separator fusion-full-width-sep sep-single sep-solid\" style=\"border-color: #e0dede; border-top-width: 1px; margin: 20px auto 20px auto;\"><\/div>\n<div class=\"fusion-clearfix\"><\/div>\n<h3 class=\"txtVerde\">Recibe m\u00e1s informaci\u00f3n sobre este proyecto completando los siguientes datos:<\/h3>\n<\/div>\n<\/div><iframe class=\"iframe-formulario\" src=\"https:\/\/cloud.marketing.bienesybienes.com\/yarumobyb\" width=\"100%\" style=\"border:0;\"><\/iframe><div class=\"fusion-text fusion-text-4\"><div class=\"btnNextPage alignright\"><a href=\"https:\/\/bienesybienes.com\/portal\/yarumo-apartamentos-rionegro-sector-barroblanco\/avance-de-obra\/\" title=\"Avance de obra\">Siguiente: Avance de obra  <i class=\"fa fa-arrow-right\" aria-hidden=\"true\"><\/i><\/a><\/div>\n<\/div><div class=\"fusion-clearfix\"><\/div><\/div><\/div><\/div><\/div><div class=\"fusion-fullwidth fullwidth-box fusion-builder-row-3 nonhundred-percent-fullwidth non-hundred-percent-height-scrolling\" style=\"background-color: #ffffff;background-position: center center;background-repeat: no-repeat;padding-top:20px;padding-right:0px;padding-bottom:20px;padding-left:0px;margin-bottom: 0px;margin-top: 0px;border-width: 0px 0px 0px 0px;border-color:#eae9e9;border-style:solid;\" ><div class=\"fusion-builder-row fusion-row\"><div class=\"fusion-layout-column fusion_builder_column fusion-builder-column-5 fusion_builder_column_1_1 1_1 fusion-one-full fusion-column-first fusion-column-last ocult\" style=\"margin-top:0px;margin-bottom:20px;\"><div class=\"fusion-column-wrapper fusion-flex-column-wrapper-legacy\" style=\"background-position:left top;background-repeat:no-repeat;-webkit-background-size:cover;-moz-background-size:cover;-o-background-size:cover;background-size:cover;padding: 0px 0px 0px 0px;\"><div class=\"fusion-text fusion-text-5\"><div class=\"fusion-no-small-visibility\">\n<div class=\"fusion-sep-clear\"><\/div>\n<div class=\"fusion-separator fusion-full-width-sep sep-single sep-solid\" style=\"border-color: #e0dede; border-top-width: 1px; margin: 20px auto 20px auto;\"><\/div>\n<div class=\"fusion-clearfix\"><\/div>\n<h3 class=\"txtVerde\">Recibe m\u00e1s informaci\u00f3n sobre este proyecto completando los siguientes datos:<\/h3>\n<\/div>\n<\/div><!--[if lte IE 8]>\n<script charset=\"utf-8\" type=\"text\/javascript\" src=\"\/\/js.hsforms.net\/forms\/v2-legacy.js\"><\/script>\n<![endif]-->\n<script charset=\"utf-8\" type=\"text\/javascript\" src=\"\/\/js.hsforms.net\/forms\/v2.js\"><\/script>\n<script>\n  hbspt.forms.create({\n\tregion: \"na1\",\n\tportalId: \"4330723\",\n\tformId: \"d873c767-319e-4b22-babd-c74a4b44bb91\"\n});\n<\/script><div class=\"fusion-text fusion-text-6\"><div class=\"btnNextPage alignright\"><a href=\"https:\/\/bienesybienes.com\/portal\/yarumo-apartamentos-rionegro-sector-barroblanco\/avance-de-obra\/\" title=\"Avance de obra\">Siguiente: Avance de obra  <i class=\"fa fa-arrow-right\" aria-hidden=\"true\"><\/i><\/a><\/div>\n<\/div><div class=\"fusion-clearfix\"><\/div><\/div><\/div><\/div><\/div><\/p>\n","protected":false},"excerpt":{"rendered":"","protected":false},"author":9,"featured_media":27743,"parent":27677,"menu_order":3,"comment_status":"closed","ping_status":"closed","template":"side-navigation.php","meta":{"content-type":"","om_disable_all_campaigns":false,"_mi_skip_tracking":false},"aioseo_notices":[],"yoast_head":"<!-- This site is optimized with the Yoast SEO plugin v18.0 - https:\/\/yoast.com\/wordpress\/plugins\/seo\/ -->\n<title>Yarumo I Proyectos de Vivienda I Bienes &amp; Bienes I Ubicaci\u00f3n<\/title>\n<meta name=\"description\" content=\"Ubicaci\u00f3n del proyecto Yarumo, apartamentos en venta desde 278 millones ubicados Rionegro, sector BarroBlanco.\" \/>\n<meta name=\"robots\" content=\"index, follow, max-snippet:-1, max-image-preview:large, max-video-preview:-1\" \/>\n<link rel=\"canonical\" href=\"https:\/\/bienesybienes.com\/portal\/yarumo-apartamentos-rionegro-sector-barroblanco\/ubicacion\/\" \/>\n<meta property=\"og:locale\" content=\"es_ES\" \/>\n<meta property=\"og:type\" content=\"article\" \/>\n<meta property=\"og:title\" content=\"Yarumo I Proyectos de Vivienda I Bienes &amp; Bienes I Ubicaci\u00f3n\" \/>\n<meta property=\"og:description\" content=\"Proyecto en Rionegro Guayac\u00e1n, un novedoso proyecto de apartamentos en El Sector BarroBlanco en Rionegro, con \u00e1reas que van desde los 57m2 hasta los 75m2.\" \/>\n<meta property=\"og:url\" content=\"https:\/\/bienesybienes.com\/portal\/yarumo-apartamentos-rionegro-sector-barroblanco\/ubicacion\/\" \/>\n<meta property=\"og:site_name\" content=\"Bienes &amp; Bienes Constructores SA | Proyectos Inmobiliarios y Venta de Apartamentos Nuevos en Medell\u00edn\" \/>\n<meta property=\"article:publisher\" content=\"https:\/\/www.facebook.com\/BienesYBienesConstructores\/?fref=ts\" \/>\n<meta property=\"article:modified_time\" content=\"2025-07-01T20:36:22+00:00\" \/>\n<meta property=\"og:image\" content=\"https:\/\/bienesybienes.com\/portal\/wp-content\/uploads\/2018\/07\/4p_pbb_yrm_logo.jpg\" \/>\n\t<meta property=\"og:image:width\" content=\"340\" \/>\n\t<meta property=\"og:image:height\" content=\"404\" \/>\n\t<meta property=\"og:image:type\" content=\"image\/jpeg\" \/>\n<meta name=\"twitter:card\" content=\"summary\" \/>\n<meta name=\"twitter:label1\" content=\"Tiempo de lectura\" \/>\n\t<meta name=\"twitter:data1\" content=\"3 minutos\" \/>\n<script type=\"application\/ld+json\" class=\"yoast-schema-graph\">{\"@context\":\"https:\/\/schema.org\",\"@graph\":[{\"@type\":\"WebSite\",\"@id\":\"https:\/\/bienesybienes.com\/portal\/#website\",\"url\":\"https:\/\/bienesybienes.com\/portal\/\",\"name\":\"Bienes &amp; Bienes Constructores SA | Proyectos Inmobiliarios y Venta de Apartamentos Nuevos en Medell\u00edn\",\"description\":\"C\u00e1mbulo, apartamentos en venta desde 290 millones ubicados Rionegro, sector BarroBlanco.\",\"potentialAction\":[{\"@type\":\"SearchAction\",\"target\":{\"@type\":\"EntryPoint\",\"urlTemplate\":\"https:\/\/bienesybienes.com\/portal\/?s={search_term_string}\"},\"query-input\":\"required name=search_term_string\"}],\"inLanguage\":\"es\"},{\"@type\":\"ImageObject\",\"@id\":\"https:\/\/bienesybienes.com\/portal\/yarumo-apartamentos-rionegro-sector-barroblanco\/ubicacion\/#primaryimage\",\"inLanguage\":\"es\",\"url\":\"https:\/\/bienesybienes.com\/portal\/wp-content\/uploads\/2018\/07\/4p_pbb_yrm_logo.jpg\",\"contentUrl\":\"https:\/\/bienesybienes.com\/portal\/wp-content\/uploads\/2018\/07\/4p_pbb_yrm_logo.jpg\",\"width\":340,\"height\":404},{\"@type\":\"WebPage\",\"@id\":\"https:\/\/bienesybienes.com\/portal\/yarumo-apartamentos-rionegro-sector-barroblanco\/ubicacion\/#webpage\",\"url\":\"https:\/\/bienesybienes.com\/portal\/yarumo-apartamentos-rionegro-sector-barroblanco\/ubicacion\/\",\"name\":\"Yarumo I Proyectos de Vivienda I Bienes & Bienes I Ubicaci\u00f3n\",\"isPartOf\":{\"@id\":\"https:\/\/bienesybienes.com\/portal\/#website\"},\"primaryImageOfPage\":{\"@id\":\"https:\/\/bienesybienes.com\/portal\/yarumo-apartamentos-rionegro-sector-barroblanco\/ubicacion\/#primaryimage\"},\"datePublished\":\"2021-11-09T23:03:07+00:00\",\"dateModified\":\"2025-07-01T20:36:22+00:00\",\"description\":\"Ubicaci\u00f3n del proyecto Yarumo, apartamentos en venta desde 278 millones ubicados Rionegro, sector BarroBlanco.\",\"breadcrumb\":{\"@id\":\"https:\/\/bienesybienes.com\/portal\/yarumo-apartamentos-rionegro-sector-barroblanco\/ubicacion\/#breadcrumb\"},\"inLanguage\":\"es\",\"potentialAction\":[{\"@type\":\"ReadAction\",\"target\":[\"https:\/\/bienesybienes.com\/portal\/yarumo-apartamentos-rionegro-sector-barroblanco\/ubicacion\/\"]}]},{\"@type\":\"BreadcrumbList\",\"@id\":\"https:\/\/bienesybienes.com\/portal\/yarumo-apartamentos-rionegro-sector-barroblanco\/ubicacion\/#breadcrumb\",\"itemListElement\":[{\"@type\":\"ListItem\",\"position\":1,\"name\":\"Portada\",\"item\":\"https:\/\/bienesybienes.com\/portal\/\"},{\"@type\":\"ListItem\",\"position\":2,\"name\":\"Yarumo\",\"item\":\"https:\/\/bienesybienes.com\/portal\/yarumo-apartamentos-rionegro-sector-barroblanco\/\"},{\"@type\":\"ListItem\",\"position\":3,\"name\":\"Ubicaci\u00f3n\"}]}]}<\/script>\n<!-- \/ Yoast SEO plugin. -->","yoast_head_json":{"title":"Yarumo I Proyectos de Vivienda I Bienes & Bienes I Ubicaci\u00f3n","description":"Ubicaci\u00f3n del proyecto Yarumo, apartamentos en venta desde 278 millones ubicados Rionegro, sector BarroBlanco.","robots":{"index":"index","follow":"follow","max-snippet":"max-snippet:-1","max-image-preview":"max-image-preview:large","max-video-preview":"max-video-preview:-1"},"canonical":"https:\/\/bienesybienes.com\/portal\/yarumo-apartamentos-rionegro-sector-barroblanco\/ubicacion\/","og_locale":"es_ES","og_type":"article","og_title":"Yarumo I Proyectos de Vivienda I Bienes & Bienes I Ubicaci\u00f3n","og_description":"Proyecto en Rionegro Guayac\u00e1n, un novedoso proyecto de apartamentos en El Sector BarroBlanco en Rionegro, con \u00e1reas que van desde los 57m2 hasta los 75m2.","og_url":"https:\/\/bienesybienes.com\/portal\/yarumo-apartamentos-rionegro-sector-barroblanco\/ubicacion\/","og_site_name":"Bienes &amp; Bienes Constructores SA | Proyectos Inmobiliarios y Venta de Apartamentos Nuevos en Medell\u00edn","article_publisher":"https:\/\/www.facebook.com\/BienesYBienesConstructores\/?fref=ts","article_modified_time":"2025-07-01T20:36:22+00:00","og_image":[{"width":340,"height":404,"url":"https:\/\/bienesybienes.com\/portal\/wp-content\/uploads\/2018\/07\/4p_pbb_yrm_logo.jpg","type":"image\/jpeg"}],"twitter_card":"summary","twitter_misc":{"Tiempo de lectura":"3 minutos"},"schema":{"@context":"https:\/\/schema.org","@graph":[{"@type":"WebSite","@id":"https:\/\/bienesybienes.com\/portal\/#website","url":"https:\/\/bienesybienes.com\/portal\/","name":"Bienes &amp; Bienes Constructores SA | Proyectos Inmobiliarios y Venta de Apartamentos Nuevos en Medell\u00edn","description":"C\u00e1mbulo, apartamentos en venta desde 290 millones ubicados Rionegro, sector BarroBlanco.","potentialAction":[{"@type":"SearchAction","target":{"@type":"EntryPoint","urlTemplate":"https:\/\/bienesybienes.com\/portal\/?s={search_term_string}"},"query-input":"required name=search_term_string"}],"inLanguage":"es"},{"@type":"ImageObject","@id":"https:\/\/bienesybienes.com\/portal\/yarumo-apartamentos-rionegro-sector-barroblanco\/ubicacion\/#primaryimage","inLanguage":"es","url":"https:\/\/bienesybienes.com\/portal\/wp-content\/uploads\/2018\/07\/4p_pbb_yrm_logo.jpg","contentUrl":"https:\/\/bienesybienes.com\/portal\/wp-content\/uploads\/2018\/07\/4p_pbb_yrm_logo.jpg","width":340,"height":404},{"@type":"WebPage","@id":"https:\/\/bienesybienes.com\/portal\/yarumo-apartamentos-rionegro-sector-barroblanco\/ubicacion\/#webpage","url":"https:\/\/bienesybienes.com\/portal\/yarumo-apartamentos-rionegro-sector-barroblanco\/ubicacion\/","name":"Yarumo I Proyectos de Vivienda I Bienes & Bienes I Ubicaci\u00f3n","isPartOf":{"@id":"https:\/\/bienesybienes.com\/portal\/#website"},"primaryImageOfPage":{"@id":"https:\/\/bienesybienes.com\/portal\/yarumo-apartamentos-rionegro-sector-barroblanco\/ubicacion\/#primaryimage"},"datePublished":"2021-11-09T23:03:07+00:00","dateModified":"2025-07-01T20:36:22+00:00","description":"Ubicaci\u00f3n del proyecto Yarumo, apartamentos en venta desde 278 millones ubicados Rionegro, sector BarroBlanco.","breadcrumb":{"@id":"https:\/\/bienesybienes.com\/portal\/yarumo-apartamentos-rionegro-sector-barroblanco\/ubicacion\/#breadcrumb"},"inLanguage":"es","potentialAction":[{"@type":"ReadAction","target":["https:\/\/bienesybienes.com\/portal\/yarumo-apartamentos-rionegro-sector-barroblanco\/ubicacion\/"]}]},{"@type":"BreadcrumbList","@id":"https:\/\/bienesybienes.com\/portal\/yarumo-apartamentos-rionegro-sector-barroblanco\/ubicacion\/#breadcrumb","itemListElement":[{"@type":"ListItem","position":1,"name":"Portada","item":"https:\/\/bienesybienes.com\/portal\/"},{"@type":"ListItem","position":2,"name":"Yarumo","item":"https:\/\/bienesybienes.com\/portal\/yarumo-apartamentos-rionegro-sector-barroblanco\/"},{"@type":"ListItem","position":3,"name":"Ubicaci\u00f3n"}]}]}},"_links":{"self":[{"href":"https:\/\/bienesybienes.com\/portal\/wp-json\/wp\/v2\/pages\/27683"}],"collection":[{"href":"https:\/\/bienesybienes.com\/portal\/wp-json\/wp\/v2\/pages"}],"about":[{"href":"https:\/\/bienesybienes.com\/portal\/wp-json\/wp\/v2\/types\/page"}],"author":[{"embeddable":true,"href":"https:\/\/bienesybienes.com\/portal\/wp-json\/wp\/v2\/users\/9"}],"replies":[{"embeddable":true,"href":"https:\/\/bienesybienes.com\/portal\/wp-json\/wp\/v2\/comments?post=27683"}],"version-history":[{"count":5,"href":"https:\/\/bienesybienes.com\/portal\/wp-json\/wp\/v2\/pages\/27683\/revisions"}],"predecessor-version":[{"id":30973,"href":"https:\/\/bienesybienes.com\/portal\/wp-json\/wp\/v2\/pages\/27683\/revisions\/30973"}],"up":[{"embeddable":true,"href":"https:\/\/bienesybienes.com\/portal\/wp-json\/wp\/v2\/pages\/27677"}],"wp:featuredmedia":[{"embeddable":true,"href":"https:\/\/bienesybienes.com\/portal\/wp-json\/wp\/v2\/media\/27743"}],"wp:attachment":[{"href":"https:\/\/bienesybienes.com\/portal\/wp-json\/wp\/v2\/media?parent=27683"}],"curies":[{"name":"wp","href":"https:\/\/api.w.org\/{rel}","templated":true}]}}