{"id":29258,"date":"2023-03-16T17:55:46","date_gmt":"2023-03-16T22:55:46","guid":{"rendered":"https:\/\/bienesybienes.com\/portal\/?page_id=29258"},"modified":"2025-07-02T08:34:20","modified_gmt":"2025-07-02T13:34:20","slug":"fontanar-apartamentos-caldas-sector-primavera","status":"publish","type":"page","link":"https:\/\/bienesybienes.com\/portal\/fontanar-apartamentos-caldas-sector-primavera\/","title":{"rendered":"Fontanar"},"content":{"rendered":"<p><div class=\"fusion-fullwidth fullwidth-box fusion-builder-row-1 nonhundred-percent-fullwidth non-hundred-percent-height-scrolling\" style=\"background-color: #ffffff;background-position: center center;background-repeat: no-repeat;padding-top:20px;padding-right:0px;padding-bottom:20px;padding-left:0px;margin-bottom: 0px;margin-top: 0px;border-width: 0px 0px 0px 0px;border-color:#eae9e9;border-style:solid;\" ><div class=\"fusion-builder-row fusion-row\"><div class=\"fusion-layout-column fusion_builder_column fusion-builder-column-0 fusion_builder_column_1_1 1_1 fusion-one-full fusion-column-first fusion-column-last\" style=\"margin-top:0px;margin-bottom:20px;\"><div class=\"fusion-column-wrapper fusion-flex-column-wrapper-legacy\" style=\"background-position:left top;background-repeat:no-repeat;-webkit-background-size:cover;-moz-background-size:cover;-o-background-size:cover;background-size:cover;padding: 0px 0px 0px 0px;\"><div class=\"fusion-text fusion-text-1\"><p class=\"info-legal-precio\" style=\"text-align: center;\">*Informaci\u00f3n susceptible a cambios de acuerdo a disponibilidad y a incrementos de precios.<\/p>\n<p><code><\/code><\/p>\n<style>.info-legal-precio{display:none !important} @media (max-width:768px){.info-legal-precio{display:block !important}}<\/style>\n<\/div><style type=\"text\/css\"><\/style><div class=\"fusion-title title fusion-title-1 fusion-title-center fusion-title-text fusion-title-size-one\" style=\"margin-top:0px;margin-right:0px;margin-bottom:30px;margin-left:0px;\"><div class=\"title-sep-container title-sep-container-left\"><div class=\"title-sep sep-single sep-solid\" style=\"border-color:#e0dede;\"><\/div><\/div><h1 class=\"title-heading-center fusion-responsive-typography-calculated\" style=\"margin:0;--fontSize:33;line-height:1.45;\">Apartamentos en Caldas &#8211; Fontanar<\/h1><div class=\"title-sep-container title-sep-container-right\"><div class=\"title-sep sep-single sep-solid\" style=\"border-color:#e0dede;\"><\/div><\/div><\/div><style type=\"text\/css\"><\/style><div class=\"fusion-title title fusion-title-2 fusion-sep-none fusion-title-center fusion-title-text fusion-title-size-three\" style=\"margin-top:0px;margin-right:0px;margin-bottom:30px;margin-left:0px;\"><h3 class=\"title-heading-center fusion-responsive-typography-calculated\" style=\"margin:0;--fontSize:17;line-height:1.41;\">Caldas, sector Primavera<\/h3><\/div><div class=\"fusion-sep-clear\"><\/div><div class=\"fusion-separator fusion-full-width-sep\" style=\"margin-left: auto;margin-right: auto;margin-top:20px;margin-bottom:20px;width:100%;\"><div class=\"fusion-separator-border sep-single sep-solid\" style=\"border-color:#593d00;border-top-width:1px;\"><\/div><\/div><div class=\"fusion-sep-clear\"><\/div><div class=\"fusion-text fusion-text-2\"><p><span class=\"TextRun SCXW31449341 BCX0\" lang=\"ES-ES\" xml:lang=\"ES-ES\" data-contrast=\"none\"><span class=\"NormalTextRun SCXW31449341 BCX0\">En Caldas nace el r\u00edo Medell\u00edn y con \u00e9l, el Valle de Aburr\u00e1, <\/span><\/span><span class=\"TextRun SCXW31449341 BCX0\" lang=\"ES-ES\" xml:lang=\"ES-ES\" data-contrast=\"none\"><span class=\"NormalTextRun SCXW31449341 BCX0\">Fontanar<\/span><\/span><span class=\"TextRun SCXW31449341 BCX0\" lang=\"ES-ES\" xml:lang=\"ES-ES\" data-contrast=\"none\"><span class=\"NormalTextRun SCXW31449341 BCX0\"> es vivir en el ed\u00e9n donde inici\u00f3 toda la magia de nuestra regi\u00f3n.<\/span><\/span><\/p>\n<p>En Fontanar podr\u00e1s disfrutar de viviendas de 50 m<sup>2<\/sup>, con 2 alcobas m\u00e1s estudio. Un proyecto pensado para toda la familia, ubicado en el sector Primavera: un lugar rodeado de naturaleza.<\/p>\n<p>El proyecto cuenta con zonas comunes como: solarium, miradores, kiosko, pista de triciclos, piscina, cancha de f\u00fatbol 5, cancha m\u00faltiple, gimnasio, juegos infantiles, observatorio, pet zone, sal\u00f3n social, sal\u00f3n de hobbies, coworking, playground y \u00e1rea picnic.<\/p>\n<p>Vivir aqu\u00ed es la oportunidad de conectarse con la vida de la ciudad sin perder el entorno natural y de armon\u00eda que brinda la naturaleza, rodeados de hermosos paisajes y lugares de esparcimiento para compartir al aire libre.<\/p>\n<p><strong><a href=\"https:\/\/bienesybienes.com\/portal\/terminos-legales-proyecto-fontanar\/\">*Conoce aqu\u00ed nuestros t\u00e9rminos legales<\/a><\/strong> referentes a los acabados, entrega de los apartamentos, zonas comunes, bienes conexos, precios y subsidios aplicables al proyecto.<\/p>\n<\/div><div class=\"fusion-sep-clear\"><\/div><div class=\"fusion-separator fusion-full-width-sep\" style=\"margin-left: auto;margin-right: auto;margin-top:20px;margin-bottom:20px;width:100%;\"><div class=\"fusion-separator-border sep-single sep-solid\" style=\"border-color:#593d00;border-top-width:1px;\"><\/div><\/div><div class=\"fusion-sep-clear\"><\/div><div class=\"fusion-clearfix\"><\/div><\/div><\/div><\/div><\/div><div class=\"fusion-fullwidth fullwidth-box fusion-builder-row-2 nonhundred-percent-fullwidth non-hundred-percent-height-scrolling\" style=\"background-color: #ffffff;background-position: center center;background-repeat: no-repeat;padding-top:20px;padding-right:0px;padding-bottom:20px;padding-left:0px;margin-bottom: 0px;margin-top: 0px;border-width: 0px 0px 0px 0px;border-color:#eae9e9;border-style:solid;\" ><div class=\"fusion-builder-row fusion-row\"><div class=\"fusion-layout-column fusion_builder_column fusion-builder-column-1 fusion_builder_column_1_1 1_1 fusion-one-full fusion-column-first fusion-column-last\" style=\"margin-top:0px;margin-bottom:20px;\"><div class=\"fusion-column-wrapper fusion-flex-column-wrapper-legacy\" style=\"background-position:left top;background-repeat:no-repeat;-webkit-background-size:cover;-moz-background-size:cover;-o-background-size:cover;background-size:cover;padding: 0px 0px 0px 0px;\"><style type=\"text\/css\"><\/style><div class=\"fusion-title title fusion-title-3 fusion-sep-none fusion-title-center fusion-title-text fusion-title-size-one\" style=\"margin-top:0px;margin-right:0px;margin-bottom:30px;margin-left:0px;\"><h1 class=\"title-heading-center fusion-responsive-typography-calculated\" style=\"margin:0;--fontSize:33;line-height:1.45;\">Lugares cercanos<\/h1><\/div><div class=\"fusion-clearfix\"><\/div><\/div><\/div><div class=\"fusion-layout-column fusion_builder_column fusion-builder-column-2 fusion_builder_column_1_2 1_2 fusion-one-half fusion-column-first\" style=\"width:50%;width:calc(50% - ( ( 4% ) * 0.5 ) );margin-right: 4%;margin-top:0px;margin-bottom:20px;\"><div class=\"fusion-column-wrapper fusion-flex-column-wrapper-legacy\" style=\"background-position:left top;background-repeat:no-repeat;-webkit-background-size:cover;-moz-background-size:cover;-o-background-size:cover;background-size:cover;padding: 0px 0px 0px 0px;\"><div class=\"fusion-fa-align-center\"><i class=\"fb-icon-element-1 fb-icon-element fontawesome-icon fa fa-tag circle-yes\" style=\"font-size:26.4px;line-height:50.8px;height:52.8px;width:52.8px;border-width:1px;\"><\/i><\/div><style>i.fb-icon-element.fontawesome-icon.fb-icon-element-1{ color: #006753; background-color: #ffffff; border-color: #ffffff;}i.fb-icon-element.fontawesome-icon.fb-icon-element-1:hover { color: #006753; background-color: #ffffff; border-color: #ffffff;}<\/style><style type=\"text\/css\"><\/style><div class=\"fusion-title title fusion-title-4 sep-underline sep-solid fusion-title-center fusion-title-text fusion-title-size-three\" style=\"border-bottom-color:#e0dede;margin-top:0px;margin-right:0px;margin-bottom:30px;margin-left:0px;\"><h3 class=\"title-heading-center fusion-responsive-typography-calculated\" style=\"margin:0;--fontSize:17;line-height:1.41;\"><span class=\"titUbica\">Comercio y servicios<\/span><\/h3><\/div><div class=\"fusion-text fusion-text-3\"><ul>\n<li><span data-contrast=\"auto\"> Parque principal Santander.\u00a0<\/span><\/li>\n<li><span data-contrast=\"auto\"> Catedral Nuestra Se\u00f1ora de las Mercedes.\u00a0<\/span><\/li>\n<li><span data-contrast=\"auto\"> Parque de La Locer\u00eda.\u00a0<\/span><\/li>\n<li><span data-contrast=\"auto\"> Parque El Carrusel.\u00a0<\/span><\/li>\n<li><span data-contrast=\"auto\"> Casa de la cultura.\u00a0<\/span><\/li>\n<li><span data-contrast=\"auto\"> Museo de la cer\u00e1mica.\u00a0<\/span><\/li>\n<li><span data-contrast=\"auto\"> Iglesia Sagrada Familia.\u00a0<\/span><\/li>\n<li><span data-contrast=\"auto\"> Productos Ramo.<\/span><\/li>\n<li><span data-contrast=\"auto\"> Terminal de Caldas.\u00a0<\/span><\/li>\n<li><span data-contrast=\"auto\"> Parque principal de Caldas.\u00a0<\/span><\/li>\n<li><span data-contrast=\"auto\"> Supermercados D1.\u00a0<\/span><\/li>\n<li><span data-contrast=\"auto\"> Biblioteca Municipal.\u00a0<\/span><\/li>\n<li><span data-contrast=\"auto\"> Estaci\u00f3n de polic\u00eda.\u00a0<\/span><\/li>\n<li><span data-contrast=\"auto\"> Defensa Civil.\u00a0<\/span><\/li>\n<li><span data-contrast=\"auto\"> Inspecci\u00f3n.<\/span><\/li>\n<\/ul>\n<\/div><div class=\"fusion-clearfix\"><\/div><\/div><\/div><div class=\"fusion-layout-column fusion_builder_column fusion-builder-column-3 fusion_builder_column_1_2 1_2 fusion-one-half fusion-column-last\" style=\"width:50%;width:calc(50% - ( ( 4% ) * 0.5 ) );margin-top:0px;margin-bottom:20px;\"><div class=\"fusion-column-wrapper fusion-flex-column-wrapper-legacy\" style=\"background-position:left top;background-repeat:no-repeat;-webkit-background-size:cover;-moz-background-size:cover;-o-background-size:cover;background-size:cover;padding: 0px 0px 0px 0px;\"><div class=\"fusion-fa-align-center\"><i class=\"fb-icon-element-2 fb-icon-element fontawesome-icon fa fa-plus-square circle-yes\" style=\"font-size:26.4px;line-height:50.8px;height:52.8px;width:52.8px;border-width:1px;\"><\/i><\/div><style>i.fb-icon-element.fontawesome-icon.fb-icon-element-2{ color: #006753; background-color: #ffffff; border-color: #ffffff;}i.fb-icon-element.fontawesome-icon.fb-icon-element-2:hover { color: #006753; background-color: #ffffff; border-color: #ffffff;}<\/style><style type=\"text\/css\"><\/style><div class=\"fusion-title title fusion-title-5 sep-underline sep-solid fusion-title-center fusion-title-text fusion-title-size-three\" style=\"border-bottom-color:#e0dede;margin-top:0px;margin-right:0px;margin-bottom:30px;margin-left:0px;\"><h3 class=\"title-heading-center fusion-responsive-typography-calculated\" style=\"margin:0;--fontSize:17;line-height:1.41;\"><span class=\"titUbica\">Salud<\/span><\/h3><\/div><div class=\"fusion-text fusion-text-4\"><p><span class=\"TextRun SCXW150434735 BCX0\" lang=\"ES-ES\" xml:lang=\"ES-ES\" data-contrast=\"auto\"><span class=\"NormalTextRun SCXW150434735 BCX0\">\u2022 Hospital San Vicente.\u00a0<\/span><\/span><span class=\"EOP SCXW150434735 BCX0\" data-ccp-props=\"{&quot;201341983&quot;:0,&quot;335559739&quot;:160,&quot;335559740&quot;:259}\">\u00a0<\/span><\/p>\n<\/div><div class=\"fusion-clearfix\"><\/div><\/div><\/div><div class=\"fusion-layout-column fusion_builder_column fusion-builder-column-4 fusion_builder_column_1_2 1_2 fusion-one-half fusion-column-first\" style=\"width:48%; margin-right: 4%;margin-top:0px;margin-bottom:20px;\"><div class=\"fusion-column-wrapper fusion-flex-column-wrapper-legacy\" style=\"background-position:left top;background-repeat:no-repeat;-webkit-background-size:cover;-moz-background-size:cover;-o-background-size:cover;background-size:cover;padding: 0px 0px 0px 0px;\"><div class=\"fusion-fa-align-center\"><i class=\"fb-icon-element-3 fb-icon-element fontawesome-icon fa-basketball-ball fas circle-yes\" style=\"font-size:26.4px;line-height:50.8px;height:52.8px;width:52.8px;border-width:1px;\"><\/i><\/div><style>i.fb-icon-element.fontawesome-icon.fb-icon-element-3{ color: #006753; background-color: #ffffff; border-color: #ffffff;}i.fb-icon-element.fontawesome-icon.fb-icon-element-3:hover { color: #006753; background-color: #ffffff; border-color: #ffffff;}<\/style><style type=\"text\/css\"><\/style><div class=\"fusion-title title fusion-title-6 sep-underline sep-solid fusion-title-center fusion-title-text fusion-title-size-three\" style=\"border-bottom-color:#e0dede;margin-top:0px;margin-right:0px;margin-bottom:30px;margin-left:0px;\"><h3 class=\"title-heading-center fusion-responsive-typography-calculated\" style=\"margin:0;--fontSize:17;line-height:1.41;\"><span class=\"titUbica\">Deporte<\/span><\/h3><\/div><div class=\"fusion-text fusion-text-5\"><ul>\n<li><span data-contrast=\"auto\"> Alto de San Miguel \u2013 Vereda La Clara.\u00a0<\/span><\/li>\n<li><span data-contrast=\"auto\"> Vereda La Miel. <\/span><\/li>\n<li><span data-contrast=\"auto\">\u00a0La Valeria.\u00a0<\/span><\/li>\n<li><span data-contrast=\"auto\"> Camino ancestral La Valeria.\u00a0<\/span><\/li>\n<\/ul>\n<\/div><div class=\"fusion-clearfix\"><\/div><\/div><\/div><div class=\"fusion-layout-column fusion_builder_column fusion-builder-column-5 fusion_builder_column_1_1 1_1 fusion-one-full fusion-column-last\" style=\"margin-top:0px;margin-bottom:20px;\"><div class=\"fusion-column-wrapper fusion-flex-column-wrapper-legacy\" style=\"background-position:left top;background-repeat:no-repeat;-webkit-background-size:cover;-moz-background-size:cover;-o-background-size:cover;background-size:cover;padding: 0px 0px 0px 0px;\"><div class=\"fusion-text fusion-text-6\"><h3 class=\"txtVerde\">\u00bfM\u00e1s informaci\u00f3n? Recibe el brochure del proyecto completando los siguientes datos:<\/h3>\n<\/div><iframe class=\"iframe-formulario\" src=\"https:\/\/cloud.marketing.bienesybienes.com\/fontanarbyb\" width=\"100%\" style=\"border:0;\"><\/iframe><div class=\"fusion-text fusion-text-7\"><div class=\"btnNextPage alignright\"><a href=\"https:\/\/bienesybienes.com\/portal\/fontanar-apartamentos-caldas-sector-primavera\/fotos-del-proyecto\/\" title=\"Fotos del proyecto y 360\u00b0\">Siguiente: Fotos del proyecto y 360\u00b0  <i class=\"fa fa-arrow-right\" aria-hidden=\"true\"><\/i><\/a><\/div>\n<\/div><div class=\"fusion-clearfix\"><\/div><\/div><\/div><div class=\"fusion-layout-column fusion_builder_column fusion-builder-column-6 fusion_builder_column_1_1 1_1 fusion-one-full fusion-column-first fusion-column-last ocult\" style=\"margin-top:0px;margin-bottom:20px;\"><div class=\"fusion-column-wrapper fusion-flex-column-wrapper-legacy\" style=\"background-position:left top;background-repeat:no-repeat;-webkit-background-size:cover;-moz-background-size:cover;-o-background-size:cover;background-size:cover;padding: 0px 0px 0px 0px;\"><div class=\"fusion-text fusion-text-8\"><h3 class=\"txtVerde\">\u00bfM\u00e1s informaci\u00f3n? Recibe el brochure del proyecto completando los siguientes datos:<\/h3>\n<\/div><div class=\"fusion-text fusion-text-9\"><p><script charset=\"utf-8\" type=\"text\/javascript\" src=\"\/\/js.hsforms.net\/forms\/embed\/v2.js\"><\/script><br \/>\n<script>\n  hbspt.forms.create({\n    region: \"na1\",\n    portalId: \"4330723\",\n    formId: \"077d9f63-b5ba-421b-b9a7-818c442e91c7\"\n  });\n<\/script><\/p>\n<\/div><div class=\"fusion-text fusion-text-10\"><div class=\"btnNextPage alignright\"><a href=\"https:\/\/bienesybienes.com\/portal\/fontanar-apartamentos-caldas-sector-primavera\/fotos-del-proyecto\/\" title=\"Fotos del proyecto y 360\u00b0\">Siguiente: Fotos del proyecto y 360\u00b0  <i class=\"fa fa-arrow-right\" aria-hidden=\"true\"><\/i><\/a><\/div>\n<\/div><div class=\"fusion-clearfix\"><\/div><\/div><\/div><\/div><\/div><\/p>\n","protected":false},"excerpt":{"rendered":"","protected":false},"author":9,"featured_media":29200,"parent":0,"menu_order":0,"comment_status":"closed","ping_status":"closed","template":"side-navigation.php","meta":{"content-type":"","om_disable_all_campaigns":false,"_mi_skip_tracking":false},"aioseo_notices":[],"yoast_head":"<!-- This site is optimized with the Yoast SEO plugin v18.0 - https:\/\/yoast.com\/wordpress\/plugins\/seo\/ -->\n<title>Fontanar Apartamentos I Proyectos de Vivienda I Bienes &amp; Bienes<\/title>\n<meta name=\"description\" content=\"Fontanar, apartamentos en venta ubicados en Caldas, sector Primavera\" \/>\n<meta name=\"robots\" content=\"index, follow, max-snippet:-1, max-image-preview:large, max-video-preview:-1\" \/>\n<link rel=\"canonical\" href=\"https:\/\/bienesybienes.com\/portal\/fontanar-apartamentos-caldas-sector-primavera\/\" \/>\n<meta property=\"og:locale\" content=\"es_ES\" \/>\n<meta property=\"og:type\" content=\"article\" \/>\n<meta property=\"og:title\" content=\"Fontanar Apartamentos I Proyectos de Vivienda I Bienes &amp; Bienes\" \/>\n<meta property=\"og:description\" content=\"Proyecto en Rionegro Cambulo, un novedoso proyecto de apartamentos en El Sector BarroBlanco en Rionegro, con \u00e1reas que van desde los 57m2 hasta los 75m2.\" \/>\n<meta property=\"og:url\" content=\"https:\/\/bienesybienes.com\/portal\/fontanar-apartamentos-caldas-sector-primavera\/\" \/>\n<meta property=\"og:site_name\" content=\"Bienes &amp; Bienes Constructores SA | Proyectos Inmobiliarios y Venta de Apartamentos Nuevos en Medell\u00edn\" \/>\n<meta property=\"article:publisher\" content=\"https:\/\/www.facebook.com\/BienesYBienesConstructores\/?fref=ts\" \/>\n<meta property=\"article:modified_time\" content=\"2025-07-02T13:34:20+00:00\" \/>\n<meta property=\"og:image\" content=\"https:\/\/bienesybienes.com\/portal\/wp-content\/uploads\/2023\/03\/Logo-Fontanar-960X600.jpg\" \/>\n\t<meta property=\"og:image:width\" content=\"960\" \/>\n\t<meta property=\"og:image:height\" content=\"600\" \/>\n\t<meta property=\"og:image:type\" content=\"image\/jpeg\" \/>\n<meta name=\"twitter:card\" content=\"summary\" \/>\n<meta name=\"twitter:label1\" content=\"Tiempo de lectura\" \/>\n\t<meta name=\"twitter:data1\" content=\"5 minutos\" \/>\n<script type=\"application\/ld+json\" class=\"yoast-schema-graph\">{\"@context\":\"https:\/\/schema.org\",\"@graph\":[{\"@type\":\"WebSite\",\"@id\":\"https:\/\/bienesybienes.com\/portal\/#website\",\"url\":\"https:\/\/bienesybienes.com\/portal\/\",\"name\":\"Bienes &amp; Bienes Constructores SA | Proyectos Inmobiliarios y Venta de Apartamentos Nuevos en Medell\u00edn\",\"description\":\"C\u00e1mbulo, apartamentos en venta desde 290 millones ubicados Rionegro, sector BarroBlanco.\",\"potentialAction\":[{\"@type\":\"SearchAction\",\"target\":{\"@type\":\"EntryPoint\",\"urlTemplate\":\"https:\/\/bienesybienes.com\/portal\/?s={search_term_string}\"},\"query-input\":\"required name=search_term_string\"}],\"inLanguage\":\"es\"},{\"@type\":\"ImageObject\",\"@id\":\"https:\/\/bienesybienes.com\/portal\/fontanar-apartamentos-caldas-sector-primavera\/#primaryimage\",\"inLanguage\":\"es\",\"url\":\"https:\/\/bienesybienes.com\/portal\/wp-content\/uploads\/2023\/03\/Logo-Fontanar-960X600.jpg\",\"contentUrl\":\"https:\/\/bienesybienes.com\/portal\/wp-content\/uploads\/2023\/03\/Logo-Fontanar-960X600.jpg\",\"width\":960,\"height\":600},{\"@type\":\"WebPage\",\"@id\":\"https:\/\/bienesybienes.com\/portal\/fontanar-apartamentos-caldas-sector-primavera\/#webpage\",\"url\":\"https:\/\/bienesybienes.com\/portal\/fontanar-apartamentos-caldas-sector-primavera\/\",\"name\":\"Fontanar Apartamentos I Proyectos de Vivienda I Bienes & Bienes\",\"isPartOf\":{\"@id\":\"https:\/\/bienesybienes.com\/portal\/#website\"},\"primaryImageOfPage\":{\"@id\":\"https:\/\/bienesybienes.com\/portal\/fontanar-apartamentos-caldas-sector-primavera\/#primaryimage\"},\"datePublished\":\"2023-03-16T22:55:46+00:00\",\"dateModified\":\"2025-07-02T13:34:20+00:00\",\"description\":\"Fontanar, apartamentos en venta ubicados en Caldas, sector Primavera\",\"breadcrumb\":{\"@id\":\"https:\/\/bienesybienes.com\/portal\/fontanar-apartamentos-caldas-sector-primavera\/#breadcrumb\"},\"inLanguage\":\"es\",\"potentialAction\":[{\"@type\":\"ReadAction\",\"target\":[\"https:\/\/bienesybienes.com\/portal\/fontanar-apartamentos-caldas-sector-primavera\/\"]}]},{\"@type\":\"BreadcrumbList\",\"@id\":\"https:\/\/bienesybienes.com\/portal\/fontanar-apartamentos-caldas-sector-primavera\/#breadcrumb\",\"itemListElement\":[{\"@type\":\"ListItem\",\"position\":1,\"name\":\"Portada\",\"item\":\"https:\/\/bienesybienes.com\/portal\/\"},{\"@type\":\"ListItem\",\"position\":2,\"name\":\"Fontanar\"}]}]}<\/script>\n<!-- \/ Yoast SEO plugin. -->","yoast_head_json":{"title":"Fontanar Apartamentos I Proyectos de Vivienda I Bienes & Bienes","description":"Fontanar, apartamentos en venta ubicados en Caldas, sector Primavera","robots":{"index":"index","follow":"follow","max-snippet":"max-snippet:-1","max-image-preview":"max-image-preview:large","max-video-preview":"max-video-preview:-1"},"canonical":"https:\/\/bienesybienes.com\/portal\/fontanar-apartamentos-caldas-sector-primavera\/","og_locale":"es_ES","og_type":"article","og_title":"Fontanar Apartamentos I Proyectos de Vivienda I Bienes & Bienes","og_description":"Proyecto en Rionegro Cambulo, un novedoso proyecto de apartamentos en El Sector BarroBlanco en Rionegro, con \u00e1reas que van desde los 57m2 hasta los 75m2.","og_url":"https:\/\/bienesybienes.com\/portal\/fontanar-apartamentos-caldas-sector-primavera\/","og_site_name":"Bienes &amp; Bienes Constructores SA | Proyectos Inmobiliarios y Venta de Apartamentos Nuevos en Medell\u00edn","article_publisher":"https:\/\/www.facebook.com\/BienesYBienesConstructores\/?fref=ts","article_modified_time":"2025-07-02T13:34:20+00:00","og_image":[{"width":960,"height":600,"url":"https:\/\/bienesybienes.com\/portal\/wp-content\/uploads\/2023\/03\/Logo-Fontanar-960X600.jpg","type":"image\/jpeg"}],"twitter_card":"summary","twitter_misc":{"Tiempo de lectura":"5 minutos"},"schema":{"@context":"https:\/\/schema.org","@graph":[{"@type":"WebSite","@id":"https:\/\/bienesybienes.com\/portal\/#website","url":"https:\/\/bienesybienes.com\/portal\/","name":"Bienes &amp; Bienes Constructores SA | Proyectos Inmobiliarios y Venta de Apartamentos Nuevos en Medell\u00edn","description":"C\u00e1mbulo, apartamentos en venta desde 290 millones ubicados Rionegro, sector BarroBlanco.","potentialAction":[{"@type":"SearchAction","target":{"@type":"EntryPoint","urlTemplate":"https:\/\/bienesybienes.com\/portal\/?s={search_term_string}"},"query-input":"required name=search_term_string"}],"inLanguage":"es"},{"@type":"ImageObject","@id":"https:\/\/bienesybienes.com\/portal\/fontanar-apartamentos-caldas-sector-primavera\/#primaryimage","inLanguage":"es","url":"https:\/\/bienesybienes.com\/portal\/wp-content\/uploads\/2023\/03\/Logo-Fontanar-960X600.jpg","contentUrl":"https:\/\/bienesybienes.com\/portal\/wp-content\/uploads\/2023\/03\/Logo-Fontanar-960X600.jpg","width":960,"height":600},{"@type":"WebPage","@id":"https:\/\/bienesybienes.com\/portal\/fontanar-apartamentos-caldas-sector-primavera\/#webpage","url":"https:\/\/bienesybienes.com\/portal\/fontanar-apartamentos-caldas-sector-primavera\/","name":"Fontanar Apartamentos I Proyectos de Vivienda I Bienes & Bienes","isPartOf":{"@id":"https:\/\/bienesybienes.com\/portal\/#website"},"primaryImageOfPage":{"@id":"https:\/\/bienesybienes.com\/portal\/fontanar-apartamentos-caldas-sector-primavera\/#primaryimage"},"datePublished":"2023-03-16T22:55:46+00:00","dateModified":"2025-07-02T13:34:20+00:00","description":"Fontanar, apartamentos en venta ubicados en Caldas, sector Primavera","breadcrumb":{"@id":"https:\/\/bienesybienes.com\/portal\/fontanar-apartamentos-caldas-sector-primavera\/#breadcrumb"},"inLanguage":"es","potentialAction":[{"@type":"ReadAction","target":["https:\/\/bienesybienes.com\/portal\/fontanar-apartamentos-caldas-sector-primavera\/"]}]},{"@type":"BreadcrumbList","@id":"https:\/\/bienesybienes.com\/portal\/fontanar-apartamentos-caldas-sector-primavera\/#breadcrumb","itemListElement":[{"@type":"ListItem","position":1,"name":"Portada","item":"https:\/\/bienesybienes.com\/portal\/"},{"@type":"ListItem","position":2,"name":"Fontanar"}]}]}},"_links":{"self":[{"href":"https:\/\/bienesybienes.com\/portal\/wp-json\/wp\/v2\/pages\/29258"}],"collection":[{"href":"https:\/\/bienesybienes.com\/portal\/wp-json\/wp\/v2\/pages"}],"about":[{"href":"https:\/\/bienesybienes.com\/portal\/wp-json\/wp\/v2\/types\/page"}],"author":[{"embeddable":true,"href":"https:\/\/bienesybienes.com\/portal\/wp-json\/wp\/v2\/users\/9"}],"replies":[{"embeddable":true,"href":"https:\/\/bienesybienes.com\/portal\/wp-json\/wp\/v2\/comments?post=29258"}],"version-history":[{"count":5,"href":"https:\/\/bienesybienes.com\/portal\/wp-json\/wp\/v2\/pages\/29258\/revisions"}],"predecessor-version":[{"id":29260,"href":"https:\/\/bienesybienes.com\/portal\/wp-json\/wp\/v2\/pages\/29258\/revisions\/29260"}],"wp:featuredmedia":[{"embeddable":true,"href":"https:\/\/bienesybienes.com\/portal\/wp-json\/wp\/v2\/media\/29200"}],"wp:attachment":[{"href":"https:\/\/bienesybienes.com\/portal\/wp-json\/wp\/v2\/media?parent=29258"}],"curies":[{"name":"wp","href":"https:\/\/api.w.org\/{rel}","templated":true}]}}