{"id":30108,"date":"2024-02-26T09:30:54","date_gmt":"2024-02-26T14:30:54","guid":{"rendered":"https:\/\/bienesybienes.com\/portal\/?page_id=30108"},"modified":"2024-02-26T09:38:59","modified_gmt":"2024-02-26T14:38:59","slug":"terminos-legales-proyecto-fontanar","status":"publish","type":"page","link":"https:\/\/bienesybienes.com\/portal\/terminos-legales-proyecto-fontanar\/","title":{"rendered":"T\u00e9rminos legales proyecto Fontanar"},"content":{"rendered":"<div class=\"fusion-fullwidth fullwidth-box fusion-builder-row-1 fusion-flex-container nonhundred-percent-fullwidth non-hundred-percent-height-scrolling\" style=\"background-color: #ffffff;background-position: center center;background-repeat: no-repeat;border-width: 0px 0px 0px 0px;border-color:#eae9e9;border-style:solid;\" ><div class=\"fusion-builder-row fusion-row fusion-flex-align-items-flex-start\" style=\"max-width:1144px;margin-left: calc(-4% \/ 2 );margin-right: calc(-4% \/ 2 );\"><div class=\"fusion-layout-column fusion_builder_column fusion-builder-column-0 fusion_builder_column_1_1 1_1 fusion-flex-column\"><div class=\"fusion-column-wrapper fusion-flex-justify-content-flex-start fusion-content-layout-column\" style=\"background-position:left top;background-repeat:no-repeat;-webkit-background-size:cover;-moz-background-size:cover;-o-background-size:cover;background-size:cover;padding: 0px 0px 0px 0px;\"><style type=\"text\/css\">@media only screen and (max-width:1024px) {.fusion-title.fusion-title-1{margin-top:0px!important; margin-right:0px!important;margin-bottom:30px!important;margin-left:0px!important;}}@media only screen and (max-width:640px) {.fusion-title.fusion-title-1{margin-top:0px!important; margin-right:0px!important;margin-bottom:20px!important; margin-left:0px!important;}}<\/style><div class=\"fusion-title title fusion-title-1 fusion-title-center fusion-title-text fusion-title-size-one\" style=\"margin-top:0px;margin-right:0px;margin-bottom:30px;margin-left:0px;\"><div class=\"title-sep-container title-sep-container-left\"><div class=\"title-sep sep-double sep-solid\" style=\"border-color:#e0dede;\"><\/div><\/div><h1 class=\"title-heading-center fusion-responsive-typography-calculated\" style=\"margin:0;--fontSize:33;line-height:1.45;\"><p style=\"text-align: center;\">T\u00e9rminos legales proyecto Fontanar<\/p><\/h1><div class=\"title-sep-container title-sep-container-right\"><div class=\"title-sep sep-double sep-solid\" style=\"border-color:#e0dede;\"><\/div><\/div><\/div><div class=\"fusion-text fusion-text-1\"><p><span style=\"font-weight: 400;\">*El precio definitivo del inmueble ser\u00e1 determinado por el valor del salario m\u00ednimo mensual legal vigente que el Gobierno Nacional establezca para el a\u00f1o en que se realizar\u00e1 el otorgamiento de la escritura p\u00fablica de compraventa. El precio del inmueble, ser\u00e1 el equivalente a ciento cincuenta (150) Salarios M\u00ednimos Mensuales Legales Vigentes (SMMLV) al momento en que se realice la escrituraci\u00f3n del inmueble.<\/span><\/p>\n<p><span style=\"font-weight: 400;\">*A\u00f1o proyectado de escrituraci\u00f3n: Torre 2 \u2013 2026, Torre 7 2027.<\/span><\/p>\n<p><span style=\"font-weight: 400;\">*Los acabados, mobiliario y muebles y accesorios empotrados que aparecen en las im\u00e1genes, son meramente ilustrativos. El inmueble se entrega en obra negra, sin acabados.<\/span><\/p>\n<p><span style=\"font-weight: 400;\">*La ubicaci\u00f3n de zonas comunes, porter\u00eda y urbanismo podr\u00e1n ser objeto de variaci\u00f3n, de acuerdo a lo que sea aprobado en las respectivas licencias de urbanizaci\u00f3n y construcci\u00f3n.\u00a0<\/span><\/p>\n<p><span style=\"font-weight: 400;\">Proyecto en estructuraci\u00f3n.<\/span><\/p>\n<p><span style=\"font-weight: 400;\">*El precio de la vivienda no incluye bienes conexos como parqueaderos, cuartos \u00fatiles, acabados, entre otros.<\/span><\/p>\n<p><span style=\"font-weight: 400;\">*Aplica subsidios para vivienda de inter\u00e9s social (VIS). El comprador ser\u00e1 el responsable de la obtenci\u00f3n del subsidio de vivienda, mantener su vigencia y de la realizaci\u00f3n de los tr\u00e1mites necesarios que conlleven a su desembolso.<\/span><\/p>\n<p><span style=\"font-weight: 400;\">*Im\u00e1genes ilustrativas, el \u00e1rea incluye muros, columnas y buitrones, etc. Y dem\u00e1s notas legales aplicables a los otros proyectos.<\/span><\/p>\n<p><span style=\"font-weight: 400;\">* Precios sujetos a cambios sin previo aviso.<\/span><\/p>\n<p><span style=\"font-weight: 400;\">\u2013 Los valores son calculados con proyecci\u00f3n al incremento del salario del 12,7% para 2024, el 8% para 2025 y el 6% para 2026 y 2027.<\/span><\/p>\n<p><span style=\"font-weight: 400;\">\u2013 Sujeto a condiciones y pol\u00edticas del Gobierno Nacional y entidades financieras.<\/span><\/p>\n<p><span style=\"font-weight: 400;\">\u2013 El valor total de la venta ser\u00e1 el equivalente al tope de vivienda de inter\u00e9s social ajustado al SMMLV del a\u00f1o en que se firme la Escritura P\u00fablica de Compraventa. 150 SMMLV a\u00f1o 2025.<\/span><\/p>\n<\/div><\/div><style type=\"text\/css\">.fusion-body .fusion-builder-column-0{width:100% !important;margin-top : 0px;margin-bottom : 20px;}.fusion-builder-column-0 > .fusion-column-wrapper {padding-top : 0px !important;padding-right : 0px !important;margin-right : 1.92%;padding-bottom : 0px !important;padding-left : 0px !important;margin-left : 1.92%;}@media only screen and (max-width:1024px) {.fusion-body .fusion-builder-column-0{width:100% !important;order : 0;}.fusion-builder-column-0 > .fusion-column-wrapper {margin-right : 1.92%;margin-left : 1.92%;}}@media only screen and (max-width:640px) {.fusion-body .fusion-builder-column-0{width:100% !important;order : 0;}.fusion-builder-column-0 > .fusion-column-wrapper {margin-right : 1.92%;margin-left : 1.92%;}}<\/style><\/div><\/div><style type=\"text\/css\">.fusion-body .fusion-flex-container.fusion-builder-row-1{ padding-top : 0px;margin-top : 0px;padding-right : 0px;padding-bottom : 0px;margin-bottom : 0px;padding-left : 0px;}<\/style><\/div>\n","protected":false},"excerpt":{"rendered":"","protected":false},"author":9,"featured_media":0,"parent":0,"menu_order":0,"comment_status":"closed","ping_status":"closed","template":"","meta":{"content-type":"","om_disable_all_campaigns":false,"_mi_skip_tracking":false},"aioseo_notices":[],"yoast_head":"<!-- This site is optimized with the Yoast SEO plugin v18.0 - https:\/\/yoast.com\/wordpress\/plugins\/seo\/ -->\n<title>T\u00e9rminos legales proyecto Fontanar | Bienes &amp; Bienes Constructores SA | Proyectos Inmobiliarios y Venta de Apartamentos Nuevos en Medell\u00edn<\/title>\n<meta name=\"robots\" content=\"index, follow, max-snippet:-1, max-image-preview:large, max-video-preview:-1\" \/>\n<link rel=\"canonical\" href=\"https:\/\/bienesybienes.com\/portal\/terminos-legales-proyecto-fontanar\/\" \/>\n<meta property=\"og:locale\" content=\"es_ES\" \/>\n<meta property=\"og:type\" content=\"article\" \/>\n<meta property=\"og:title\" content=\"T\u00e9rminos legales proyecto Fontanar | Bienes &amp; Bienes Constructores SA | Proyectos Inmobiliarios y Venta de Apartamentos Nuevos en Medell\u00edn\" \/>\n<meta property=\"og:url\" content=\"https:\/\/bienesybienes.com\/portal\/terminos-legales-proyecto-fontanar\/\" \/>\n<meta property=\"og:site_name\" content=\"Bienes &amp; Bienes Constructores SA | Proyectos Inmobiliarios y Venta de Apartamentos Nuevos en Medell\u00edn\" \/>\n<meta property=\"article:publisher\" content=\"https:\/\/www.facebook.com\/BienesYBienesConstructores\/?fref=ts\" \/>\n<meta property=\"article:modified_time\" content=\"2024-02-26T14:38:59+00:00\" \/>\n<meta name=\"twitter:card\" content=\"summary\" \/>\n<meta name=\"twitter:label1\" content=\"Tiempo de lectura\" \/>\n\t<meta name=\"twitter:data1\" content=\"5 minutos\" \/>\n<script type=\"application\/ld+json\" class=\"yoast-schema-graph\">{\"@context\":\"https:\/\/schema.org\",\"@graph\":[{\"@type\":\"WebSite\",\"@id\":\"https:\/\/bienesybienes.com\/portal\/#website\",\"url\":\"https:\/\/bienesybienes.com\/portal\/\",\"name\":\"Bienes &amp; Bienes Constructores SA | Proyectos Inmobiliarios y Venta de Apartamentos Nuevos en Medell\u00edn\",\"description\":\"C\u00e1mbulo, apartamentos en venta desde 290 millones ubicados Rionegro, sector BarroBlanco.\",\"potentialAction\":[{\"@type\":\"SearchAction\",\"target\":{\"@type\":\"EntryPoint\",\"urlTemplate\":\"https:\/\/bienesybienes.com\/portal\/?s={search_term_string}\"},\"query-input\":\"required name=search_term_string\"}],\"inLanguage\":\"es\"},{\"@type\":\"WebPage\",\"@id\":\"https:\/\/bienesybienes.com\/portal\/terminos-legales-proyecto-fontanar\/#webpage\",\"url\":\"https:\/\/bienesybienes.com\/portal\/terminos-legales-proyecto-fontanar\/\",\"name\":\"T\u00e9rminos legales proyecto Fontanar | Bienes &amp; Bienes Constructores SA | Proyectos Inmobiliarios y Venta de Apartamentos Nuevos en Medell\u00edn\",\"isPartOf\":{\"@id\":\"https:\/\/bienesybienes.com\/portal\/#website\"},\"datePublished\":\"2024-02-26T14:30:54+00:00\",\"dateModified\":\"2024-02-26T14:38:59+00:00\",\"breadcrumb\":{\"@id\":\"https:\/\/bienesybienes.com\/portal\/terminos-legales-proyecto-fontanar\/#breadcrumb\"},\"inLanguage\":\"es\",\"potentialAction\":[{\"@type\":\"ReadAction\",\"target\":[\"https:\/\/bienesybienes.com\/portal\/terminos-legales-proyecto-fontanar\/\"]}]},{\"@type\":\"BreadcrumbList\",\"@id\":\"https:\/\/bienesybienes.com\/portal\/terminos-legales-proyecto-fontanar\/#breadcrumb\",\"itemListElement\":[{\"@type\":\"ListItem\",\"position\":1,\"name\":\"Portada\",\"item\":\"https:\/\/bienesybienes.com\/portal\/\"},{\"@type\":\"ListItem\",\"position\":2,\"name\":\"T\u00e9rminos legales proyecto Fontanar\"}]}]}<\/script>\n<!-- \/ Yoast SEO plugin. -->","yoast_head_json":{"title":"T\u00e9rminos legales proyecto Fontanar | Bienes &amp; Bienes Constructores SA | Proyectos Inmobiliarios y Venta de Apartamentos Nuevos en Medell\u00edn","robots":{"index":"index","follow":"follow","max-snippet":"max-snippet:-1","max-image-preview":"max-image-preview:large","max-video-preview":"max-video-preview:-1"},"canonical":"https:\/\/bienesybienes.com\/portal\/terminos-legales-proyecto-fontanar\/","og_locale":"es_ES","og_type":"article","og_title":"T\u00e9rminos legales proyecto Fontanar | Bienes &amp; Bienes Constructores SA | Proyectos Inmobiliarios y Venta de Apartamentos Nuevos en Medell\u00edn","og_url":"https:\/\/bienesybienes.com\/portal\/terminos-legales-proyecto-fontanar\/","og_site_name":"Bienes &amp; Bienes Constructores SA | Proyectos Inmobiliarios y Venta de Apartamentos Nuevos en Medell\u00edn","article_publisher":"https:\/\/www.facebook.com\/BienesYBienesConstructores\/?fref=ts","article_modified_time":"2024-02-26T14:38:59+00:00","twitter_card":"summary","twitter_misc":{"Tiempo de lectura":"5 minutos"},"schema":{"@context":"https:\/\/schema.org","@graph":[{"@type":"WebSite","@id":"https:\/\/bienesybienes.com\/portal\/#website","url":"https:\/\/bienesybienes.com\/portal\/","name":"Bienes &amp; Bienes Constructores SA | Proyectos Inmobiliarios y Venta de Apartamentos Nuevos en Medell\u00edn","description":"C\u00e1mbulo, apartamentos en venta desde 290 millones ubicados Rionegro, sector BarroBlanco.","potentialAction":[{"@type":"SearchAction","target":{"@type":"EntryPoint","urlTemplate":"https:\/\/bienesybienes.com\/portal\/?s={search_term_string}"},"query-input":"required name=search_term_string"}],"inLanguage":"es"},{"@type":"WebPage","@id":"https:\/\/bienesybienes.com\/portal\/terminos-legales-proyecto-fontanar\/#webpage","url":"https:\/\/bienesybienes.com\/portal\/terminos-legales-proyecto-fontanar\/","name":"T\u00e9rminos legales proyecto Fontanar | Bienes &amp; Bienes Constructores SA | Proyectos Inmobiliarios y Venta de Apartamentos Nuevos en Medell\u00edn","isPartOf":{"@id":"https:\/\/bienesybienes.com\/portal\/#website"},"datePublished":"2024-02-26T14:30:54+00:00","dateModified":"2024-02-26T14:38:59+00:00","breadcrumb":{"@id":"https:\/\/bienesybienes.com\/portal\/terminos-legales-proyecto-fontanar\/#breadcrumb"},"inLanguage":"es","potentialAction":[{"@type":"ReadAction","target":["https:\/\/bienesybienes.com\/portal\/terminos-legales-proyecto-fontanar\/"]}]},{"@type":"BreadcrumbList","@id":"https:\/\/bienesybienes.com\/portal\/terminos-legales-proyecto-fontanar\/#breadcrumb","itemListElement":[{"@type":"ListItem","position":1,"name":"Portada","item":"https:\/\/bienesybienes.com\/portal\/"},{"@type":"ListItem","position":2,"name":"T\u00e9rminos legales proyecto Fontanar"}]}]}},"_links":{"self":[{"href":"https:\/\/bienesybienes.com\/portal\/wp-json\/wp\/v2\/pages\/30108"}],"collection":[{"href":"https:\/\/bienesybienes.com\/portal\/wp-json\/wp\/v2\/pages"}],"about":[{"href":"https:\/\/bienesybienes.com\/portal\/wp-json\/wp\/v2\/types\/page"}],"author":[{"embeddable":true,"href":"https:\/\/bienesybienes.com\/portal\/wp-json\/wp\/v2\/users\/9"}],"replies":[{"embeddable":true,"href":"https:\/\/bienesybienes.com\/portal\/wp-json\/wp\/v2\/comments?post=30108"}],"version-history":[{"count":3,"href":"https:\/\/bienesybienes.com\/portal\/wp-json\/wp\/v2\/pages\/30108\/revisions"}],"predecessor-version":[{"id":30115,"href":"https:\/\/bienesybienes.com\/portal\/wp-json\/wp\/v2\/pages\/30108\/revisions\/30115"}],"wp:attachment":[{"href":"https:\/\/bienesybienes.com\/portal\/wp-json\/wp\/v2\/media?parent=30108"}],"curies":[{"name":"wp","href":"https:\/\/api.w.org\/{rel}","templated":true}]}}