{"id":30508,"date":"2024-11-06T10:45:58","date_gmt":"2024-11-06T15:45:58","guid":{"rendered":"https:\/\/bienesybienes.com\/portal\/?page_id=30508"},"modified":"2026-02-10T15:55:26","modified_gmt":"2026-02-10T20:55:26","slug":"zentral-apartamentos-bello-plaza-fabricato","status":"publish","type":"page","link":"https:\/\/bienesybienes.com\/portal\/zentral-apartamentos-bello-plaza-fabricato\/","title":{"rendered":"Zentral"},"content":{"rendered":"<p><div class=\"fusion-fullwidth fullwidth-box fusion-builder-row-1 nonhundred-percent-fullwidth non-hundred-percent-height-scrolling\" style=\"background-color: #ffffff;background-position: center center;background-repeat: no-repeat;padding-top:20px;padding-right:0px;padding-bottom:20px;padding-left:0px;margin-bottom: 0px;margin-top: 0px;border-width: 0px 0px 0px 0px;border-color:#eae9e9;border-style:solid;\" ><div class=\"fusion-builder-row fusion-row\"><div class=\"fusion-layout-column fusion_builder_column fusion-builder-column-0 fusion_builder_column_1_1 1_1 fusion-one-full fusion-column-first fusion-column-last\" style=\"margin-top:0px;margin-bottom:20px;\"><div class=\"fusion-column-wrapper fusion-flex-column-wrapper-legacy\" style=\"background-position:left top;background-repeat:no-repeat;-webkit-background-size:cover;-moz-background-size:cover;-o-background-size:cover;background-size:cover;padding: 0px 0px 0px 0px;\"><style type=\"text\/css\"><\/style><div class=\"fusion-title title fusion-title-1 fusion-sep-none fusion-title-center fusion-title-text fusion-title-size-three\" style=\"font-size:25px;margin-top:0px;margin-right:0px;margin-bottom:30px;margin-left:0px;\"><h3 class=\"title-heading-center fusion-responsive-typography-calculated\" style=\"margin:0;font-size:1em;--fontSize:25;line-height:1.41;\"><p class=\"info-legal-precio\" style=\"text-align: center;\">*Informaci\u00f3n susceptible a cambios de acuerdo a disponibilidad y a incrementos de precios.<\/p>\n<p><code><\/code><\/p>\n<style>.info-legal-precio{display:none !important} @media (max-width:768px){.info-legal-precio{display:block !important}}<\/style><\/h3><\/div><style type=\"text\/css\"><\/style><div class=\"fusion-title title fusion-title-2 fusion-title-center fusion-title-text fusion-title-size-two\" style=\"font-size:25px;margin-top:0px;margin-right:0px;margin-bottom:30px;margin-left:0px;\"><div class=\"title-sep-container title-sep-container-left\"><div class=\"title-sep sep-single sep-solid\" style=\"border-color:#e0dede;\"><\/div><\/div><h2 class=\"title-heading-center fusion-responsive-typography-calculated\" style=\"margin:0;font-size:1em;--fontSize:25;line-height:1.5;\">Apartamentos en Bello &#8211; Zentral<\/h2><div class=\"title-sep-container title-sep-container-right\"><div class=\"title-sep sep-single sep-solid\" style=\"border-color:#e0dede;\"><\/div><\/div><\/div><style type=\"text\/css\"><\/style><div class=\"fusion-title title fusion-title-3 fusion-sep-none fusion-title-center fusion-title-text fusion-title-size-three\" style=\"margin-top:0px;margin-right:0px;margin-bottom:30px;margin-left:0px;\"><h3 class=\"title-heading-center fusion-responsive-typography-calculated\" style=\"margin:0;--fontSize:17;line-height:1.41;\"><div style=\"text-align: center;\">\n<p>Bello, sector Fabricato<\/p>\n<\/div><\/h3><\/div><div class=\"fusion-text fusion-text-1\"><p>En el coraz\u00f3n del norte, donde la vida late con intensidad, existe un espacio que no solo representa un lugar para vivir, sino un estilo de vida urbano que celebra la conexi\u00f3n, la cultura y el placer de tener todo al alcance de la mano.<\/p>\n<p>Cercan\u00eda a transporte p\u00fablico de calidad y rutas integradas a la estaci\u00f3n Bello del Metro, proximidad con espacios comerciales, instituciones educativas y de salud.<\/p>\n<p>Habitar\u00e1s un ambiente residencial, que te permitir\u00e1 tener todo cerca<strong>. Apartamentos sobre planos<\/strong> con \u00e1reas que van desde los\u00a0<strong>57 a los 77 m<sup>2<\/sup><\/strong>, con 2 y 3 alcobas. Adem\u00e1s de diferentes\u00a0<strong>zonas comunes<\/strong>\u00a0como: cancha de f\u00fatbol, piscina adultos y ni\u00f1os, playground, cinema, sal\u00f3n social, gimnasio y sal\u00f3n de hobbies.<\/p>\n<\/div><div class=\"fusion-clearfix\"><\/div><\/div><\/div><\/div><\/div><div class=\"fusion-fullwidth fullwidth-box fusion-builder-row-2 nonhundred-percent-fullwidth non-hundred-percent-height-scrolling\" style=\"background-color: #ffffff;background-position: center center;background-repeat: no-repeat;padding-top:20px;padding-right:0px;padding-bottom:20px;padding-left:0px;margin-bottom: 0px;margin-top: 0px;border-width: 0px 0px 0px 0px;border-color:#eae9e9;border-style:solid;\" ><div class=\"fusion-builder-row fusion-row\"><div class=\"fusion-layout-column fusion_builder_column fusion-builder-column-1 fusion_builder_column_1_1 1_1 fusion-one-full fusion-column-first fusion-column-last\" style=\"margin-top:0px;margin-bottom:20px;\"><div class=\"fusion-column-wrapper fusion-flex-column-wrapper-legacy\" style=\"background-position:left top;background-repeat:no-repeat;-webkit-background-size:cover;-moz-background-size:cover;-o-background-size:cover;background-size:cover;padding: 0px 0px 0px 0px;\"><style type=\"text\/css\"><\/style><div class=\"fusion-title title fusion-title-4 fusion-sep-none fusion-title-center fusion-title-text fusion-title-size-two\" style=\"font-size:25px;margin-top:0px;margin-right:0px;margin-bottom:30px;margin-left:0px;\"><h2 class=\"title-heading-center fusion-responsive-typography-calculated\" style=\"margin:0;font-size:1em;--fontSize:25;line-height:1.5;\">Lugares cercanos<\/h2><\/div><div class=\"fusion-clearfix\"><\/div><\/div><\/div><div class=\"fusion-layout-column fusion_builder_column fusion-builder-column-2 fusion_builder_column_1_2 1_2 fusion-one-half fusion-column-first\" style=\"width:50%;width:calc(50% - ( ( 4% ) * 0.5 ) );margin-right: 4%;margin-top:0px;margin-bottom:20px;\"><div class=\"fusion-column-wrapper fusion-flex-column-wrapper-legacy\" style=\"background-position:left top;background-repeat:no-repeat;-webkit-background-size:cover;-moz-background-size:cover;-o-background-size:cover;background-size:cover;padding: 0px 0px 0px 0px;\"><div class=\"fusion-fa-align-center\"><i class=\"fb-icon-element-1 fb-icon-element fontawesome-icon fa fa-tag circle-yes\" style=\"font-size:26.4px;line-height:50.8px;height:52.8px;width:52.8px;border-width:1px;\"><\/i><\/div><style>i.fb-icon-element.fontawesome-icon.fb-icon-element-1{ color: #006753; background-color: #ffffff; border-color: #ffffff;}i.fb-icon-element.fontawesome-icon.fb-icon-element-1:hover { color: #006753; background-color: #ffffff; border-color: #ffffff;}<\/style><style type=\"text\/css\"><\/style><div class=\"fusion-title title fusion-title-5 sep-underline sep-solid fusion-title-center fusion-title-text fusion-title-size-three\" style=\"border-bottom-color:#e0dede;margin-top:0px;margin-right:0px;margin-bottom:30px;margin-left:0px;\"><h3 class=\"title-heading-center fusion-responsive-typography-calculated\" style=\"margin:0;--fontSize:17;line-height:1.41;\"><span class=\"titUbica\">Comercio<\/span><\/h3><\/div><div class=\"fusion-text fusion-text-2\"><p style=\"text-align: center;\">Centro comercial plaza Fabricato<br \/>\nSupermercado Metro<br \/>\nSupermercados Madrid<br \/>\nSupermercado Justo y Bueno<br \/>\nSupermercado De uno<br \/>\nCentro comercial puerta del norte<br \/>\nCentro comercial bello centro<br \/>\nCentro comercial metro bello<br \/>\nEuro<br \/>\nSupermercado OR<br \/>\nFabricas Unidas<\/p>\n<\/div><div class=\"fusion-clearfix\"><\/div><\/div><\/div><div class=\"fusion-layout-column fusion_builder_column fusion-builder-column-3 fusion_builder_column_1_2 1_2 fusion-one-half fusion-column-last\" style=\"width:50%;width:calc(50% - ( ( 4% ) * 0.5 ) );margin-top:0px;margin-bottom:20px;\"><div class=\"fusion-column-wrapper fusion-flex-column-wrapper-legacy\" style=\"background-position:left top;background-repeat:no-repeat;-webkit-background-size:cover;-moz-background-size:cover;-o-background-size:cover;background-size:cover;padding: 0px 0px 0px 0px;\"><div class=\"fusion-fa-align-center\"><i class=\"fb-icon-element-2 fb-icon-element fontawesome-icon fa fa-plus-square circle-yes\" style=\"font-size:26.4px;line-height:50.8px;height:52.8px;width:52.8px;border-width:1px;\"><\/i><\/div><style>i.fb-icon-element.fontawesome-icon.fb-icon-element-2{ color: #006753; background-color: #ffffff; border-color: #ffffff;}i.fb-icon-element.fontawesome-icon.fb-icon-element-2:hover { color: #006753; background-color: #ffffff; border-color: #ffffff;}<\/style><style type=\"text\/css\"><\/style><div class=\"fusion-title title fusion-title-6 sep-underline sep-solid fusion-title-center fusion-title-text fusion-title-size-three\" style=\"border-bottom-color:#e0dede;margin-top:0px;margin-right:0px;margin-bottom:30px;margin-left:0px;\"><h3 class=\"title-heading-center fusion-responsive-typography-calculated\" style=\"margin:0;--fontSize:17;line-height:1.41;\"><span class=\"titUbica\">Salud<\/span><\/h3><\/div><div class=\"fusion-text fusion-text-3\"><p style=\"text-align: center;\">Cl\u00ednica Antioquia<br \/>\nHospital Rosalpi<\/p>\n<\/div><div class=\"fusion-clearfix\"><\/div><\/div><\/div><div class=\"fusion-layout-column fusion_builder_column fusion-builder-column-4 fusion_builder_column_1_2 1_2 fusion-one-half fusion-column-first\" style=\"width:48%; margin-right: 4%;margin-top:0px;margin-bottom:20px;\"><div class=\"fusion-column-wrapper fusion-flex-column-wrapper-legacy\" style=\"background-position:left top;background-repeat:no-repeat;-webkit-background-size:cover;-moz-background-size:cover;-o-background-size:cover;background-size:cover;padding: 0px 0px 0px 0px;\"><div class=\"fusion-fa-align-center\"><i class=\"fb-icon-element-3 fb-icon-element fontawesome-icon fa fa-graduation-cap circle-yes\" style=\"font-size:26.4px;line-height:50.8px;height:52.8px;width:52.8px;border-width:1px;\"><\/i><\/div><style>i.fb-icon-element.fontawesome-icon.fb-icon-element-3{ color: #006753; background-color: #ffffff; border-color: #ffffff;}i.fb-icon-element.fontawesome-icon.fb-icon-element-3:hover { color: #006753; background-color: #ffffff; border-color: #ffffff;}<\/style><style type=\"text\/css\"><\/style><div class=\"fusion-title title fusion-title-7 sep-underline sep-solid fusion-title-center fusion-title-text fusion-title-size-three\" style=\"border-bottom-color:#e0dede;margin-top:0px;margin-right:0px;margin-bottom:30px;margin-left:0px;\"><h3 class=\"title-heading-center fusion-responsive-typography-calculated\" style=\"margin:0;--fontSize:17;line-height:1.41;\"><span class=\"titUbica\">Instituciones educativas<\/span><\/h3><\/div><div class=\"fusion-text fusion-text-4\"><p style=\"text-align: center;\">San Francisco de As\u00eds<br \/>\nBethlemitas<br \/>\nLa Salle<br \/>\nLa presentaci\u00f3n<br \/>\nLiceo Antioque\u00f1o<br \/>\nColegio Tom\u00e1s Cadavid<br \/>\nUniversidad San Buenaventura<br \/>\nPolit\u00e9cnico Jaime Isaza Cadavid<br \/>\nUniversidad Minuto de Dios<\/p>\n<\/div><div class=\"fusion-clearfix\"><\/div><\/div><\/div><div class=\"fusion-layout-column fusion_builder_column fusion-builder-column-5 fusion_builder_column_1_1 1_1 fusion-one-full fusion-column-last\" style=\"margin-top:0px;margin-bottom:20px;\"><div class=\"fusion-column-wrapper fusion-flex-column-wrapper-legacy\" style=\"background-position:left top;background-repeat:no-repeat;-webkit-background-size:cover;-moz-background-size:cover;-o-background-size:cover;background-size:cover;padding: 0px 0px 0px 0px;\"><div class=\"fusion-text fusion-text-5\"><h3 class=\"txtVerde\">\u00bfM\u00e1s informaci\u00f3n? Recibe el brochure del proyecto completando los siguientes datos:<\/h3>\n<\/div><iframe class=\"iframe-formulario\" src=\"https:\/\/cloud.marketing.bienesybienes.com\/distritobyb\" width=\"100%\" style=\"border:0;\"><\/iframe><div class=\"fusion-text fusion-text-6\"><div class=\"btnNextPage alignright\"><a href=\"https:\/\/bienesybienes.com\/portal\/zentral-apartamentos-bello-plaza-fabricato\/fotos-del-proyecto\/\" title=\"Fotos del proyecto y 360\u00b0\">Siguiente: Fotos del proyecto y 360\u00b0  <i class=\"fa fa-arrow-right\" aria-hidden=\"true\"><\/i><\/a><\/div>\n<\/div><div class=\"fusion-clearfix\"><\/div><\/div><\/div><div class=\"fusion-layout-column fusion_builder_column fusion-builder-column-6 fusion_builder_column_1_1 1_1 fusion-one-full fusion-column-first fusion-column-last ocult\" style=\"margin-top:0px;margin-bottom:20px;\"><div class=\"fusion-column-wrapper fusion-flex-column-wrapper-legacy\" style=\"background-position:left top;background-repeat:no-repeat;-webkit-background-size:cover;-moz-background-size:cover;-o-background-size:cover;background-size:cover;padding: 0px 0px 0px 0px;\"><div class=\"fusion-text fusion-text-7\"><h3 class=\"txtVerde\">\u00bfM\u00e1s informaci\u00f3n? Recibe el brochure del proyecto completando los siguientes datos:<\/h3>\n<\/div><script charset=\"utf-8\" type=\"text\/javascript\" src=\"\/\/js.hsforms.net\/forms\/embed\/v2.js\"><\/script>\n<script>\n  hbspt.forms.create({\n    portalId: \"4330723\",\n    formId: \"9308844a-bc5c-48c1-99ae-979bb418b4fc\"\n  });\n<\/script><div class=\"fusion-text fusion-text-8\"><div class=\"btnNextPage alignright\"><a href=\"https:\/\/bienesybienes.com\/portal\/zentral-apartamentos-bello-plaza-fabricato\/fotos-del-proyecto\/\" title=\"Fotos del proyecto y 360\u00b0\">Siguiente: Fotos del proyecto y 360\u00b0  <i class=\"fa fa-arrow-right\" aria-hidden=\"true\"><\/i><\/a><\/div>\n<\/div><div class=\"fusion-clearfix\"><\/div><\/div><\/div><\/div><\/div><\/p>\n","protected":false},"excerpt":{"rendered":"","protected":false},"author":9,"featured_media":30498,"parent":0,"menu_order":0,"comment_status":"closed","ping_status":"closed","template":"side-navigation.php","meta":{"content-type":"","om_disable_all_campaigns":false,"_mi_skip_tracking":false},"aioseo_notices":[],"yoast_head":"<!-- This site is optimized with the Yoast SEO plugin v18.0 - https:\/\/yoast.com\/wordpress\/plugins\/seo\/ -->\n<title>Zentral Apartamentos I Proyectos de Vivienda I B&amp;B<\/title>\n<meta name=\"description\" content=\"Zentral, apartamentos en venta ubicados Bello, sector Plaza Fabricato, proyecto de Bienes &amp; Bienes para toda la familia.\" \/>\n<meta name=\"robots\" content=\"index, follow, max-snippet:-1, max-image-preview:large, max-video-preview:-1\" \/>\n<link rel=\"canonical\" href=\"https:\/\/bienesybienes.com\/portal\/zentral-apartamentos-bello-plaza-fabricato\/\" \/>\n<meta property=\"og:locale\" content=\"es_ES\" \/>\n<meta property=\"og:type\" content=\"article\" \/>\n<meta property=\"og:title\" content=\"Zentral Apartamentos I Proyectos de Vivienda I B&amp;B\" \/>\n<meta property=\"og:description\" content=\"Zentral, apartamentos en venta ubicados Bello, sector Plaza Fabricato, proyecto de Bienes &amp; Bienes para toda la familia.\" \/>\n<meta property=\"og:url\" content=\"https:\/\/bienesybienes.com\/portal\/zentral-apartamentos-bello-plaza-fabricato\/\" \/>\n<meta property=\"og:site_name\" content=\"Bienes &amp; Bienes Constructores SA | Proyectos Inmobiliarios y Venta de Apartamentos Nuevos en Medell\u00edn\" \/>\n<meta property=\"article:publisher\" content=\"https:\/\/www.facebook.com\/BienesYBienesConstructores\/?fref=ts\" \/>\n<meta property=\"article:modified_time\" content=\"2026-02-10T20:55:26+00:00\" \/>\n<meta property=\"og:image\" content=\"https:\/\/bienesybienes.com\/portal\/wp-content\/uploads\/2024\/11\/Logo-Zentral-960x600-1.jpg\" \/>\n\t<meta property=\"og:image:width\" content=\"960\" \/>\n\t<meta property=\"og:image:height\" content=\"600\" \/>\n\t<meta property=\"og:image:type\" content=\"image\/jpeg\" \/>\n<meta name=\"twitter:card\" content=\"summary\" \/>\n<meta name=\"twitter:label1\" content=\"Tiempo de lectura\" \/>\n\t<meta name=\"twitter:data1\" content=\"4 minutos\" \/>\n<script type=\"application\/ld+json\" class=\"yoast-schema-graph\">{\"@context\":\"https:\/\/schema.org\",\"@graph\":[{\"@type\":\"WebSite\",\"@id\":\"https:\/\/bienesybienes.com\/portal\/#website\",\"url\":\"https:\/\/bienesybienes.com\/portal\/\",\"name\":\"Bienes &amp; Bienes Constructores SA | Proyectos Inmobiliarios y Venta de Apartamentos Nuevos en Medell\u00edn\",\"description\":\"C\u00e1mbulo, apartamentos en venta desde 290 millones ubicados Rionegro, sector BarroBlanco.\",\"potentialAction\":[{\"@type\":\"SearchAction\",\"target\":{\"@type\":\"EntryPoint\",\"urlTemplate\":\"https:\/\/bienesybienes.com\/portal\/?s={search_term_string}\"},\"query-input\":\"required name=search_term_string\"}],\"inLanguage\":\"es\"},{\"@type\":\"ImageObject\",\"@id\":\"https:\/\/bienesybienes.com\/portal\/zentral-apartamentos-bello-plaza-fabricato\/#primaryimage\",\"inLanguage\":\"es\",\"url\":\"https:\/\/bienesybienes.com\/portal\/wp-content\/uploads\/2024\/11\/Logo-Zentral-960x600-1.jpg\",\"contentUrl\":\"https:\/\/bienesybienes.com\/portal\/wp-content\/uploads\/2024\/11\/Logo-Zentral-960x600-1.jpg\",\"width\":960,\"height\":600},{\"@type\":\"WebPage\",\"@id\":\"https:\/\/bienesybienes.com\/portal\/zentral-apartamentos-bello-plaza-fabricato\/#webpage\",\"url\":\"https:\/\/bienesybienes.com\/portal\/zentral-apartamentos-bello-plaza-fabricato\/\",\"name\":\"Zentral Apartamentos I Proyectos de Vivienda I B&B\",\"isPartOf\":{\"@id\":\"https:\/\/bienesybienes.com\/portal\/#website\"},\"primaryImageOfPage\":{\"@id\":\"https:\/\/bienesybienes.com\/portal\/zentral-apartamentos-bello-plaza-fabricato\/#primaryimage\"},\"datePublished\":\"2024-11-06T15:45:58+00:00\",\"dateModified\":\"2026-02-10T20:55:26+00:00\",\"description\":\"Zentral, apartamentos en venta ubicados Bello, sector Plaza Fabricato, proyecto de Bienes & Bienes para toda la familia.\",\"breadcrumb\":{\"@id\":\"https:\/\/bienesybienes.com\/portal\/zentral-apartamentos-bello-plaza-fabricato\/#breadcrumb\"},\"inLanguage\":\"es\",\"potentialAction\":[{\"@type\":\"ReadAction\",\"target\":[\"https:\/\/bienesybienes.com\/portal\/zentral-apartamentos-bello-plaza-fabricato\/\"]}]},{\"@type\":\"BreadcrumbList\",\"@id\":\"https:\/\/bienesybienes.com\/portal\/zentral-apartamentos-bello-plaza-fabricato\/#breadcrumb\",\"itemListElement\":[{\"@type\":\"ListItem\",\"position\":1,\"name\":\"Portada\",\"item\":\"https:\/\/bienesybienes.com\/portal\/\"},{\"@type\":\"ListItem\",\"position\":2,\"name\":\"Zentral\"}]}]}<\/script>\n<!-- \/ Yoast SEO plugin. -->","yoast_head_json":{"title":"Zentral Apartamentos I Proyectos de Vivienda I B&B","description":"Zentral, apartamentos en venta ubicados Bello, sector Plaza Fabricato, proyecto de Bienes & Bienes para toda la familia.","robots":{"index":"index","follow":"follow","max-snippet":"max-snippet:-1","max-image-preview":"max-image-preview:large","max-video-preview":"max-video-preview:-1"},"canonical":"https:\/\/bienesybienes.com\/portal\/zentral-apartamentos-bello-plaza-fabricato\/","og_locale":"es_ES","og_type":"article","og_title":"Zentral Apartamentos I Proyectos de Vivienda I B&B","og_description":"Zentral, apartamentos en venta ubicados Bello, sector Plaza Fabricato, proyecto de Bienes & Bienes para toda la familia.","og_url":"https:\/\/bienesybienes.com\/portal\/zentral-apartamentos-bello-plaza-fabricato\/","og_site_name":"Bienes &amp; Bienes Constructores SA | Proyectos Inmobiliarios y Venta de Apartamentos Nuevos en Medell\u00edn","article_publisher":"https:\/\/www.facebook.com\/BienesYBienesConstructores\/?fref=ts","article_modified_time":"2026-02-10T20:55:26+00:00","og_image":[{"width":960,"height":600,"url":"https:\/\/bienesybienes.com\/portal\/wp-content\/uploads\/2024\/11\/Logo-Zentral-960x600-1.jpg","type":"image\/jpeg"}],"twitter_card":"summary","twitter_misc":{"Tiempo de lectura":"4 minutos"},"schema":{"@context":"https:\/\/schema.org","@graph":[{"@type":"WebSite","@id":"https:\/\/bienesybienes.com\/portal\/#website","url":"https:\/\/bienesybienes.com\/portal\/","name":"Bienes &amp; Bienes Constructores SA | Proyectos Inmobiliarios y Venta de Apartamentos Nuevos en Medell\u00edn","description":"C\u00e1mbulo, apartamentos en venta desde 290 millones ubicados Rionegro, sector BarroBlanco.","potentialAction":[{"@type":"SearchAction","target":{"@type":"EntryPoint","urlTemplate":"https:\/\/bienesybienes.com\/portal\/?s={search_term_string}"},"query-input":"required name=search_term_string"}],"inLanguage":"es"},{"@type":"ImageObject","@id":"https:\/\/bienesybienes.com\/portal\/zentral-apartamentos-bello-plaza-fabricato\/#primaryimage","inLanguage":"es","url":"https:\/\/bienesybienes.com\/portal\/wp-content\/uploads\/2024\/11\/Logo-Zentral-960x600-1.jpg","contentUrl":"https:\/\/bienesybienes.com\/portal\/wp-content\/uploads\/2024\/11\/Logo-Zentral-960x600-1.jpg","width":960,"height":600},{"@type":"WebPage","@id":"https:\/\/bienesybienes.com\/portal\/zentral-apartamentos-bello-plaza-fabricato\/#webpage","url":"https:\/\/bienesybienes.com\/portal\/zentral-apartamentos-bello-plaza-fabricato\/","name":"Zentral Apartamentos I Proyectos de Vivienda I B&B","isPartOf":{"@id":"https:\/\/bienesybienes.com\/portal\/#website"},"primaryImageOfPage":{"@id":"https:\/\/bienesybienes.com\/portal\/zentral-apartamentos-bello-plaza-fabricato\/#primaryimage"},"datePublished":"2024-11-06T15:45:58+00:00","dateModified":"2026-02-10T20:55:26+00:00","description":"Zentral, apartamentos en venta ubicados Bello, sector Plaza Fabricato, proyecto de Bienes & Bienes para toda la familia.","breadcrumb":{"@id":"https:\/\/bienesybienes.com\/portal\/zentral-apartamentos-bello-plaza-fabricato\/#breadcrumb"},"inLanguage":"es","potentialAction":[{"@type":"ReadAction","target":["https:\/\/bienesybienes.com\/portal\/zentral-apartamentos-bello-plaza-fabricato\/"]}]},{"@type":"BreadcrumbList","@id":"https:\/\/bienesybienes.com\/portal\/zentral-apartamentos-bello-plaza-fabricato\/#breadcrumb","itemListElement":[{"@type":"ListItem","position":1,"name":"Portada","item":"https:\/\/bienesybienes.com\/portal\/"},{"@type":"ListItem","position":2,"name":"Zentral"}]}]}},"_links":{"self":[{"href":"https:\/\/bienesybienes.com\/portal\/wp-json\/wp\/v2\/pages\/30508"}],"collection":[{"href":"https:\/\/bienesybienes.com\/portal\/wp-json\/wp\/v2\/pages"}],"about":[{"href":"https:\/\/bienesybienes.com\/portal\/wp-json\/wp\/v2\/types\/page"}],"author":[{"embeddable":true,"href":"https:\/\/bienesybienes.com\/portal\/wp-json\/wp\/v2\/users\/9"}],"replies":[{"embeddable":true,"href":"https:\/\/bienesybienes.com\/portal\/wp-json\/wp\/v2\/comments?post=30508"}],"version-history":[{"count":8,"href":"https:\/\/bienesybienes.com\/portal\/wp-json\/wp\/v2\/pages\/30508\/revisions"}],"predecessor-version":[{"id":31615,"href":"https:\/\/bienesybienes.com\/portal\/wp-json\/wp\/v2\/pages\/30508\/revisions\/31615"}],"wp:featuredmedia":[{"embeddable":true,"href":"https:\/\/bienesybienes.com\/portal\/wp-json\/wp\/v2\/media\/30498"}],"wp:attachment":[{"href":"https:\/\/bienesybienes.com\/portal\/wp-json\/wp\/v2\/media?parent=30508"}],"curies":[{"name":"wp","href":"https:\/\/api.w.org\/{rel}","templated":true}]}}