{"id":31395,"date":"2025-11-13T12:34:45","date_gmt":"2025-11-13T17:34:45","guid":{"rendered":"https:\/\/bienesybienes.com\/portal\/?page_id=31395"},"modified":"2025-11-18T09:33:31","modified_gmt":"2025-11-18T14:33:31","slug":"herbario-locales-itagui","status":"publish","type":"page","link":"https:\/\/bienesybienes.com\/portal\/herbario-locales-itagui\/","title":{"rendered":"Herbario Locales"},"content":{"rendered":"<p><div class=\"fusion-fullwidth fullwidth-box fusion-builder-row-1 nonhundred-percent-fullwidth non-hundred-percent-height-scrolling\" style=\"background-color: #ffffff;background-position: center center;background-repeat: no-repeat;padding-top:20px;padding-right:0px;padding-bottom:20px;padding-left:0px;margin-bottom: 0px;margin-top: 0px;border-width: 0px 0px 0px 0px;border-color:#eae9e9;border-style:solid;\" ><div class=\"fusion-builder-row fusion-row\"><div class=\"fusion-layout-column fusion_builder_column fusion-builder-column-0 fusion_builder_column_1_1 1_1 fusion-one-full fusion-column-first fusion-column-last\" style=\"margin-top:0px;margin-bottom:20px;\"><div class=\"fusion-column-wrapper fusion-flex-column-wrapper-legacy\" style=\"background-position:left top;background-repeat:no-repeat;-webkit-background-size:cover;-moz-background-size:cover;-o-background-size:cover;background-size:cover;padding: 0px 0px 0px 0px;\"><div class=\"fusion-text fusion-text-1\"><p class=\"info-legal-precio\" style=\"text-align: center;\">*Informaci\u00f3n susceptible a cambios de acuerdo a disponibilidad y a incrementos de precios.<\/p>\n<p><code><\/code><\/p>\n<style>.info-legal-precio{display:none !important} @media (max-width:768px){.info-legal-precio{display:block !important}}<\/style>\n<\/div><style type=\"text\/css\"><\/style><div class=\"fusion-title title fusion-title-1 fusion-title-center fusion-title-text fusion-title-size-two\" style=\"font-size:25px;margin-top:0px;margin-right:0px;margin-bottom:30px;margin-left:0px;\"><div class=\"title-sep-container title-sep-container-left\"><div class=\"title-sep sep-single sep-solid\" style=\"border-color:#e0dede;\"><\/div><\/div><h2 class=\"title-heading-center fusion-responsive-typography-calculated\" style=\"margin:0;font-size:1em;--fontSize:25;line-height:1.5;\">Locales Comerciales en Itag\u00fc\u00ed \u2013 Herbario<\/h2><div class=\"title-sep-container title-sep-container-right\"><div class=\"title-sep sep-single sep-solid\" style=\"border-color:#e0dede;\"><\/div><\/div><\/div><style type=\"text\/css\"><\/style><div class=\"fusion-title title fusion-title-2 fusion-sep-none fusion-title-center fusion-title-text fusion-title-size-three\" style=\"margin-top:0px;margin-right:0px;margin-bottom:30px;margin-left:0px;\"><h3 class=\"title-heading-center fusion-responsive-typography-calculated\" style=\"margin:0;--fontSize:17;line-height:1.41;\"><div style=\"text-align: center;\">\n<p>Sector Reservas \/ V\u00eda Metropl\u00fas<\/p>\n<\/div><\/h3><\/div><div class=\"fusion-text fusion-text-2\"><p><span style=\"font-weight: 400;\">En <\/span><b>Herbario Locales<\/b><span style=\"font-weight: 400;\"> la inversi\u00f3n se siembra en el lugar correcto. Un espacio comercial dise\u00f1ado para crecer junto a una comunidad en expansi\u00f3n, donde m\u00e1s de <\/span><b>1.400 viviendas<\/b><span style=\"font-weight: 400;\"> rodean tu negocio y aseguran un flujo constante de clientes.<\/span><\/p>\n<p><span style=\"font-weight: 400;\">Ubicado estrat\u00e9gicamente en el <\/span><b>sector Reservas de Itag\u00fc\u00ed<\/b><span style=\"font-weight: 400;\">, a pocos minutos del <\/span><b>Parque Principal<\/b><span style=\"font-weight: 400;\">, del <\/span><b>Metro<\/b><span style=\"font-weight: 400;\"> y de los centros comerciales <\/span><b>Mayorca<\/b><span style=\"font-weight: 400;\"> y <\/span><b>Viva Envigado<\/b><span style=\"font-weight: 400;\">, Herbario te conecta con el coraz\u00f3n del sur del Valle de Aburr\u00e1, una zona en pleno desarrollo y alta valorizaci\u00f3n.<\/span><\/p>\n<p><span style=\"font-weight: 400;\">Son <\/span><b>22 locales comerciales<\/b><span style=\"font-weight: 400;\"> con \u00e1reas desde <\/span><b>15 hasta 45 m\u00b2<\/b><span style=\"font-weight: 400;\">, ideales para gastronom\u00eda, conveniencia, bienestar o servicios. Cada metro cuadrado fue pensado para potenciar tu marca, generar rentabilidad y ofrecer cercan\u00eda a una comunidad que busca soluciones a un paso de su hogar.<\/span><\/p>\n<p><b>Herbario Locales \u2013 Crece donde la ciudad respira, invierte donde la vida florece.<\/b><\/p>\n<\/div><div class=\"fusion-clearfix\"><\/div><\/div><\/div><\/div><\/div><div class=\"fusion-fullwidth fullwidth-box fusion-builder-row-2 nonhundred-percent-fullwidth non-hundred-percent-height-scrolling\" style=\"background-color: #ffffff;background-position: center center;background-repeat: no-repeat;padding-top:20px;padding-right:0px;padding-bottom:20px;padding-left:0px;margin-bottom: 0px;margin-top: 0px;border-width: 0px 0px 0px 0px;border-color:#eae9e9;border-style:solid;\" ><div class=\"fusion-builder-row fusion-row\"><div class=\"fusion-layout-column fusion_builder_column fusion-builder-column-1 fusion_builder_column_1_1 1_1 fusion-one-full fusion-column-first fusion-column-last\" style=\"margin-top:0px;margin-bottom:20px;\"><div class=\"fusion-column-wrapper fusion-flex-column-wrapper-legacy\" style=\"background-position:left top;background-repeat:no-repeat;-webkit-background-size:cover;-moz-background-size:cover;-o-background-size:cover;background-size:cover;padding: 0px 0px 0px 0px;\"><style type=\"text\/css\"><\/style><div class=\"fusion-title title fusion-title-3 fusion-sep-none fusion-title-center fusion-title-text fusion-title-size-two\" style=\"font-size:25px;margin-top:0px;margin-right:0px;margin-bottom:30px;margin-left:0px;\"><h2 class=\"title-heading-center fusion-responsive-typography-calculated\" style=\"margin:0;font-size:1em;--fontSize:25;line-height:1.5;\">Lugares cercanos<\/h2><\/div><div class=\"fusion-clearfix\"><\/div><\/div><\/div><div class=\"fusion-layout-column fusion_builder_column fusion-builder-column-2 fusion_builder_column_1_2 1_2 fusion-one-half fusion-column-first\" style=\"width:50%;width:calc(50% - ( ( 4% ) * 0.5 ) );margin-right: 4%;margin-top:0px;margin-bottom:20px;\"><div class=\"fusion-column-wrapper fusion-flex-column-wrapper-legacy\" style=\"background-position:left top;background-repeat:no-repeat;-webkit-background-size:cover;-moz-background-size:cover;-o-background-size:cover;background-size:cover;padding: 0px 0px 0px 0px;\"><div class=\"fusion-fa-align-center\"><i class=\"fb-icon-element-1 fb-icon-element fontawesome-icon fa fa-tag circle-yes\" style=\"font-size:26.4px;line-height:50.8px;height:52.8px;width:52.8px;border-width:1px;\"><\/i><\/div><style>i.fb-icon-element.fontawesome-icon.fb-icon-element-1{ color: #006753; background-color: #ffffff; border-color: #ffffff;}i.fb-icon-element.fontawesome-icon.fb-icon-element-1:hover { color: #006753; background-color: #ffffff; border-color: #ffffff;}<\/style><style type=\"text\/css\"><\/style><div class=\"fusion-title title fusion-title-4 sep-underline sep-solid fusion-title-center fusion-title-text fusion-title-size-three\" style=\"border-bottom-color:#e0dede;margin-top:0px;margin-right:0px;margin-bottom:30px;margin-left:0px;\"><h3 class=\"title-heading-center fusion-responsive-typography-calculated\" style=\"margin:0;--fontSize:17;line-height:1.41;\"><span class=\"titUbica\">Comercio<\/span><\/h3><\/div><div class=\"fusion-text fusion-text-3\"><p style=\"text-align: center;\">Mayorca, Viva Envigado, Mall Gran Plaza, Mall Itag\u00fc\u00ed Plaza, Centro de la Moda<\/p>\n<\/div><div class=\"fusion-text fusion-text-4\"><p style=\"text-align: center;\">Euro, \u00c9xito, Supermercado Metro, Flamingo, Central Mayorista y Surtimax, Justo y Bueno, D1<\/p>\n<\/div><div class=\"fusion-clearfix\"><\/div><\/div><\/div><div class=\"fusion-layout-column fusion_builder_column fusion-builder-column-3 fusion_builder_column_1_2 1_2 fusion-one-half fusion-column-last\" style=\"width:50%;width:calc(50% - ( ( 4% ) * 0.5 ) );margin-top:0px;margin-bottom:20px;\"><div class=\"fusion-column-wrapper fusion-flex-column-wrapper-legacy\" style=\"background-position:left top;background-repeat:no-repeat;-webkit-background-size:cover;-moz-background-size:cover;-o-background-size:cover;background-size:cover;padding: 0px 0px 0px 0px;\"><div class=\"fusion-fa-align-center\"><i class=\"fb-icon-element-2 fb-icon-element fontawesome-icon fa fa-plus-square circle-yes\" style=\"font-size:26.4px;line-height:50.8px;height:52.8px;width:52.8px;border-width:1px;\"><\/i><\/div><style>i.fb-icon-element.fontawesome-icon.fb-icon-element-2{ color: #006753; background-color: #ffffff; border-color: #ffffff;}i.fb-icon-element.fontawesome-icon.fb-icon-element-2:hover { color: #006753; background-color: #ffffff; border-color: #ffffff;}<\/style><style type=\"text\/css\"><\/style><div class=\"fusion-title title fusion-title-5 sep-underline sep-solid fusion-title-center fusion-title-text fusion-title-size-three\" style=\"border-bottom-color:#e0dede;margin-top:0px;margin-right:0px;margin-bottom:30px;margin-left:0px;\"><h3 class=\"title-heading-center fusion-responsive-typography-calculated\" style=\"margin:0;--fontSize:17;line-height:1.41;\"><span class=\"titUbica\">Salud<\/span><\/h3><\/div><div class=\"fusion-text fusion-text-5\"><p style=\"text-align: center;\">Cl\u00ednica Antioquia, Cl\u00ednica Humanitas y Hospital San Rafael 1 y 2<\/p>\n<\/div><div class=\"fusion-clearfix\"><\/div><\/div><\/div><div class=\"fusion-layout-column fusion_builder_column fusion-builder-column-4 fusion_builder_column_1_2 1_2 fusion-one-half fusion-column-first\" style=\"width:50%;width:calc(50% - ( ( 4% ) * 0.5 ) );margin-right: 4%;margin-top:0px;margin-bottom:20px;\"><div class=\"fusion-column-wrapper fusion-flex-column-wrapper-legacy\" style=\"background-position:left top;background-repeat:no-repeat;-webkit-background-size:cover;-moz-background-size:cover;-o-background-size:cover;background-size:cover;padding: 0px 0px 0px 0px;\"><div class=\"fusion-fa-align-center\"><i class=\"fb-icon-element-3 fb-icon-element fontawesome-icon fa fa-graduation-cap circle-yes\" style=\"font-size:26.4px;line-height:50.8px;height:52.8px;width:52.8px;border-width:1px;\"><\/i><\/div><style>i.fb-icon-element.fontawesome-icon.fb-icon-element-3{ color: #006753; background-color: #ffffff; border-color: #ffffff;}i.fb-icon-element.fontawesome-icon.fb-icon-element-3:hover { color: #006753; background-color: #ffffff; border-color: #ffffff;}<\/style><style type=\"text\/css\"><\/style><div class=\"fusion-title title fusion-title-6 sep-underline sep-solid fusion-title-center fusion-title-text fusion-title-size-three\" style=\"border-bottom-color:#e0dede;margin-top:0px;margin-right:0px;margin-bottom:30px;margin-left:0px;\"><h3 class=\"title-heading-center fusion-responsive-typography-calculated\" style=\"margin:0;--fontSize:17;line-height:1.41;\"><span class=\"titUbica\">Instituciones educativas<\/span><\/h3><\/div><div class=\"fusion-text fusion-text-6\"><p style=\"text-align: center;\">Cristo Rey, La Inmaculada, Nueva Generaci\u00f3n, Diego Echavarr\u00eda y El Rosario<\/p>\n<\/div><div class=\"fusion-text fusion-text-7\"><p style=\"text-align: center;\">Educaci\u00f3n t\u00e9cnica Laboral CENSA y Corporaci\u00f3n Universitaria de Colombia IDEAS<\/p>\n<\/div><div class=\"fusion-clearfix\"><\/div><\/div><\/div><div class=\"fusion-layout-column fusion_builder_column fusion-builder-column-5 fusion_builder_column_1_2 1_2 fusion-one-half fusion-column-last\" style=\"width:50%;width:calc(50% - ( ( 4% ) * 0.5 ) );margin-top:0px;margin-bottom:20px;\"><div class=\"fusion-column-wrapper fusion-flex-column-wrapper-legacy\" style=\"background-position:left top;background-repeat:no-repeat;-webkit-background-size:cover;-moz-background-size:cover;-o-background-size:cover;background-size:cover;padding: 0px 0px 0px 0px;\"><div class=\"fusion-fa-align-center\"><i class=\"fb-icon-element-4 fb-icon-element fontawesome-icon fa-university fas circle-yes\" style=\"font-size:26.4px;line-height:50.8px;height:52.8px;width:52.8px;border-width:1px;\"><\/i><\/div><style>i.fb-icon-element.fontawesome-icon.fb-icon-element-4{ color: #006753; background-color: #ffffff; border-color: #ffffff;}i.fb-icon-element.fontawesome-icon.fb-icon-element-4:hover { color: #006753; background-color: #ffffff; border-color: #ffffff;}<\/style><style type=\"text\/css\"><\/style><div class=\"fusion-title title fusion-title-7 sep-underline sep-solid fusion-title-center fusion-title-text fusion-title-size-three\" style=\"border-bottom-color:#e0dede;margin-top:0px;margin-right:0px;margin-bottom:30px;margin-left:0px;\"><h3 class=\"title-heading-center fusion-responsive-typography-calculated\" style=\"margin:0;--fontSize:17;line-height:1.41;\"><span class=\"titUbica\">Entidades financieras<\/span><\/h3><\/div><div class=\"fusion-text fusion-text-8\"><p style=\"text-align: center;\">Bancolombia, Banco de Bogot\u00e1, Banco Caja Social, GNB Sudameris, Banco Pichincha, Davivienda, Colpatria, BBVA, Ita\u00fa<\/p>\n<\/div><div class=\"fusion-clearfix\"><\/div><\/div><\/div><div class=\"fusion-layout-column fusion_builder_column fusion-builder-column-6 fusion_builder_column_1_1 1_1 fusion-one-full fusion-column-first fusion-column-last\" style=\"margin-top:0px;margin-bottom:20px;\"><div class=\"fusion-column-wrapper fusion-flex-column-wrapper-legacy\" style=\"background-position:left top;background-repeat:no-repeat;-webkit-background-size:cover;-moz-background-size:cover;-o-background-size:cover;background-size:cover;padding: 0px 0px 0px 0px;\"><div class=\"fusion-text fusion-text-9\"><h3 class=\"txtVerde\">\u00bfM\u00e1s informaci\u00f3n? Recibe el brochure del proyecto completando los siguientes datos:<\/h3>\n<\/div><iframe class=\"iframe-formulario\" src=\"https:\/\/cloud.marketing.bienesybienes.com\/herbariobyb\" width=\"100%\" style=\"border:0;\"><\/iframe><div class=\"fusion-text fusion-text-10\"><div class=\"btnNextPage alignright\"><a href=\"https:\/\/bienesybienes.com\/portal\/herbario-locales-itagui\/fotos-del-proyecto\/\" title=\"Fotos del proyecto y 360\u00b0\">Siguiente: Fotos del proyecto y 360\u00b0  <i class=\"fa fa-arrow-right\" aria-hidden=\"true\"><\/i><\/a><\/div>\n<\/div><div class=\"fusion-clearfix\"><\/div><\/div><\/div><div class=\"fusion-layout-column fusion_builder_column fusion-builder-column-7 fusion_builder_column_1_1 1_1 fusion-one-full fusion-column-first fusion-column-last ocult\" style=\"margin-top:0px;margin-bottom:20px;\"><div class=\"fusion-column-wrapper fusion-flex-column-wrapper-legacy\" style=\"background-position:left top;background-repeat:no-repeat;-webkit-background-size:cover;-moz-background-size:cover;-o-background-size:cover;background-size:cover;padding: 0px 0px 0px 0px;\"><div class=\"fusion-text fusion-text-11\"><h3 class=\"txtVerde\">\u00bfM\u00e1s informaci\u00f3n? Recibe el brochure del proyecto completando los siguientes datos:<\/h3>\n<\/div><div class=\"fusion-text fusion-text-12\"><p><!-- &#091;if lte IE 8&#093;>\n<script charset=\"utf-8\" type=\"text\/javascript\" src=\"\/\/js.hsforms.net\/forms\/v2-legacy.js\"><\/script>\n<!&#091;endif&#093;--><br \/>\n<script charset=\"utf-8\" type=\"text\/javascript\" src=\"\/\/js.hsforms.net\/forms\/v2.js\"><\/script><br \/>\n<script>\n  hbspt.forms.create({\n\tregion: \"na1\",\n\tportalId: \"4330723\",\n\tformId: \"89655f3d-1f3b-4f79-a47e-79b97a90cbc1\"\n});\n<\/script><\/p>\n<\/div><div class=\"fusion-text fusion-text-13\"><div class=\"btnNextPage alignright\"><a href=\"https:\/\/bienesybienes.com\/portal\/herbario-locales-itagui\/fotos-del-proyecto\/\" title=\"Fotos del proyecto y 360\u00b0\">Siguiente: Fotos del proyecto y 360\u00b0  <i class=\"fa fa-arrow-right\" aria-hidden=\"true\"><\/i><\/a><\/div>\n<\/div><div class=\"fusion-clearfix\"><\/div><\/div><\/div><\/div><\/div><\/p>\n","protected":false},"excerpt":{"rendered":"","protected":false},"author":9,"featured_media":31394,"parent":0,"menu_order":0,"comment_status":"closed","ping_status":"closed","template":"side-navigation.php","meta":{"content-type":"","om_disable_all_campaigns":false,"_mi_skip_tracking":false},"aioseo_notices":[],"yoast_head":"<!-- This site is optimized with the Yoast SEO plugin v18.0 - https:\/\/yoast.com\/wordpress\/plugins\/seo\/ -->\n<title>Herbario Locales I Proyectos de Locales Comerciales en Itag\u00fc\u00ed<\/title>\n<meta name=\"description\" content=\"Herbario Locales I Proyectos de Locales Comerciales en Itag\u00fc\u00ed, Sector Reservas V\u00eda Metropl\u00fas\" \/>\n<meta name=\"robots\" content=\"index, follow, max-snippet:-1, max-image-preview:large, max-video-preview:-1\" \/>\n<link rel=\"canonical\" href=\"https:\/\/bienesybienes.com\/portal\/herbario-locales-itagui\/\" \/>\n<meta property=\"og:locale\" content=\"es_ES\" \/>\n<meta property=\"og:type\" content=\"article\" \/>\n<meta property=\"og:title\" content=\"Herbario Locales I Proyectos de Locales Comerciales en Itag\u00fc\u00ed\" \/>\n<meta property=\"og:description\" content=\"Herbario Locales I Proyectos de Locales Comerciales en Itag\u00fc\u00ed, Sector Reservas V\u00eda Metropl\u00fas\" \/>\n<meta property=\"og:url\" content=\"https:\/\/bienesybienes.com\/portal\/herbario-locales-itagui\/\" \/>\n<meta property=\"og:site_name\" content=\"Bienes &amp; Bienes Constructores SA | Proyectos Inmobiliarios y Venta de Apartamentos Nuevos en Medell\u00edn\" \/>\n<meta property=\"article:publisher\" content=\"https:\/\/www.facebook.com\/BienesYBienesConstructores\/?fref=ts\" \/>\n<meta property=\"article:modified_time\" content=\"2025-11-18T14:33:31+00:00\" \/>\n<meta property=\"og:image\" content=\"https:\/\/bienesybienes.com\/portal\/wp-content\/uploads\/2025\/11\/HerbarioL6.jpg\" \/>\n\t<meta property=\"og:image:width\" content=\"2048\" \/>\n\t<meta property=\"og:image:height\" content=\"1536\" \/>\n\t<meta property=\"og:image:type\" content=\"image\/jpeg\" \/>\n<meta name=\"twitter:card\" content=\"summary\" \/>\n<meta name=\"twitter:label1\" content=\"Tiempo de lectura\" \/>\n\t<meta name=\"twitter:data1\" content=\"6 minutos\" \/>\n<script type=\"application\/ld+json\" class=\"yoast-schema-graph\">{\"@context\":\"https:\/\/schema.org\",\"@graph\":[{\"@type\":\"WebSite\",\"@id\":\"https:\/\/bienesybienes.com\/portal\/#website\",\"url\":\"https:\/\/bienesybienes.com\/portal\/\",\"name\":\"Bienes &amp; Bienes Constructores SA | Proyectos Inmobiliarios y Venta de Apartamentos Nuevos en Medell\u00edn\",\"description\":\"C\u00e1mbulo, apartamentos en venta desde 290 millones ubicados Rionegro, sector BarroBlanco.\",\"potentialAction\":[{\"@type\":\"SearchAction\",\"target\":{\"@type\":\"EntryPoint\",\"urlTemplate\":\"https:\/\/bienesybienes.com\/portal\/?s={search_term_string}\"},\"query-input\":\"required name=search_term_string\"}],\"inLanguage\":\"es\"},{\"@type\":\"ImageObject\",\"@id\":\"https:\/\/bienesybienes.com\/portal\/herbario-locales-itagui\/#primaryimage\",\"inLanguage\":\"es\",\"url\":\"https:\/\/bienesybienes.com\/portal\/wp-content\/uploads\/2025\/11\/HerbarioL6.jpg\",\"contentUrl\":\"https:\/\/bienesybienes.com\/portal\/wp-content\/uploads\/2025\/11\/HerbarioL6.jpg\",\"width\":2048,\"height\":1536},{\"@type\":\"WebPage\",\"@id\":\"https:\/\/bienesybienes.com\/portal\/herbario-locales-itagui\/#webpage\",\"url\":\"https:\/\/bienesybienes.com\/portal\/herbario-locales-itagui\/\",\"name\":\"Herbario Locales I Proyectos de Locales Comerciales en Itag\u00fc\u00ed\",\"isPartOf\":{\"@id\":\"https:\/\/bienesybienes.com\/portal\/#website\"},\"primaryImageOfPage\":{\"@id\":\"https:\/\/bienesybienes.com\/portal\/herbario-locales-itagui\/#primaryimage\"},\"datePublished\":\"2025-11-13T17:34:45+00:00\",\"dateModified\":\"2025-11-18T14:33:31+00:00\",\"description\":\"Herbario Locales I Proyectos de Locales Comerciales en Itag\u00fc\u00ed, Sector Reservas V\u00eda Metropl\u00fas\",\"breadcrumb\":{\"@id\":\"https:\/\/bienesybienes.com\/portal\/herbario-locales-itagui\/#breadcrumb\"},\"inLanguage\":\"es\",\"potentialAction\":[{\"@type\":\"ReadAction\",\"target\":[\"https:\/\/bienesybienes.com\/portal\/herbario-locales-itagui\/\"]}]},{\"@type\":\"BreadcrumbList\",\"@id\":\"https:\/\/bienesybienes.com\/portal\/herbario-locales-itagui\/#breadcrumb\",\"itemListElement\":[{\"@type\":\"ListItem\",\"position\":1,\"name\":\"Portada\",\"item\":\"https:\/\/bienesybienes.com\/portal\/\"},{\"@type\":\"ListItem\",\"position\":2,\"name\":\"Herbario Locales\"}]}]}<\/script>\n<!-- \/ Yoast SEO plugin. -->","yoast_head_json":{"title":"Herbario Locales I Proyectos de Locales Comerciales en Itag\u00fc\u00ed","description":"Herbario Locales I Proyectos de Locales Comerciales en Itag\u00fc\u00ed, Sector Reservas V\u00eda Metropl\u00fas","robots":{"index":"index","follow":"follow","max-snippet":"max-snippet:-1","max-image-preview":"max-image-preview:large","max-video-preview":"max-video-preview:-1"},"canonical":"https:\/\/bienesybienes.com\/portal\/herbario-locales-itagui\/","og_locale":"es_ES","og_type":"article","og_title":"Herbario Locales I Proyectos de Locales Comerciales en Itag\u00fc\u00ed","og_description":"Herbario Locales I Proyectos de Locales Comerciales en Itag\u00fc\u00ed, Sector Reservas V\u00eda Metropl\u00fas","og_url":"https:\/\/bienesybienes.com\/portal\/herbario-locales-itagui\/","og_site_name":"Bienes &amp; Bienes Constructores SA | Proyectos Inmobiliarios y Venta de Apartamentos Nuevos en Medell\u00edn","article_publisher":"https:\/\/www.facebook.com\/BienesYBienesConstructores\/?fref=ts","article_modified_time":"2025-11-18T14:33:31+00:00","og_image":[{"width":2048,"height":1536,"url":"https:\/\/bienesybienes.com\/portal\/wp-content\/uploads\/2025\/11\/HerbarioL6.jpg","type":"image\/jpeg"}],"twitter_card":"summary","twitter_misc":{"Tiempo de lectura":"6 minutos"},"schema":{"@context":"https:\/\/schema.org","@graph":[{"@type":"WebSite","@id":"https:\/\/bienesybienes.com\/portal\/#website","url":"https:\/\/bienesybienes.com\/portal\/","name":"Bienes &amp; Bienes Constructores SA | Proyectos Inmobiliarios y Venta de Apartamentos Nuevos en Medell\u00edn","description":"C\u00e1mbulo, apartamentos en venta desde 290 millones ubicados Rionegro, sector BarroBlanco.","potentialAction":[{"@type":"SearchAction","target":{"@type":"EntryPoint","urlTemplate":"https:\/\/bienesybienes.com\/portal\/?s={search_term_string}"},"query-input":"required name=search_term_string"}],"inLanguage":"es"},{"@type":"ImageObject","@id":"https:\/\/bienesybienes.com\/portal\/herbario-locales-itagui\/#primaryimage","inLanguage":"es","url":"https:\/\/bienesybienes.com\/portal\/wp-content\/uploads\/2025\/11\/HerbarioL6.jpg","contentUrl":"https:\/\/bienesybienes.com\/portal\/wp-content\/uploads\/2025\/11\/HerbarioL6.jpg","width":2048,"height":1536},{"@type":"WebPage","@id":"https:\/\/bienesybienes.com\/portal\/herbario-locales-itagui\/#webpage","url":"https:\/\/bienesybienes.com\/portal\/herbario-locales-itagui\/","name":"Herbario Locales I Proyectos de Locales Comerciales en Itag\u00fc\u00ed","isPartOf":{"@id":"https:\/\/bienesybienes.com\/portal\/#website"},"primaryImageOfPage":{"@id":"https:\/\/bienesybienes.com\/portal\/herbario-locales-itagui\/#primaryimage"},"datePublished":"2025-11-13T17:34:45+00:00","dateModified":"2025-11-18T14:33:31+00:00","description":"Herbario Locales I Proyectos de Locales Comerciales en Itag\u00fc\u00ed, Sector Reservas V\u00eda Metropl\u00fas","breadcrumb":{"@id":"https:\/\/bienesybienes.com\/portal\/herbario-locales-itagui\/#breadcrumb"},"inLanguage":"es","potentialAction":[{"@type":"ReadAction","target":["https:\/\/bienesybienes.com\/portal\/herbario-locales-itagui\/"]}]},{"@type":"BreadcrumbList","@id":"https:\/\/bienesybienes.com\/portal\/herbario-locales-itagui\/#breadcrumb","itemListElement":[{"@type":"ListItem","position":1,"name":"Portada","item":"https:\/\/bienesybienes.com\/portal\/"},{"@type":"ListItem","position":2,"name":"Herbario Locales"}]}]}},"_links":{"self":[{"href":"https:\/\/bienesybienes.com\/portal\/wp-json\/wp\/v2\/pages\/31395"}],"collection":[{"href":"https:\/\/bienesybienes.com\/portal\/wp-json\/wp\/v2\/pages"}],"about":[{"href":"https:\/\/bienesybienes.com\/portal\/wp-json\/wp\/v2\/types\/page"}],"author":[{"embeddable":true,"href":"https:\/\/bienesybienes.com\/portal\/wp-json\/wp\/v2\/users\/9"}],"replies":[{"embeddable":true,"href":"https:\/\/bienesybienes.com\/portal\/wp-json\/wp\/v2\/comments?post=31395"}],"version-history":[{"count":3,"href":"https:\/\/bienesybienes.com\/portal\/wp-json\/wp\/v2\/pages\/31395\/revisions"}],"predecessor-version":[{"id":31414,"href":"https:\/\/bienesybienes.com\/portal\/wp-json\/wp\/v2\/pages\/31395\/revisions\/31414"}],"wp:featuredmedia":[{"embeddable":true,"href":"https:\/\/bienesybienes.com\/portal\/wp-json\/wp\/v2\/media\/31394"}],"wp:attachment":[{"href":"https:\/\/bienesybienes.com\/portal\/wp-json\/wp\/v2\/media?parent=31395"}],"curies":[{"name":"wp","href":"https:\/\/api.w.org\/{rel}","templated":true}]}}