{"id":31415,"date":"2025-11-18T09:57:25","date_gmt":"2025-11-18T14:57:25","guid":{"rendered":"https:\/\/bienesybienes.com\/portal\/?page_id=31415"},"modified":"2025-11-18T09:57:25","modified_gmt":"2025-11-18T14:57:25","slug":"fotos-del-proyecto","status":"publish","type":"page","link":"https:\/\/bienesybienes.com\/portal\/herbario-locales-itagui\/fotos-del-proyecto\/","title":{"rendered":"Fotos del proyecto y 360\u00b0"},"content":{"rendered":"<p><div class=\"fusion-fullwidth fullwidth-box fusion-builder-row-1 nonhundred-percent-fullwidth non-hundred-percent-height-scrolling\" style=\"background-color: #ffffff;background-position: center center;background-repeat: no-repeat;padding-top:20px;padding-right:0px;padding-bottom:20px;padding-left:0px;margin-bottom: 0px;margin-top: 0px;border-width: 0px 0px 0px 0px;border-color:#eae9e9;border-style:solid;\" ><div class=\"fusion-builder-row fusion-row\"><div class=\"fusion-layout-column fusion_builder_column fusion-builder-column-0 fusion_builder_column_1_1 1_1 fusion-one-full fusion-column-first fusion-column-last\" style=\"margin-top:0px;margin-bottom:20px;\"><div class=\"fusion-column-wrapper fusion-flex-column-wrapper-legacy\" style=\"background-position:left top;background-repeat:no-repeat;-webkit-background-size:cover;-moz-background-size:cover;-o-background-size:cover;background-size:cover;padding: 0px 0px 0px 0px;\"><div class=\"fusion-text fusion-text-1\"><h2 style=\"text-align: center;\">Fotos Herbario Locales Comerciales en Itag\u00fc\u00ed<\/h2>\n<\/div><div class=\"fusion-text fusion-text-2\"><h5 style=\"text-align: center;\">Las im\u00e1genes son de referencia, contienen apreciaciones art\u00edsticas que pueden tener variaciones.<\/h5>\n<\/div><style type=\"text\/css\"><\/style><div class=\"fusion-title title fusion-title-1 fusion-title-center fusion-title-text fusion-title-size-two\" style=\"font-size:24px;margin-top:0px;margin-right:0px;margin-bottom:30px;margin-left:0px;\"><div class=\"title-sep-container title-sep-container-left\"><div class=\"title-sep sep-single sep-solid\" style=\"border-color:#e0dede;\"><\/div><\/div><h2 class=\"title-heading-center fusion-responsive-typography-calculated\" style=\"margin:0;font-size:1em;--fontSize:24;line-height:1.5;\">Renders<\/h2><div class=\"title-sep-container title-sep-container-right\"><div class=\"title-sep sep-single sep-solid\" style=\"border-color:#e0dede;\"><\/div><\/div><\/div><div class=\"fusion-image-carousel fusion-image-carousel-auto lightbox-enabled fusion-carousel-border\"><div class=\"fusion-carousel\" data-autoplay=\"no\" data-columns=\"3\" data-itemmargin=\"13\" data-itemwidth=\"180\" data-touchscroll=\"no\" data-imagesize=\"auto\"><div class=\"fusion-carousel-positioner\"><ul class=\"fusion-carousel-holder\"><li class=\"fusion-carousel-item\"><div class=\"fusion-carousel-item-wrapper\"><div class=\"fusion-image-wrapper hover-type-none\"><a data-rel=\"iLightbox[image_carousel_1]\" data-title=\"HerbarioL1\" aria-label=\"HerbarioL1\" href=\"https:\/\/bienesybienes.com\/portal\/wp-content\/uploads\/2025\/11\/HerbarioL1.jpg\" target=\"_self\"><img width=\"2048\" height=\"1536\" src=\"https:\/\/bienesybienes.com\/portal\/wp-content\/uploads\/2025\/11\/HerbarioL1.jpg\" class=\"attachment-full size-full lazyload\" alt=\"RENDERS HERBARIO LOCALES\" srcset=\"data:image\/svg+xml,%3Csvg%20xmlns%3D%27http%3A%2F%2Fwww.w3.org%2F2000%2Fsvg%27%20width%3D%272048%27%20height%3D%271536%27%20viewBox%3D%270%200%202048%201536%27%3E%3Crect%20width%3D%272048%27%20height%3D%271536%27%20fill-opacity%3D%220%22%2F%3E%3C%2Fsvg%3E\" data-orig-src=\"https:\/\/bienesybienes.com\/portal\/wp-content\/uploads\/2025\/11\/HerbarioL1.jpg\" data-srcset=\"https:\/\/bienesybienes.com\/portal\/wp-content\/uploads\/2025\/11\/HerbarioL1-200x150.jpg 200w, https:\/\/bienesybienes.com\/portal\/wp-content\/uploads\/2025\/11\/HerbarioL1-400x300.jpg 400w, https:\/\/bienesybienes.com\/portal\/wp-content\/uploads\/2025\/11\/HerbarioL1-600x450.jpg 600w, https:\/\/bienesybienes.com\/portal\/wp-content\/uploads\/2025\/11\/HerbarioL1-800x600.jpg 800w, https:\/\/bienesybienes.com\/portal\/wp-content\/uploads\/2025\/11\/HerbarioL1-1200x900.jpg 1200w, https:\/\/bienesybienes.com\/portal\/wp-content\/uploads\/2025\/11\/HerbarioL1.jpg 2048w\" data-sizes=\"auto\" \/><\/a><\/div><\/div><\/li><li class=\"fusion-carousel-item\"><div class=\"fusion-carousel-item-wrapper\"><div class=\"fusion-image-wrapper hover-type-none\"><a data-rel=\"iLightbox[image_carousel_1]\" data-title=\"HerbarioL2\" aria-label=\"HerbarioL2\" href=\"https:\/\/bienesybienes.com\/portal\/wp-content\/uploads\/2025\/11\/HerbarioL2.jpg\" target=\"_self\"><img width=\"2048\" height=\"1536\" src=\"https:\/\/bienesybienes.com\/portal\/wp-content\/uploads\/2025\/11\/HerbarioL2.jpg\" class=\"attachment-full size-full lazyload\" alt=\"RENDERS HERBARIO LOCALES\" srcset=\"data:image\/svg+xml,%3Csvg%20xmlns%3D%27http%3A%2F%2Fwww.w3.org%2F2000%2Fsvg%27%20width%3D%272048%27%20height%3D%271536%27%20viewBox%3D%270%200%202048%201536%27%3E%3Crect%20width%3D%272048%27%20height%3D%271536%27%20fill-opacity%3D%220%22%2F%3E%3C%2Fsvg%3E\" data-orig-src=\"https:\/\/bienesybienes.com\/portal\/wp-content\/uploads\/2025\/11\/HerbarioL2.jpg\" data-srcset=\"https:\/\/bienesybienes.com\/portal\/wp-content\/uploads\/2025\/11\/HerbarioL2-200x150.jpg 200w, https:\/\/bienesybienes.com\/portal\/wp-content\/uploads\/2025\/11\/HerbarioL2-400x300.jpg 400w, https:\/\/bienesybienes.com\/portal\/wp-content\/uploads\/2025\/11\/HerbarioL2-600x450.jpg 600w, https:\/\/bienesybienes.com\/portal\/wp-content\/uploads\/2025\/11\/HerbarioL2-800x600.jpg 800w, https:\/\/bienesybienes.com\/portal\/wp-content\/uploads\/2025\/11\/HerbarioL2-1200x900.jpg 1200w, https:\/\/bienesybienes.com\/portal\/wp-content\/uploads\/2025\/11\/HerbarioL2.jpg 2048w\" data-sizes=\"auto\" \/><\/a><\/div><\/div><\/li><li class=\"fusion-carousel-item\"><div class=\"fusion-carousel-item-wrapper\"><div class=\"fusion-image-wrapper hover-type-none\"><a data-rel=\"iLightbox[image_carousel_1]\" data-title=\"HerbarioL3\" aria-label=\"HerbarioL3\" href=\"https:\/\/bienesybienes.com\/portal\/wp-content\/uploads\/2025\/11\/HerbarioL3.jpg\" target=\"_self\"><img width=\"2048\" height=\"1536\" src=\"https:\/\/bienesybienes.com\/portal\/wp-content\/uploads\/2025\/11\/HerbarioL3.jpg\" class=\"attachment-full size-full lazyload\" alt=\"RENDERS HERBARIO LOCALES\" srcset=\"data:image\/svg+xml,%3Csvg%20xmlns%3D%27http%3A%2F%2Fwww.w3.org%2F2000%2Fsvg%27%20width%3D%272048%27%20height%3D%271536%27%20viewBox%3D%270%200%202048%201536%27%3E%3Crect%20width%3D%272048%27%20height%3D%271536%27%20fill-opacity%3D%220%22%2F%3E%3C%2Fsvg%3E\" data-orig-src=\"https:\/\/bienesybienes.com\/portal\/wp-content\/uploads\/2025\/11\/HerbarioL3.jpg\" data-srcset=\"https:\/\/bienesybienes.com\/portal\/wp-content\/uploads\/2025\/11\/HerbarioL3-200x150.jpg 200w, https:\/\/bienesybienes.com\/portal\/wp-content\/uploads\/2025\/11\/HerbarioL3-400x300.jpg 400w, https:\/\/bienesybienes.com\/portal\/wp-content\/uploads\/2025\/11\/HerbarioL3-600x450.jpg 600w, https:\/\/bienesybienes.com\/portal\/wp-content\/uploads\/2025\/11\/HerbarioL3-800x600.jpg 800w, https:\/\/bienesybienes.com\/portal\/wp-content\/uploads\/2025\/11\/HerbarioL3-1200x900.jpg 1200w, https:\/\/bienesybienes.com\/portal\/wp-content\/uploads\/2025\/11\/HerbarioL3.jpg 2048w\" data-sizes=\"auto\" \/><\/a><\/div><\/div><\/li><li class=\"fusion-carousel-item\"><div class=\"fusion-carousel-item-wrapper\"><div class=\"fusion-image-wrapper hover-type-none\"><a data-rel=\"iLightbox[image_carousel_1]\" data-title=\"HerbarioL4\" aria-label=\"HerbarioL4\" href=\"https:\/\/bienesybienes.com\/portal\/wp-content\/uploads\/2025\/11\/HerbarioL4.jpg\" target=\"_self\"><img width=\"2048\" height=\"1536\" src=\"https:\/\/bienesybienes.com\/portal\/wp-content\/uploads\/2025\/11\/HerbarioL4.jpg\" class=\"attachment-full size-full lazyload\" alt=\"RENDERS HERBARIO LOCALES\" srcset=\"data:image\/svg+xml,%3Csvg%20xmlns%3D%27http%3A%2F%2Fwww.w3.org%2F2000%2Fsvg%27%20width%3D%272048%27%20height%3D%271536%27%20viewBox%3D%270%200%202048%201536%27%3E%3Crect%20width%3D%272048%27%20height%3D%271536%27%20fill-opacity%3D%220%22%2F%3E%3C%2Fsvg%3E\" data-orig-src=\"https:\/\/bienesybienes.com\/portal\/wp-content\/uploads\/2025\/11\/HerbarioL4.jpg\" data-srcset=\"https:\/\/bienesybienes.com\/portal\/wp-content\/uploads\/2025\/11\/HerbarioL4-200x150.jpg 200w, https:\/\/bienesybienes.com\/portal\/wp-content\/uploads\/2025\/11\/HerbarioL4-400x300.jpg 400w, https:\/\/bienesybienes.com\/portal\/wp-content\/uploads\/2025\/11\/HerbarioL4-600x450.jpg 600w, https:\/\/bienesybienes.com\/portal\/wp-content\/uploads\/2025\/11\/HerbarioL4-800x600.jpg 800w, https:\/\/bienesybienes.com\/portal\/wp-content\/uploads\/2025\/11\/HerbarioL4-1200x900.jpg 1200w, https:\/\/bienesybienes.com\/portal\/wp-content\/uploads\/2025\/11\/HerbarioL4.jpg 2048w\" data-sizes=\"auto\" \/><\/a><\/div><\/div><\/li><li class=\"fusion-carousel-item\"><div class=\"fusion-carousel-item-wrapper\"><div class=\"fusion-image-wrapper hover-type-none\"><a data-rel=\"iLightbox[image_carousel_1]\" data-title=\"HerbarioL5\" aria-label=\"HerbarioL5\" href=\"https:\/\/bienesybienes.com\/portal\/wp-content\/uploads\/2025\/11\/HerbarioL5.jpg\" target=\"_self\"><img width=\"2048\" height=\"1536\" src=\"https:\/\/bienesybienes.com\/portal\/wp-content\/uploads\/2025\/11\/HerbarioL5.jpg\" class=\"attachment-full size-full lazyload\" alt=\"RENDERS HERBARIO LOCALES\" srcset=\"data:image\/svg+xml,%3Csvg%20xmlns%3D%27http%3A%2F%2Fwww.w3.org%2F2000%2Fsvg%27%20width%3D%272048%27%20height%3D%271536%27%20viewBox%3D%270%200%202048%201536%27%3E%3Crect%20width%3D%272048%27%20height%3D%271536%27%20fill-opacity%3D%220%22%2F%3E%3C%2Fsvg%3E\" data-orig-src=\"https:\/\/bienesybienes.com\/portal\/wp-content\/uploads\/2025\/11\/HerbarioL5.jpg\" data-srcset=\"https:\/\/bienesybienes.com\/portal\/wp-content\/uploads\/2025\/11\/HerbarioL5-200x150.jpg 200w, https:\/\/bienesybienes.com\/portal\/wp-content\/uploads\/2025\/11\/HerbarioL5-400x300.jpg 400w, https:\/\/bienesybienes.com\/portal\/wp-content\/uploads\/2025\/11\/HerbarioL5-600x450.jpg 600w, https:\/\/bienesybienes.com\/portal\/wp-content\/uploads\/2025\/11\/HerbarioL5-800x600.jpg 800w, https:\/\/bienesybienes.com\/portal\/wp-content\/uploads\/2025\/11\/HerbarioL5-1200x900.jpg 1200w, https:\/\/bienesybienes.com\/portal\/wp-content\/uploads\/2025\/11\/HerbarioL5.jpg 2048w\" data-sizes=\"auto\" \/><\/a><\/div><\/div><\/li><li class=\"fusion-carousel-item\"><div class=\"fusion-carousel-item-wrapper\"><div class=\"fusion-image-wrapper hover-type-none\"><a data-rel=\"iLightbox[image_carousel_1]\" data-title=\"HerbarioL6\" aria-label=\"HerbarioL6\" href=\"https:\/\/bienesybienes.com\/portal\/wp-content\/uploads\/2025\/11\/HerbarioL6.jpg\" target=\"_self\"><img width=\"2048\" height=\"1536\" src=\"https:\/\/bienesybienes.com\/portal\/wp-content\/uploads\/2025\/11\/HerbarioL6.jpg\" class=\"attachment-full size-full lazyload\" alt=\"RENDERS HERBARIO LOCALES\" srcset=\"data:image\/svg+xml,%3Csvg%20xmlns%3D%27http%3A%2F%2Fwww.w3.org%2F2000%2Fsvg%27%20width%3D%272048%27%20height%3D%271536%27%20viewBox%3D%270%200%202048%201536%27%3E%3Crect%20width%3D%272048%27%20height%3D%271536%27%20fill-opacity%3D%220%22%2F%3E%3C%2Fsvg%3E\" data-orig-src=\"https:\/\/bienesybienes.com\/portal\/wp-content\/uploads\/2025\/11\/HerbarioL6.jpg\" data-srcset=\"https:\/\/bienesybienes.com\/portal\/wp-content\/uploads\/2025\/11\/HerbarioL6-200x150.jpg 200w, https:\/\/bienesybienes.com\/portal\/wp-content\/uploads\/2025\/11\/HerbarioL6-400x300.jpg 400w, https:\/\/bienesybienes.com\/portal\/wp-content\/uploads\/2025\/11\/HerbarioL6-600x450.jpg 600w, https:\/\/bienesybienes.com\/portal\/wp-content\/uploads\/2025\/11\/HerbarioL6-800x600.jpg 800w, https:\/\/bienesybienes.com\/portal\/wp-content\/uploads\/2025\/11\/HerbarioL6-1200x900.jpg 1200w, https:\/\/bienesybienes.com\/portal\/wp-content\/uploads\/2025\/11\/HerbarioL6.jpg 2048w\" data-sizes=\"auto\" \/><\/a><\/div><\/div><\/li><\/ul><div class=\"fusion-carousel-nav\"><span class=\"fusion-nav-prev\"><\/span><span class=\"fusion-nav-next\"><\/span><\/div><\/div><\/div><\/div><style type=\"text\/css\"><\/style><div class=\"fusion-title title fusion-title-2 fusion-title-center fusion-title-text fusion-title-size-two ocult\" style=\"font-size:25px;margin-top:0px;margin-right:0px;margin-bottom:30px;margin-left:0px;\"><div class=\"title-sep-container title-sep-container-left\"><div class=\"title-sep sep-single sep-solid\" style=\"border-color:#e0dede;\"><\/div><\/div><h2 class=\"title-heading-center fusion-responsive-typography-calculated\" style=\"margin:0;font-size:1em;--fontSize:25;line-height:1.5;\">Recorrido 360\u00b0 &#8211; 63 m<sup>2<\/sup><\/h2><div class=\"title-sep-container title-sep-container-right\"><div class=\"title-sep sep-single sep-solid\" style=\"border-color:#e0dede;\"><\/div><\/div><\/div><div class=\"fusion-text fusion-text-3 ocult\"><p><iframe style=\"width: 100%; height: 640px; border: none; max-width: 100%;\" src=\"https:\/\/kuula.co\/share\/collection\/7P6Kb?fs=1&amp;vr=1&amp;zoom=1&amp;thumbs=0&amp;alpha=0.60&amp;inst=es&amp;info=0&amp;logo=bWVkaWEvMTA3NjI2LzVmYmQtODQzOS00ZjBiLTk5ODgucG5n&amp;logosize=115\" width=\"100%\" height=\"640\" frameborder=\"0\" scrolling=\"no\" allowfullscreen=\"allowfullscreen\"><\/iframe><\/p>\n<\/div><div class=\"fusion-clearfix\"><\/div><\/div><\/div><\/div><\/div><div class=\"fusion-fullwidth fullwidth-box fusion-builder-row-2 nonhundred-percent-fullwidth non-hundred-percent-height-scrolling\" style=\"background-color: #ffffff;background-position: center center;background-repeat: no-repeat;padding-top:20px;padding-right:0px;padding-bottom:20px;padding-left:0px;margin-bottom: 0px;margin-top: 0px;border-width: 0px 0px 0px 0px;border-color:#eae9e9;border-style:solid;\" ><div class=\"fusion-builder-row fusion-row\"><div class=\"fusion-layout-column fusion_builder_column fusion-builder-column-1 fusion_builder_column_1_1 1_1 fusion-one-full fusion-column-first fusion-column-last\" style=\"margin-top:0px;margin-bottom:20px;\"><div class=\"fusion-column-wrapper fusion-flex-column-wrapper-legacy\" style=\"background-position:left top;background-repeat:no-repeat;-webkit-background-size:cover;-moz-background-size:cover;-o-background-size:cover;background-size:cover;padding: 0px 0px 0px 0px;\"><div class=\"fusion-text fusion-text-4\"><div class=\"fusion-no-small-visibility\">\n<div class=\"fusion-sep-clear\"><\/div>\n<div class=\"fusion-separator fusion-full-width-sep sep-single sep-solid\" style=\"border-color: #e0dede; border-top-width: 1px; margin: 20px auto 20px auto;\"><\/div>\n<div class=\"fusion-clearfix\"><\/div>\n<h3 class=\"txtVerde\">Recibe m\u00e1s informaci\u00f3n sobre este proyecto completando los siguientes datos:<\/h3>\n<\/div>\n<\/div><iframe class=\"iframe-formulario\" src=\"https:\/\/cloud.marketing.bienesybienes.com\/herbariobyb\" width=\"100%\" style=\"border:0;\"><\/iframe><div class=\"fusion-text fusion-text-5\"><div class=\"btnNextPage alignright\"><a href=\"https:\/\/bienesybienes.com\/portal\/herbario-locales-itagui\/planos-y-urbanismo\/\" title=\"Planos y urbanismo\">Siguiente: Planos y urbanismo  <i class=\"fa fa-arrow-right\" aria-hidden=\"true\"><\/i><\/a><\/div>\n<\/div><div class=\"fusion-clearfix\"><\/div><\/div><\/div><\/div><\/div><div class=\"fusion-fullwidth fullwidth-box fusion-builder-row-3 nonhundred-percent-fullwidth non-hundred-percent-height-scrolling\" style=\"background-color: #ffffff;background-position: center center;background-repeat: no-repeat;padding-top:20px;padding-right:0px;padding-bottom:20px;padding-left:0px;margin-bottom: 0px;margin-top: 0px;border-width: 0px 0px 0px 0px;border-color:#eae9e9;border-style:solid;\" ><div class=\"fusion-builder-row fusion-row\"><div class=\"fusion-layout-column fusion_builder_column fusion-builder-column-2 fusion_builder_column_1_1 1_1 fusion-one-full fusion-column-first fusion-column-last ocult\" style=\"margin-top:0px;margin-bottom:20px;\"><div class=\"fusion-column-wrapper fusion-flex-column-wrapper-legacy\" style=\"background-position:left top;background-repeat:no-repeat;-webkit-background-size:cover;-moz-background-size:cover;-o-background-size:cover;background-size:cover;padding: 0px 0px 0px 0px;\"><div class=\"fusion-text fusion-text-6\"><div class=\"fusion-no-small-visibility\">\n<div class=\"fusion-sep-clear\"><\/div>\n<div class=\"fusion-separator fusion-full-width-sep sep-single sep-solid\" style=\"border-color: #e0dede; border-top-width: 1px; margin: 20px auto 20px auto;\"><\/div>\n<div class=\"fusion-clearfix\"><\/div>\n<h3 class=\"txtVerde\">Recibe m\u00e1s informaci\u00f3n sobre este proyecto completando los siguientes datos:<\/h3>\n<\/div>\n<\/div><!--[if lte IE 8]>\n<script charset=\"utf-8\" type=\"text\/javascript\" src=\"\/\/js.hsforms.net\/forms\/v2-legacy.js\"><\/script>\n<![endif]-->\n<script charset=\"utf-8\" type=\"text\/javascript\" src=\"\/\/js.hsforms.net\/forms\/v2.js\"><\/script>\n<script>\n  hbspt.forms.create({\n\tregion: \"na1\",\n\tportalId: \"4330723\",\n\tformId: \"89655f3d-1f3b-4f79-a47e-79b97a90cbc1\"\n});\n<\/script><div class=\"fusion-text fusion-text-7\"><div class=\"btnNextPage alignright\"><a href=\"https:\/\/bienesybienes.com\/portal\/herbario-locales-itagui\/planos-y-urbanismo\/\" title=\"Planos y urbanismo\">Siguiente: Planos y urbanismo  <i class=\"fa fa-arrow-right\" aria-hidden=\"true\"><\/i><\/a><\/div>\n<\/div><div class=\"fusion-clearfix\"><\/div><\/div><\/div><\/div><\/div><\/p>\n","protected":false},"excerpt":{"rendered":"","protected":false},"author":9,"featured_media":0,"parent":31395,"menu_order":1,"comment_status":"closed","ping_status":"closed","template":"side-navigation.php","meta":{"content-type":"","om_disable_all_campaigns":false,"_mi_skip_tracking":false},"aioseo_notices":[],"yoast_head":"<!-- This site is optimized with the Yoast SEO plugin v18.0 - https:\/\/yoast.com\/wordpress\/plugins\/seo\/ -->\n<title>Fotos Herbario Locales I Proyectos de Vivienda I B&amp;B<\/title>\n<meta name=\"description\" content=\"Fotos Herbario Locales, proyecto liderado por Bienes &amp; Bienes en Itag\u00fc\u00ed, ven y con\u00f3cenos en el sur de la Ciudad y en\u00e1morate del proyecto.\" \/>\n<meta name=\"robots\" content=\"index, follow, max-snippet:-1, max-image-preview:large, max-video-preview:-1\" \/>\n<link rel=\"canonical\" href=\"https:\/\/bienesybienes.com\/portal\/herbario-locales-itagui\/fotos-del-proyecto\/\" \/>\n<meta property=\"og:locale\" content=\"es_ES\" \/>\n<meta property=\"og:type\" content=\"article\" \/>\n<meta property=\"og:title\" content=\"Fotos Herbario Locales I Proyectos de Vivienda I B&amp;B\" \/>\n<meta property=\"og:description\" content=\"Fotos Herbario Locales, proyecto liderado por Bienes &amp; Bienes en Itag\u00fc\u00ed, ven y con\u00f3cenos en el sur de la Ciudad y en\u00e1morate del proyecto.\" \/>\n<meta property=\"og:url\" content=\"https:\/\/bienesybienes.com\/portal\/herbario-locales-itagui\/fotos-del-proyecto\/\" \/>\n<meta property=\"og:site_name\" content=\"Bienes &amp; Bienes Constructores SA | Proyectos Inmobiliarios y Venta de Apartamentos Nuevos en Medell\u00edn\" \/>\n<meta property=\"article:publisher\" content=\"https:\/\/www.facebook.com\/BienesYBienesConstructores\/?fref=ts\" \/>\n<meta name=\"twitter:card\" content=\"summary\" \/>\n<meta name=\"twitter:label1\" content=\"Tiempo de lectura\" \/>\n\t<meta name=\"twitter:data1\" content=\"7 minutos\" \/>\n<script type=\"application\/ld+json\" class=\"yoast-schema-graph\">{\"@context\":\"https:\/\/schema.org\",\"@graph\":[{\"@type\":\"WebSite\",\"@id\":\"https:\/\/bienesybienes.com\/portal\/#website\",\"url\":\"https:\/\/bienesybienes.com\/portal\/\",\"name\":\"Bienes &amp; Bienes Constructores SA | Proyectos Inmobiliarios y Venta de Apartamentos Nuevos en Medell\u00edn\",\"description\":\"C\u00e1mbulo, apartamentos en venta desde 290 millones ubicados Rionegro, sector BarroBlanco.\",\"potentialAction\":[{\"@type\":\"SearchAction\",\"target\":{\"@type\":\"EntryPoint\",\"urlTemplate\":\"https:\/\/bienesybienes.com\/portal\/?s={search_term_string}\"},\"query-input\":\"required name=search_term_string\"}],\"inLanguage\":\"es\"},{\"@type\":\"WebPage\",\"@id\":\"https:\/\/bienesybienes.com\/portal\/herbario-locales-itagui\/fotos-del-proyecto\/#webpage\",\"url\":\"https:\/\/bienesybienes.com\/portal\/herbario-locales-itagui\/fotos-del-proyecto\/\",\"name\":\"Fotos Herbario Locales I Proyectos de Vivienda I B&B\",\"isPartOf\":{\"@id\":\"https:\/\/bienesybienes.com\/portal\/#website\"},\"datePublished\":\"2025-11-18T14:57:25+00:00\",\"dateModified\":\"2025-11-18T14:57:25+00:00\",\"description\":\"Fotos Herbario Locales, proyecto liderado por Bienes & Bienes en Itag\u00fc\u00ed, ven y con\u00f3cenos en el sur de la Ciudad y en\u00e1morate del proyecto.\",\"breadcrumb\":{\"@id\":\"https:\/\/bienesybienes.com\/portal\/herbario-locales-itagui\/fotos-del-proyecto\/#breadcrumb\"},\"inLanguage\":\"es\",\"potentialAction\":[{\"@type\":\"ReadAction\",\"target\":[\"https:\/\/bienesybienes.com\/portal\/herbario-locales-itagui\/fotos-del-proyecto\/\"]}]},{\"@type\":\"BreadcrumbList\",\"@id\":\"https:\/\/bienesybienes.com\/portal\/herbario-locales-itagui\/fotos-del-proyecto\/#breadcrumb\",\"itemListElement\":[{\"@type\":\"ListItem\",\"position\":1,\"name\":\"Portada\",\"item\":\"https:\/\/bienesybienes.com\/portal\/\"},{\"@type\":\"ListItem\",\"position\":2,\"name\":\"Herbario Locales\",\"item\":\"https:\/\/bienesybienes.com\/portal\/herbario-locales-itagui\/\"},{\"@type\":\"ListItem\",\"position\":3,\"name\":\"Fotos del proyecto y 360\u00b0\"}]}]}<\/script>\n<!-- \/ Yoast SEO plugin. -->","yoast_head_json":{"title":"Fotos Herbario Locales I Proyectos de Vivienda I B&B","description":"Fotos Herbario Locales, proyecto liderado por Bienes & Bienes en Itag\u00fc\u00ed, ven y con\u00f3cenos en el sur de la Ciudad y en\u00e1morate del proyecto.","robots":{"index":"index","follow":"follow","max-snippet":"max-snippet:-1","max-image-preview":"max-image-preview:large","max-video-preview":"max-video-preview:-1"},"canonical":"https:\/\/bienesybienes.com\/portal\/herbario-locales-itagui\/fotos-del-proyecto\/","og_locale":"es_ES","og_type":"article","og_title":"Fotos Herbario Locales I Proyectos de Vivienda I B&B","og_description":"Fotos Herbario Locales, proyecto liderado por Bienes & Bienes en Itag\u00fc\u00ed, ven y con\u00f3cenos en el sur de la Ciudad y en\u00e1morate del proyecto.","og_url":"https:\/\/bienesybienes.com\/portal\/herbario-locales-itagui\/fotos-del-proyecto\/","og_site_name":"Bienes &amp; Bienes Constructores SA | Proyectos Inmobiliarios y Venta de Apartamentos Nuevos en Medell\u00edn","article_publisher":"https:\/\/www.facebook.com\/BienesYBienesConstructores\/?fref=ts","twitter_card":"summary","twitter_misc":{"Tiempo de lectura":"7 minutos"},"schema":{"@context":"https:\/\/schema.org","@graph":[{"@type":"WebSite","@id":"https:\/\/bienesybienes.com\/portal\/#website","url":"https:\/\/bienesybienes.com\/portal\/","name":"Bienes &amp; Bienes Constructores SA | Proyectos Inmobiliarios y Venta de Apartamentos Nuevos en Medell\u00edn","description":"C\u00e1mbulo, apartamentos en venta desde 290 millones ubicados Rionegro, sector BarroBlanco.","potentialAction":[{"@type":"SearchAction","target":{"@type":"EntryPoint","urlTemplate":"https:\/\/bienesybienes.com\/portal\/?s={search_term_string}"},"query-input":"required name=search_term_string"}],"inLanguage":"es"},{"@type":"WebPage","@id":"https:\/\/bienesybienes.com\/portal\/herbario-locales-itagui\/fotos-del-proyecto\/#webpage","url":"https:\/\/bienesybienes.com\/portal\/herbario-locales-itagui\/fotos-del-proyecto\/","name":"Fotos Herbario Locales I Proyectos de Vivienda I B&B","isPartOf":{"@id":"https:\/\/bienesybienes.com\/portal\/#website"},"datePublished":"2025-11-18T14:57:25+00:00","dateModified":"2025-11-18T14:57:25+00:00","description":"Fotos Herbario Locales, proyecto liderado por Bienes & Bienes en Itag\u00fc\u00ed, ven y con\u00f3cenos en el sur de la Ciudad y en\u00e1morate del proyecto.","breadcrumb":{"@id":"https:\/\/bienesybienes.com\/portal\/herbario-locales-itagui\/fotos-del-proyecto\/#breadcrumb"},"inLanguage":"es","potentialAction":[{"@type":"ReadAction","target":["https:\/\/bienesybienes.com\/portal\/herbario-locales-itagui\/fotos-del-proyecto\/"]}]},{"@type":"BreadcrumbList","@id":"https:\/\/bienesybienes.com\/portal\/herbario-locales-itagui\/fotos-del-proyecto\/#breadcrumb","itemListElement":[{"@type":"ListItem","position":1,"name":"Portada","item":"https:\/\/bienesybienes.com\/portal\/"},{"@type":"ListItem","position":2,"name":"Herbario Locales","item":"https:\/\/bienesybienes.com\/portal\/herbario-locales-itagui\/"},{"@type":"ListItem","position":3,"name":"Fotos del proyecto y 360\u00b0"}]}]}},"_links":{"self":[{"href":"https:\/\/bienesybienes.com\/portal\/wp-json\/wp\/v2\/pages\/31415"}],"collection":[{"href":"https:\/\/bienesybienes.com\/portal\/wp-json\/wp\/v2\/pages"}],"about":[{"href":"https:\/\/bienesybienes.com\/portal\/wp-json\/wp\/v2\/types\/page"}],"author":[{"embeddable":true,"href":"https:\/\/bienesybienes.com\/portal\/wp-json\/wp\/v2\/users\/9"}],"replies":[{"embeddable":true,"href":"https:\/\/bienesybienes.com\/portal\/wp-json\/wp\/v2\/comments?post=31415"}],"version-history":[{"count":1,"href":"https:\/\/bienesybienes.com\/portal\/wp-json\/wp\/v2\/pages\/31415\/revisions"}],"predecessor-version":[{"id":31416,"href":"https:\/\/bienesybienes.com\/portal\/wp-json\/wp\/v2\/pages\/31415\/revisions\/31416"}],"up":[{"embeddable":true,"href":"https:\/\/bienesybienes.com\/portal\/wp-json\/wp\/v2\/pages\/31395"}],"wp:attachment":[{"href":"https:\/\/bienesybienes.com\/portal\/wp-json\/wp\/v2\/media?parent=31415"}],"curies":[{"name":"wp","href":"https:\/\/api.w.org\/{rel}","templated":true}]}}